{"id":1059,"date":"2024-04-29T06:28:38","date_gmt":"2024-04-29T06:28:38","guid":{"rendered":"https:\/\/sivustot.lentopallo.fi\/etela-suomi\/?page_id=1059"},"modified":"2026-04-29T04:57:10","modified_gmt":"2026-04-29T04:57:10","slug":"aluejoukkuetoiminta-2024","status":"publish","type":"page","link":"https:\/\/sivustot.lentopallo.fi\/etela-suomi\/aluevalmennus\/aluejoukkuetoiminta-2024\/","title":{"rendered":"Aluejoukkuetoiminta 2026"},"content":{"rendered":"\n<h2 class=\"wp-block-heading\">POJAT<\/h2>\n\n\n\n<p>Viime vuoden tavoin voit kutsua aluevalmennuksen vieraaksi treeneihin. Ole yhteydess\u00e4 Juha Laurilaan, jos vierailu kiinnostaa.<\/p>\n\n\n\n<p><strong>U17 (2010-2011 syntyneet)<\/strong><\/p>\n\n\n\n<ul class=\"wp-block-list\">\n<li>elokokuu, 1-p\u00e4iv\u00e4inen avoin katsastusleiri (avoinna)<\/li>\n\n\n\n<li>pe-su 14.-16.8.2026 valintaleiri (Pajulahti)<\/li>\n\n\n\n<li>pe-su 29. tai 30.8.2026 harjoitusturnaus (paikka avoin)<\/li>\n\n\n\n<li>pe-su 4.-6.9.2026 U17-ik\u00e4isten alue SM-kisat (Lounaan alue)<\/li>\n<\/ul>\n\n\n\n<p><strong>U15 (2012-2013 syntyneet)<\/strong><\/p>\n\n\n\n<p><\/p>\n\n\n\n<ul class=\"wp-block-list\">\n<li>9.5.2026 10:00-16:00 avoin katsastusleiri <a href=\"https:\/\/www.suomisport.fi\/events\/9ea4a537-1963-4b3c-bc46-6ba5a60246b8\" data-type=\"link\" data-id=\"https:\/\/www.suomisport.fi\/events\/9ea4a537-1963-4b3c-bc46-6ba5a60246b8\"><strong>ILMOITTAUDU T\u00c4ST\u00c4<\/strong><\/a><\/li>\n\n\n\n<li>ma-pe 6.-10.7.2026 kes\u00e4leiri (P\u00e4rnu, Viro)<\/li>\n\n\n\n<li>elokuu, avoin katsastusleiri (avoinna)<\/li>\n\n\n\n<li>pe-su 21.-23.8.2026 valintaleiri (Pajulahti)<\/li>\n\n\n\n<li>pe-su 19. tai 20.9.2026 harjoitusturnaus (paikka avoin)<\/li>\n\n\n\n<li>pe-su 25.-27.9.2026 U15-ik\u00e4isten alue SM-kisat (Kuortane)<\/li>\n<\/ul>\n\n\n\n<p><strong>2014 (2015) syntyneet<\/strong><\/p>\n\n\n\n<ul class=\"wp-block-list\">\n<li>pe-su 27.-29.11.2026 U13 (D)-pojat avoin teholeiri (Pajulahti)<\/li>\n<\/ul>\n\n\n\n<h2 class=\"wp-block-heading\">TYT\u00d6T<\/h2>\n\n\n\n<p><strong>U17 (2010-2011 syntyneet)<\/strong><\/p>\n\n\n\n<ul class=\"wp-block-list\">\n<li>la 1.8.2026, 1-p\u00e4iv\u00e4inen avoin katsastusleiri (Kausala)<\/li>\n\n\n\n<li>pe-su 14.-16.8.2026 valintaleiri (Pajulahti)<\/li>\n\n\n\n<li>la 29.8.2026 tai su 30.8.2026 harjoituspeliturnaus (paikka avoin)<\/li>\n\n\n\n<li>pe-su 4.-6.9.2026 U17-ik\u00e4isten alue SM-kisat (Lounaan alue)<\/li>\n<\/ul>\n\n\n\n<p><strong>U15 <\/strong>(<strong>2012-2013 syntyneet<\/strong>)<\/p>\n\n\n\n<ul class=\"wp-block-list\">\n<li>la 9.5.2026 1-p\u00e4iv\u00e4inen avoin katsastusleiri (M\u00e4ntyharju)<\/li>\n\n\n\n<li>su 17.5.2026 1-p\u00e4iv\u00e4inen avoin katsastusleiri (Espoo)<\/li>\n\n\n\n<li>ma-pe 6.-10.7.2026 kes\u00e4leiri (P\u00e4rnu, Viro)<\/li>\n\n\n\n<li>su 2.8.2026, 1-p\u00e4iv\u00e4inen (kutsu) katsastusleiri (Kausala)<\/li>\n\n\n\n<li>pe-su 21.-23.8.2026 Valintaleiri (Pajulahti)<\/li>\n\n\n\n<li>pe-su 18.-20.9.2026 Viimeistelyleiri (Kisakallio)<\/li>\n\n\n\n<li>pe-su 25.-27.9.2026 U15-ik\u00e4isten alue SM-kisat (Kuortane)<\/li>\n<\/ul>\n\n\n\n<p><strong>U13<\/strong> (<strong>2014 (2015) syntyneet)<\/strong><\/p>\n\n\n\n<ul class=\"wp-block-list\">\n<li>pe-su 27.-29.11.2026 U13 (D)-tyt\u00f6t avoin teholeiri (Pajulahti)<\/li>\n<\/ul>\n\n\n\n<p><\/p>\n","protected":false},"excerpt":{"rendered":"<p>POJAT Viime vuoden tavoin voit kutsua aluevalmennuksen vieraaksi treeneihin. Ole yhteydess\u00e4 Juha Laurilaan, jos vierailu kiinnostaa. U17 (2010-2011 syntyneet) U15 (2012-2013 syntyneet) 2014 (2015) syntyneet TYT\u00d6T U17 (2010-2011 syntyneet) U15 (2012-2013 syntyneet) U13 (2014 (2015) syntyneet)<\/p>\n","protected":false},"author":10,"featured_media":0,"parent":257,"menu_order":-5,"comment_status":"closed","ping_status":"closed","template":"pages\/template-kilpailu.php","meta":{"_acf_changed":false,"inline_featured_image":false,"footnotes":""},"class_list":["post-1059","page","type-page","status-publish","hentry"],"acf":[],"_links":{"self":[{"href":"https:\/\/sivustot.lentopallo.fi\/etela-suomi\/wp-json\/wp\/v2\/pages\/1059","targetHints":{"allow":["GET"]}}],"collection":[{"href":"https:\/\/sivustot.lentopallo.fi\/etela-suomi\/wp-json\/wp\/v2\/pages"}],"about":[{"href":"https:\/\/sivustot.lentopallo.fi\/etela-suomi\/wp-json\/wp\/v2\/types\/page"}],"author":[{"embeddable":true,"href":"https:\/\/sivustot.lentopallo.fi\/etela-suomi\/wp-json\/wp\/v2\/users\/10"}],"replies":[{"embeddable":true,"href":"https:\/\/sivustot.lentopallo.fi\/etela-suomi\/wp-json\/wp\/v2\/comments?post=1059"}],"version-history":[{"count":19,"href":"https:\/\/sivustot.lentopallo.fi\/etela-suomi\/wp-json\/wp\/v2\/pages\/1059\/revisions"}],"predecessor-version":[{"id":1985,"href":"https:\/\/sivustot.lentopallo.fi\/etela-suomi\/wp-json\/wp\/v2\/pages\/1059\/revisions\/1985"}],"up":[{"embeddable":true,"href":"https:\/\/sivustot.lentopallo.fi\/etela-suomi\/wp-json\/wp\/v2\/pages\/257"}],"wp:attachment":[{"href":"https:\/\/sivustot.lentopallo.fi\/etela-suomi\/wp-json\/wp\/v2\/media?parent=1059"}],"curies":[{"name":"wp","href":"https:\/\/api.w.org\/{rel}","templated":true}]}}