{"id":1547,"date":"2025-05-28T04:21:20","date_gmt":"2025-05-28T04:21:20","guid":{"rendered":"https:\/\/sivustot.lentopallo.fi\/etela-suomi\/?page_id=1547"},"modified":"2026-02-23T14:55:00","modified_gmt":"2026-02-23T14:55:00","slug":"eslan-biitsileirit-kesalla-2025","status":"publish","type":"page","link":"https:\/\/sivustot.lentopallo.fi\/etela-suomi\/beach-volley\/eslan-biitsileirit-kesalla-2025\/","title":{"rendered":"ESLA:N BIITSILEIRIT KES\u00c4LL\u00c4 2026"},"content":{"rendered":"\n<p>ESLA j\u00e4rjesti nuorten beach volley leirit Lappeenrannassa ja Vantaalla kes\u00e4ll\u00e4 2025.<\/p>\n\n\n\n<p>Kes\u00e4n 2026 leirit julkaistaan pian n\u00e4ill\u00e4 sivuilla!<\/p>\n\n\n\n<p>Lis\u00e4tietoja ESLA:n beach volleyn junioritoiminnasta:<br>Anniina +358408460786 \/ anniina.parkkinen@biitsi.fi<\/p>\n\n\n\n<p><\/p>\n","protected":false},"excerpt":{"rendered":"<p>ESLA j\u00e4rjesti nuorten beach volley leirit Lappeenrannassa ja Vantaalla kes\u00e4ll\u00e4 2025. Kes\u00e4n 2026 leirit julkaistaan pian n\u00e4ill\u00e4 sivuilla! Lis\u00e4tietoja ESLA:n beach volleyn junioritoiminnasta:Anniina +358408460786 \/ anniina.parkkinen@biitsi.fi<\/p>\n","protected":false},"author":10,"featured_media":196,"parent":261,"menu_order":-1000,"comment_status":"closed","ping_status":"closed","template":"pages\/template-kilpailu.php","meta":{"_acf_changed":false,"inline_featured_image":false,"footnotes":""},"class_list":["post-1547","page","type-page","status-publish","has-post-thumbnail","hentry"],"acf":[],"_links":{"self":[{"href":"https:\/\/sivustot.lentopallo.fi\/etela-suomi\/wp-json\/wp\/v2\/pages\/1547","targetHints":{"allow":["GET"]}}],"collection":[{"href":"https:\/\/sivustot.lentopallo.fi\/etela-suomi\/wp-json\/wp\/v2\/pages"}],"about":[{"href":"https:\/\/sivustot.lentopallo.fi\/etela-suomi\/wp-json\/wp\/v2\/types\/page"}],"author":[{"embeddable":true,"href":"https:\/\/sivustot.lentopallo.fi\/etela-suomi\/wp-json\/wp\/v2\/users\/10"}],"replies":[{"embeddable":true,"href":"https:\/\/sivustot.lentopallo.fi\/etela-suomi\/wp-json\/wp\/v2\/comments?post=1547"}],"version-history":[{"count":9,"href":"https:\/\/sivustot.lentopallo.fi\/etela-suomi\/wp-json\/wp\/v2\/pages\/1547\/revisions"}],"predecessor-version":[{"id":1890,"href":"https:\/\/sivustot.lentopallo.fi\/etela-suomi\/wp-json\/wp\/v2\/pages\/1547\/revisions\/1890"}],"up":[{"embeddable":true,"href":"https:\/\/sivustot.lentopallo.fi\/etela-suomi\/wp-json\/wp\/v2\/pages\/261"}],"wp:featuredmedia":[{"embeddable":true,"href":"https:\/\/sivustot.lentopallo.fi\/etela-suomi\/wp-json\/wp\/v2\/media\/196"}],"wp:attachment":[{"href":"https:\/\/sivustot.lentopallo.fi\/etela-suomi\/wp-json\/wp\/v2\/media?parent=1547"}],"curies":[{"name":"wp","href":"https:\/\/api.w.org\/{rel}","templated":true}]}}