{"id":1883,"date":"2026-02-21T10:01:56","date_gmt":"2026-02-21T10:01:56","guid":{"rendered":"https:\/\/sivustot.lentopallo.fi\/etela-suomi\/?page_id=1883"},"modified":"2026-03-12T07:35:23","modified_gmt":"2026-03-12T07:35:23","slug":"lentopallon-paasiaisleiri-kolmen-kampuksen-urheiluopisto-pajulahti-3-5-4-2026a-2006-08-b-2009-10-ja-c-ikaiset-2011-12-tytot-pojat","status":"publish","type":"page","link":"https:\/\/sivustot.lentopallo.fi\/etela-suomi\/alueen-seurat-tiedottavat\/lentopallon-paasiaisleiri-kolmen-kampuksen-urheiluopisto-pajulahti-3-5-4-2026a-2006-08-b-2009-10-ja-c-ikaiset-2011-12-tytot-pojat\/","title":{"rendered":"Lentopallon P\u00e4\u00e4si\u00e4isleiri Kolmen Kampuksen urheiluopisto, Pajulahti 3.\u20135.4.2026A-(2006\u201308), B-(2009\u201310) ja C-ik\u00e4iset (2011\u201312) tyt\u00f6t\/pojat"},"content":{"rendered":"\n<p><br>TUL j\u00e4rjest\u00e4\u00e4 A- (2006\u20132008), B- (2009\u20132010) ja C- (2011\u20132012) ik\u00e4isille tyt\u00f6ille ja po-jille tarkoitetun lentopalloleirin Kolmen Kampuksen urheiluopistolla Pajulahdessa 3.\u20135.4.2026. Ilmoittautuminen leirille 20.3.2026 menness\u00e4 alhaalta l\u00f6ytyv\u00e4ll\u00e4 linkill\u00e4. Leiri on avoin kaikille lentopallon harrastajille.<br>Leirin hinta on 190 euroa (alle 17-vuotiaat) ja 210 euroa (17 vuotta t\u00e4ytt\u00e4neet), joka maksetaan ilmoittautumisen yhteydess\u00e4. Hinta sis\u00e4lt\u00e4\u00e4 perjantain lounaan, p\u00e4iv\u00e4llisen ja iltapalan, lauantain aamiaisen, lounaan, p\u00e4iv\u00e4llisen ja iltapalan sek\u00e4 sunnuntain aamiaisen ja lounaan. Majoittumisessa on k\u00e4ytett\u00e4viss\u00e4 liikuntakeskuksen petivaatteet ja pyyhkeet. Muista ottaa mukaasi henkil\u00f6kohtaiset harjoitusvaatteet ja riitt\u00e4v\u00e4sti muita vaatteita.<br>Leiri alkaa perjantaina 3.4. klo 11.00 lounaalla. Sen j\u00e4lkeen majoitutaan ja leirin avaus pidet\u00e4\u00e4n klo 12.00. Leiri jatkuu harjoittelulla (Palloilusali 1). Leiri p\u00e4\u00e4ttyy sunnuntaina 5.4. noin klo 13.30\u201314.00. Leirin vet\u00e4jin\u00e4 toimivat jaoston nime\u00e4m\u00e4t liittojoukkueval-mentajat. Tarkemmat tiedot ohjelmasta jaetaan leirin alussa Pajulahdessa.<\/p>\n\n\n\n<p><br>Leirille voi osallistua my\u00f6s seurajoukkueiden valmentajia, jotka voivat toimia apuval-mentajina leirill\u00e4. Hinta aikuiselta on my\u00f6s 210 euroa, 1hh lis\u00e4maksu 32,00 euro \/ y\u00f6. Seuravalmentajien ilmoittautuminen tehd\u00e4\u00e4n samalla alla olevalla linkill\u00e4, jolla pelaa-jatkin ilmoittautuvat.<br>P\u00e4\u00e4si\u00e4isen leirill\u00e4 tehd\u00e4\u00e4n alustavia valintoja TUL:n liittojoukkueisiin, jotka osallistuvat elokuussa 2026 pelattavaan V\u00f5run urheilukoulun kansainv\u00e4liseen turnaukseen Viros-sa. Joukkueet nimet\u00e4\u00e4n ensisijaisesti leirityksiin osallistuneista pelaajista. Lentopallon kes\u00e4leirimme j\u00e4rjestet\u00e4\u00e4n niin ik\u00e4\u00e4n Pajulahdessa 16.\u201319.7.2026.<\/p>\n\n\n\n<p><br>Ilmoittautuminen 3.\u20135.4.2026 P\u00e4\u00e4si\u00e4isleirille <a href=\"https:\/\/www.lyyti.fi\/reg\/lentopallopaasiasleiri2026\"><strong>t\u00e4st\u00e4 <\/strong><\/a>20.3.2026 menness\u00e4!<\/p>\n\n\n\n<p><br>Leiripaikan yhteystiedot: Kolmen Kampuksen urheiluopisto, Pajulahti<br>Pajulahdentie 167, 15560 Nastola, p. 044 7755 313<\/p>\n\n\n\n<p><br>Tervetuloa!<\/p>\n\n\n\n<p><br>TUL:n lentopallojaosto<\/p>\n\n\n\n<p><br>Lis\u00e4tiedot:<br>Petri Novitsky pj., petri.novitsky@futurist.fi, p. 0400 488 048<\/p>\n\n\n\n<p>Sakari Vuori vpj. (leirivastaava), sakarivuori60@gmail.com,  p. 040 8453674<\/p>\n\n\n\n<p>Kimmo Kamppila (lajip\u00e4\u00e4llikk\u00f6), kimmo.kamppila@tul.fi, p. 041 5475423<\/p>\n\n\n\n<figure class=\"wp-block-image size-large\"><img loading=\"lazy\" decoding=\"async\" width=\"724\" height=\"1024\" src=\"https:\/\/sivustot.lentopallo.fi\/etela-suomi\/files\/2026\/02\/Lentopallon-Paasiaisleirin-kutsu-3.-5.4.2026-Pajulahti-Kolmen-kampus-pdf-724x1024.jpg\" alt=\"\" class=\"wp-image-1884\" \/><\/figure>\n","protected":false},"excerpt":{"rendered":"<p>TUL j\u00e4rjest\u00e4\u00e4 A- (2006\u20132008), B- (2009\u20132010) ja C- (2011\u20132012) ik\u00e4isille tyt\u00f6ille ja po-jille tarkoitetun lentopalloleirin Kolmen Kampuksen urheiluopistolla Pajulahdessa 3.\u20135.4.2026. Ilmoittautuminen leirille 20.3.2026 menness\u00e4 alhaalta l\u00f6ytyv\u00e4ll\u00e4 linkill\u00e4. Leiri on avoin kaikille lentopallon harrastajille.Leirin hinta on 190 euroa (alle 17-vuotiaat) ja 210 euroa (17 vuotta t\u00e4ytt\u00e4neet), joka maksetaan ilmoittautumisen yhteydess\u00e4. Hinta sis\u00e4lt\u00e4\u00e4 perjantain lounaan, p\u00e4iv\u00e4llisen ja [&hellip;]<\/p>\n","protected":false},"author":10,"featured_media":0,"parent":959,"menu_order":-1000,"comment_status":"closed","ping_status":"closed","template":"pages\/template-kilpailu.php","meta":{"_acf_changed":false,"inline_featured_image":false,"footnotes":""},"class_list":["post-1883","page","type-page","status-publish","hentry"],"acf":[],"_links":{"self":[{"href":"https:\/\/sivustot.lentopallo.fi\/etela-suomi\/wp-json\/wp\/v2\/pages\/1883","targetHints":{"allow":["GET"]}}],"collection":[{"href":"https:\/\/sivustot.lentopallo.fi\/etela-suomi\/wp-json\/wp\/v2\/pages"}],"about":[{"href":"https:\/\/sivustot.lentopallo.fi\/etela-suomi\/wp-json\/wp\/v2\/types\/page"}],"author":[{"embeddable":true,"href":"https:\/\/sivustot.lentopallo.fi\/etela-suomi\/wp-json\/wp\/v2\/users\/10"}],"replies":[{"embeddable":true,"href":"https:\/\/sivustot.lentopallo.fi\/etela-suomi\/wp-json\/wp\/v2\/comments?post=1883"}],"version-history":[{"count":2,"href":"https:\/\/sivustot.lentopallo.fi\/etela-suomi\/wp-json\/wp\/v2\/pages\/1883\/revisions"}],"predecessor-version":[{"id":1901,"href":"https:\/\/sivustot.lentopallo.fi\/etela-suomi\/wp-json\/wp\/v2\/pages\/1883\/revisions\/1901"}],"up":[{"embeddable":true,"href":"https:\/\/sivustot.lentopallo.fi\/etela-suomi\/wp-json\/wp\/v2\/pages\/959"}],"wp:attachment":[{"href":"https:\/\/sivustot.lentopallo.fi\/etela-suomi\/wp-json\/wp\/v2\/media?parent=1883"}],"curies":[{"name":"wp","href":"https:\/\/api.w.org\/{rel}","templated":true}]}}