{"id":1910,"date":"2026-03-22T08:06:56","date_gmt":"2026-03-22T08:06:56","guid":{"rendered":"https:\/\/sivustot.lentopallo.fi\/etela-suomi\/?page_id=1910"},"modified":"2026-03-22T08:09:16","modified_gmt":"2026-03-22T08:09:16","slug":"f-ja-e-ikaisten-kehityspaiva-norssilla-11-4-klo-9-11-30","status":"publish","type":"page","link":"https:\/\/sivustot.lentopallo.fi\/etela-suomi\/alueen-seurat-tiedottavat\/f-ja-e-ikaisten-kehityspaiva-norssilla-11-4-klo-9-11-30\/","title":{"rendered":"F- ja E-ik\u00e4isten kehitysp\u00e4iv\u00e4 Norssilla 11.4. klo 9-11.30"},"content":{"rendered":"\n<p>PuMa-Volley j\u00e4rjest\u00e4\u00e4 seurap\u00e4\u00e4llikk\u00f6 Satu Lehdon johdolla pelaamisen kehitysp\u00e4iv\u00e4n Viikin Norssilla 11.4. klo 9-11.30. P\u00e4iv\u00e4 pit\u00e4\u00e4 sis\u00e4ll\u00e4\u00e4n paljon pelaamista verkon yli eri muodoissa. Leirill\u00e4 hy\u00f6dynnet\u00e4\u00e4n longnet\u2019i\u00e4 (noin 25 m), joka mahdollistaa mm. runsaasti erilaisia 1 vs. 1 &#8211; pelej\u00e4 verkon yli. T\u00e4m\u00e4 on keskeist\u00e4 nuorten pelaajien kohdalla, jotta he oppivat hahmottamaan pallon lentorataa sen tullessa verkon yli. Oppi-is\u00e4n\u00e4 t\u00e4ss\u00e4 on K\u00e5re Mol (https:\/\/www.longnet.no\/en), joka haluaa opettaa nuoria pelaajanalkuja nimenomaan pelaamisen kautta. Pelaamisen j\u00e4lkeen halukkaat voivat j\u00e4\u00e4d\u00e4 seuraamaan aluemestaruusturnauksen avajaisia, sy\u00f6d\u00e4 lounaan, sek\u00e4 katsomaan hyvi\u00e4 pelej\u00e4. Leiriaamun hinta on 25 eur ja lounaan kanssa 35 eur. Kehitysp\u00e4iv\u00e4\u00e4n voivat osallistua U9 (F) &#8211; ik\u00e4iset sek\u00e4 pelaamista aloittelevat U11 (E) &#8211; ik\u00e4iset, jotka eiv\u00e4t viel\u00e4 pelaa mit\u00e4\u00e4n sarjaa, mutta haluavat kehitt\u00e4\u00e4 osaamistaan. Mukaan voi ilmoittautua matalalla kynnyksell\u00e4, vaikka pelikokemusta ei viel\u00e4 juuri olisikaan. Kaikki ovat l\u00e4mpim\u00e4sti tervetulleita!<\/p>\n\n\n\n<p>\ud83d\udcc6&nbsp;11.4. klo&nbsp;9-11.30<\/p>\n\n\n\n<p>\ud83d\udccc&nbsp;Viikin Norssi (Kev\u00e4tkatu 2, Helsinki)<\/p>\n\n\n\n<p><a href=\"https:\/\/www.puma-volley.fi\/joukkueet\/731\/lomakkeet\/769\/f-ikaisten-pelaamisen-kehityspaiva-114-klo-9-1130\">https:\/\/www.puma-volley.fi\/joukkueet\/731\/lomakkeet\/769\/f-ikaisten-pelaamisen-kehityspaiva-114-klo-9-1130<\/a><\/p>\n\n\n\n<figure class=\"wp-block-image size-full\"><img loading=\"lazy\" decoding=\"async\" width=\"458\" height=\"641\" src=\"https:\/\/sivustot.lentopallo.fi\/etela-suomi\/files\/2026\/03\/F-leirin-mainos.jpg\" alt=\"\" class=\"wp-image-1911\" srcset=\"https:\/\/sivustot.lentopallo.fi\/etela-suomi\/files\/2026\/03\/F-leirin-mainos.jpg 458w, https:\/\/sivustot.lentopallo.fi\/etela-suomi\/files\/2026\/03\/F-leirin-mainos-214x300.jpg 214w, https:\/\/sivustot.lentopallo.fi\/etela-suomi\/files\/2026\/03\/F-leirin-mainos-300x420.jpg 300w, https:\/\/sivustot.lentopallo.fi\/etela-suomi\/files\/2026\/03\/F-leirin-mainos-55x77.jpg 55w\" sizes=\"auto, (max-width: 458px) 100vw, 458px\" \/><\/figure>\n","protected":false},"excerpt":{"rendered":"<p>PuMa-Volley j\u00e4rjest\u00e4\u00e4 seurap\u00e4\u00e4llikk\u00f6 Satu Lehdon johdolla pelaamisen kehitysp\u00e4iv\u00e4n Viikin Norssilla 11.4. klo 9-11.30. P\u00e4iv\u00e4 pit\u00e4\u00e4 sis\u00e4ll\u00e4\u00e4n paljon pelaamista verkon yli eri muodoissa. Leirill\u00e4 hy\u00f6dynnet\u00e4\u00e4n longnet\u2019i\u00e4 (noin 25 m), joka mahdollistaa mm. runsaasti erilaisia 1 vs. 1 &#8211; pelej\u00e4 verkon yli. T\u00e4m\u00e4 on keskeist\u00e4 nuorten pelaajien kohdalla, jotta he oppivat hahmottamaan pallon lentorataa sen tullessa verkon [&hellip;]<\/p>\n","protected":false},"author":10,"featured_media":1912,"parent":959,"menu_order":-1100,"comment_status":"closed","ping_status":"closed","template":"pages\/template-kilpailu.php","meta":{"_acf_changed":false,"inline_featured_image":false,"footnotes":""},"class_list":["post-1910","page","type-page","status-publish","has-post-thumbnail","hentry"],"acf":[],"_links":{"self":[{"href":"https:\/\/sivustot.lentopallo.fi\/etela-suomi\/wp-json\/wp\/v2\/pages\/1910","targetHints":{"allow":["GET"]}}],"collection":[{"href":"https:\/\/sivustot.lentopallo.fi\/etela-suomi\/wp-json\/wp\/v2\/pages"}],"about":[{"href":"https:\/\/sivustot.lentopallo.fi\/etela-suomi\/wp-json\/wp\/v2\/types\/page"}],"author":[{"embeddable":true,"href":"https:\/\/sivustot.lentopallo.fi\/etela-suomi\/wp-json\/wp\/v2\/users\/10"}],"replies":[{"embeddable":true,"href":"https:\/\/sivustot.lentopallo.fi\/etela-suomi\/wp-json\/wp\/v2\/comments?post=1910"}],"version-history":[{"count":1,"href":"https:\/\/sivustot.lentopallo.fi\/etela-suomi\/wp-json\/wp\/v2\/pages\/1910\/revisions"}],"predecessor-version":[{"id":1913,"href":"https:\/\/sivustot.lentopallo.fi\/etela-suomi\/wp-json\/wp\/v2\/pages\/1910\/revisions\/1913"}],"up":[{"embeddable":true,"href":"https:\/\/sivustot.lentopallo.fi\/etela-suomi\/wp-json\/wp\/v2\/pages\/959"}],"wp:featuredmedia":[{"embeddable":true,"href":"https:\/\/sivustot.lentopallo.fi\/etela-suomi\/wp-json\/wp\/v2\/media\/1912"}],"wp:attachment":[{"href":"https:\/\/sivustot.lentopallo.fi\/etela-suomi\/wp-json\/wp\/v2\/media?parent=1910"}],"curies":[{"name":"wp","href":"https:\/\/api.w.org\/{rel}","templated":true}]}}