{"id":1986,"date":"2026-04-29T05:48:39","date_gmt":"2026-04-29T05:48:39","guid":{"rendered":"https:\/\/sivustot.lentopallo.fi\/etela-suomi\/?page_id=1986"},"modified":"2026-04-29T06:42:16","modified_gmt":"2026-04-29T06:42:16","slug":"harraste-cup-ja-harraste-biitsi","status":"publish","type":"page","link":"https:\/\/sivustot.lentopallo.fi\/etela-suomi\/harrastetoiminta\/harraste-cup-ja-harraste-biitsi\/","title":{"rendered":"Harraste Cup: Harraste Lentis ja Harraste Biitsi"},"content":{"rendered":"\n<p>Harraste Cup jatkaa siit\u00e4, mihin Viking Line Cup ja Viikkari Biitsi aikoinaan alkoivat \u2013 yhteisest\u00e4 ilosta, reilusta kisasta ja rakkaudesta lajiin. Nyt vain uudella nimell\u00e4, katse vahvasti eteenp\u00e4in.<\/p>\n\n\n\n<p>Viking Line Cup on nyt Harraste Cup ja sen alla turnauksia j\u00e4rjestet\u00e4\u00e4n nimill\u00e4 Harraste Lentis ja Harraste Biitsi. Alueellisesta turnausmuodosta on tullut valtakunnallinen ja koordinoinnista vastaa Jani Huoponen <strong>jani.huoponen@lentopallo.fi<\/strong>.<\/p>\n\n\n\n<p>Turnaukset l\u00f6ytyy liiton tapahtumakalenterista <a href=\"https:\/\/tapahtumat.lentopallo.fi\/\">https:\/\/tapahtumat.lentopallo.fi\/<\/a> <\/p>\n\n\n\n<p>ja Harraste Lentiksen  ja Harraste Biitsin sivut<\/p>\n\n\n\n<div class=\"wp-block-buttons alignfull is-content-justification-center is-layout-flex wp-container-core-buttons-is-layout-16018d1d wp-block-buttons-is-layout-flex\">\n<div class=\"wp-block-button\"><a class=\"wp-block-button__link wp-element-button\" href=\"https:\/\/sivustot.lentopallo.fi\/harrastaminen\/\">Harraste Cup <\/a><\/div>\n<\/div>\n\n\n\n<p><\/p>\n","protected":false},"excerpt":{"rendered":"<p>Harraste Cup jatkaa siit\u00e4, mihin Viking Line Cup ja Viikkari Biitsi aikoinaan alkoivat \u2013 yhteisest\u00e4 ilosta, reilusta kisasta ja rakkaudesta lajiin. Nyt vain uudella nimell\u00e4, katse vahvasti eteenp\u00e4in. Viking Line Cup on nyt Harraste Cup ja sen alla turnauksia j\u00e4rjestet\u00e4\u00e4n nimill\u00e4 Harraste Lentis ja Harraste Biitsi. Alueellisesta turnausmuodosta on tullut valtakunnallinen ja koordinoinnista vastaa Jani [&hellip;]<\/p>\n","protected":false},"author":10,"featured_media":1987,"parent":1993,"menu_order":-1000,"comment_status":"closed","ping_status":"closed","template":"pages\/template-kilpailu.php","meta":{"_acf_changed":false,"inline_featured_image":false,"footnotes":""},"class_list":["post-1986","page","type-page","status-publish","has-post-thumbnail","hentry"],"acf":[],"_links":{"self":[{"href":"https:\/\/sivustot.lentopallo.fi\/etela-suomi\/wp-json\/wp\/v2\/pages\/1986","targetHints":{"allow":["GET"]}}],"collection":[{"href":"https:\/\/sivustot.lentopallo.fi\/etela-suomi\/wp-json\/wp\/v2\/pages"}],"about":[{"href":"https:\/\/sivustot.lentopallo.fi\/etela-suomi\/wp-json\/wp\/v2\/types\/page"}],"author":[{"embeddable":true,"href":"https:\/\/sivustot.lentopallo.fi\/etela-suomi\/wp-json\/wp\/v2\/users\/10"}],"replies":[{"embeddable":true,"href":"https:\/\/sivustot.lentopallo.fi\/etela-suomi\/wp-json\/wp\/v2\/comments?post=1986"}],"version-history":[{"count":2,"href":"https:\/\/sivustot.lentopallo.fi\/etela-suomi\/wp-json\/wp\/v2\/pages\/1986\/revisions"}],"predecessor-version":[{"id":2002,"href":"https:\/\/sivustot.lentopallo.fi\/etela-suomi\/wp-json\/wp\/v2\/pages\/1986\/revisions\/2002"}],"up":[{"embeddable":true,"href":"https:\/\/sivustot.lentopallo.fi\/etela-suomi\/wp-json\/wp\/v2\/pages\/1993"}],"wp:featuredmedia":[{"embeddable":true,"href":"https:\/\/sivustot.lentopallo.fi\/etela-suomi\/wp-json\/wp\/v2\/media\/1987"}],"wp:attachment":[{"href":"https:\/\/sivustot.lentopallo.fi\/etela-suomi\/wp-json\/wp\/v2\/media?parent=1986"}],"curies":[{"name":"wp","href":"https:\/\/api.w.org\/{rel}","templated":true}]}}