{"id":1993,"date":"2026-04-29T05:58:09","date_gmt":"2026-04-29T05:58:09","guid":{"rendered":"https:\/\/sivustot.lentopallo.fi\/etela-suomi\/?page_id=1993"},"modified":"2026-04-29T06:39:57","modified_gmt":"2026-04-29T06:39:57","slug":"harrastetoiminta","status":"publish","type":"page","link":"https:\/\/sivustot.lentopallo.fi\/etela-suomi\/harrastetoiminta\/","title":{"rendered":"Harraste"},"content":{"rendered":"\n<p>Lentopalloa pelataan harrastustoimintana laajasti Suomessa. Valtakunnallisesti py\u00f6rii Harraste Cup , joka jakautuu sis\u00e4lentopallon tapahtumiin nimell\u00e4 Harraste Lentis ja beach volleyn tapahtumiin nimell\u00e4 Harraste Biitsi. N\u00e4ihin voi turnauskohtaisesti osallistua hyvin joustavasti. Sarjoja on miehille\u00a0ja naisille eri tasoisina.<\/p>\n\n\n\n<p>Harrastussarjoiksi katsotaan my\u00f6s alueilla toimivat Miesten paikallissarja ja Naisten paikallissarjat.<\/p>\n\n\n\n<p><a href=\"https:\/\/sivustot.lentopallo.fi\/etela-suomi\/kilpailutoiminta\/aikuiset\/sarjat\/\" target=\"_blank\" rel=\"noreferrer noopener\">Lis\u00e4tietoa paikallissarjoista<\/a><\/p>\n\n\n\n<p>It\u00e4-Suomessa py\u00f6rii omansa ja esimerkiksi Lahden seudulla varsin kovatasoinenkin oma sarjansa.<\/p>\n\n\n\n<p>Nuorille useissa seuroissa on omat harrastusryhm\u00e4t, jotka eiv\u00e4t osallistu sarjapelaamiseen vaan t\u00e4rkeint\u00e4 on yhdess\u00e4 pelailu ja liikkuminen. Ryhmist\u00e4 saattaa osallistua Power CUP:iin, osa pehmolentopalloturnauksiin. Ryhm\u00e4t pelaavat my\u00f6s kesken\u00e4\u00e4n pelej\u00e4. <\/p>\n\n\n\n<p>Kokoamme t\u00e4lle sivustolle halutessa tietoa harrastussarjoista ja harrastusjoukkueiden yhteystietoja. N\u00e4in toimijat voivat sopia kesken\u00e4\u00e4n my\u00f6s pelej\u00e4.<\/p>\n","protected":false},"excerpt":{"rendered":"<p>Lentopalloa pelataan harrastustoimintana laajasti Suomessa. Valtakunnallisesti py\u00f6rii Harraste Cup , joka jakautuu sis\u00e4lentopallon tapahtumiin nimell\u00e4 Harraste Lentis ja beach volleyn tapahtumiin nimell\u00e4 Harraste Biitsi. N\u00e4ihin voi turnauskohtaisesti osallistua hyvin joustavasti. Sarjoja on miehille\u00a0ja naisille eri tasoisina. Harrastussarjoiksi katsotaan my\u00f6s alueilla toimivat Miesten paikallissarja ja Naisten paikallissarjat. Lis\u00e4tietoa paikallissarjoista It\u00e4-Suomessa py\u00f6rii omansa ja esimerkiksi Lahden seudulla [&hellip;]<\/p>\n","protected":false},"author":10,"featured_media":1987,"parent":0,"menu_order":0,"comment_status":"closed","ping_status":"closed","template":"pages\/template-kilpailu.php","meta":{"_acf_changed":false,"inline_featured_image":false,"footnotes":""},"class_list":["post-1993","page","type-page","status-publish","has-post-thumbnail","hentry"],"acf":[],"_links":{"self":[{"href":"https:\/\/sivustot.lentopallo.fi\/etela-suomi\/wp-json\/wp\/v2\/pages\/1993","targetHints":{"allow":["GET"]}}],"collection":[{"href":"https:\/\/sivustot.lentopallo.fi\/etela-suomi\/wp-json\/wp\/v2\/pages"}],"about":[{"href":"https:\/\/sivustot.lentopallo.fi\/etela-suomi\/wp-json\/wp\/v2\/types\/page"}],"author":[{"embeddable":true,"href":"https:\/\/sivustot.lentopallo.fi\/etela-suomi\/wp-json\/wp\/v2\/users\/10"}],"replies":[{"embeddable":true,"href":"https:\/\/sivustot.lentopallo.fi\/etela-suomi\/wp-json\/wp\/v2\/comments?post=1993"}],"version-history":[{"count":3,"href":"https:\/\/sivustot.lentopallo.fi\/etela-suomi\/wp-json\/wp\/v2\/pages\/1993\/revisions"}],"predecessor-version":[{"id":2001,"href":"https:\/\/sivustot.lentopallo.fi\/etela-suomi\/wp-json\/wp\/v2\/pages\/1993\/revisions\/2001"}],"wp:featuredmedia":[{"embeddable":true,"href":"https:\/\/sivustot.lentopallo.fi\/etela-suomi\/wp-json\/wp\/v2\/media\/1987"}],"wp:attachment":[{"href":"https:\/\/sivustot.lentopallo.fi\/etela-suomi\/wp-json\/wp\/v2\/media?parent=1993"}],"curies":[{"name":"wp","href":"https:\/\/api.w.org\/{rel}","templated":true}]}}