{"id":270,"date":"2023-05-23T10:44:49","date_gmt":"2023-05-23T10:44:49","guid":{"rendered":"https:\/\/sivustot.lentopallo.fi\/etela-suomi\/?page_id=270"},"modified":"2023-12-26T08:59:53","modified_gmt":"2023-12-26T08:59:53","slug":"alue-sm","status":"publish","type":"page","link":"https:\/\/sivustot.lentopallo.fi\/etela-suomi\/aluevalmennus\/alue-sm\/","title":{"rendered":"Alue-SM"},"content":{"rendered":"\n<h1 class=\"wp-block-heading\">Tavoitteet ja yleisohjeet<\/h1>\n\n\n\n<p><strong>Aluejoukkueiden SM-turnaus<\/strong><\/p>\n\n\n\n<p>Lentopalloliitto yhdess\u00e4 alueiden (Pohjoinen, It\u00e4, L\u00e4nsi, Lounas ja Etel\u00e4) ja seurojen kanssa j\u00e4rjest\u00e4\u00e4 vuosittain aluejoukkueiden SM-turnauksen C- ja B-nuorille. C-nuorten turnaus j\u00e4rjestet\u00e4\u00e4n syyskuun kolmantena&nbsp;viikonloppuna ja B-nuorten viikon my\u00f6hemmin. Turnaukset kiert\u00e4v\u00e4t vuosittain eri alueilla alla esitett\u00e4v\u00e4n kaavion mukaan. Koko alueellisen katsastus- leiritys- ja SM-turnausj\u00e4rjestelm\u00e4n tavoitteena on tarjota nuorille lahjakkaille lentopalloilijoille v\u00e4yl\u00e4 edet\u00e4 urallaan seurajoukkueesta maajoukkueeseen saakka. Samalla heille tarjotaan laadukasta valmennusta ja apua urheilijan uralla etenemisess\u00e4.&nbsp;<\/p>\n\n\n\n<p><strong>Turnausten j\u00e4rjest\u00e4misoikeus<\/strong><\/p>\n\n\n\n<p>Lentopalloliitto julistaa vuosittain j\u00e4rjestelyvuorossa olevan alueen seurojen haettavaksi aluejoukkueiden SM-turnaukset. M\u00e4\u00e4r\u00e4aikaan menness\u00e4 saapuneiden hakemusten perusteella Lentopalloliiton&nbsp;valmennusryhm\u00e4 valitsee j\u00e4rjest\u00e4j\u00e4n. Turnausten j\u00e4rjestelyoikeus eri alueilla kulkee seuraavan kaavan mukaisesti:<\/p>\n\n\n\n<h2 class=\"wp-block-heading\">C-nuoret syyskuun 3. viikonloppu<\/h2>\n\n\n\n<figure class=\"wp-block-table\"><table><tbody><tr><td><strong>2023&nbsp;&nbsp;&nbsp;&nbsp;<\/strong><\/td><td><strong>2024<\/strong><\/td><td><strong>2025<\/strong><\/td><td><strong>2026<\/strong><\/td><td><strong>2027<\/strong><\/td><td><strong>2028<\/strong><\/td><\/tr><tr><td>Pohjoinen<\/td><td>L\u00e4nsi<\/td><td>Lounas<\/td><td>Etel\u00e4<\/td><td>It\u00e4<\/td><td>Pohjoinen<\/td><\/tr><\/tbody><\/table><\/figure>\n\n\n\n<h2 class=\"wp-block-heading\">B-nuoret syyskuun 4. viikonloppu&nbsp;<\/h2>\n\n\n\n<figure class=\"wp-block-table\"><table><tbody><tr><td><strong>2023&nbsp;&nbsp;&nbsp;&nbsp;&nbsp;<\/strong><\/td><td><strong>2024&nbsp;&nbsp;&nbsp;&nbsp;<\/strong><\/td><td><strong>2025&nbsp;&nbsp;&nbsp; &nbsp;&nbsp;<\/strong><\/td><td><strong>2026&nbsp;&nbsp;<\/strong><\/td><td><strong>2027<\/strong><\/td><td><strong>2028&nbsp;&nbsp;&nbsp;<\/strong><\/td><\/tr><tr><td>It\u00e4<\/td><td>Pohjoinen<\/td><td>L\u00e4nsi<\/td><td>Lounas<\/td><td>Etel\u00e4<\/td><td>It\u00e4<\/td><\/tr><\/tbody><\/table><\/figure>\n","protected":false},"excerpt":{"rendered":"<p>Tavoitteet ja yleisohjeet Aluejoukkueiden SM-turnaus Lentopalloliitto yhdess\u00e4 alueiden (Pohjoinen, It\u00e4, L\u00e4nsi, Lounas ja Etel\u00e4) ja seurojen kanssa j\u00e4rjest\u00e4\u00e4 vuosittain aluejoukkueiden SM-turnauksen C- ja B-nuorille. C-nuorten turnaus j\u00e4rjestet\u00e4\u00e4n syyskuun kolmantena&nbsp;viikonloppuna ja B-nuorten viikon my\u00f6hemmin. Turnaukset kiert\u00e4v\u00e4t vuosittain eri alueilla alla esitett\u00e4v\u00e4n kaavion mukaan. Koko alueellisen katsastus- leiritys- ja SM-turnausj\u00e4rjestelm\u00e4n tavoitteena on tarjota nuorille lahjakkaille lentopalloilijoille v\u00e4yl\u00e4 [&hellip;]<\/p>\n","protected":false},"author":4,"featured_media":698,"parent":257,"menu_order":0,"comment_status":"closed","ping_status":"closed","template":"pages\/template-kilpailu.php","meta":{"_acf_changed":false,"inline_featured_image":false,"footnotes":""},"class_list":["post-270","page","type-page","status-publish","has-post-thumbnail","hentry"],"acf":[],"_links":{"self":[{"href":"https:\/\/sivustot.lentopallo.fi\/etela-suomi\/wp-json\/wp\/v2\/pages\/270","targetHints":{"allow":["GET"]}}],"collection":[{"href":"https:\/\/sivustot.lentopallo.fi\/etela-suomi\/wp-json\/wp\/v2\/pages"}],"about":[{"href":"https:\/\/sivustot.lentopallo.fi\/etela-suomi\/wp-json\/wp\/v2\/types\/page"}],"author":[{"embeddable":true,"href":"https:\/\/sivustot.lentopallo.fi\/etela-suomi\/wp-json\/wp\/v2\/users\/4"}],"replies":[{"embeddable":true,"href":"https:\/\/sivustot.lentopallo.fi\/etela-suomi\/wp-json\/wp\/v2\/comments?post=270"}],"version-history":[{"count":5,"href":"https:\/\/sivustot.lentopallo.fi\/etela-suomi\/wp-json\/wp\/v2\/pages\/270\/revisions"}],"predecessor-version":[{"id":702,"href":"https:\/\/sivustot.lentopallo.fi\/etela-suomi\/wp-json\/wp\/v2\/pages\/270\/revisions\/702"}],"up":[{"embeddable":true,"href":"https:\/\/sivustot.lentopallo.fi\/etela-suomi\/wp-json\/wp\/v2\/pages\/257"}],"wp:featuredmedia":[{"embeddable":true,"href":"https:\/\/sivustot.lentopallo.fi\/etela-suomi\/wp-json\/wp\/v2\/media\/698"}],"wp:attachment":[{"href":"https:\/\/sivustot.lentopallo.fi\/etela-suomi\/wp-json\/wp\/v2\/media?parent=270"}],"curies":[{"name":"wp","href":"https:\/\/api.w.org\/{rel}","templated":true}]}}