{"id":272,"date":"2023-05-23T10:49:17","date_gmt":"2023-05-23T10:49:17","guid":{"rendered":"https:\/\/sivustot.lentopallo.fi\/etela-suomi\/?page_id=272"},"modified":"2025-03-05T06:47:41","modified_gmt":"2025-03-05T06:47:41","slug":"aluevalmennuksen-linjaukset","status":"publish","type":"page","link":"https:\/\/sivustot.lentopallo.fi\/etela-suomi\/aluevalmennus\/aluevalmennuksen-linjaukset\/","title":{"rendered":"Aluevalmennuksen linjaukset"},"content":{"rendered":"\n<p>ESLA j\u00e4rjest\u00e4\u00e4 nuorisotoiminnassa\u00a0<strong>alueleirityksi\u00e4 ja osallistumisen vuosittaiseen alue-SM-kisaan<\/strong>\u00a0C- ja B-ik\u00e4isiss\u00e4. P\u00e4\u00e4vastuu j\u00e4rjestelyist\u00e4, valinnoista, valmentajien teht\u00e4vien vastuuttamisesta on alueen\u00a0<strong>p\u00e4\u00e4valmentajilla<\/strong>. Yksi toimintamalli on nimet\u00e4\u00a0<strong>ik\u00e4luokille vastuuvalmentaja<\/strong>, jolloin valmentaja ehtii n\u00e4kem\u00e4\u00e4n pelaajia enemm\u00e4n peleiss\u00e4, ohjaamaan heit\u00e4 henkil\u00f6kohtaisesti urheilijana kasvamisessa. Vastuuvalmentaja kehitt\u00e4isi itse\u00e4\u00e4n valmentajapolulla mm. osallistumalla oppimistarkoituksessa maajoukkueiden tukitoimiin, yl\u00e4koululeiritoimintaan tai akatemiavalmennukseen.\u00a0<strong>Nuorisop\u00e4\u00e4llikk\u00f6<\/strong>\u00a0auttaa leirien ja tapahtumien k\u00e4yt\u00e4nn\u00f6nj\u00e4rjestelyiss\u00e4, hankinnoissa sek\u00e4 osallistumisilmoituksissa ja tiedotuksessa. H\u00e4n vastaa alevalmennuksen talouden suunnittelusta ja tilityksist\u00e4 ESLAn budjetin puitteissa. Alueleiritykset koostuvat tehotreeneist\u00e4, katsastusleireist\u00e4 ja valintaleireist\u00e4, joista pidemm\u00e4t, useamman p\u00e4iv\u00e4n leirit j\u00e4rjestet\u00e4\u00e4n p\u00e4\u00e4s\u00e4\u00e4nt\u00f6isesti urheiluopistoilla. ESLAlla on sopimus urheiluopistojen kanssa. Valintaleirej\u00e4 \u00a0ennen pidet\u00e4\u00e4n avoimia teholeirej\u00e4 \u00a0ja kutsuleirej\u00e4. Valintaleireille pelaajat kutsutaan yl\u00e4koululeiritysten, kilpailun\u00e4ytt\u00f6jen ja katsastusleirin\u00e4ytt\u00f6jen perusteella.<\/p>\n\n\n\n<p>Aluevalmennustoimintaa ovat my\u00f6s&nbsp;<strong>tehotreenit,&nbsp;<\/strong>jossa alueen p\u00e4\u00e4valmentaja p\u00e4\u00e4s\u00e4\u00e4nt\u00f6isesti tulee tulee jollekin paikkakunnalle vet\u00e4m\u00e4\u00e4n illan tapahtuman (info+treeni) ja pelaajia kootaan tapahtumapaikan l\u00e4hiseuroista. Tehotreenej\u00e4 j\u00e4rjestet\u00e4\u00e4n erityisesti D-ik\u00e4isille nuorille.&nbsp;<\/p>\n\n\n\n<p>ESLA maksaa aluevalmentajille ja erikseen p\u00e4\u00e4tett\u00e4ess\u00e4 muille valmentajille leirien ohjauksesta matkakulut &nbsp;sek\u00e4 p\u00e4iv\u00e4rahan, mik\u00e4li verottajan kriteerit t\u00e4yttyv\u00e4t. Aluevalmennuksen vastuulliset ilmoittavat aluejaostolle ja rahastonhoitajalle kulloinkin vastuussa olevat aluevalmentajat matkakorvaus hyv\u00e4ksymisi\u00e4 varten.<\/p>\n\n\n\n<p>ESLA p\u00e4\u00e4tt\u00e4\u00e4 aluevalmennuksen resurssoinnista sen j\u00e4lkeen, kun lentopalloliitto on p\u00e4\u00e4tt\u00e4nyt p\u00e4\u00e4valmentajien mahdollisesta palkkioj\u00e4rjestelm\u00e4st\u00e4.<\/p>\n\n\n\n<p>Kukin nuorisotoiminnan toimija on vastuussa\u00a0<strong>tiedottamisesta<\/strong>. Alueen nuorisotoiminta on oltava l\u00e4pin\u00e4kyv\u00e4\u00e4 niin, ett\u00e4 seuroissa tiedet\u00e4\u00e4n toiminnasta, toimintaperiaatteista ja leirien kohdennuksista sek\u00e4 aikatauluista hyviss\u00e4 ajoin. Toimijoiden tiedot ja vastuut tulee olla n\u00e4kyviss\u00e4 ESLA-sivustolla.<\/p>\n\n\n\n<p>Tehotreenej\u00e4 ja -leirej\u00e4 tulee k\u00e4ytt\u00e4\u00e4\u00a0<strong>koulutustilaisuuksina<\/strong>, joihin erikseen kutsutaan seuravalmentajia paikalle. Koulutusviestin sis\u00e4lt\u00f6 mietit\u00e4\u00e4n mahdollisimman k\u00e4yt\u00e4nn\u00f6nl\u00e4heiseksi ja se pyrit\u00e4\u00e4n v\u00e4litt\u00e4m\u00e4\u00e4n seuravalmentajille sellaisena, ett\u00e4 sit\u00e4 olisi mahdollisuus soveltaa seuravalmennuksessa.<\/p>\n","protected":false},"excerpt":{"rendered":"<p>ESLA j\u00e4rjest\u00e4\u00e4 nuorisotoiminnassa\u00a0alueleirityksi\u00e4 ja osallistumisen vuosittaiseen alue-SM-kisaan\u00a0C- ja B-ik\u00e4isiss\u00e4. P\u00e4\u00e4vastuu j\u00e4rjestelyist\u00e4, valinnoista, valmentajien teht\u00e4vien vastuuttamisesta on alueen\u00a0p\u00e4\u00e4valmentajilla. Yksi toimintamalli on nimet\u00e4\u00a0ik\u00e4luokille vastuuvalmentaja, jolloin valmentaja ehtii n\u00e4kem\u00e4\u00e4n pelaajia enemm\u00e4n peleiss\u00e4, ohjaamaan heit\u00e4 henkil\u00f6kohtaisesti urheilijana kasvamisessa. Vastuuvalmentaja kehitt\u00e4isi itse\u00e4\u00e4n valmentajapolulla mm. osallistumalla oppimistarkoituksessa maajoukkueiden tukitoimiin, yl\u00e4koululeiritoimintaan tai akatemiavalmennukseen.\u00a0Nuorisop\u00e4\u00e4llikk\u00f6\u00a0auttaa leirien ja tapahtumien k\u00e4yt\u00e4nn\u00f6nj\u00e4rjestelyiss\u00e4, hankinnoissa sek\u00e4 osallistumisilmoituksissa ja tiedotuksessa. [&hellip;]<\/p>\n","protected":false},"author":4,"featured_media":0,"parent":257,"menu_order":0,"comment_status":"closed","ping_status":"closed","template":"pages\/template-kilpailu.php","meta":{"_acf_changed":false,"inline_featured_image":false,"footnotes":""},"class_list":["post-272","page","type-page","status-publish","hentry"],"acf":[],"_links":{"self":[{"href":"https:\/\/sivustot.lentopallo.fi\/etela-suomi\/wp-json\/wp\/v2\/pages\/272","targetHints":{"allow":["GET"]}}],"collection":[{"href":"https:\/\/sivustot.lentopallo.fi\/etela-suomi\/wp-json\/wp\/v2\/pages"}],"about":[{"href":"https:\/\/sivustot.lentopallo.fi\/etela-suomi\/wp-json\/wp\/v2\/types\/page"}],"author":[{"embeddable":true,"href":"https:\/\/sivustot.lentopallo.fi\/etela-suomi\/wp-json\/wp\/v2\/users\/4"}],"replies":[{"embeddable":true,"href":"https:\/\/sivustot.lentopallo.fi\/etela-suomi\/wp-json\/wp\/v2\/comments?post=272"}],"version-history":[{"count":3,"href":"https:\/\/sivustot.lentopallo.fi\/etela-suomi\/wp-json\/wp\/v2\/pages\/272\/revisions"}],"predecessor-version":[{"id":1469,"href":"https:\/\/sivustot.lentopallo.fi\/etela-suomi\/wp-json\/wp\/v2\/pages\/272\/revisions\/1469"}],"up":[{"embeddable":true,"href":"https:\/\/sivustot.lentopallo.fi\/etela-suomi\/wp-json\/wp\/v2\/pages\/257"}],"wp:attachment":[{"href":"https:\/\/sivustot.lentopallo.fi\/etela-suomi\/wp-json\/wp\/v2\/media?parent=272"}],"curies":[{"name":"wp","href":"https:\/\/api.w.org\/{rel}","templated":true}]}}