{"id":334,"date":"2023-11-08T05:52:21","date_gmt":"2023-11-08T05:52:21","guid":{"rendered":"https:\/\/sivustot.lentopallo.fi\/etela-suomi\/?page_id=334"},"modified":"2025-12-22T13:20:20","modified_gmt":"2025-12-22T13:20:20","slug":"sarjat","status":"publish","type":"page","link":"https:\/\/sivustot.lentopallo.fi\/etela-suomi\/kilpailutoiminta\/aikuiset\/sarjat\/","title":{"rendered":"ESLA:N AIKUISTEN SARJAT"},"content":{"rendered":"\n<p><br><strong>Miesten ja naisten Aluesarja<\/strong>&nbsp;sopii entisille 3-sarjan ja 4-sarjan tason joukkueille, jotka haluavat pelata kilpailumielell\u00e4. <\/p>\n\n\n\n<p>Syksyn sarja pelataan lohkoissa ja kev\u00e4\u00e4lle joukkueet jaetaan ylemp\u00e4\u00e4n ja alempaan jatkosarjaan.<\/p>\n\n\n\n<p><strong>Miesten ja Naisten Paikallissarjaan<\/strong>&nbsp;osallistuvat sitten kaikki muut joukkueet.<\/p>\n\n\n\n<p>Aluksi joukkueet jaetaan lohkoihin, joissa pelataan ns. alkusarja.<\/p>\n\n\n\n<p>Alkusarjan j\u00e4lkeen joukkueet jaetaan tulosten perusteella Ylemp\u00e4\u00e4n ja Alempaan paikallissarjaan.<\/p>\n\n\n\n<p>Syksyn sarjojen tulosten perusteella joukkueet jaetaan kev\u00e4\u00e4lle Ylemp\u00e4\u00e4n-, Keskiseen- ja Alempaan jatkosarjaan.<\/p>\n\n\n\n<p>Katso tarkemmin&nbsp;ilmoittautuminen&nbsp;ja&nbsp;sarjamaksut<\/p>\n\n\n\n<p>Lis\u00e4helpotuksina Paikallissarjoissa on:<\/p>\n\n\n\n<ul class=\"wp-block-list\">\n<li>osallistuminen vain syksyn kierrokselle tai vain kev\u00e4tkierrokselle. Tarkista sarjamaksut <a href=\"https:\/\/sivustot.lentopallo.fi\/etela-suomi\/kilpailutoiminta\/aikuiset\/sarjamaksut\/\" data-type=\"page\" data-id=\"353\"><strong>SARJAMAKSUT T\u00c4\u00c4LT\u00c4<\/strong><\/a><\/li>\n\n\n\n<li>paikallissarjaan voi sarjanhoitaja tilanteen salliessa ottaa mukaan joukkueen viel\u00e4 ilmoittautumisajan j\u00e4lkeenkin, jolloin joukkue ei osallistu alkusarjaan, vaan aloittaa suoraan Alemmasta Paikallissarjasta<\/li>\n\n\n\n<li>vain kev\u00e4tkierrokselle osallistuva joukkue aloittaa suoraan kev\u00e4\u00e4ll\u00e4 Alemmasta jatkosarjasta<\/li>\n\n\n\n<li>joukkue voi ilmoittaa itselleen p\u00e4tev\u00e4n tuomarin (tuomareita), joka vastaa kotiottelujen tuomitsemisesta<\/li>\n<\/ul>\n\n\n\n<p>Lis\u00e4tietoja:<\/p>\n\n\n\n<p>Kilpailup\u00e4\u00e4llikk\u00f6 Simo Saros<br><a href=\"mailto:simo.saros@destia.fi\">simo.saros@destia.fi<\/a>, puh. 0400 411 987<\/p>\n\n\n\n<p>Sarjanhoitaja Kaisu Polso<br>kaisu.polso@lentopalloliitto.fi, puh. 0400 910 327<\/p>\n\n\n\n<h1 class=\"wp-block-heading\">Kausi 2025-2026<\/h1>\n\n\n\n<div class=\"wp-block-buttons is-layout-flex wp-block-buttons-is-layout-flex\">\n<div class=\"wp-block-button is-style-outline is-style-outline--1\"><a class=\"wp-block-button__link wp-element-button\" href=\"https:\/\/tulospalvelu.lentopallo.fi\/categories\">Tulospalvelu<\/a><\/div>\n<\/div>\n\n\n\n<p>Sarjaj\u00e4rjestelm\u00e4t<\/p>\n\n\n\n<figure class=\"wp-block-image size-large\"><img loading=\"lazy\" decoding=\"async\" width=\"1024\" height=\"765\" src=\"https:\/\/sivustot.lentopallo.fi\/etela-suomi\/files\/2025\/12\/image-9-1024x765.png\" alt=\"\" class=\"wp-image-1859\" style=\"aspect-ratio:1.3393124065769806\" srcset=\"https:\/\/sivustot.lentopallo.fi\/etela-suomi\/files\/2025\/12\/image-9-1024x765.png 1024w, https:\/\/sivustot.lentopallo.fi\/etela-suomi\/files\/2025\/12\/image-9-300x224.png 300w, https:\/\/sivustot.lentopallo.fi\/etela-suomi\/files\/2025\/12\/image-9-768x573.png 768w, https:\/\/sivustot.lentopallo.fi\/etela-suomi\/files\/2025\/12\/image-9-1060x791.png 1060w, https:\/\/sivustot.lentopallo.fi\/etela-suomi\/files\/2025\/12\/image-9-1039x776.png 1039w, https:\/\/sivustot.lentopallo.fi\/etela-suomi\/files\/2025\/12\/image-9-55x41.png 55w, https:\/\/sivustot.lentopallo.fi\/etela-suomi\/files\/2025\/12\/image-9.png 1121w\" sizes=\"auto, (max-width: 1024px) 100vw, 1024px\" \/><\/figure>\n\n\n\n<figure class=\"wp-block-image size-large\"><img loading=\"lazy\" decoding=\"async\" width=\"1024\" height=\"683\" src=\"https:\/\/sivustot.lentopallo.fi\/etela-suomi\/files\/2025\/12\/image-7-1024x683.png\" alt=\"\" class=\"wp-image-1855\" style=\"aspect-ratio:1.499330655957162\" srcset=\"https:\/\/sivustot.lentopallo.fi\/etela-suomi\/files\/2025\/12\/image-7-1024x683.png 1024w, https:\/\/sivustot.lentopallo.fi\/etela-suomi\/files\/2025\/12\/image-7-300x200.png 300w, https:\/\/sivustot.lentopallo.fi\/etela-suomi\/files\/2025\/12\/image-7-768x512.png 768w, https:\/\/sivustot.lentopallo.fi\/etela-suomi\/files\/2025\/12\/image-7-1126x751.png 1126w, https:\/\/sivustot.lentopallo.fi\/etela-suomi\/files\/2025\/12\/image-7-1060x707.png 1060w, https:\/\/sivustot.lentopallo.fi\/etela-suomi\/files\/2025\/12\/image-7-1039x693.png 1039w, https:\/\/sivustot.lentopallo.fi\/etela-suomi\/files\/2025\/12\/image-7-55x37.png 55w, https:\/\/sivustot.lentopallo.fi\/etela-suomi\/files\/2025\/12\/image-7.png 1262w\" sizes=\"auto, (max-width: 1024px) 100vw, 1024px\" \/><\/figure>\n","protected":false},"excerpt":{"rendered":"<p>Miesten ja naisten Aluesarja&nbsp;sopii entisille 3-sarjan ja 4-sarjan tason joukkueille, jotka haluavat pelata kilpailumielell\u00e4. Syksyn sarja pelataan lohkoissa ja kev\u00e4\u00e4lle joukkueet jaetaan ylemp\u00e4\u00e4n ja alempaan jatkosarjaan. Miesten ja Naisten Paikallissarjaan&nbsp;osallistuvat sitten kaikki muut joukkueet. Aluksi joukkueet jaetaan lohkoihin, joissa pelataan ns. alkusarja. Alkusarjan j\u00e4lkeen joukkueet jaetaan tulosten perusteella Ylemp\u00e4\u00e4n ja Alempaan paikallissarjaan. Syksyn sarjojen tulosten [&hellip;]<\/p>\n","protected":false},"author":10,"featured_media":0,"parent":278,"menu_order":0,"comment_status":"closed","ping_status":"closed","template":"pages\/template-kilpailu.php","meta":{"_acf_changed":false,"inline_featured_image":false,"footnotes":""},"class_list":["post-334","page","type-page","status-publish","hentry"],"acf":[],"_links":{"self":[{"href":"https:\/\/sivustot.lentopallo.fi\/etela-suomi\/wp-json\/wp\/v2\/pages\/334","targetHints":{"allow":["GET"]}}],"collection":[{"href":"https:\/\/sivustot.lentopallo.fi\/etela-suomi\/wp-json\/wp\/v2\/pages"}],"about":[{"href":"https:\/\/sivustot.lentopallo.fi\/etela-suomi\/wp-json\/wp\/v2\/types\/page"}],"author":[{"embeddable":true,"href":"https:\/\/sivustot.lentopallo.fi\/etela-suomi\/wp-json\/wp\/v2\/users\/10"}],"replies":[{"embeddable":true,"href":"https:\/\/sivustot.lentopallo.fi\/etela-suomi\/wp-json\/wp\/v2\/comments?post=334"}],"version-history":[{"count":16,"href":"https:\/\/sivustot.lentopallo.fi\/etela-suomi\/wp-json\/wp\/v2\/pages\/334\/revisions"}],"predecessor-version":[{"id":1860,"href":"https:\/\/sivustot.lentopallo.fi\/etela-suomi\/wp-json\/wp\/v2\/pages\/334\/revisions\/1860"}],"up":[{"embeddable":true,"href":"https:\/\/sivustot.lentopallo.fi\/etela-suomi\/wp-json\/wp\/v2\/pages\/278"}],"wp:attachment":[{"href":"https:\/\/sivustot.lentopallo.fi\/etela-suomi\/wp-json\/wp\/v2\/media?parent=334"}],"curies":[{"name":"wp","href":"https:\/\/api.w.org\/{rel}","templated":true}]}}