{"id":508,"date":"2023-11-08T10:36:41","date_gmt":"2023-11-08T10:36:41","guid":{"rendered":"https:\/\/sivustot.lentopallo.fi\/etela-suomi\/?page_id=508"},"modified":"2025-08-12T06:04:19","modified_gmt":"2025-08-12T06:04:19","slug":"ryhtyisinko-tuomariksi","status":"publish","type":"page","link":"https:\/\/sivustot.lentopallo.fi\/etela-suomi\/kilpailutoiminta\/tuomaritoiminta\/ryhtyisinko-tuomariksi\/","title":{"rendered":"Miten tuomariksi p\u00e4\u00e4see?"},"content":{"rendered":"\n<h2 class=\"wp-block-heading\">Minituomarikurssi<\/h2>\n\n\n\n<p>Tuomaroinnin voi aloittaa jo heti lentopallon pelaamisen kanssa samaan aikaan. F, E ja D-ik\u00e4iset voivat suorittaa <strong><a href=\"https:\/\/sivustot.lentopallo.fi\/etela-suomi\/kilpailutoiminta\/tuomaritoiminta\/nuorisotuomarit\/\" data-type=\"page\" data-id=\"770\">minituomarikurssin<\/a><\/strong>, jossa k\u00e4yd\u00e4\u00e4n l\u00e4pi perusteet tuomarina toimimiselle ja s\u00e4\u00e4nt\u00f6j\u00e4. Samalla harjoitellaan my\u00f6s k\u00e4yt\u00e4nn\u00f6n vihelt\u00e4mist\u00e4. Minituomarit voivat toimia tuomareina oman ik\u00e4isten ja nuorempien peleiss\u00e4.<\/p>\n\n\n\n<h2 class=\"wp-block-heading\">Nuorisotuomarikurssi<\/h2>\n\n\n\n<p>C- ja B-ik\u00e4iset voivat osallistua <strong>nuorisotuomarikurssille<\/strong>. Kurssi l\u00e4hentelee jo III-luokan peruskurssia ja kurssiin kuuluu k\u00e4yt\u00e4nn\u00f6n harjoitteluosuus. Etel\u00e4n alueella nuorisotuomarikurssin voi suorittaa joko kokonaan erikseen sovittuna ajankohtana (teoria ja k\u00e4yt\u00e4nt\u00f6 yht. n.7h) tai sitten niin, ett\u00e4 teoriaosuus k\u00e4yd\u00e4\u00e4n III-luokan peruskurssin yhteydess\u00e4 ja ainoastaan k\u00e4yt\u00e4nn\u00f6n osuus sovitaan erikseen. Nuorisotuomarit voivat toimia tuomareina oman ik\u00e4isten ja nuorempien peleiss\u00e4. <\/p>\n\n\n\n<h2 class=\"wp-block-heading\">III-luokan kurssi eli peruskurssi<\/h2>\n\n\n\n<p><strong>III-luokan ns.peruskurssille<\/strong> voi osallistua sin\u00e4 vuonna kun t\u00e4ytt\u00e4\u00e4 15 vuotta. Nuorisotuomareiden tulee my\u00f6s korottaa luokkansa III-luokkaan A-ik\u00e4isen\u00e4, jos haluaa tuomaroida A-ik\u00e4isten tai aikuisten pelej\u00e4. Kurssi on kaksip\u00e4iv\u00e4inen, ja j\u00e4rjestet\u00e4\u00e4n yleens\u00e4 kahtena per\u00e4kk\u00e4isen\u00e4 arki-iltana.&nbsp;Kurssi ei velvoita mihink\u00e4\u00e4n. <\/p>\n\n\n\n<p>Kurssimateriaalista l\u00f6ytyy mm. peruskurssivihko. Siin\u00e4 on paljon tietoa tuomaruudesta, tuomarien teht\u00e4vist\u00e4 ym. Se soveltuu my\u00f6s itseopiskeluun ja on hyv\u00e4\u00e4 luettavaa my\u00f6s kurssin jo suorittaneille tuomareille. Vihon lopusta l\u00f6ytyy&nbsp;<em>Uuden tuomarin avuksi<\/em>&nbsp;-niminen osio, johon on koottu k\u00e4yt\u00e4nn\u00f6nl\u00e4heisi\u00e4 asioita, joita tuomarin t\u00e4ytyy ottaa huomioon toiminnassaan. Se alkaa lisenssin ja varusteiden hankkimisesta ja kertoo, mit\u00e4 tapahtuu ennen ottelup\u00e4iv\u00e4\u00e4, mit\u00e4 ottelup\u00e4iv\u00e4n\u00e4, ottelupaikalla, ottelun aikana jne. Osiosta voi my\u00f6s saada k\u00e4sityksen siit\u00e4, mit\u00e4 tuomarina toimiessa on odotettavissa.<\/p>\n\n\n\n<h2 class=\"wp-block-heading\">T\u00e4ht\u00e4imen\u00e4 yl\u00e4sarjat?<\/h2>\n\n\n\n<p>Jos tuomaritoiminta sujuu ja tuomariuralla eteneminen kiinnostaa, voit alueen p\u00e4\u00e4kouluttajan <a href=\"https:\/\/sivustot.lentopallo.fi\/etela-suomi\/kilpailutoiminta\/tuomaritoiminta\/tuomarikurssien-jarjestajat\/\" data-type=\"page\" data-id=\"510\">Jenni K\u00e4rkk\u00e4inen<\/a> kanssa keskustella mahdollisesta luokan korottamisesta II-luokkaan ja siit\u00e4 taas eteen p\u00e4in I-luokkaan. Jokaisessa tuomariluokassa vihellyksi\u00e4 tulee olla riitt\u00e4v\u00e4sti, jotta taidot ja kokemus mahdollistavat luokan korottamisen. II-luokan korotukset suoritetaan alueellisesti, mutta I-luokan tuomarit n\u00e4ytt\u00e4v\u00e4t osaamisensa sitten jo valtakunnallisen tuomariryhm\u00e4n kouluttajalle Pasi Hakkaraiselle. I-luokan korotustilaisuuksia j\u00e4rjestet\u00e4\u00e4n noin kerran vuodessa ja niist\u00e4 kannattaa kysell\u00e4 suoraan Pasilta.<\/p>\n\n\n\n<p><\/p>\n","protected":false},"excerpt":{"rendered":"<p>Minituomarikurssi Tuomaroinnin voi aloittaa jo heti lentopallon pelaamisen kanssa samaan aikaan. F, E ja D-ik\u00e4iset voivat suorittaa minituomarikurssin, jossa k\u00e4yd\u00e4\u00e4n l\u00e4pi perusteet tuomarina toimimiselle ja s\u00e4\u00e4nt\u00f6j\u00e4. Samalla harjoitellaan my\u00f6s k\u00e4yt\u00e4nn\u00f6n vihelt\u00e4mist\u00e4. Minituomarit voivat toimia tuomareina oman ik\u00e4isten ja nuorempien peleiss\u00e4. Nuorisotuomarikurssi C- ja B-ik\u00e4iset voivat osallistua nuorisotuomarikurssille. Kurssi l\u00e4hentelee jo III-luokan peruskurssia ja kurssiin kuuluu [&hellip;]<\/p>\n","protected":false},"author":10,"featured_media":506,"parent":282,"menu_order":0,"comment_status":"closed","ping_status":"closed","template":"pages\/template-kilpailu.php","meta":{"_acf_changed":false,"inline_featured_image":false,"footnotes":""},"class_list":["post-508","page","type-page","status-publish","has-post-thumbnail","hentry"],"acf":[],"_links":{"self":[{"href":"https:\/\/sivustot.lentopallo.fi\/etela-suomi\/wp-json\/wp\/v2\/pages\/508","targetHints":{"allow":["GET"]}}],"collection":[{"href":"https:\/\/sivustot.lentopallo.fi\/etela-suomi\/wp-json\/wp\/v2\/pages"}],"about":[{"href":"https:\/\/sivustot.lentopallo.fi\/etela-suomi\/wp-json\/wp\/v2\/types\/page"}],"author":[{"embeddable":true,"href":"https:\/\/sivustot.lentopallo.fi\/etela-suomi\/wp-json\/wp\/v2\/users\/10"}],"replies":[{"embeddable":true,"href":"https:\/\/sivustot.lentopallo.fi\/etela-suomi\/wp-json\/wp\/v2\/comments?post=508"}],"version-history":[{"count":6,"href":"https:\/\/sivustot.lentopallo.fi\/etela-suomi\/wp-json\/wp\/v2\/pages\/508\/revisions"}],"predecessor-version":[{"id":1654,"href":"https:\/\/sivustot.lentopallo.fi\/etela-suomi\/wp-json\/wp\/v2\/pages\/508\/revisions\/1654"}],"up":[{"embeddable":true,"href":"https:\/\/sivustot.lentopallo.fi\/etela-suomi\/wp-json\/wp\/v2\/pages\/282"}],"wp:featuredmedia":[{"embeddable":true,"href":"https:\/\/sivustot.lentopallo.fi\/etela-suomi\/wp-json\/wp\/v2\/media\/506"}],"wp:attachment":[{"href":"https:\/\/sivustot.lentopallo.fi\/etela-suomi\/wp-json\/wp\/v2\/media?parent=508"}],"curies":[{"name":"wp","href":"https:\/\/api.w.org\/{rel}","templated":true}]}}