{"id":510,"date":"2023-11-08T11:15:55","date_gmt":"2023-11-08T11:15:55","guid":{"rendered":"https:\/\/sivustot.lentopallo.fi\/etela-suomi\/?page_id=510"},"modified":"2025-08-05T06:26:58","modified_gmt":"2025-08-05T06:26:58","slug":"tuomarikurssien-jarjestajat","status":"publish","type":"page","link":"https:\/\/sivustot.lentopallo.fi\/etela-suomi\/kilpailutoiminta\/tuomaritoiminta\/tuomarikurssien-jarjestajat\/","title":{"rendered":"Tuomarikurssien j\u00e4rjest\u00e4j\u00e4t"},"content":{"rendered":"\n<p><\/p>\n\n\n\n<figure class=\"wp-block-table\"><table><tbody><tr><td>ETEL\u00c4 P\u00c4\u00c4KOULUTTAJA<br>Jenni K\u00e4rkk\u00e4inen<\/td><td>VANTAA<\/td><td>0403143562<\/td><td>jenni.karkkainen@hotmail.com<\/td><\/tr><tr><td>ALUEKOULUTTAJAT:<\/td><td><\/td><td><\/td><td><\/td><\/tr><tr><td>III-lk PERUSKURSSI<br>HELSINKI<br>Jori Ostrovskij<br>Jenni K\u00e4rkk\u00e4inen<\/td><td>VANTAA<br>VANTAA<\/td><td>0407636283<br>0403143562<\/td><td>jostrovs(at)gmail.com<br>jenni.karkkainen@hotmail.com<\/td><\/tr><tr><td>MINITUOMARIKURSSIT<br>Suvi R\u00f6nnqvist<\/td><td>HELSINKI<\/td><td>0504390764<\/td><td>suvi.ronnqvist(at)gmail.com<\/td><\/tr><tr><td>NUORISOTUOMARIKURSSIT<br>Jenni K\u00e4rkk\u00e4inen<\/td><td>VANTAA<\/td><td>0403143562<\/td><td>jenni.karkkainen@hotmail.com<\/td><\/tr><tr><td>P\u00c4IJ\u00c4T-H\u00c4ME<br>Tarvittaessa, ota yhteytt\u00e4 p\u00e4\u00e4kouluttajaan<\/td><td><\/td><td><\/td><td><\/td><\/tr><tr><td>UUSIMAA<br>Tarvittaessa, ota yhteytt\u00e4 p\u00e4\u00e4kouluttajaan<\/td><td><\/td><td><\/td><td><\/td><\/tr><tr><td>KYMENLAAKSO<br>Sari Mannersuo<\/td><td>HEINLAHTI<\/td><td>0445450434<\/td><td>sari.mannersuo(at)kymp.net<\/td><\/tr><\/tbody><\/table><\/figure>\n","protected":false},"excerpt":{"rendered":"<p>ETEL\u00c4 P\u00c4\u00c4KOULUTTAJAJenni K\u00e4rkk\u00e4inen VANTAA 0403143562 jenni.karkkainen@hotmail.com ALUEKOULUTTAJAT: III-lk PERUSKURSSIHELSINKIJori OstrovskijJenni K\u00e4rkk\u00e4inen VANTAAVANTAA 04076362830403143562 jostrovs(at)gmail.comjenni.karkkainen@hotmail.com MINITUOMARIKURSSITSuvi R\u00f6nnqvist HELSINKI 0504390764 suvi.ronnqvist(at)gmail.com NUORISOTUOMARIKURSSITJenni K\u00e4rkk\u00e4inen VANTAA 0403143562 jenni.karkkainen@hotmail.com P\u00c4IJ\u00c4T-H\u00c4METarvittaessa, ota yhteytt\u00e4 p\u00e4\u00e4kouluttajaan UUSIMAATarvittaessa, ota yhteytt\u00e4 p\u00e4\u00e4kouluttajaan KYMENLAAKSOSari Mannersuo HEINLAHTI 0445450434 sari.mannersuo(at)kymp.net<\/p>\n","protected":false},"author":10,"featured_media":0,"parent":282,"menu_order":2,"comment_status":"closed","ping_status":"closed","template":"pages\/template-kilpailu.php","meta":{"_acf_changed":false,"inline_featured_image":false,"footnotes":""},"class_list":["post-510","page","type-page","status-publish","hentry"],"acf":[],"_links":{"self":[{"href":"https:\/\/sivustot.lentopallo.fi\/etela-suomi\/wp-json\/wp\/v2\/pages\/510","targetHints":{"allow":["GET"]}}],"collection":[{"href":"https:\/\/sivustot.lentopallo.fi\/etela-suomi\/wp-json\/wp\/v2\/pages"}],"about":[{"href":"https:\/\/sivustot.lentopallo.fi\/etela-suomi\/wp-json\/wp\/v2\/types\/page"}],"author":[{"embeddable":true,"href":"https:\/\/sivustot.lentopallo.fi\/etela-suomi\/wp-json\/wp\/v2\/users\/10"}],"replies":[{"embeddable":true,"href":"https:\/\/sivustot.lentopallo.fi\/etela-suomi\/wp-json\/wp\/v2\/comments?post=510"}],"version-history":[{"count":9,"href":"https:\/\/sivustot.lentopallo.fi\/etela-suomi\/wp-json\/wp\/v2\/pages\/510\/revisions"}],"predecessor-version":[{"id":1605,"href":"https:\/\/sivustot.lentopallo.fi\/etela-suomi\/wp-json\/wp\/v2\/pages\/510\/revisions\/1605"}],"up":[{"embeddable":true,"href":"https:\/\/sivustot.lentopallo.fi\/etela-suomi\/wp-json\/wp\/v2\/pages\/282"}],"wp:attachment":[{"href":"https:\/\/sivustot.lentopallo.fi\/etela-suomi\/wp-json\/wp\/v2\/media?parent=510"}],"curies":[{"name":"wp","href":"https:\/\/api.w.org\/{rel}","templated":true}]}}