{"id":653,"date":"2023-11-15T12:07:36","date_gmt":"2023-11-15T12:07:36","guid":{"rendered":"https:\/\/sivustot.lentopallo.fi\/etela-suomi\/?page_id=653"},"modified":"2025-08-05T08:55:01","modified_gmt":"2025-08-05T08:55:01","slug":"helsingin-lentopalloerotuomarit-ry","status":"publish","type":"page","link":"https:\/\/sivustot.lentopallo.fi\/etela-suomi\/kilpailutoiminta\/tuomaritoiminta\/helsingin-lentopalloerotuomarit-ry\/","title":{"rendered":"Helsingin lentopalloerotuomarit ry"},"content":{"rendered":"\n\t<section id=\"block_16db6024d3324cc78bd408cb231c27b2\" class=\"cta-color-grid\">\n\t\t<div class=\"cta-color-grid-holder\">\n\t\t\t\t\t\t\t\t\t\t\t\t\t\t\t\t<div class=\"cta-color-grid-item width-100 has-font-color-option\">\n\t\t\t\t\t\t<div class=\"holder-cta-color-grid-item\" style=\"background-color:#09162C;\">\n\t\t\t\t\t\t\t\t\t\t\t\t\t\t\t<div class=\"col-title\">\n\t\t\t\t\t\t\t\t\t<h3 class=\"title\" style=\"color:#ffffff;\">Mukaan kerhon toimintaan?<\/h3>\n\t\t\t\t\t\t\t\t<\/div>\n\t\t\t\t\t\t\t\n\t\t\t\t\t\t\t\t\t\t\t\t\t\t\t<div class=\"col-content\">\n\t\t\t\t\t\t\t\t\t\t\t\t\t\t\t\t\t\t\t<div class=\"text\" style=\"color:#ffffff;\"><div class=\"CjVfdc\"><span class=\"C9DxTc \">Tervetuloa Helsingin Lentopalloerotuomarit ry:n toimintaan.<\/span><\/div>\n<div class=\"CjVfdc\">\n<div class=\"PPhIP rviiZ\">\n<div class=\"U26fgb mUbCce fKz7Od LRAOtb Znu9nd M9Bg4d\" role=\"presentation\" aria-describedby=\"h.wy4nhgch57ja_l\" aria-label=\"Kopioi otsikon linkki\" data-tooltip=\"Kopioi otsikon linkki\" aria-hidden=\"true\" data-tooltip-position=\"top\" data-tooltip-vertical-offset=\"12\" data-tooltip-horizontal-offset=\"0\">\n<div class=\"VTBa7b MbhUzd\"><\/div>\n<\/div>\n<\/div>\n<p><span class=\"C9DxTc \">Yhdistyksen tarkoituksena on valvoa ja ohjata p\u00e4\u00e4kaupunkiseudun lentopalloerotuomaritoiminnan kehityst\u00e4 sek\u00e4 valvoa j\u00e4senten yhteisi\u00e4 etuja ja edist\u00e4\u00e4 j\u00e4sentens\u00e4 virkistystoimintaa.\u00a0\u00a0<\/span><\/div>\n<\/div>\n\t\t\t\t\t\t\t\t\t\n\t\t\t\t\t\t\t\t\t\t\t\t\t\t\t\t\t\t\t<div class=\"link\" style=\"color:#ffffff;\">\n\t\t\t\t\t\t\t\t\t\t\t<div class=\"link-wrap\" style=\"border-color:#ffffff;\">\n\t\t\t\t\t\t\t\t\t\t\t\t<a class=\"bordered\" href=\"https:\/\/www.helsinginlentopalloerotuomarit.org\/etusivu\" target=\"_blank\">Kerhon sivut<\/a>\t\t\t\t\t\t\t\t\t\t\t<\/div>\n\t\t\t\t\t\t\t\t\t\t<\/div>\n\t\t\t\t\t\t\t\t\t\t\t\t\t\t\t\t\t<\/div>\n\t\t\t\t\t\t\t\t\t\t\t\t\t<\/div>\n\t\t\t\t\t<\/div>\n\t\t\t\t\t\t\t\t\t<\/div>\n\t<\/section>\n","protected":false},"excerpt":{"rendered":"","protected":false},"author":10,"featured_media":0,"parent":282,"menu_order":600,"comment_status":"closed","ping_status":"closed","template":"","meta":{"_acf_changed":false,"inline_featured_image":false,"footnotes":""},"class_list":["post-653","page","type-page","status-publish","hentry"],"acf":[],"_links":{"self":[{"href":"https:\/\/sivustot.lentopallo.fi\/etela-suomi\/wp-json\/wp\/v2\/pages\/653","targetHints":{"allow":["GET"]}}],"collection":[{"href":"https:\/\/sivustot.lentopallo.fi\/etela-suomi\/wp-json\/wp\/v2\/pages"}],"about":[{"href":"https:\/\/sivustot.lentopallo.fi\/etela-suomi\/wp-json\/wp\/v2\/types\/page"}],"author":[{"embeddable":true,"href":"https:\/\/sivustot.lentopallo.fi\/etela-suomi\/wp-json\/wp\/v2\/users\/10"}],"replies":[{"embeddable":true,"href":"https:\/\/sivustot.lentopallo.fi\/etela-suomi\/wp-json\/wp\/v2\/comments?post=653"}],"version-history":[{"count":5,"href":"https:\/\/sivustot.lentopallo.fi\/etela-suomi\/wp-json\/wp\/v2\/pages\/653\/revisions"}],"predecessor-version":[{"id":678,"href":"https:\/\/sivustot.lentopallo.fi\/etela-suomi\/wp-json\/wp\/v2\/pages\/653\/revisions\/678"}],"up":[{"embeddable":true,"href":"https:\/\/sivustot.lentopallo.fi\/etela-suomi\/wp-json\/wp\/v2\/pages\/282"}],"wp:attachment":[{"href":"https:\/\/sivustot.lentopallo.fi\/etela-suomi\/wp-json\/wp\/v2\/media?parent=653"}],"curies":[{"name":"wp","href":"https:\/\/api.w.org\/{rel}","templated":true}]}}