{"id":817,"date":"2024-01-02T08:32:44","date_gmt":"2024-01-02T08:32:44","guid":{"rendered":"https:\/\/sivustot.lentopallo.fi\/etela-suomi\/?page_id=817"},"modified":"2024-02-29T05:50:12","modified_gmt":"2024-02-29T05:50:12","slug":"paakaupunkiseutu","status":"publish","type":"page","link":"https:\/\/sivustot.lentopallo.fi\/etela-suomi\/seurat-ja-yhteystiedot\/alueen-seurat\/paakaupunkiseutu\/","title":{"rendered":"P\u00e4\u00e4kaupunkiseutu"},"content":{"rendered":"\n<p><\/p>\n\n\n\n<figure class=\"wp-block-table\"><table><tbody><tr><td>Seura<\/td><td>Toiminta<\/td><td>Lis\u00e4tietoja<\/td><\/tr><tr><td>AALTO-VOLLEY<\/td><td>Aalto-Volley ry.is the official volleyball club of Aalto University.<\/td><td><a href=\"https:\/\/aalto-volley.nimenhuuto.com\/\">https:\/\/aalto-volley.nimenhuuto.com\/<\/a><\/td><\/tr><tr><td>BLUES-VOLLEY<\/td><td>Toimipaikka J\u00e4rvenp\u00e4\u00e4. Toiminta kattaa tytt\u00f6- ja poikatoiminnan sek\u00e4 aikuisjoukkueet.<\/td><td><a href=\"https:\/\/www.bluesvolley.com\/\">https:\/\/www.bluesvolley.com\/<\/a><\/td><\/tr><tr><td>DYNAMO<\/td><td><\/td><td><a href=\"http:\/\/dynamory.net\/lentopallo.html\">www.dynamory.net\/lentopallo.html<\/a><\/td><\/tr><tr><td>ESBO IDROTTSF\u00d6RENING<\/td><td><\/td><td><a href=\"https:\/\/esboif.fi\/fi\/etusivu\/\" target=\"_blank\" rel=\"noreferrer noopener\">www.esboif.idrott.fi\/fi\/etusivu\/<\/a><\/td><\/tr><tr><td>ESPOO LENTIS<\/td><td>Toiminta kattaa tytt\u00f6- ja naisten lentopallotoiminnan. Poikatoiminta kehitteill\u00e4, jos saadaan ohjaajia.<\/td><td><a href=\"https:\/\/espoolentis.sportti.info\/\">https:\/\/espoolentis.sportti.info\/<\/a><\/td><\/tr><tr><td>ESPOONLAHDEN ISKU<\/td><td><\/td><td><a href=\"https:\/\/espoonlahdenisku.fi\/\">https:\/\/espoonlahdenisku.fi\/<\/a><\/td><\/tr><tr><td>HASSARIT RY<\/td><td>HASSARIT ry on el\u00e4kel\u00e4is-Lentopalloilun kuntoharrastusseura 63+ ik\u00e4isille senioreille.<\/td><td><a href=\"https:\/\/hassaritry.nimenhuuto.com\/\" target=\"_blank\" rel=\"noreferrer noopener\">https:\/\/hassaritry.nimenhuuto.com\/<\/a><\/td><\/tr><tr><td>HELSINGIN KIRI-60<\/td><td><\/td><td><a href=\"https:\/\/helsinginkiri60.sporttisaitti.com\/\" target=\"_blank\" rel=\"noreferrer noopener\">https:\/\/helsinginkiri60.sporttisaitti.com\/<\/a><\/td><\/tr><tr><td>H\u00c4JYT<\/td><td>Komia &#8211; suorastaan h\u00e4jy &#8211; lentopalloseura.<br>Olemme Espoolainen aikuisten miesten paikallissarjatason joukkue.<\/td><td><a href=\"https:\/\/hajyt.nimenhuuto.com\/\" target=\"_blank\" rel=\"noreferrer noopener\">https:\/\/hajyt.nimenhuuto.com\/<\/a><\/td><\/tr><tr><td>IF SIBBO VARGARNA<\/td><td><\/td><td><a href=\"http:\/\/www.sibbo-vargarna.fi\/\">www.sibbo-vargarna.fi\/<\/a><\/td><\/tr><tr><td>IT\u00c4-VANTAAN URHEILIJAT<\/td><td><\/td><td><a href=\"http:\/\/www.ivu.fi\/\">www.ivu.fi\/<\/a><\/td><\/tr><tr><td>KEIMOLAN KAIKU<\/td><td>Toimipaikka Vantaa. Erikoistunut poika- ja mieslentopalloon.<\/td><td><a href=\"https:\/\/www.keimolankaiku.fi\/Lentis\/etusivu.php\">https:\/\/www.keimolankaiku.fi\/Lentis\/etusivu.php<\/a><\/td><\/tr><tr><td>KIVENLAHDEN KIRI<\/td><td><\/td><td><a href=\"https:\/\/kirikuntolentis.nimenhuuto.com\/\">https:\/\/kirikuntolentis.nimenhuuto.com\/<\/a><\/td><\/tr><tr><td>KORSON PALLOILIJAT<\/td><td>Miesten paikallissarjajoukkue<\/td><td><a href=\"https:\/\/korsonpalloilijat.nimenhuuto.com\/\">https:\/\/korsonpalloilijat.nimenhuuto.com\/<\/a><\/td><\/tr><tr><td>KORSON VETO<\/td><td>Kotipaikka Vantaa. Toiminta kattaa tytt\u00f6- ja aikuislentopallon. Miehiss\u00e4 lippulaivana liigajoukkue.<\/td><td><a href=\"https:\/\/www.korsonveto.fi\/lentopallo\/\">https:\/\/www.korsonveto.fi\/lentopallo\/<\/a><\/td><\/tr><tr><td>LAAJASALON VOIMA<\/td><td>Toimipaikka Helsinki\/Laajasalo. Toiminta kattaa tytt\u00f6lentopallon ja aikuistoiminnan, erikoisuutena pehmolentis.<\/td><td><a href=\"https:\/\/www.laajasalonvoima.fi\/\">https:\/\/www.laajasalonvoima.fi\/<\/a><\/td><\/tr><tr><td>MALMIN URHEILIJAT<\/td><td><\/td><td><a href=\"http:\/\/malminurheilijat.nettisivu.org\/\">www.malminurheilijat.nettisivu.org\/<\/a><\/td><\/tr><tr><td>MASALAN KISA<\/td><td><\/td><td><a href=\"http:\/\/www.masalankisa.fi\/\">www.masalankisa.fi\/<\/a><\/td><\/tr><tr><td>NAARASLEIJONAT<\/td><td>Kotipaikka Helsinki (T\u00f6\u00f6l\u00f6). Toiminta kattaa tytt\u00f6lentopallon ja naisten toiminnan.<\/td><td><a href=\"https:\/\/www.naarasleijonat.fi\/\">https:\/\/www.naarasleijonat.fi\/<\/a><\/td><\/tr><tr><td>PUKINM\u00c4EN KISA<\/td><td><\/td><td><a href=\"http:\/\/www.pukinmaenkisa.fi\/\">http:\/\/www.pukinmaenkisa.fi\/<\/a><\/td><\/tr><tr><td>PUMA-VOLLEY<\/td><td>Kotipaikka Pohjois-Hels\u00edngin alueella. Toiminta kattaa kaikki ik\u00e4ryhm\u00e4t kilpa- ja harrastuslentopallossa 3-18 v sek\u00e4 naisten ja miesten&nbsp;kilpasarjat.<\/td><td><a href=\"https:\/\/www.puma-volley.fi\/\">https:\/\/www.puma-volley.fi\/<\/a><\/td><\/tr><tr><td>RAISU LUMOUS<\/td><td><\/td><td><a href=\"https:\/\/raisulumous.sporttisaitti.com\/raisulumous\/lentopallo\/\">https:\/\/raisulumous.sporttisaitti.com\/raisulumous\/lentopallo\/<\/a><\/td><\/tr><tr><td>REKOLAN RAIKAS<\/td><td><\/td><td><a href=\"http:\/\/www.rekolanraikas.fi\/\">www.rekolanraikas.fi\/<\/a><\/td><\/tr><tr><td>R\u00d6HK\u00d6N KAATAJAT<\/td><td><\/td><td><a href=\"http:\/\/rohkonkaatajat.nimenhuuto.com\/\">www.rohkonkaatajat.nimenhuuto.com\/<\/a><\/td><\/tr><tr><td>SAVION SAMPO<\/td><td><\/td><td><a href=\"https:\/\/savionsampo.nimenhuuto.com\/\">https:\/\/savionsampo.nimenhuuto.com\/<\/a><\/td><\/tr><tr><td>SIKARIPORRAS<\/td><td><\/td><td><a href=\"http:\/\/sikariporras.nimenhuuto.com\/\">www.sikariporras.nimenhuuto.com\/<\/a><\/td><\/tr><tr><td>SUOMEN BEACH VOLLEY OY<\/td><td><\/td><td><a href=\"https:\/\/www.biitsi.fi\/\">https:\/\/www.biitsi.fi\/<\/a><\/td><\/tr><tr><td>TAPANILAN ER\u00c4<\/td><td><\/td><td><a href=\"http:\/\/www.eralentis.com\/\" target=\"_blank\" rel=\"noreferrer noopener\">www.eralentis.com<\/a><\/td><\/tr><tr><td>T\u00d6\u00d6L\u00d6N VESA<\/td><td><\/td><td><a href=\"http:\/\/toolonvesa.fi\/\" target=\"_blank\" rel=\"noreferrer noopener\">www.toolonvesa.fi\/<\/a><\/td><\/tr><tr><td>VANTAAN LENTOPALLO<\/td><td>Toiminta kattaa kaikki ik\u00e4ryhm\u00e4t, tytt\u00f6-, poika- ja aikuslentopalloa, ml. lentopallokoulut.<\/td><td><a href=\"https:\/\/www.vanle.fi\/\">https:\/\/www.vanle.fi\/<\/a><\/td><\/tr><tr><td>VIHERLAAKSON VEIKOT<\/td><td><\/td><td><a href=\"https:\/\/viherlaaksonveikot.sporttisaitti.com\/lentopallo\/\">https:\/\/viherlaaksonveikot.sporttisaitti.com\/lentopallo\/<\/a><\/td><\/tr><tr><td>VIIKKI-VOLLEY<\/td><td><\/td><td><a href=\"http:\/\/viikkivolley.nimenhuuto.com\/\">www.viikkivolley.nimenhuuto.com\/<\/a><\/td><\/tr><tr><td>VUOSAAREN VIIKINGIT<\/td><td><\/td><td><a href=\"http:\/\/vuosaarenviikingit.nimenhuuto.com\/\">www.vuosaarenviikingit.nimenhuuto.com\/<\/a><\/td><\/tr><\/tbody><\/table><\/figure>\n","protected":false},"excerpt":{"rendered":"<p>Seura Toiminta Lis\u00e4tietoja AALTO-VOLLEY Aalto-Volley ry.is the official volleyball club of Aalto University. https:\/\/aalto-volley.nimenhuuto.com\/ BLUES-VOLLEY Toimipaikka J\u00e4rvenp\u00e4\u00e4. Toiminta kattaa tytt\u00f6- ja poikatoiminnan sek\u00e4 aikuisjoukkueet. https:\/\/www.bluesvolley.com\/ DYNAMO www.dynamory.net\/lentopallo.html ESBO IDROTTSF\u00d6RENING www.esboif.idrott.fi\/fi\/etusivu\/ ESPOO LENTIS Toiminta kattaa tytt\u00f6- ja naisten lentopallotoiminnan. Poikatoiminta kehitteill\u00e4, jos saadaan ohjaajia. https:\/\/espoolentis.sportti.info\/ ESPOONLAHDEN ISKU https:\/\/espoonlahdenisku.fi\/ HASSARIT RY HASSARIT ry on el\u00e4kel\u00e4is-Lentopalloilun kuntoharrastusseura 63+ [&hellip;]<\/p>\n","protected":false},"author":10,"featured_media":0,"parent":284,"menu_order":1,"comment_status":"closed","ping_status":"closed","template":"pages\/template-kilpailu.php","meta":{"_acf_changed":false,"inline_featured_image":false,"footnotes":""},"class_list":["post-817","page","type-page","status-publish","hentry"],"acf":[],"_links":{"self":[{"href":"https:\/\/sivustot.lentopallo.fi\/etela-suomi\/wp-json\/wp\/v2\/pages\/817","targetHints":{"allow":["GET"]}}],"collection":[{"href":"https:\/\/sivustot.lentopallo.fi\/etela-suomi\/wp-json\/wp\/v2\/pages"}],"about":[{"href":"https:\/\/sivustot.lentopallo.fi\/etela-suomi\/wp-json\/wp\/v2\/types\/page"}],"author":[{"embeddable":true,"href":"https:\/\/sivustot.lentopallo.fi\/etela-suomi\/wp-json\/wp\/v2\/users\/10"}],"replies":[{"embeddable":true,"href":"https:\/\/sivustot.lentopallo.fi\/etela-suomi\/wp-json\/wp\/v2\/comments?post=817"}],"version-history":[{"count":10,"href":"https:\/\/sivustot.lentopallo.fi\/etela-suomi\/wp-json\/wp\/v2\/pages\/817\/revisions"}],"predecessor-version":[{"id":950,"href":"https:\/\/sivustot.lentopallo.fi\/etela-suomi\/wp-json\/wp\/v2\/pages\/817\/revisions\/950"}],"up":[{"embeddable":true,"href":"https:\/\/sivustot.lentopallo.fi\/etela-suomi\/wp-json\/wp\/v2\/pages\/284"}],"wp:attachment":[{"href":"https:\/\/sivustot.lentopallo.fi\/etela-suomi\/wp-json\/wp\/v2\/media?parent=817"}],"curies":[{"name":"wp","href":"https:\/\/api.w.org\/{rel}","templated":true}]}}