{"id":857,"date":"2024-01-02T11:13:40","date_gmt":"2024-01-02T11:13:40","guid":{"rendered":"https:\/\/sivustot.lentopallo.fi\/etela-suomi\/?page_id=857"},"modified":"2025-04-16T08:46:21","modified_gmt":"2025-04-16T08:46:21","slug":"toimintakasikirja","status":"publish","type":"page","link":"https:\/\/sivustot.lentopallo.fi\/etela-suomi\/seurat-ja-yhteystiedot\/eslan-hallinto\/toimintakasikirja\/","title":{"rendered":"Eslan toimintak\u00e4sikirjan p\u00e4\u00e4set lukemaan t\u00e4\u00e4lt\u00e4"},"content":{"rendered":"\n<div class=\"wp-block-buttons is-layout-flex wp-block-buttons-is-layout-flex\">\n<div class=\"wp-block-button\"><a class=\"wp-block-button__link wp-element-button\" href=\"https:\/\/sivustot.lentopallo.fi\/etela-suomi\/files\/2025\/04\/Toimintakasikirja-Etela-Suomi.docx\" target=\"_blank\" rel=\"noreferrer noopener\">TOIMINTAK\u00c4SIKIRJA<\/a><\/div>\n<\/div>\n\n\n\n<p><\/p>\n","protected":false},"excerpt":{"rendered":"","protected":false},"author":10,"featured_media":0,"parent":777,"menu_order":1,"comment_status":"closed","ping_status":"closed","template":"pages\/template-kilpailu.php","meta":{"_acf_changed":false,"inline_featured_image":false,"footnotes":""},"class_list":["post-857","page","type-page","status-publish","hentry"],"acf":[],"_links":{"self":[{"href":"https:\/\/sivustot.lentopallo.fi\/etela-suomi\/wp-json\/wp\/v2\/pages\/857","targetHints":{"allow":["GET"]}}],"collection":[{"href":"https:\/\/sivustot.lentopallo.fi\/etela-suomi\/wp-json\/wp\/v2\/pages"}],"about":[{"href":"https:\/\/sivustot.lentopallo.fi\/etela-suomi\/wp-json\/wp\/v2\/types\/page"}],"author":[{"embeddable":true,"href":"https:\/\/sivustot.lentopallo.fi\/etela-suomi\/wp-json\/wp\/v2\/users\/10"}],"replies":[{"embeddable":true,"href":"https:\/\/sivustot.lentopallo.fi\/etela-suomi\/wp-json\/wp\/v2\/comments?post=857"}],"version-history":[{"count":8,"href":"https:\/\/sivustot.lentopallo.fi\/etela-suomi\/wp-json\/wp\/v2\/pages\/857\/revisions"}],"predecessor-version":[{"id":1507,"href":"https:\/\/sivustot.lentopallo.fi\/etela-suomi\/wp-json\/wp\/v2\/pages\/857\/revisions\/1507"}],"up":[{"embeddable":true,"href":"https:\/\/sivustot.lentopallo.fi\/etela-suomi\/wp-json\/wp\/v2\/pages\/777"}],"wp:attachment":[{"href":"https:\/\/sivustot.lentopallo.fi\/etela-suomi\/wp-json\/wp\/v2\/media?parent=857"}],"curies":[{"name":"wp","href":"https:\/\/api.w.org\/{rel}","templated":true}]}}