{"id":194,"date":"2026-04-02T14:52:30","date_gmt":"2026-04-02T11:52:30","guid":{"rendered":"https:\/\/sivustot.lentopallo.fi\/harrastaminen\/?page_id=194"},"modified":"2026-04-07T10:09:09","modified_gmt":"2026-04-07T07:09:09","slug":"harraste-biitsi","status":"publish","type":"page","link":"https:\/\/sivustot.lentopallo.fi\/harrastaminen\/harraste-biitsi\/","title":{"rendered":"Harraste Biitsi"},"content":{"rendered":"\n<figure class=\"wp-block-image alignwide size-full\"><img loading=\"lazy\" decoding=\"async\" width=\"2000\" height=\"1125\" src=\"http:\/\/sivustot.lentopallo.fi\/harrastaminen\/files\/2026\/04\/1000028094-edited.jpg\" alt=\"\" class=\"wp-image-217\" srcset=\"https:\/\/sivustot.lentopallo.fi\/harrastaminen\/files\/2026\/04\/1000028094-edited.jpg 2000w, https:\/\/sivustot.lentopallo.fi\/harrastaminen\/files\/2026\/04\/1000028094-edited-300x169.jpg 300w, https:\/\/sivustot.lentopallo.fi\/harrastaminen\/files\/2026\/04\/1000028094-edited-1024x576.jpg 1024w, https:\/\/sivustot.lentopallo.fi\/harrastaminen\/files\/2026\/04\/1000028094-edited-768x432.jpg 768w, https:\/\/sivustot.lentopallo.fi\/harrastaminen\/files\/2026\/04\/1000028094-edited-1536x864.jpg 1536w, https:\/\/sivustot.lentopallo.fi\/harrastaminen\/files\/2026\/04\/1000028094-edited-1920x1080.jpg 1920w, https:\/\/sivustot.lentopallo.fi\/harrastaminen\/files\/2026\/04\/1000028094-edited-1640x923.jpg 1640w, https:\/\/sivustot.lentopallo.fi\/harrastaminen\/files\/2026\/04\/1000028094-edited-1126x633.jpg 1126w, https:\/\/sivustot.lentopallo.fi\/harrastaminen\/files\/2026\/04\/1000028094-edited-1060x596.jpg 1060w, https:\/\/sivustot.lentopallo.fi\/harrastaminen\/files\/2026\/04\/1000028094-edited-1039x584.jpg 1039w, https:\/\/sivustot.lentopallo.fi\/harrastaminen\/files\/2026\/04\/1000028094-edited-55x31.jpg 55w\" sizes=\"auto, (max-width: 2000px) 100vw, 2000px\" \/><\/figure>\n\n\n\n<hr class=\"wp-block-separator has-alpha-channel-opacity is-style-dots\" \/>\n\n\n\n<div class=\"wp-block-columns has-luminous-vivid-amber-background-color has-background is-layout-flex wp-container-core-columns-is-layout-9d6595d7 wp-block-columns-is-layout-flex\">\n<div class=\"wp-block-column is-layout-flow wp-block-column-is-layout-flow\" style=\"flex-basis:33.33%\">\n<figure class=\"wp-block-image size-full\"><img loading=\"lazy\" decoding=\"async\" width=\"1024\" height=\"1024\" src=\"http:\/\/sivustot.lentopallo.fi\/harrastaminen\/files\/2026\/04\/Designer-5-1.png\" alt=\"\" class=\"wp-image-309\" srcset=\"https:\/\/sivustot.lentopallo.fi\/harrastaminen\/files\/2026\/04\/Designer-5-1.png 1024w, https:\/\/sivustot.lentopallo.fi\/harrastaminen\/files\/2026\/04\/Designer-5-1-300x300.png 300w, https:\/\/sivustot.lentopallo.fi\/harrastaminen\/files\/2026\/04\/Designer-5-1-150x150.png 150w, https:\/\/sivustot.lentopallo.fi\/harrastaminen\/files\/2026\/04\/Designer-5-1-768x768.png 768w, https:\/\/sivustot.lentopallo.fi\/harrastaminen\/files\/2026\/04\/Designer-5-1-55x55.png 55w\" sizes=\"auto, (max-width: 1024px) 100vw, 1024px\" \/><\/figure>\n<\/div>\n\n\n\n<div class=\"wp-block-column is-layout-flow wp-block-column-is-layout-flow\" style=\"flex-basis:66.66%\">\n<h2 class=\"wp-block-heading\">Kes\u00e4n rennoin biitsikiertue<\/h2>\n\n\n\n<p>Beach volleyn Harraste Cup -turnaukset pelataan rennossa hengess\u00e4.<\/p>\n\n\n\n<p>Turnaukset soveltuvat loistavasti sek\u00e4 satunnaisille pelaajille ett\u00e4 aktiivisille harrastejoukkueille. Jokaisessa turnauksessa arvotaan osallistujien kesken uusi virallinen beach volley pallo!<\/p>\n\n\n\n<div class=\"wp-block-buttons is-layout-flex wp-block-buttons-is-layout-flex\">\n<div class=\"wp-block-button\"><a class=\"wp-block-button__link has-white-color has-vivid-red-background-color has-text-color has-background has-link-color wp-element-button\" href=\"https:\/\/tapahtumat.lentopallo.fi\/\">Tapahtumakalenteri<\/a><\/div>\n<\/div>\n<\/div>\n<\/div>\n\n\n\n<hr class=\"wp-block-separator has-alpha-channel-opacity is-style-dots\" \/>\n\n\n\n<section id=\"block_c28ef2f9ca371b7a74918573d5aa673e\" class=\"related-news\">\n\t\n\n\t<div class=\"related-news-holder\">\n\t\t\t\t\t<div class=\"container\">\n\t\t\t\t\n\t\t\t\t\t\t\t\t\t<h2 class=\"title\">Uutiset ja tiedotteet<\/h2>\n\t\t\t\t\t\t\t<\/div>\n\t\t\n\t\t<div class=\"related-news-list\">\n\t\t\t\t\t\t\t\n<div class=\"news-block post-386 uutiset type-uutiset status-publish has-post-thumbnail hentry\">\n\t<div class=\"info font-color-white\" style=\"background-color:#09162c;\" data-color=\"#09162c\">\n\t\t<div class=\"holder-info\">\n\t\t\t<div class=\"news-date-info\">\n\t\t\t\t\n\t\t\t\t\t<time datetime=\"2026-04-10\">\n\t\t\t\t\t\t10.04.2026\t\t\t\t\t<\/time>\n\t\t\t\t\n\t\t\t<\/div>\n\n\t\t\t\t\t<\/div>\n\n\t\t<h2 class=\"news-title\"><a href=\"https:\/\/sivustot.lentopallo.fi\/harrastaminen\/uutiset\/ilmoittautuminen-harraste-biitsi-turnauksiin-avattu\/\" rel=\"bookmark\">Ilmoittautuminen Harraste Biitsi turnauksiin avattu!<\/a><\/h2>\n\t\t<a class=\"btn btn-read-more\" href=\"https:\/\/sivustot.lentopallo.fi\/harrastaminen\/uutiset\/ilmoittautuminen-harraste-biitsi-turnauksiin-avattu\/\" rel=\"bookmark\">Lue lis\u00e4\u00e4<\/a>\n\t<\/div>\n\n\t\t\t<div class=\"news-image\" style=\"background-image:url(https:\/\/sivustot.lentopallo.fi\/harrastaminen\/files\/2026\/04\/biitsivantaa-24-1039x693.jpg);\">\n\t\t\t\t\t\t\t<svg class=\"news-image-shape\" xmlns=\"http:\/\/www.w3.org\/2000\/svg\" width=\"1059\" height=\"643\" viewBox=\"0 0 1059 643\">\n\t\t\t\t\t<defs>\n\t\t\t\t\t\t<style>\n\t\t\t\t\t\t\t.cls-386 {\n\t\t\t\t\t\t\t\tfill: #09162c;\n\t\t\t\t\t\t\t\tfill-rule: evenodd;\n\t\t\t\t\t\t\t}\n\t\t\t\t\t\t<\/style>\n\t\t\t\t\t<\/defs>\n\t\t\t\t\t<path vector-effect=\"non-scaling-stroke\" class=\"path-image-shape cls-386\" d=\"M1056,0h3V372l-297-1ZM455,642H306L454,372h1L603,642H455ZM0,278.815V185l301,93.185v0.63L0,372V278.815ZM1058,373h1V643H910Z\"\/>\n\t\t\t\t<\/svg>\n\t\t\t\t\t<\/div>\n\t<\/div>\n\t\t\t\t\t\t\t\n<div class=\"news-block post-372 uutiset type-uutiset status-publish has-post-thumbnail hentry\">\n\t<div class=\"info font-color-white\" style=\"background-color:#09162c;\" data-color=\"#09162c\">\n\t\t<div class=\"holder-info\">\n\t\t\t<div class=\"news-date-info\">\n\t\t\t\t\n\t\t\t\t\t<time datetime=\"2026-04-07\">\n\t\t\t\t\t\t07.04.2026\t\t\t\t\t<\/time>\n\t\t\t\t\n\t\t\t<\/div>\n\n\t\t\t\t\t<\/div>\n\n\t\t<h2 class=\"news-title\"><a href=\"https:\/\/sivustot.lentopallo.fi\/harrastaminen\/uutiset\/antero-tapola-jattaa-viikkarin-hyvilla-mielin-25-vuoden-mittainen-aikakausi-paattyy\/\" rel=\"bookmark\">Antero Tapola j\u00e4tt\u00e4\u00e4 Viikkarin hyvill\u00e4 mielin \u2013 25 vuoden mittainen aikakausi p\u00e4\u00e4ttyy<\/a><\/h2>\n\t\t<a class=\"btn btn-read-more\" href=\"https:\/\/sivustot.lentopallo.fi\/harrastaminen\/uutiset\/antero-tapola-jattaa-viikkarin-hyvilla-mielin-25-vuoden-mittainen-aikakausi-paattyy\/\" rel=\"bookmark\">Lue lis\u00e4\u00e4<\/a>\n\t<\/div>\n\n\t\t\t<div class=\"news-image\" style=\"background-image:url(https:\/\/sivustot.lentopallo.fi\/harrastaminen\/files\/2026\/04\/8144954908167552924-1039x1385.jpg);\">\n\t\t\t\t\t\t\t<svg class=\"news-image-shape\" xmlns=\"http:\/\/www.w3.org\/2000\/svg\" width=\"1059\" height=\"643\" viewBox=\"0 0 1059 643\">\n\t\t\t\t\t<defs>\n\t\t\t\t\t\t<style>\n\t\t\t\t\t\t\t.cls-372 {\n\t\t\t\t\t\t\t\tfill: #09162c;\n\t\t\t\t\t\t\t\tfill-rule: evenodd;\n\t\t\t\t\t\t\t}\n\t\t\t\t\t\t<\/style>\n\t\t\t\t\t<\/defs>\n\t\t\t\t\t<path vector-effect=\"non-scaling-stroke\" class=\"path-image-shape cls-372\" d=\"M1056,0h3V372l-297-1ZM455,642H306L454,372h1L603,642H455ZM0,278.815V185l301,93.185v0.63L0,372V278.815ZM1058,373h1V643H910Z\"\/>\n\t\t\t\t<\/svg>\n\t\t\t\t\t<\/div>\n\t<\/div>\n\t\t\t\t\t\t\t\n<div class=\"news-block post-324 uutiset type-uutiset status-publish has-post-thumbnail hentry\">\n\t<div class=\"info font-color-white\" style=\"background-color:#09162c;\" data-color=\"#09162c\">\n\t\t<div class=\"holder-info\">\n\t\t\t<div class=\"news-date-info\">\n\t\t\t\t\n\t\t\t\t\t<time datetime=\"2026-04-03\">\n\t\t\t\t\t\t03.04.2026\t\t\t\t\t<\/time>\n\t\t\t\t\n\t\t\t<\/div>\n\n\t\t\t\t\t<\/div>\n\n\t\t<h2 class=\"news-title\"><a href=\"https:\/\/sivustot.lentopallo.fi\/harrastaminen\/uutiset\/harraste-cup-etsii-uusia-turnausjarjestajia-nyt-on-oikea-hetki-tulla-mukaan\/\" rel=\"bookmark\">Harraste Cup etsii uusia turnausj\u00e4rjest\u00e4ji\u00e4 \u2013 nyt on oikea hetki tulla mukaan<\/a><\/h2>\n\t\t<a class=\"btn btn-read-more\" href=\"https:\/\/sivustot.lentopallo.fi\/harrastaminen\/uutiset\/harraste-cup-etsii-uusia-turnausjarjestajia-nyt-on-oikea-hetki-tulla-mukaan\/\" rel=\"bookmark\">Lue lis\u00e4\u00e4<\/a>\n\t<\/div>\n\n\t\t\t<div class=\"news-image\" style=\"background-image:url(https:\/\/sivustot.lentopallo.fi\/harrastaminen\/files\/2026\/04\/1000028094-1039x779.jpg);\">\n\t\t\t\t\t\t\t<svg class=\"news-image-shape\" xmlns=\"http:\/\/www.w3.org\/2000\/svg\" width=\"1059\" height=\"643\" viewBox=\"0 0 1059 643\">\n\t\t\t\t\t<defs>\n\t\t\t\t\t\t<style>\n\t\t\t\t\t\t\t.cls-324 {\n\t\t\t\t\t\t\t\tfill: #09162c;\n\t\t\t\t\t\t\t\tfill-rule: evenodd;\n\t\t\t\t\t\t\t}\n\t\t\t\t\t\t<\/style>\n\t\t\t\t\t<\/defs>\n\t\t\t\t\t<path vector-effect=\"non-scaling-stroke\" class=\"path-image-shape cls-324\" d=\"M1056,0h3V372l-297-1ZM455,642H306L454,372h1L603,642H455ZM0,278.815V185l301,93.185v0.63L0,372V278.815ZM1058,373h1V643H910Z\"\/>\n\t\t\t\t<\/svg>\n\t\t\t\t\t<\/div>\n\t<\/div>\n\t\t\t\t\t\t\t\t<\/div>\n\n\t\t\t<\/div>\n\n\n<\/section>\n\n\n\n<hr class=\"wp-block-separator has-alpha-channel-opacity is-style-dots\" \/>\n\n\n\n<section id=\"block_f813186fab8b0564a3eb8f6d40d8c78e\" class=\"related-events\">\n\t\n\n\t<div class=\"related-events-holder layout-link-below\">\n\t\t\n\t\t\n\t\t\t\t\t\t\t\t\t\t\t\t<div class=\"container\">\n\t\t\t\t\t<div class=\"events-list related-events-list\">\n\t\t\t\t\t\t\t\t\t\t\t\t\t\n<div class=\"event-block post-154 tapahtumat type-tapahtumat status-publish has-post-thumbnail hentry event-category-harraste-biitsi\">\n\t<div class=\"event-block-wrap\">\n\t\t<div class=\"event-block-holder\">\n\t\t\t\t\t\t\t<div class=\"location\">Ter\u00e4s Beach, Tallinna<\/div>\n\t\t\t\n\t\t\t<h3 class=\"event-title\"><a href=\"https:\/\/sivustot.lentopallo.fi\/harrastaminen\/tapahtumat\/viikkari-biitsi-tallinna\/\" rel=\"bookmark\">Harraste Biitsi, Tallinna<\/a><\/h3>\n\t\t\t\t\t\t\t<div class=\"date\">\n\t\t\t\t\t<span class=\"date-start\">14.05.2026<\/span>\n\t\t\t\t\t\t\t\t\t<\/div>\n\t\t\t\n\t\t\t\t\t\t\t<div class=\"event-category-info\">\n\t\t\t\t\t\t\t\t\t\t\t<div class=\"holder-event-category-info\">\n\t\t\t\t\t\t\t\t\t\t\t\t\t\t\t<span class=\"event-category-name\">Harraste Biitsi<\/span>\n\t\t\t\t\t\t\t\t\t\t\t\t\t<\/div>\n\t\t\t\t\t\n\t\t\t\t\t\t\t\t\t<\/div>\n\t\t\t\t\t<\/div>\n\t<\/div>\n<\/div>\n\t\t\t\t\t\t\t\t\t\t\t\t\t\n<div class=\"event-block post-161 tapahtumat type-tapahtumat status-publish has-post-thumbnail hentry event-category-harraste-biitsi\">\n\t<div class=\"event-block-wrap\">\n\t\t<div class=\"event-block-holder\">\n\t\t\t\t\t\t\t<div class=\"location\">Hyvink\u00e4\u00e4<\/div>\n\t\t\t\n\t\t\t<h3 class=\"event-title\"><a href=\"https:\/\/sivustot.lentopallo.fi\/harrastaminen\/tapahtumat\/viikkari-cup-23-5-hyvinkaa\/\" rel=\"bookmark\">Harraste Biitsi, Hyvink\u00e4\u00e4<\/a><\/h3>\n\t\t\t\t\t\t\t<div class=\"date\">\n\t\t\t\t\t<span class=\"date-start\">23.05.2026<\/span>\n\t\t\t\t\t\t\t\t\t<\/div>\n\t\t\t\n\t\t\t\t\t\t\t<div class=\"event-category-info\">\n\t\t\t\t\t\t\t\t\t\t\t<div class=\"holder-event-category-info\">\n\t\t\t\t\t\t\t\t\t\t\t\t\t\t\t<span class=\"event-category-name\">Harraste Biitsi<\/span>\n\t\t\t\t\t\t\t\t\t\t\t\t\t<\/div>\n\t\t\t\t\t\n\t\t\t\t\t\t\t\t\t<\/div>\n\t\t\t\t\t<\/div>\n\t<\/div>\n<\/div>\n\t\t\t\t\t\t\t\t\t\t\t\t\t\n<div class=\"event-block post-297 tapahtumat type-tapahtumat status-publish has-post-thumbnail hentry event-category-harraste-biitsi\">\n\t<div class=\"event-block-wrap\">\n\t\t<div class=\"event-block-holder\">\n\t\t\t\t\t\t\t<div class=\"location\">Biitsi Vantaa (Vapaalanaukee, 01660 Vantaa)<\/div>\n\t\t\t\n\t\t\t<h3 class=\"event-title\"><a href=\"https:\/\/sivustot.lentopallo.fi\/harrastaminen\/tapahtumat\/harraste-biitsi-vantaa\/\" rel=\"bookmark\">Harraste Biitsi, Vantaa<\/a><\/h3>\n\t\t\t\t\t\t\t<div class=\"date\">\n\t\t\t\t\t<span class=\"date-start\">04.07.2026<\/span>\n\t\t\t\t\t\t\t\t\t<\/div>\n\t\t\t\n\t\t\t\t\t\t\t<div class=\"event-category-info\">\n\t\t\t\t\t\t\t\t\t\t\t<div class=\"holder-event-category-info\">\n\t\t\t\t\t\t\t\t\t\t\t\t\t\t\t<span class=\"event-category-name\">Harraste Biitsi<\/span>\n\t\t\t\t\t\t\t\t\t\t\t\t\t<\/div>\n\t\t\t\t\t\n\t\t\t\t\t\t\t\t\t<\/div>\n\t\t\t\t\t<\/div>\n\t<\/div>\n<\/div>\n\t\t\t\t\t\t\t\t\t\t\t\t\n\t\t\t\t\t\t\t\t\t\t\t<\/div>\n\n\t\t\t\t\t\t\t\t\t<\/div>\n\t\t\t\t\t\t<\/div>\n<\/section>\n","protected":false},"excerpt":{"rendered":"<p>Kes\u00e4n rennoin biitsikiertue Beach volleyn Harraste Cup -turnaukset pelataan rennossa hengess\u00e4. Turnaukset soveltuvat loistavasti sek\u00e4 satunnaisille pelaajille ett\u00e4 aktiivisille harrastejoukkueille. Jokaisessa turnauksessa arvotaan osallistujien kesken uusi virallinen beach volley pallo!<\/p>\n","protected":false},"author":41,"featured_media":0,"parent":0,"menu_order":0,"comment_status":"closed","ping_status":"closed","template":"","meta":{"_acf_changed":false,"inline_featured_image":false,"footnotes":""},"class_list":["post-194","page","type-page","status-publish","hentry"],"acf":[],"_links":{"self":[{"href":"https:\/\/sivustot.lentopallo.fi\/harrastaminen\/wp-json\/wp\/v2\/pages\/194","targetHints":{"allow":["GET"]}}],"collection":[{"href":"https:\/\/sivustot.lentopallo.fi\/harrastaminen\/wp-json\/wp\/v2\/pages"}],"about":[{"href":"https:\/\/sivustot.lentopallo.fi\/harrastaminen\/wp-json\/wp\/v2\/types\/page"}],"author":[{"embeddable":true,"href":"https:\/\/sivustot.lentopallo.fi\/harrastaminen\/wp-json\/wp\/v2\/users\/41"}],"replies":[{"embeddable":true,"href":"https:\/\/sivustot.lentopallo.fi\/harrastaminen\/wp-json\/wp\/v2\/comments?post=194"}],"version-history":[{"count":19,"href":"https:\/\/sivustot.lentopallo.fi\/harrastaminen\/wp-json\/wp\/v2\/pages\/194\/revisions"}],"predecessor-version":[{"id":370,"href":"https:\/\/sivustot.lentopallo.fi\/harrastaminen\/wp-json\/wp\/v2\/pages\/194\/revisions\/370"}],"wp:attachment":[{"href":"https:\/\/sivustot.lentopallo.fi\/harrastaminen\/wp-json\/wp\/v2\/media?parent=194"}],"curies":[{"name":"wp","href":"https:\/\/api.w.org\/{rel}","templated":true}]}}