{"id":254,"date":"2026-04-02T17:47:27","date_gmt":"2026-04-02T14:47:27","guid":{"rendered":"https:\/\/sivustot.lentopallo.fi\/harrastaminen\/?page_id=254"},"modified":"2026-04-02T17:59:59","modified_gmt":"2026-04-02T14:59:59","slug":"saantokirja","status":"publish","type":"page","link":"https:\/\/sivustot.lentopallo.fi\/harrastaminen\/saantokirja\/","title":{"rendered":"S\u00e4\u00e4nt\u00f6kirja"},"content":{"rendered":"\n\n\t<section id=\"block_dfff2ce318f69410e52f21bb8de54672\" class=\"cta-section image-position-left\">\n\t\t<div class=\"cta-section-holder\">\n\t\t\t\t\t\t\t<div class=\"cta-s-image\" style=\"background-image:url(https:\/\/sivustot.lentopallo.fi\/harrastaminen\/files\/2026\/04\/Designer-3-e1775227207477.png);\"><\/div>\n\t\t\t\n\t\t\t\t\t\t\t<div class=\"cta-s-content\">\n\t\t\t\t\t\t\t\t\t\t\t<h2 class=\"title\">Harraste Lentis S\u00e4\u00e4nt\u00f6kirja<\/h2>\n\t\t\t\t\t\n\t\t\t\t\t\t\t\t\t\t\t<div class=\"text\">Tutustu Harraste Lentiksen p\u00e4ivitettyihin s\u00e4\u00e4nt\u00f6ihin ja ohjeistuksiin t\u00e4\u00e4lt\u00e4<\/div>\n\t\t\t\t\t\n\t\t\t\t\t\t\t\t\t\t\t<div class=\"link\">\n\t\t\t\t\t\t\t<a href=\"https:\/\/sivustot.lentopallo.fi\/harrastaminen\/saantokirja-lentis\/\" target=\"_self\">S\u00e4\u00e4nt\u00f6kirja Lentis<\/a>\t\t\t\t\t\t<\/div>\n\t\t\t\t\t\t\t\t\t<\/div>\n\t\t\t\t\t<\/div>\n\t<\/section>\n\n\n\n\n\t<section id=\"block_2b21b7ae27a819766e2876ac6c40b897\" class=\"cta-section image-position-right\">\n\t\t<div class=\"cta-section-holder\">\n\t\t\t\t\t\t\t<div class=\"cta-s-image\" style=\"background-image:url(https:\/\/sivustot.lentopallo.fi\/harrastaminen\/files\/2026\/04\/Designer-5.png);\"><\/div>\n\t\t\t\n\t\t\t\t\t\t\t<div class=\"cta-s-content\">\n\t\t\t\t\t\t\t\t\t\t\t<h2 class=\"title\">Harraste Biitsi S\u00e4\u00e4nt\u00f6kirja<\/h2>\n\t\t\t\t\t\n\t\t\t\t\t\t\t\t\t\t\t<div class=\"text\">Tutustu Harraste Biitsin p\u00e4ivitettyihin s\u00e4\u00e4nt\u00f6ihin ja ohjeistuksiin t\u00e4\u00e4lt\u00e4<\/div>\n\t\t\t\t\t\n\t\t\t\t\t\t\t\t\t\t\t<div class=\"link\">\n\t\t\t\t\t\t\t<a href=\"https:\/\/sivustot.lentopallo.fi\/harrastaminen\/saantokirja-biitsi\/\" target=\"_self\">S\u00e4\u00e4nt\u00f6kirja Biitsi<\/a>\t\t\t\t\t\t<\/div>\n\t\t\t\t\t\t\t\t\t<\/div>\n\t\t\t\t\t<\/div>\n\t<\/section>\n","protected":false},"excerpt":{"rendered":"","protected":false},"author":41,"featured_media":0,"parent":0,"menu_order":0,"comment_status":"closed","ping_status":"closed","template":"","meta":{"_acf_changed":false,"inline_featured_image":false,"footnotes":""},"class_list":["post-254","page","type-page","status-publish","hentry"],"acf":[],"_links":{"self":[{"href":"https:\/\/sivustot.lentopallo.fi\/harrastaminen\/wp-json\/wp\/v2\/pages\/254","targetHints":{"allow":["GET"]}}],"collection":[{"href":"https:\/\/sivustot.lentopallo.fi\/harrastaminen\/wp-json\/wp\/v2\/pages"}],"about":[{"href":"https:\/\/sivustot.lentopallo.fi\/harrastaminen\/wp-json\/wp\/v2\/types\/page"}],"author":[{"embeddable":true,"href":"https:\/\/sivustot.lentopallo.fi\/harrastaminen\/wp-json\/wp\/v2\/users\/41"}],"replies":[{"embeddable":true,"href":"https:\/\/sivustot.lentopallo.fi\/harrastaminen\/wp-json\/wp\/v2\/comments?post=254"}],"version-history":[{"count":4,"href":"https:\/\/sivustot.lentopallo.fi\/harrastaminen\/wp-json\/wp\/v2\/pages\/254\/revisions"}],"predecessor-version":[{"id":266,"href":"https:\/\/sivustot.lentopallo.fi\/harrastaminen\/wp-json\/wp\/v2\/pages\/254\/revisions\/266"}],"wp:attachment":[{"href":"https:\/\/sivustot.lentopallo.fi\/harrastaminen\/wp-json\/wp\/v2\/media?parent=254"}],"curies":[{"name":"wp","href":"https:\/\/api.w.org\/{rel}","templated":true}]}}