{"id":304,"date":"2026-04-03T11:57:20","date_gmt":"2026-04-03T08:57:20","guid":{"rendered":"https:\/\/sivustot.lentopallo.fi\/harrastaminen\/?page_id=304"},"modified":"2026-04-03T11:57:20","modified_gmt":"2026-04-03T08:57:20","slug":"media","status":"publish","type":"page","link":"https:\/\/sivustot.lentopallo.fi\/harrastaminen\/media\/","title":{"rendered":"Media"},"content":{"rendered":"\n<p>T\u00e4lt\u00e4 sivustolta l\u00f6yd\u00e4t ladattavaksi Harraste Cupin logot.<\/p>\n\n\n\n<h2 class=\"wp-block-heading\">Harraste Cup -logot. PNG.<\/h2>\n\n\n\n<div class=\"wp-block-columns is-layout-flex wp-container-core-columns-is-layout-9d6595d7 wp-block-columns-is-layout-flex\">\n<div class=\"wp-block-column is-layout-flow wp-block-column-is-layout-flow\">\n<figure class=\"wp-block-image size-full\"><img loading=\"lazy\" decoding=\"async\" width=\"1024\" height=\"1024\" src=\"https:\/\/sivustot.lentopallo.fi\/harrastaminen\/files\/2026\/04\/Designer-1-1.png\" alt=\"\" class=\"wp-image-306\" srcset=\"https:\/\/sivustot.lentopallo.fi\/harrastaminen\/files\/2026\/04\/Designer-1-1.png 1024w, https:\/\/sivustot.lentopallo.fi\/harrastaminen\/files\/2026\/04\/Designer-1-1-300x300.png 300w, https:\/\/sivustot.lentopallo.fi\/harrastaminen\/files\/2026\/04\/Designer-1-1-150x150.png 150w, https:\/\/sivustot.lentopallo.fi\/harrastaminen\/files\/2026\/04\/Designer-1-1-768x768.png 768w, https:\/\/sivustot.lentopallo.fi\/harrastaminen\/files\/2026\/04\/Designer-1-1-55x55.png 55w\" sizes=\"auto, (max-width: 1024px) 100vw, 1024px\" \/><\/figure>\n<\/div>\n\n\n\n<div class=\"wp-block-column is-layout-flow wp-block-column-is-layout-flow\">\n<figure class=\"wp-block-image size-full\"><img loading=\"lazy\" decoding=\"async\" width=\"1024\" height=\"1024\" src=\"https:\/\/sivustot.lentopallo.fi\/harrastaminen\/files\/2026\/04\/Designer-2-1.png\" alt=\"\" class=\"wp-image-307\" srcset=\"https:\/\/sivustot.lentopallo.fi\/harrastaminen\/files\/2026\/04\/Designer-2-1.png 1024w, https:\/\/sivustot.lentopallo.fi\/harrastaminen\/files\/2026\/04\/Designer-2-1-300x300.png 300w, https:\/\/sivustot.lentopallo.fi\/harrastaminen\/files\/2026\/04\/Designer-2-1-150x150.png 150w, https:\/\/sivustot.lentopallo.fi\/harrastaminen\/files\/2026\/04\/Designer-2-1-768x768.png 768w, https:\/\/sivustot.lentopallo.fi\/harrastaminen\/files\/2026\/04\/Designer-2-1-55x55.png 55w\" sizes=\"auto, (max-width: 1024px) 100vw, 1024px\" \/><\/figure>\n<\/div>\n<\/div>\n\n\n\n<h2 class=\"wp-block-heading\">Harraste Biitsi -logo. PNG.<\/h2>\n\n\n\n<div class=\"wp-block-columns is-layout-flex wp-container-core-columns-is-layout-9d6595d7 wp-block-columns-is-layout-flex\">\n<div class=\"wp-block-column is-layout-flow wp-block-column-is-layout-flow\">\n<figure class=\"wp-block-image size-full\"><img decoding=\"async\" src=\"https:\/\/sivustot.lentopallo.fi\/harrastaminen\/files\/2026\/04\/Designer-6.png\" alt=\"\" class=\"wp-image-310\" \/><\/figure>\n<\/div>\n\n\n\n<div class=\"wp-block-column is-layout-flow wp-block-column-is-layout-flow\">\n<figure class=\"wp-block-image size-full\"><img loading=\"lazy\" decoding=\"async\" width=\"1024\" height=\"1024\" src=\"https:\/\/sivustot.lentopallo.fi\/harrastaminen\/files\/2026\/04\/Designer-5-1.png\" alt=\"\" class=\"wp-image-309\" srcset=\"https:\/\/sivustot.lentopallo.fi\/harrastaminen\/files\/2026\/04\/Designer-5-1.png 1024w, https:\/\/sivustot.lentopallo.fi\/harrastaminen\/files\/2026\/04\/Designer-5-1-300x300.png 300w, https:\/\/sivustot.lentopallo.fi\/harrastaminen\/files\/2026\/04\/Designer-5-1-150x150.png 150w, https:\/\/sivustot.lentopallo.fi\/harrastaminen\/files\/2026\/04\/Designer-5-1-768x768.png 768w, https:\/\/sivustot.lentopallo.fi\/harrastaminen\/files\/2026\/04\/Designer-5-1-55x55.png 55w\" sizes=\"auto, (max-width: 1024px) 100vw, 1024px\" \/><\/figure>\n<\/div>\n<\/div>\n\n\n\n<h2 class=\"wp-block-heading\">Harraste Lentis -logo. PNG.<\/h2>\n\n\n\n<div class=\"wp-block-columns is-layout-flex wp-container-core-columns-is-layout-9d6595d7 wp-block-columns-is-layout-flex\">\n<div class=\"wp-block-column is-layout-flow wp-block-column-is-layout-flow\">\n<figure class=\"wp-block-image size-full\"><img decoding=\"async\" src=\"http:\/\/sivustot.lentopallo.fi\/harrastaminen\/files\/2026\/04\/Designer-3.png\" alt=\"\" class=\"wp-image-202\" \/><\/figure>\n<\/div>\n\n\n\n<div class=\"wp-block-column is-layout-flow wp-block-column-is-layout-flow\">\n<figure class=\"wp-block-image size-full\"><img loading=\"lazy\" decoding=\"async\" width=\"1024\" height=\"1024\" src=\"https:\/\/sivustot.lentopallo.fi\/harrastaminen\/files\/2026\/04\/Designer-7.png\" alt=\"\" class=\"wp-image-311\" srcset=\"https:\/\/sivustot.lentopallo.fi\/harrastaminen\/files\/2026\/04\/Designer-7.png 1024w, https:\/\/sivustot.lentopallo.fi\/harrastaminen\/files\/2026\/04\/Designer-7-300x300.png 300w, https:\/\/sivustot.lentopallo.fi\/harrastaminen\/files\/2026\/04\/Designer-7-150x150.png 150w, https:\/\/sivustot.lentopallo.fi\/harrastaminen\/files\/2026\/04\/Designer-7-768x768.png 768w, https:\/\/sivustot.lentopallo.fi\/harrastaminen\/files\/2026\/04\/Designer-7-55x55.png 55w\" sizes=\"auto, (max-width: 1024px) 100vw, 1024px\" \/><\/figure>\n<\/div>\n<\/div>\n\n\n\n<hr class=\"wp-block-separator has-alpha-channel-opacity is-style-dots\" \/>\n\n\n\n<section id=\"block_b05c1512834bc99e0453de7e72fd0321\" class=\"contact-box\">\n\t\n\n\n\t<div class=\"contact-box-holder custom-tm-info\">\n\t\t\t\t\t\t\t\t\t<div class=\"persona-image\" style=\"background-image: url(https:\/\/sivustot.lentopallo.fi\/harrastaminen\/files\/2026\/04\/Jani-Huoponen-e1775196544904-368x387.png);\"><\/div>\n\t\t\t\t\t\n\t\t\t\t\t<div class=\"col-content\">\n\t\t\t\t\t\t\t\t\t<h3 class=\"contact-box-title\">Harraste Cup vastaava<\/h3>\n\t\t\t\t\n\t\t\t\t\t\t\t\t\t<h2 class=\"persona-title\">Jani Huoponen<\/h2>\n\t\t\t\t\n\t\t\t\t\t\t\t\t\t<div class=\"persona-role\">Harrastetoiminnan Koordinaattori<\/div>\n\t\t\t\t\n\t\t\t\t\t\t\t\t\t<div class=\"holder-personal-info\">\n\t\t\t\t\t\t<div class=\"persona-contact\">\n\t\t\t\t\t\t\t\n\t\t\t\t\t\t\t\t\t\t\t\t\t\t\t<div class=\"persona-email\">\n\t\t\t\t\t\t\t\t\t<a href=\"mailto:jan&#105;.&#104;u&#111;&#112;&#111;&#110;&#101;n&#64;l&#101;n&#116;&#111;&#112;&#97;l&#108;&#111;&#46;fi\">&#106;&#97;ni&#46;huop&#111;&#110;&#101;n&#64;&#108;&#101;&#110;&#116;o&#112;al&#108;&#111;.&#102;i<\/a>\n\t\t\t\t\t\t\t\t<\/div>\n\t\t\t\t\t\t\t\t\t\t\t\t\t<\/div>\n\t\t\t\t\t\t<div class=\"persona-contact-link\">\n\t\t\t\t\t\t\t\t\t\t\t\t\t\t\t<a class=\"btn btn-contact btn btn-read-more\" href=\"mailto:&#106;&#97;n&#105;&#46;&#104;uo&#112;o&#110;e&#110;&#64;&#108;&#101;&#110;&#116;o&#112;&#97;&#108;l&#111;&#46;&#102;i\">Ota yhteytt\u00e4<\/a>\n\t\t\t\t\t\t\t\t\t\t\t\t\t<\/div>\n\t\t\t\t\t<\/div>\n\t\t\t\t\t\t\t<\/div>\n\t\t\t<\/div>\n\n\n\n\n\n<\/section>\n","protected":false},"excerpt":{"rendered":"<p>T\u00e4lt\u00e4 sivustolta l\u00f6yd\u00e4t ladattavaksi Harraste Cupin logot. Harraste Cup -logot. PNG. Harraste Biitsi -logo. PNG. Harraste Lentis -logo. PNG.<\/p>\n","protected":false},"author":41,"featured_media":0,"parent":0,"menu_order":0,"comment_status":"closed","ping_status":"closed","template":"","meta":{"_acf_changed":false,"inline_featured_image":false,"footnotes":""},"class_list":["post-304","page","type-page","status-publish","hentry"],"acf":[],"_links":{"self":[{"href":"https:\/\/sivustot.lentopallo.fi\/harrastaminen\/wp-json\/wp\/v2\/pages\/304","targetHints":{"allow":["GET"]}}],"collection":[{"href":"https:\/\/sivustot.lentopallo.fi\/harrastaminen\/wp-json\/wp\/v2\/pages"}],"about":[{"href":"https:\/\/sivustot.lentopallo.fi\/harrastaminen\/wp-json\/wp\/v2\/types\/page"}],"author":[{"embeddable":true,"href":"https:\/\/sivustot.lentopallo.fi\/harrastaminen\/wp-json\/wp\/v2\/users\/41"}],"replies":[{"embeddable":true,"href":"https:\/\/sivustot.lentopallo.fi\/harrastaminen\/wp-json\/wp\/v2\/comments?post=304"}],"version-history":[{"count":3,"href":"https:\/\/sivustot.lentopallo.fi\/harrastaminen\/wp-json\/wp\/v2\/pages\/304\/revisions"}],"predecessor-version":[{"id":313,"href":"https:\/\/sivustot.lentopallo.fi\/harrastaminen\/wp-json\/wp\/v2\/pages\/304\/revisions\/313"}],"wp:attachment":[{"href":"https:\/\/sivustot.lentopallo.fi\/harrastaminen\/wp-json\/wp\/v2\/media?parent=304"}],"curies":[{"name":"wp","href":"https:\/\/api.w.org\/{rel}","templated":true}]}}