{"id":318,"date":"2026-04-03T12:25:00","date_gmt":"2026-04-03T09:25:00","guid":{"rendered":"https:\/\/sivustot.lentopallo.fi\/harrastaminen\/?page_id=318"},"modified":"2026-04-03T12:25:00","modified_gmt":"2026-04-03T09:25:00","slug":"ilmoittautuminen","status":"publish","type":"page","link":"https:\/\/sivustot.lentopallo.fi\/harrastaminen\/ilmoittautuminen\/","title":{"rendered":"Ilmoittautuminen"},"content":{"rendered":"\n<p>Turnauksiin voi ilmoittautua valitsemalla turnauspaikan valikosta ja l\u00e4hett\u00e4m\u00e4ll\u00e4 tiedot Forms-lomakkeen kautta. Tieto v\u00e4littyy suoraan turnausj\u00e4rjest\u00e4j\u00e4lle ja Harraste Cup vastaavalle. \u00a0Peruutuksen voi tehd\u00e4 ottamalla yhteytt\u00e4 suoraan turnausj\u00e4rjest\u00e4j\u00e4\u00e4n. Alle 7vrk peruutuksissa ja hyvityksiss\u00e4 velvoitetaan l\u00e4\u00e4k\u00e4rintodistusta.<\/p>\n\n\n\n<h3 class=\"wp-block-heading\">Vastuuhenkil\u00f6t turnauksissa<\/h3>\n\n\n\n<p>Harraste Cup -turnauksissa tapahtumien toteutus perustuu yhteisty\u00f6h\u00f6n paikallisten turnausj\u00e4rjest\u00e4jien ja Harraste Cup -kokonaisuutta koordinoivan tahon v\u00e4lill\u00e4. Alla on eritelty, mit\u00e4 t\u00e4m\u00e4 tarkoittaa k\u00e4yt\u00e4nn\u00f6ss\u00e4 pelaajien n\u00e4k\u00f6kulmasta.<\/p>\n\n\n\n<h3 class=\"wp-block-heading\">a) Turnausj\u00e4rjest\u00e4j\u00e4n vastuualueet<\/h3>\n\n\n\n<p>Paikallinen turnausj\u00e4rjest\u00e4j\u00e4 vastaa tapahtuman k\u00e4yt\u00e4nn\u00f6n toteutuksesta. T\u00e4m\u00e4 tarkoittaa erityisesti:<\/p>\n\n\n\n<ul class=\"wp-block-list\">\n<li>pelipaikan ja kenttien j\u00e4rjest\u00e4mist\u00e4<\/li>\n\n\n\n<li>otteluaikatauluista ja pelien sujuvasta l\u00e4piviennist\u00e4<\/li>\n\n\n\n<li>paikallisesta tapahtumainformaatiosta (esim. saapuminen, pys\u00e4k\u00f6inti, pukutilat)<\/li>\n\n\n\n<li>otteluiden tuomaroinnista ja tulospalvelusta<\/li>\n\n\n\n<li>mahdollisista tapahtumakohtaisista muutoksista tai poikkeuksista<\/li>\n<\/ul>\n\n\n\n<p>Turnausj\u00e4rjest\u00e4j\u00e4 on ensisijainen yhteyshenkil\u00f6 turnausp\u00e4iv\u00e4\u00e4n ja paikallisiin j\u00e4rjestelyihin liittyviss\u00e4 kysymyksiss\u00e4.<\/p>\n\n\n\n<h3 class=\"wp-block-heading\">b) Harraste Cup -vastaavan vastuualueet<\/h3>\n\n\n\n<p>Harraste Cup -vastaava vastaa koko turnauskonseptin koordinoinnista ja kehitt\u00e4misest\u00e4. H\u00e4nen vastuullaan ovat:<\/p>\n\n\n\n<ul class=\"wp-block-list\">\n<li>Harraste Cup -turnausten valtakunnallinen kokonaisuus<\/li>\n\n\n\n<li>turnauskonseptin linjaukset, s\u00e4\u00e4nn\u00f6t ja toimintamallit<\/li>\n\n\n\n<li>turnausten br\u00e4ndi, viestinn\u00e4n yleiset periaatteet ja sis\u00e4lt\u00f6<\/li>\n\n\n\n<li>uusien turnausj\u00e4rjest\u00e4jien tukeminen ja ohjeistaminen<\/li>\n\n\n\n<li>harrastetoiminnan pitk\u00e4j\u00e4nteinen kehitt\u00e4minen yhteisty\u00f6ss\u00e4 seurojen ja toimijoiden kanssa<\/li>\n<\/ul>\n\n\n\n<p>Harraste Cup -vastaava ei osallistu yksitt\u00e4isten turnausten k\u00e4yt\u00e4nn\u00f6n j\u00e4rjestelyihin, mutta varmistaa, ett\u00e4 kokonaisuus toimii yhten\u00e4isesti ja laadukkaasti kaikilla paikkakunnilla.<\/p>\n\n\n\n<blockquote class=\"wp-block-quote is-layout-flow wp-block-quote-is-layout-flow\">\n<p>\ud83d\udca1 <strong>Vinkki ilmoittautujille:<\/strong><br>Turnauskohtaisten kysymysten osalta kannattaa aina ensisijaisesti olla yhteydess\u00e4 kyseisen tapahtuman j\u00e4rjest\u00e4j\u00e4\u00e4n. Yleiset Harraste Cup -konseptiin liittyv\u00e4t asiat koskien voi osoittaa Harraste Cup -vastaavalle.<\/p>\n<\/blockquote>\n\n\n\n<h3 class=\"wp-block-heading\">Ilmoittautumisen j\u00e4lkeen<\/h3>\n\n\n\n<p>Ilmoittautumisen j\u00e4lkeen saat vahvistusviestin ja erillisen s\u00e4hk\u00f6postin ilmoittautumisesta. &nbsp;Joukkue ei n\u00e4y ilmoittautuneissa heti vaan viiveell\u00e4. &nbsp;<\/p>\n\n\n\n<p>Ilmoittautumiset tehd\u00e4\u00e4n netin kautta ja avataan v\u00e4hint\u00e4\u00e4n 30 vrk ennen turnausta. Turnaukseen ovat ensisijaisesti oikeutettuja ilmoittautumisj\u00e4rjestyksess\u00e4 ne joukkueet jotka ovat 14 vrk ennen turnausta turnauksessa ilmoitetun joukkuem\u00e4\u00e4r\u00e4n sis\u00e4ll\u00e4 (esim. turnaukseen mahtuu 9 joukkuetta niin 9 ensimm\u00e4ist\u00e4 ilmoittautunutta on oikeutettu mukaan. T\u00e4st\u00e4 eteenp\u00e4in olevat joukkueet ovat varasijalla.) <\/p>\n\n\n\n<h3 class=\"wp-block-heading\">Peruutus<\/h3>\n\n\n\n<p>Kaikkien ilmoittautuneiden joukkueiden on teht\u00e4v\u00e4 mahdolliset <strong>peruutukset ottamalla yhteytt\u00e4 turnausj\u00e4rjest\u00e4j\u00e4n kautta viimeist\u00e4\u00e4n 10 vrk ennen turnausta<\/strong> ja mukaan oikeutettujen joukkueiden on varmistettava osallistumisensa s\u00e4hk\u00f6postilla j\u00e4rjest\u00e4j\u00e4lle viimeist\u00e4\u00e4n 7 vrk ennen turnausta, sek\u00e4 suoritettava turnausmaksu j\u00e4rjest\u00e4j\u00e4n pankkitilille.<br>T\u00e4m\u00e4n j\u00e4lkeen tapahtuvista peruutuksista turnausmaksu palautetaan vain perumisen syyselvitykseen perustuen, miss\u00e4 on mukana l\u00e4\u00e4k\u00e4rintodistus. Selvitys l\u00e4hetet\u00e4\u00e4n s\u00e4hk\u00f6postilla turnauksen j\u00e4rjest\u00e4j\u00e4lle.<\/p>\n\n\n\n<p>J\u00e4rjest\u00e4jill\u00e4 on oikeus rajoittaa osallistumista.&nbsp;<\/p>\n\n\n\n<p>Pelaajaluettelointi on teht\u00e4v\u00e4 turnausj\u00e4rjest\u00e4j\u00e4lle netin kautta\u00a0ehdottomasti ennen turnausta. Pelaajaluettelointi tehd\u00e4\u00e4n samalla ilmoittautumislomakkeella.<\/p>\n","protected":false},"excerpt":{"rendered":"<p>Turnauksiin voi ilmoittautua valitsemalla turnauspaikan valikosta ja l\u00e4hett\u00e4m\u00e4ll\u00e4 tiedot Forms-lomakkeen kautta. Tieto v\u00e4littyy suoraan turnausj\u00e4rjest\u00e4j\u00e4lle ja Harraste Cup vastaavalle. \u00a0Peruutuksen voi tehd\u00e4 ottamalla yhteytt\u00e4 suoraan turnausj\u00e4rjest\u00e4j\u00e4\u00e4n. Alle 7vrk peruutuksissa ja hyvityksiss\u00e4 velvoitetaan l\u00e4\u00e4k\u00e4rintodistusta. Vastuuhenkil\u00f6t turnauksissa Harraste Cup -turnauksissa tapahtumien toteutus perustuu yhteisty\u00f6h\u00f6n paikallisten turnausj\u00e4rjest\u00e4jien ja Harraste Cup -kokonaisuutta koordinoivan tahon v\u00e4lill\u00e4. Alla on eritelty, mit\u00e4 [&hellip;]<\/p>\n","protected":false},"author":41,"featured_media":0,"parent":0,"menu_order":0,"comment_status":"closed","ping_status":"closed","template":"","meta":{"_acf_changed":false,"inline_featured_image":false,"footnotes":""},"class_list":["post-318","page","type-page","status-publish","hentry"],"acf":[],"_links":{"self":[{"href":"https:\/\/sivustot.lentopallo.fi\/harrastaminen\/wp-json\/wp\/v2\/pages\/318","targetHints":{"allow":["GET"]}}],"collection":[{"href":"https:\/\/sivustot.lentopallo.fi\/harrastaminen\/wp-json\/wp\/v2\/pages"}],"about":[{"href":"https:\/\/sivustot.lentopallo.fi\/harrastaminen\/wp-json\/wp\/v2\/types\/page"}],"author":[{"embeddable":true,"href":"https:\/\/sivustot.lentopallo.fi\/harrastaminen\/wp-json\/wp\/v2\/users\/41"}],"replies":[{"embeddable":true,"href":"https:\/\/sivustot.lentopallo.fi\/harrastaminen\/wp-json\/wp\/v2\/comments?post=318"}],"version-history":[{"count":1,"href":"https:\/\/sivustot.lentopallo.fi\/harrastaminen\/wp-json\/wp\/v2\/pages\/318\/revisions"}],"predecessor-version":[{"id":320,"href":"https:\/\/sivustot.lentopallo.fi\/harrastaminen\/wp-json\/wp\/v2\/pages\/318\/revisions\/320"}],"wp:attachment":[{"href":"https:\/\/sivustot.lentopallo.fi\/harrastaminen\/wp-json\/wp\/v2\/media?parent=318"}],"curies":[{"name":"wp","href":"https:\/\/api.w.org\/{rel}","templated":true}]}}