{"id":325,"date":"2026-04-03T12:44:54","date_gmt":"2026-04-03T09:44:54","guid":{"rendered":"https:\/\/sivustot.lentopallo.fi\/harrastaminen\/?page_id=325"},"modified":"2026-04-07T10:09:49","modified_gmt":"2026-04-07T07:09:49","slug":"harraste-lentis","status":"publish","type":"page","link":"https:\/\/sivustot.lentopallo.fi\/harrastaminen\/harraste-lentis\/","title":{"rendered":"Harraste Lentis"},"content":{"rendered":"\n<figure class=\"wp-block-image alignfull size-large\"><img loading=\"lazy\" decoding=\"async\" width=\"1024\" height=\"768\" src=\"http:\/\/sivustot.lentopallo.fi\/harrastaminen\/files\/2026\/03\/lilliputit-1024x768.jpg\" alt=\"\" class=\"wp-image-88\" srcset=\"https:\/\/sivustot.lentopallo.fi\/harrastaminen\/files\/2026\/03\/lilliputit-1024x768.jpg 1024w, https:\/\/sivustot.lentopallo.fi\/harrastaminen\/files\/2026\/03\/lilliputit-300x225.jpg 300w, https:\/\/sivustot.lentopallo.fi\/harrastaminen\/files\/2026\/03\/lilliputit-768x576.jpg 768w, https:\/\/sivustot.lentopallo.fi\/harrastaminen\/files\/2026\/03\/lilliputit-1536x1152.jpg 1536w, https:\/\/sivustot.lentopallo.fi\/harrastaminen\/files\/2026\/03\/lilliputit-1920x1440.jpg 1920w, https:\/\/sivustot.lentopallo.fi\/harrastaminen\/files\/2026\/03\/lilliputit-1640x1230.jpg 1640w, https:\/\/sivustot.lentopallo.fi\/harrastaminen\/files\/2026\/03\/lilliputit-1126x845.jpg 1126w, https:\/\/sivustot.lentopallo.fi\/harrastaminen\/files\/2026\/03\/lilliputit-1060x795.jpg 1060w, https:\/\/sivustot.lentopallo.fi\/harrastaminen\/files\/2026\/03\/lilliputit-1039x779.jpg 1039w, https:\/\/sivustot.lentopallo.fi\/harrastaminen\/files\/2026\/03\/lilliputit-55x41.jpg 55w, https:\/\/sivustot.lentopallo.fi\/harrastaminen\/files\/2026\/03\/lilliputit.jpg 2048w\" sizes=\"auto, (max-width: 1024px) 100vw, 1024px\" \/><\/figure>\n\n\n\n<div class=\"wp-block-columns alignfull has-pale-cyan-blue-background-color has-background is-layout-flex wp-container-core-columns-is-layout-9d6595d7 wp-block-columns-is-layout-flex\">\n<div class=\"wp-block-column has-pale-cyan-blue-background-color has-background is-layout-flow wp-block-column-is-layout-flow\" style=\"flex-basis:33.33%\">\n<figure class=\"wp-block-image size-full\"><img loading=\"lazy\" decoding=\"async\" width=\"1024\" height=\"1024\" src=\"http:\/\/sivustot.lentopallo.fi\/harrastaminen\/files\/2026\/04\/Designer-7.png\" alt=\"\" class=\"wp-image-311\" srcset=\"https:\/\/sivustot.lentopallo.fi\/harrastaminen\/files\/2026\/04\/Designer-7.png 1024w, https:\/\/sivustot.lentopallo.fi\/harrastaminen\/files\/2026\/04\/Designer-7-300x300.png 300w, https:\/\/sivustot.lentopallo.fi\/harrastaminen\/files\/2026\/04\/Designer-7-150x150.png 150w, https:\/\/sivustot.lentopallo.fi\/harrastaminen\/files\/2026\/04\/Designer-7-768x768.png 768w, https:\/\/sivustot.lentopallo.fi\/harrastaminen\/files\/2026\/04\/Designer-7-55x55.png 55w\" sizes=\"auto, (max-width: 1024px) 100vw, 1024px\" \/><\/figure>\n<\/div>\n\n\n\n<div class=\"wp-block-column is-layout-flow wp-block-column-is-layout-flow\" style=\"flex-basis:66.66%\">\n<h2 class=\"wp-block-heading has-white-color has-text-color has-link-color wp-elements-3f82731fd3dc029f0e99219b33eb73a4\">Talven rennoin lentiskiertue<\/h2>\n\n\n\n<p class=\"has-white-color has-text-color has-link-color wp-elements-837f2f113160b5531e111c9fea68557b\">Sis\u00e4lentopallon Harraste Cup -turnaukset pelataan rennossa hengess\u00e4.<\/p>\n\n\n\n<p class=\"has-white-color has-text-color has-link-color wp-elements-356453a1720c91359a2b549ad1254fd0\">Turnaukset soveltuvat loistavasti sek\u00e4 satunnaisille pelaajille ett\u00e4 aktiivisille harrastejoukkueille. Jokaisessa turnauksessa arvotaan osallistujien kesken uusi virallinen Mikasan lentopallo!<\/p>\n\n\n\n<p><\/p>\n\n\n\n<div class=\"wp-block-buttons alignwide is-content-justification-left is-nowrap is-layout-flex wp-container-core-buttons-is-layout-6447b855 wp-block-buttons-is-layout-flex\">\n<div class=\"wp-block-button\"><a class=\"wp-block-button__link wp-element-button\" href=\"https:\/\/tapahtumat.lentopallo.fi\/\">TAPAHTUMAKALENTERI<\/a><\/div>\n\n\n\n<div class=\"wp-block-button is-style-outline is-style-outline--1\"><a class=\"wp-block-button__link has-white-color has-vivid-red-background-color has-text-color has-background has-link-color wp-element-button\" href=\"https:\/\/sivustot.lentopallo.fi\/harrastaminen\/turnausjarjestaja\/\"><strong>TURNAUSJ\u00c4RJEST\u00c4KSI<\/strong><\/a><\/div>\n<\/div>\n<\/div>\n<\/div>\n\n\n\n<section id=\"block_d63fe0927151de71cfeef3156d9fca19\" class=\"related-news\">\n\t\n\n\t<div class=\"related-news-holder\">\n\t\t\t\t\t<div class=\"container\">\n\t\t\t\t\n\t\t\t\t\t\t\t\t\t<h2 class=\"title\">Uutiset ja tiedotteet<\/h2>\n\t\t\t\t\t\t\t<\/div>\n\t\t\n\t\t<div class=\"related-news-list\">\n\t\t\t\t\t\t\t\n<div class=\"news-block post-386 uutiset type-uutiset status-publish has-post-thumbnail hentry\">\n\t<div class=\"info font-color-white\" style=\"background-color:#09162c;\" data-color=\"#09162c\">\n\t\t<div class=\"holder-info\">\n\t\t\t<div class=\"news-date-info\">\n\t\t\t\t\n\t\t\t\t\t<time datetime=\"2026-04-10\">\n\t\t\t\t\t\t10.04.2026\t\t\t\t\t<\/time>\n\t\t\t\t\n\t\t\t<\/div>\n\n\t\t\t\t\t<\/div>\n\n\t\t<h2 class=\"news-title\"><a href=\"https:\/\/sivustot.lentopallo.fi\/harrastaminen\/uutiset\/ilmoittautuminen-harraste-biitsi-turnauksiin-avattu\/\" rel=\"bookmark\">Ilmoittautuminen Harraste Biitsi turnauksiin avattu!<\/a><\/h2>\n\t\t<a class=\"btn btn-read-more\" href=\"https:\/\/sivustot.lentopallo.fi\/harrastaminen\/uutiset\/ilmoittautuminen-harraste-biitsi-turnauksiin-avattu\/\" rel=\"bookmark\">Lue lis\u00e4\u00e4<\/a>\n\t<\/div>\n\n\t\t\t<div class=\"news-image\" style=\"background-image:url(https:\/\/sivustot.lentopallo.fi\/harrastaminen\/files\/2026\/04\/biitsivantaa-24-1039x693.jpg);\">\n\t\t\t\t\t\t\t<svg class=\"news-image-shape\" xmlns=\"http:\/\/www.w3.org\/2000\/svg\" width=\"1059\" height=\"643\" viewBox=\"0 0 1059 643\">\n\t\t\t\t\t<defs>\n\t\t\t\t\t\t<style>\n\t\t\t\t\t\t\t.cls-386 {\n\t\t\t\t\t\t\t\tfill: #09162c;\n\t\t\t\t\t\t\t\tfill-rule: evenodd;\n\t\t\t\t\t\t\t}\n\t\t\t\t\t\t<\/style>\n\t\t\t\t\t<\/defs>\n\t\t\t\t\t<path vector-effect=\"non-scaling-stroke\" class=\"path-image-shape cls-386\" d=\"M1056,0h3V372l-297-1ZM455,642H306L454,372h1L603,642H455ZM0,278.815V185l301,93.185v0.63L0,372V278.815ZM1058,373h1V643H910Z\"\/>\n\t\t\t\t<\/svg>\n\t\t\t\t\t<\/div>\n\t<\/div>\n\t\t\t\t\t\t\t\n<div class=\"news-block post-372 uutiset type-uutiset status-publish has-post-thumbnail hentry\">\n\t<div class=\"info font-color-white\" style=\"background-color:#09162c;\" data-color=\"#09162c\">\n\t\t<div class=\"holder-info\">\n\t\t\t<div class=\"news-date-info\">\n\t\t\t\t\n\t\t\t\t\t<time datetime=\"2026-04-07\">\n\t\t\t\t\t\t07.04.2026\t\t\t\t\t<\/time>\n\t\t\t\t\n\t\t\t<\/div>\n\n\t\t\t\t\t<\/div>\n\n\t\t<h2 class=\"news-title\"><a href=\"https:\/\/sivustot.lentopallo.fi\/harrastaminen\/uutiset\/antero-tapola-jattaa-viikkarin-hyvilla-mielin-25-vuoden-mittainen-aikakausi-paattyy\/\" rel=\"bookmark\">Antero Tapola j\u00e4tt\u00e4\u00e4 Viikkarin hyvill\u00e4 mielin \u2013 25 vuoden mittainen aikakausi p\u00e4\u00e4ttyy<\/a><\/h2>\n\t\t<a class=\"btn btn-read-more\" href=\"https:\/\/sivustot.lentopallo.fi\/harrastaminen\/uutiset\/antero-tapola-jattaa-viikkarin-hyvilla-mielin-25-vuoden-mittainen-aikakausi-paattyy\/\" rel=\"bookmark\">Lue lis\u00e4\u00e4<\/a>\n\t<\/div>\n\n\t\t\t<div class=\"news-image\" style=\"background-image:url(https:\/\/sivustot.lentopallo.fi\/harrastaminen\/files\/2026\/04\/8144954908167552924-1039x1385.jpg);\">\n\t\t\t\t\t\t\t<svg class=\"news-image-shape\" xmlns=\"http:\/\/www.w3.org\/2000\/svg\" width=\"1059\" height=\"643\" viewBox=\"0 0 1059 643\">\n\t\t\t\t\t<defs>\n\t\t\t\t\t\t<style>\n\t\t\t\t\t\t\t.cls-372 {\n\t\t\t\t\t\t\t\tfill: #09162c;\n\t\t\t\t\t\t\t\tfill-rule: evenodd;\n\t\t\t\t\t\t\t}\n\t\t\t\t\t\t<\/style>\n\t\t\t\t\t<\/defs>\n\t\t\t\t\t<path vector-effect=\"non-scaling-stroke\" class=\"path-image-shape cls-372\" d=\"M1056,0h3V372l-297-1ZM455,642H306L454,372h1L603,642H455ZM0,278.815V185l301,93.185v0.63L0,372V278.815ZM1058,373h1V643H910Z\"\/>\n\t\t\t\t<\/svg>\n\t\t\t\t\t<\/div>\n\t<\/div>\n\t\t\t\t\t\t\t\n<div class=\"news-block post-324 uutiset type-uutiset status-publish has-post-thumbnail hentry\">\n\t<div class=\"info font-color-white\" style=\"background-color:#09162c;\" data-color=\"#09162c\">\n\t\t<div class=\"holder-info\">\n\t\t\t<div class=\"news-date-info\">\n\t\t\t\t\n\t\t\t\t\t<time datetime=\"2026-04-03\">\n\t\t\t\t\t\t03.04.2026\t\t\t\t\t<\/time>\n\t\t\t\t\n\t\t\t<\/div>\n\n\t\t\t\t\t<\/div>\n\n\t\t<h2 class=\"news-title\"><a href=\"https:\/\/sivustot.lentopallo.fi\/harrastaminen\/uutiset\/harraste-cup-etsii-uusia-turnausjarjestajia-nyt-on-oikea-hetki-tulla-mukaan\/\" rel=\"bookmark\">Harraste Cup etsii uusia turnausj\u00e4rjest\u00e4ji\u00e4 \u2013 nyt on oikea hetki tulla mukaan<\/a><\/h2>\n\t\t<a class=\"btn btn-read-more\" href=\"https:\/\/sivustot.lentopallo.fi\/harrastaminen\/uutiset\/harraste-cup-etsii-uusia-turnausjarjestajia-nyt-on-oikea-hetki-tulla-mukaan\/\" rel=\"bookmark\">Lue lis\u00e4\u00e4<\/a>\n\t<\/div>\n\n\t\t\t<div class=\"news-image\" style=\"background-image:url(https:\/\/sivustot.lentopallo.fi\/harrastaminen\/files\/2026\/04\/1000028094-1039x779.jpg);\">\n\t\t\t\t\t\t\t<svg class=\"news-image-shape\" xmlns=\"http:\/\/www.w3.org\/2000\/svg\" width=\"1059\" height=\"643\" viewBox=\"0 0 1059 643\">\n\t\t\t\t\t<defs>\n\t\t\t\t\t\t<style>\n\t\t\t\t\t\t\t.cls-324 {\n\t\t\t\t\t\t\t\tfill: #09162c;\n\t\t\t\t\t\t\t\tfill-rule: evenodd;\n\t\t\t\t\t\t\t}\n\t\t\t\t\t\t<\/style>\n\t\t\t\t\t<\/defs>\n\t\t\t\t\t<path vector-effect=\"non-scaling-stroke\" class=\"path-image-shape cls-324\" d=\"M1056,0h3V372l-297-1ZM455,642H306L454,372h1L603,642H455ZM0,278.815V185l301,93.185v0.63L0,372V278.815ZM1058,373h1V643H910Z\"\/>\n\t\t\t\t<\/svg>\n\t\t\t\t\t<\/div>\n\t<\/div>\n\t\t\t\t\t\t\t\t<\/div>\n\n\t\t\t<\/div>\n\n\n<\/section>\n\n\n\n<p><\/p>\n","protected":false},"excerpt":{"rendered":"<p>Talven rennoin lentiskiertue Sis\u00e4lentopallon Harraste Cup -turnaukset pelataan rennossa hengess\u00e4. Turnaukset soveltuvat loistavasti sek\u00e4 satunnaisille pelaajille ett\u00e4 aktiivisille harrastejoukkueille. Jokaisessa turnauksessa arvotaan osallistujien kesken uusi virallinen Mikasan lentopallo!<\/p>\n","protected":false},"author":41,"featured_media":0,"parent":0,"menu_order":0,"comment_status":"closed","ping_status":"closed","template":"","meta":{"_acf_changed":false,"inline_featured_image":false,"footnotes":""},"class_list":["post-325","page","type-page","status-publish","hentry"],"acf":[],"_links":{"self":[{"href":"https:\/\/sivustot.lentopallo.fi\/harrastaminen\/wp-json\/wp\/v2\/pages\/325","targetHints":{"allow":["GET"]}}],"collection":[{"href":"https:\/\/sivustot.lentopallo.fi\/harrastaminen\/wp-json\/wp\/v2\/pages"}],"about":[{"href":"https:\/\/sivustot.lentopallo.fi\/harrastaminen\/wp-json\/wp\/v2\/types\/page"}],"author":[{"embeddable":true,"href":"https:\/\/sivustot.lentopallo.fi\/harrastaminen\/wp-json\/wp\/v2\/users\/41"}],"replies":[{"embeddable":true,"href":"https:\/\/sivustot.lentopallo.fi\/harrastaminen\/wp-json\/wp\/v2\/comments?post=325"}],"version-history":[{"count":16,"href":"https:\/\/sivustot.lentopallo.fi\/harrastaminen\/wp-json\/wp\/v2\/pages\/325\/revisions"}],"predecessor-version":[{"id":371,"href":"https:\/\/sivustot.lentopallo.fi\/harrastaminen\/wp-json\/wp\/v2\/pages\/325\/revisions\/371"}],"wp:attachment":[{"href":"https:\/\/sivustot.lentopallo.fi\/harrastaminen\/wp-json\/wp\/v2\/media?parent=325"}],"curies":[{"name":"wp","href":"https:\/\/api.w.org\/{rel}","templated":true}]}}