{"id":398,"date":"2026-04-20T13:24:53","date_gmt":"2026-04-20T10:24:53","guid":{"rendered":"https:\/\/sivustot.lentopallo.fi\/harrastaminen\/?page_id=398"},"modified":"2026-04-20T13:26:57","modified_gmt":"2026-04-20T10:26:57","slug":"sijoitukset","status":"publish","type":"page","link":"https:\/\/sivustot.lentopallo.fi\/harrastaminen\/sijoitukset\/","title":{"rendered":"Sijoitukset Biitsi"},"content":{"rendered":"\n<p>T\u00e4lle sivustolle p\u00e4ivittyv\u00e4t ajankohtaiset Ranking-pisteet ja sijoitukset jokaisessa sarjassa. Tulokset tulevan pienell\u00e4 viiveell\u00e4 turnauksen j\u00e4lkeen. Mik\u00e4li joukkueesi nimi on v\u00e4\u00e4rin tai v\u00e4\u00e4r\u00e4ss\u00e4 sarjassa &#8211; ota yhteytt\u00e4 osoitteeseen <a href=\"mailto:jani.huoponen@lentopalloliitto.fi\">jani.huoponen@lentopalloliitto.fi<\/a>  <\/p>\n\n\n\n<p>Muistathan oleellisen Cup-s\u00e4\u00e4nn\u00f6n? <em>Eri turnauksissa voi joukkueessa pelata eri henkil\u00f6it\u00e4, mutta jokaisessa turnauksessa on yhden pelaajan oltava joku joukkueen ensimm\u00e4iseen turnaukseen osallistunut pelaaja.<\/em><\/p>\n\n\n\n<p><strong><a href=\"https:\/\/sivustot.lentopallo.fi\/harrastaminen\/saantokirja-biitsi\/\">Biitsin s\u00e4\u00e4nt\u00f6kirjan l\u00f6yd\u00e4t t\u00e4\u00e4lt\u00e4<\/a><\/strong><\/p>\n\n\n\n<div class=\"wp-block-columns is-layout-flex wp-container-core-columns-is-layout-9d6595d7 wp-block-columns-is-layout-flex\">\n<div class=\"wp-block-column is-layout-flow wp-block-column-is-layout-flow\">\n<h3 class=\"wp-block-heading\">Naiset<\/h3>\n\n\n\n<figure class=\"wp-block-table\"><table class=\"has-fixed-layout\"><thead><tr><th>Joukkue<\/th><th>Pisteet<\/th><\/tr><\/thead><tbody><tr><td>Raninen\/Pehkonen<\/td><td><\/td><\/tr><tr><td>Biitsimammat<\/td><td><\/td><\/tr><tr><td>NE<\/td><td><\/td><\/tr><tr><td>SMASH<\/td><td><\/td><\/tr><tr><td>Rantamarsut<\/td><td><\/td><\/tr><tr><td>Sama se!<\/td><td><\/td><\/tr><tr><td>M.A.T.O<\/td><td><\/td><\/tr><tr><td><\/td><td><\/td><\/tr><tr><td><\/td><td><\/td><\/tr><\/tbody><\/table><\/figure>\n<\/div>\n\n\n\n<div class=\"wp-block-column is-layout-flow wp-block-column-is-layout-flow\">\n<h3 class=\"wp-block-heading\">Naiset TOUHU<\/h3>\n\n\n\n<figure class=\"wp-block-table\"><table class=\"has-fixed-layout\"><thead><tr><th>Joukkue<\/th><th>Pisteet<\/th><\/tr><\/thead><tbody><tr><td>Ruuvipallot<\/td><td><\/td><\/tr><tr><td>DYNamit<\/td><td><\/td><\/tr><tr><td>Sandy TuNa<\/td><td><\/td><\/tr><tr><td>Evilana<\/td><td><\/td><\/tr><tr><td>BOS<\/td><td><\/td><\/tr><tr><td>Hippi\u00e4iset<\/td><td><\/td><\/tr><tr><td>P\u00e4in Honkia<\/td><td><\/td><\/tr><tr><td>Vastustajat<\/td><td><\/td><\/tr><tr><td>Helkatit<\/td><td><\/td><\/tr><tr><td>Fugen hiekkavarpaat<\/td><td><\/td><\/tr><tr><td>biitsitytsyt<\/td><td><\/td><\/tr><tr><td>Auraajat<\/td><td><\/td><\/tr><\/tbody><\/table><\/figure>\n<\/div>\n<\/div>\n\n\n\n<div class=\"wp-block-columns is-layout-flex wp-container-core-columns-is-layout-9d6595d7 wp-block-columns-is-layout-flex\">\n<div class=\"wp-block-column is-layout-flow wp-block-column-is-layout-flow\">\n<h3 class=\"wp-block-heading\">Miehet<\/h3>\n\n\n\n<figure class=\"wp-block-table\"><table class=\"has-fixed-layout\"><thead><tr><th>Joukkue<\/th><th>Pisteet<\/th><\/tr><\/thead><tbody><tr><td><\/td><td><\/td><\/tr><tr><td><\/td><td><\/td><\/tr><tr><td><\/td><td><\/td><\/tr><tr><td><\/td><td><\/td><\/tr><tr><td><\/td><td><\/td><\/tr><tr><td><\/td><td><\/td><\/tr><tr><td><\/td><td><\/td><\/tr><tr><td><\/td><td><\/td><\/tr><tr><td><\/td><td><\/td><\/tr><\/tbody><\/table><\/figure>\n<\/div>\n\n\n\n<div class=\"wp-block-column is-layout-flow wp-block-column-is-layout-flow\">\n<h3 class=\"wp-block-heading\">Miehet TOUHU<\/h3>\n\n\n\n<figure class=\"wp-block-table\"><table class=\"has-fixed-layout\"><thead><tr><th>Joukkue<\/th><th>Pisteet<\/th><\/tr><\/thead><tbody><tr><td>Vipo<\/td><td><\/td><\/tr><tr><td>90-<\/td><td><\/td><\/tr><tr><td><\/td><td><\/td><\/tr><tr><td><\/td><td><\/td><\/tr><tr><td><\/td><td><\/td><\/tr><tr><td><\/td><td><\/td><\/tr><tr><td><\/td><td><\/td><\/tr><tr><td><\/td><td><\/td><\/tr><tr><td><\/td><td><\/td><\/tr><\/tbody><\/table><\/figure>\n<\/div>\n<\/div>\n\n\n\n\t<section id=\"block_e500cb82f120708116a50366e0694124\" class=\"cta-color-grid\">\n\t\t<div class=\"cta-color-grid-holder\">\n\t\t\t\t\t\t\t\t\t\t\t\t\t\t\t\t<div class=\"cta-color-grid-item width-100\">\n\t\t\t\t\t\t<div class=\"holder-cta-color-grid-item\" style=\"background-color:#09162C;\">\n\t\t\t\t\t\t\t\t\t\t\t\t\t\t\t<div class=\"col-title\">\n\t\t\t\t\t\t\t\t\t<h3 class=\"title\">Cup-pisteet<\/h3>\n\t\t\t\t\t\t\t\t<\/div>\n\t\t\t\t\t\t\t\n\t\t\t\t\t\t\t\t\t\t\t\t\t\t\t<div class=\"col-content\">\n\t\t\t\t\t\t\t\t\t\t\t\t\t\t\t\t\t\t\t<div class=\"text\"><p>Jokainen turnaus on oma yksitt\u00e4inen tapahtuma, sek\u00e4 samalla kiertueen osakilpailu. Joukkue saa pisteit\u00e4 osallistumisesta sek\u00e4 menestymisen mukaan. 1. 12p, 2. 10p, 3. 8p, 4. 7p, 5. 6p, 6. 5p, 7. 4p, 8. 3p, 9. &gt;2p. Kaikki osallistuneet joukkueet saavat siis v\u00e4hint\u00e4\u00e4n kaksi pistett\u00e4. Pienin joukkuem\u00e4\u00e4r\u00e4 on nelj\u00e4 (4) joukkuetta jolloin sarja j\u00e4rjestet\u00e4\u00e4n. T\u00e4ll\u00f6in voittaja saa 6p, kakkonen 4p kolmonen 3p ja nelonen 2 pistett\u00e4.<\/p>\n<p>Toiseen sarjaan suostumuksella siirretty joukkue saa CUP pisteit\u00e4 ilmoittautumaansa sarjaan sijoituksensa mukaisesti. Lis\u00e4ksi siirrosta ylemp\u00e4\u00e4n sarjaan 4 + pistett\u00e4 (max pistem\u00e4\u00e4r\u00e4 kuitenkin enint\u00e4\u00e4n 12 pistett\u00e4) ja alempaan sarjaan 4 \u2013 pistett\u00e4.<\/p>\n<p>Joukkue voi osallistua niin moneen turnaukseen kuin haluaa. Jokaisesta alkuturnauksesta saadut pisteet lasketaan kokonaisturnauksen pisteisiin.<\/p>\n<p><strong>Lopputurnaukseen p\u00e4\u00e4semiseksi tarvitaan v\u00e4hint\u00e4\u00e4n kolmeen (3) turnaukseen osallistumista.<\/strong> Tasapisteiden sattuessa j\u00e4rjestyksen m\u00e4\u00e4r\u00e4\u00e4 1. mukaan laskettujen turnausten voitot, 2. kakkossijat, 3. kolmossijat jne. 8 parhaan joukkoon sijoittumiseen saakka. Ellei n\u00e4in saada sijoitusta selville, ratkaistaan lopputurnaukseen mukaanp\u00e4\u00e4sy arvalla.<\/p>\n<p>Lopputurnaukseen voi p\u00e4\u00e4st\u00e4 my\u00f6s j\u00e4rjest\u00e4j\u00e4n \u201dvillill\u00e4\u201d kortilla, mutta kortin saaja ei voi sivuuttaa em. j\u00e4rjestyst\u00e4.<\/p>\n<p>Eri turnauksissa voi joukkueessa pelata eri henkil\u00f6it\u00e4, mutta jokaisessa turnauksessa on yhden pelaajan oltava joku joukkueen ensimm\u00e4iseen turnaukseen osallistunut pelaaja.<\/p>\n<\/div>\n\t\t\t\t\t\t\t\t\t\n\t\t\t\t\t\t\t\t\t\t\t\t\t\t\t\t\t<\/div>\n\t\t\t\t\t\t\t\t\t\t\t\t\t<\/div>\n\t\t\t\t\t<\/div>\n\t\t\t\t\t\t\t\t\t<\/div>\n\t<\/section>\n\n\n\n<section id=\"block_68f56ecf7368d282d1a97f21036e2a67\" class=\"contact-box\">\n\t\n\n\n\t<div class=\"contact-box-holder custom-tm-info\">\n\t\t\t\t\t\t\t\t\t<div class=\"persona-image\" style=\"background-image: url(https:\/\/sivustot.lentopallo.fi\/harrastaminen\/files\/2026\/04\/Jani-Huoponen-e1775196544904-368x387.png);\"><\/div>\n\t\t\t\t\t\n\t\t\t\t\t<div class=\"col-content\">\n\t\t\t\t\t\t\t\t\t<h3 class=\"contact-box-title\">Harraste Cup vastaava<\/h3>\n\t\t\t\t\n\t\t\t\t\t\t\t\t\t<h2 class=\"persona-title\">Jani Huoponen<\/h2>\n\t\t\t\t\n\t\t\t\t\t\t\t\t\t<div class=\"persona-role\">Harrastetoiminnan koordinaattori<\/div>\n\t\t\t\t\n\t\t\t\t\t\t\t\t\t<div class=\"holder-personal-info\">\n\t\t\t\t\t\t<div class=\"persona-contact\">\n\t\t\t\t\t\t\t\n\t\t\t\t\t\t\t\t\t\t\t\t\t\t\t<div class=\"persona-email\">\n\t\t\t\t\t\t\t\t\t<a href=\"mailto:&#106;an&#105;&#46;h&#117;op&#111;ne&#110;&#64;&#108;ent&#111;&#112;&#97;&#108;&#108;&#111;l&#105;i&#116;to&#46;&#102;&#105;\">j&#97;&#110;&#105;&#46;&#104;&#117;&#111;p&#111;&#110;e&#110;&#64;&#108;e&#110;top&#97;&#108;loli&#105;&#116;&#116;o&#46;fi<\/a>\n\t\t\t\t\t\t\t\t<\/div>\n\t\t\t\t\t\t\t\t\t\t\t\t\t<\/div>\n\t\t\t\t\t\t<div class=\"persona-contact-link\">\n\t\t\t\t\t\t\t\t\t\t\t\t\t\t\t<a class=\"btn btn-contact btn btn-read-more\" href=\"mailto:&#106;&#97;n&#105;&#46;h&#117;opo&#110;e&#110;&#64;le&#110;to&#112;a&#108;l&#111;&#108;&#105;&#105;&#116;&#116;&#111;.&#102;&#105;\">Ota yhteytt\u00e4<\/a>\n\t\t\t\t\t\t\t\t\t\t\t\t\t<\/div>\n\t\t\t\t\t<\/div>\n\t\t\t\t\t\t\t<\/div>\n\t\t\t<\/div>\n\n\n\n\n\n<\/section>\n","protected":false},"excerpt":{"rendered":"<p>T\u00e4lle sivustolle p\u00e4ivittyv\u00e4t ajankohtaiset Ranking-pisteet ja sijoitukset jokaisessa sarjassa. Tulokset tulevan pienell\u00e4 viiveell\u00e4 turnauksen j\u00e4lkeen. Mik\u00e4li joukkueesi nimi on v\u00e4\u00e4rin tai v\u00e4\u00e4r\u00e4ss\u00e4 sarjassa &#8211; ota yhteytt\u00e4 osoitteeseen jani.huoponen@lentopalloliitto.fi Muistathan oleellisen Cup-s\u00e4\u00e4nn\u00f6n? Eri turnauksissa voi joukkueessa pelata eri henkil\u00f6it\u00e4, mutta jokaisessa turnauksessa on yhden pelaajan oltava joku joukkueen ensimm\u00e4iseen turnaukseen osallistunut pelaaja. Biitsin s\u00e4\u00e4nt\u00f6kirjan l\u00f6yd\u00e4t t\u00e4\u00e4lt\u00e4 [&hellip;]<\/p>\n","protected":false},"author":41,"featured_media":0,"parent":0,"menu_order":0,"comment_status":"closed","ping_status":"closed","template":"","meta":{"_acf_changed":false,"inline_featured_image":false,"footnotes":""},"class_list":["post-398","page","type-page","status-publish","hentry"],"acf":[],"_links":{"self":[{"href":"https:\/\/sivustot.lentopallo.fi\/harrastaminen\/wp-json\/wp\/v2\/pages\/398","targetHints":{"allow":["GET"]}}],"collection":[{"href":"https:\/\/sivustot.lentopallo.fi\/harrastaminen\/wp-json\/wp\/v2\/pages"}],"about":[{"href":"https:\/\/sivustot.lentopallo.fi\/harrastaminen\/wp-json\/wp\/v2\/types\/page"}],"author":[{"embeddable":true,"href":"https:\/\/sivustot.lentopallo.fi\/harrastaminen\/wp-json\/wp\/v2\/users\/41"}],"replies":[{"embeddable":true,"href":"https:\/\/sivustot.lentopallo.fi\/harrastaminen\/wp-json\/wp\/v2\/comments?post=398"}],"version-history":[{"count":7,"href":"https:\/\/sivustot.lentopallo.fi\/harrastaminen\/wp-json\/wp\/v2\/pages\/398\/revisions"}],"predecessor-version":[{"id":407,"href":"https:\/\/sivustot.lentopallo.fi\/harrastaminen\/wp-json\/wp\/v2\/pages\/398\/revisions\/407"}],"wp:attachment":[{"href":"https:\/\/sivustot.lentopallo.fi\/harrastaminen\/wp-json\/wp\/v2\/media?parent=398"}],"curies":[{"name":"wp","href":"https:\/\/api.w.org\/{rel}","templated":true}]}}