{"id":278,"date":"2023-05-23T10:56:30","date_gmt":"2023-05-23T10:56:30","guid":{"rendered":"https:\/\/sivustot.lentopallo.fi\/istumalentopallo\/?page_id=278"},"modified":"2025-10-29T07:55:37","modified_gmt":"2025-10-29T07:55:37","slug":"aikuiset","status":"publish","type":"page","link":"https:\/\/sivustot.lentopallo.fi\/istumalentopallo\/kilpailutoiminta\/aikuiset\/","title":{"rendered":"Miesten SM"},"content":{"rendered":"\n\n\t<section id=\"block_b0b4c4607201ccb7243d70acd10d0e54\" class=\"cta-section image-position-left\">\n\t\t<div class=\"cta-section-holder\">\n\t\t\t\t\t\t\t<div class=\"cta-s-image\" style=\"background-image:url(https:\/\/sivustot.lentopallo.fi\/istumalentopallo\/files\/2025\/10\/20250927-_J7A2612-scaled.jpg);\"><\/div>\n\t\t\t\n\t\t\t\t\t\t\t<div class=\"cta-s-content\">\n\t\t\t\t\t\t\t\t\t\t\t<h2 class=\"title\">Miesten SM 2025-2026<\/h2>\n\t\t\t\t\t\n\t\t\t\t\t\t\t\t\t\t\t<div class=\"text\">Miesten SM-sarjassa pelataan kaksinkertainen runkosarja ja sen j\u00e4lkeen SM-loppuottelu ja SM-pronssiottelu mitalipelitapahtumassa. <br \/>\r\n<br \/>\r\nSarjaan osallistuu nelj\u00e4 joukkuetta.<br \/>\r\n<br \/>\r\n<\/div>\n\t\t\t\t\t\n\t\t\t\t\t\t\t\t\t\t\t<div class=\"link\">\n\t\t\t\t\t\t\t<a href=\"https:\/\/tulospalvelu.lentopallo.fi\/category\/ISTISM!vb2025istis\/fixture\" target=\"_blank\">Miesten SM sarja tulokset ja aikataulu<\/a>\t\t\t\t\t\t<\/div>\n\t\t\t\t\t\t\t\t\t<\/div>\n\t\t\t\t\t<\/div>\n\t<\/section>\n\n\n\n<div class=\"wp-block-buttons is-layout-flex wp-block-buttons-is-layout-flex\"><\/div>\n\n\n\n\t<section id=\"block_a0fed4800a585cb7b04b5134d0d8bc0b\" class=\"cta-grid\">\n\t\t<div class=\"container\">\n\t\t\t<div class=\"cta-grid-holder\">\n\t\t\t\t\t\t\t\t\t\t\t\t\t\t\t\t\t\t\t\t<div class=\"cta-grid-item width-100\">\n                                                            <a href=\"https:\/\/sivustot.lentopallo.fi\/istumalentopallo\/uutiset\/miesten-suomenmestaruudesta-kaytiin-kovaa-vaantoa\/\" target=\"_self\" class=\"cta-block-link\">                            \t\t\t\t\t\t\t<div class=\"holder-cta-grid-item\" style=\"background-image:url(https:\/\/sivustot.lentopallo.fi\/istumalentopallo\/files\/2024\/03\/433422662_122134512836107563_4324954301924863402_n.jpg);\">\n\t\t\t\t\t\t\t\t\t\t\t\t\t\t\t\t\t<div class=\"caption\">\n                                        <span>Miesten suomenmestaruudesta k\u00e4ytiin kovaa v\u00e4\u00e4nt\u00f6\u00e4.<\/span>\n                                    <\/div>\n\t\t\t\t\t\t\t\t\t\t\t\t\t\t\t<\/div>\n                                                            <\/a>                            \t\t\t\t\t\t<\/div>\n\t\t\t\t\t\t\t\t\t\t\t\t<\/div>\n\t\t<\/div>\n\t<\/section>\n\n\n\n\n\t<section id=\"block_ac917483a4dd283c07fe82df489b6a5f\" class=\"cta-section image-position-left\">\n\t\t<div class=\"cta-section-holder\">\n\t\t\t\t\t\t\t<div class=\"cta-s-image\" style=\"background-image:url(https:\/\/sivustot.lentopallo.fi\/istumalentopallo\/files\/2024\/02\/277582867_502900341371052_4584387382746105957_n-1060x923.jpg);\"><\/div>\n\t\t\t\n\t\t\t\t\t\t\t<div class=\"cta-s-content\">\n\t\t\t\t\t\t\t\t\t\t\t<h2 class=\"title\">Miesten SM-turnaus 16.3.2024 Tuusulassa Hy\u00f6kk\u00e4l\u00e4n koululla<\/h2>\n\t\t\t\t\t\n\t\t\t\t\t\t\t\t\t\t\t<div class=\"text\">Kutkuttavan j\u00e4nnitt\u00e4v\u00e4 SM-turnaus tulossa, jossa turnauskest\u00e4vyytt\u00e4 koetellaan toden teolla. Suomenmestaruus ratkotaan nelj\u00e4n joukkueen kesken; Siilinj\u00e4rvi, KSI Kotka 1, Rekolan Raikas ja ZZ Toivala.<br \/>\r\n<br \/>\r\nYkk\u00f6ssarjan\u00e4ytt\u00f6jen perusteella siilinj\u00e4rvel\u00e4iset ovat kovassa kunnossa, mutta ajoittuuko kuntohuippu oikein vai p\u00e4\u00e4sev\u00e4tk\u00f6 viime kauden SM-sarjalaiset niskan p\u00e4\u00e4lle? Tule kannustamaan suosikkisi voittoon!<br \/>\r\n<br \/>\r\nP\u00e4iv\u00e4n aikataulut l\u00f6yd\u00e4t tulospalvelusta. Paikalla my\u00f6s Rekolan Raikkaan buffetti.<br \/>\r\n<br \/>\r\nTervetuloa!<br \/>\r\n<br \/>\r\n<\/div>\n\t\t\t\t\t\n\t\t\t\t\t\t\t\t\t\t\t<div class=\"link\">\n\t\t\t\t\t\t\t<a href=\"https:\/\/tulospalvelu.lentopallo.fi\/category\/ISTISM!vb2023a\/tables\" target=\"_blank\">Miesten SM-turnaus aikataulut ja tulokset<\/a>\t\t\t\t\t\t<\/div>\n\t\t\t\t\t\t\t\t\t<\/div>\n\t\t\t\t\t<\/div>\n\t<\/section>\n","protected":false},"excerpt":{"rendered":"","protected":false},"author":4,"featured_media":0,"parent":259,"menu_order":0,"comment_status":"closed","ping_status":"closed","template":"pages\/template-kilpailu.php","meta":{"_acf_changed":false,"inline_featured_image":false,"footnotes":""},"class_list":["post-278","page","type-page","status-publish","hentry"],"acf":[],"_links":{"self":[{"href":"https:\/\/sivustot.lentopallo.fi\/istumalentopallo\/wp-json\/wp\/v2\/pages\/278","targetHints":{"allow":["GET"]}}],"collection":[{"href":"https:\/\/sivustot.lentopallo.fi\/istumalentopallo\/wp-json\/wp\/v2\/pages"}],"about":[{"href":"https:\/\/sivustot.lentopallo.fi\/istumalentopallo\/wp-json\/wp\/v2\/types\/page"}],"author":[{"embeddable":true,"href":"https:\/\/sivustot.lentopallo.fi\/istumalentopallo\/wp-json\/wp\/v2\/users\/4"}],"replies":[{"embeddable":true,"href":"https:\/\/sivustot.lentopallo.fi\/istumalentopallo\/wp-json\/wp\/v2\/comments?post=278"}],"version-history":[{"count":20,"href":"https:\/\/sivustot.lentopallo.fi\/istumalentopallo\/wp-json\/wp\/v2\/pages\/278\/revisions"}],"predecessor-version":[{"id":1099,"href":"https:\/\/sivustot.lentopallo.fi\/istumalentopallo\/wp-json\/wp\/v2\/pages\/278\/revisions\/1099"}],"up":[{"embeddable":true,"href":"https:\/\/sivustot.lentopallo.fi\/istumalentopallo\/wp-json\/wp\/v2\/pages\/259"}],"wp:attachment":[{"href":"https:\/\/sivustot.lentopallo.fi\/istumalentopallo\/wp-json\/wp\/v2\/media?parent=278"}],"curies":[{"name":"wp","href":"https:\/\/api.w.org\/{rel}","templated":true}]}}