{"id":280,"date":"2023-05-23T10:56:57","date_gmt":"2023-05-23T10:56:57","guid":{"rendered":"https:\/\/sivustot.lentopallo.fi\/istumalentopallo\/?page_id=280"},"modified":"2025-10-29T07:47:31","modified_gmt":"2025-10-29T07:47:31","slug":"saannot-ja-sarjamaaraykset","status":"publish","type":"page","link":"https:\/\/sivustot.lentopallo.fi\/istumalentopallo\/kilpailutoiminta\/saannot-ja-sarjamaaraykset\/","title":{"rendered":"S\u00e4\u00e4nn\u00f6t ja sarjam\u00e4\u00e4r\u00e4ykset 2025-2026"},"content":{"rendered":"\n<p><strong>1. S\u00c4\u00c4NN\u00d6T JA M\u00c4\u00c4R\u00c4YKSET<\/strong><\/p>\n\n\n\n<p>Istumalentopallon Suomen mestaruuskilpailuissa noudatetaan kansainv\u00e4lisi\u00e4 lentopallopelin s\u00e4\u00e4nt\u00f6j\u00e4, Suomen Lentopalloliiton (SLel) kilpailus\u00e4\u00e4nt\u00f6j\u00e4 ja sarjam\u00e4\u00e4r\u00e4yksi\u00e4, kansainv\u00e4lisi\u00e4 istumalentopallopelin s\u00e4\u00e4nt\u00f6j\u00e4, Suomen Paralympiakomitean istumalentopallopelin s\u00e4\u00e4nt\u00f6j\u00e4 ja n\u00e4it\u00e4 sarjam\u00e4\u00e4r\u00e4yksi\u00e4.<\/p>\n\n\n\n<p><strong>2. SARJAT JA JOUKKUEET<\/strong><\/p>\n\n\n\n<p>Kaudella pelataan miesten SM-sarja, naisten SM-sarja, ykk\u00f6ssarja, Suomen CUP-turnaus ja ik\u00e4miesten M50 SM-turnaus. SM-sarjaan osallistuvan joukkueen tulee olla SLel:n j\u00e4senseura tai Suomen Paralympiakomitean j\u00e4senseura\/-yhdistys.<\/p>\n\n\n\n<p><strong>3. JOUKKUEET JA PELAAJAT<\/strong><\/p>\n\n\n\n<p><strong>3.1 Joukkueiden kokoonpano, liberos\u00e4\u00e4nt\u00f6<\/strong><\/p>\n\n\n\n<p>P\u00f6yt\u00e4kirjaan voidaan merkit\u00e4 SM-sarjoissa enint\u00e4\u00e4n 14 pelaajaa lentopallon mestaruusliigan sarjam\u00e4\u00e4r\u00e4ysten mukaisesti (ik\u00e4miesten SM-turnauksessa 12 pelaajaa). Joukkueilla on oikeus nimet\u00e4 pelaajalistasta enint\u00e4\u00e4n kaksi (2) liberopelaajaa, jos joukkueessa on v\u00e4hint\u00e4\u00e4n 8 pelaajaa. Liberopelaajat on merkitt\u00e4v\u00e4 p\u00f6yt\u00e4kirjaan ennen ottelun alkua. Joukkue voi k\u00e4ytt\u00e4\u00e4 vapaasti nime\u00e4mi\u00e4\u00e4n liberopelaajia, liberokorvauksella voidaan korvata joko takakentt\u00e4pelaaja tai kent\u00e4ll\u00e4 oleva libero. Kahden liberokorvauksen v\u00e4liss\u00e4 tulee olla yksi pelattu pallo. (Vain yksi libero on kerrallaan kent\u00e4ll\u00e4). Liberopelaaja voi my\u00f6s olla joukkueen kapteeni.<\/p>\n\n\n\n<p>Joukkueessa on oltava kent\u00e4ll\u00e4 aina kuusi (6) pelaajaa paitsi ykk\u00f6ssarjassa, jossa on sallittua pelata my\u00f6s viidell\u00e4 (5) pelaajalla.<\/p>\n\n\n\n<p>SM-sarjoissa joukkueen kokoonpano tulee merkit\u00e4 tulospalveluun viimeist\u00e4\u00e4n ottelup\u00e4iv\u00e4\u00e4 edelt\u00e4v\u00e4n\u00e4 torstaina.<\/p>\n\n\n\n<p><strong>3.2 Pelaajien kilpailukelpoisuus<\/strong><\/p>\n\n\n\n<p>Pelaajan otteluun tai turnaukseen osallistumisen edellytyksen\u00e4 on, ett\u00e4 pelaajalla on hankittuna <strong>pelipassi<\/strong> (istispassi tai muu lentopallon pelipassi). Sarjoissa ja turnauksissa on k\u00e4yt\u00f6ss\u00e4 s\u00e4hk\u00f6inen ottelup\u00f6yt\u00e4kirja. Joukkueen yhteyshenkil\u00f6n (jolla on oikeus saada tunnukset liiton tulospalveluun) tulee tehd\u00e4 ko. j\u00e4rjestelm\u00e4ss\u00e4 ottelukohtainen pelaajaluettelo pelaajista ennen ottelua. Tulospalvelusta l\u00f6ytyv\u00e4t pelipassin maksaneet henkil\u00f6t kirjataan s\u00e4hk\u00f6iseen ottelup\u00f6yt\u00e4kirjaan. SM-sarjoissa joukkueen pelaajaluetteloon saa lis\u00e4t\u00e4 pelaajia ainoastaan 15.1.2026 asti miesten osalta ja 5.3.2026 asti naisten osalta.<\/p>\n\n\n\n<p>Pelaaja ei saa kauden aikana pelata samalla sarjatasolla kuin yhdess\u00e4 joukkueessa.<strong><br><\/strong><\/p>\n\n\n\n<p><strong>3.3 Joukkueiden luokitteluvaatimukset<\/strong><\/p>\n\n\n\n<p>Istumalentopallon sarjoihin voivat sarjakaudella 2025-2026 osallistua kaikki halukkaat, my\u00f6s vammattomat pelaajat. Kotimaisissa sarjoissa ei k\u00e4ytet\u00e4 luokittelua.<\/p>\n\n\n\n<p><strong>3.4 Pelaajien oikeus mitaliin<\/strong><\/p>\n\n\n\n<p>SM-mitaleita jaetaan SM-sarjassa korkeintaan 16 kpl ja ik\u00e4miesten SM-turnauksissa korkeintaan 12 kpl. Joukkueet nime\u00e4v\u00e4t mitaleihin oikeutetut henkil\u00f6t.<\/p>\n\n\n\n<p><strong>4. SARJAJ\u00c4RJESTELM\u00c4T<\/strong><\/p>\n\n\n\n<p><strong>4.1 Yleist\u00e4<\/strong><\/p>\n\n\n\n<p>Kaikissa SLel:n sarjoissa ja turnauksissa er\u00e4t pelataan 25 pisteeseen v\u00e4hint\u00e4\u00e4n 2 pisteen erolla ja mahdollinen ratkaiseva er\u00e4 15 pisteeseen v\u00e4hint\u00e4\u00e4n 2 pisteen erolla, jollei jokin pakottava syy t\u00e4t\u00e4 est\u00e4.<\/p>\n\n\n\n<p><strong>4.2 Miesten SM-sarja<\/strong><\/p>\n\n\n\n<p>Miesten SM-sarjassa pelataan kaksinkertainen runkosarja ja sen j\u00e4lkeen SM-loppuottelu ja SM-pronssiottelu mitalipelitapahtumassa. Ottelut pelataan paras viidest\u00e4 er\u00e4st\u00e4 -j\u00e4rjestelm\u00e4ll\u00e4, eli ensimm\u00e4isen\u00e4 kolme er\u00e4voittoa saavuttanut joukkue voittaa ottelun. 3\u20130- ja 3\u20131-voitosta voittaja saa kolme pistett\u00e4. 3\u20132-voitosta voittaja saa kaksi pistett\u00e4 ja h\u00e4vi\u00e4j\u00e4 yhden pisteen. Runkosarjan p\u00e4\u00e4ttyess\u00e4 kahden tai useamman joukkueen ollessa tasapisteiss\u00e4 sarjasijoitukset m\u00e4\u00e4r\u00e4ytyv\u00e4t Lentopalloliiton kilpailus\u00e4\u00e4nt\u00f6jen mukaan seuraavasti:<br>1) voittojen m\u00e4\u00e4r\u00e4, 2) er\u00e4suhde, 3) er\u00e4pisteiden suhde, 4) keskin\u00e4iset ottelut, 5) arpa.<strong><\/strong><\/p>\n\n\n\n<p>Tuomarikustannus jaetaan tasan mitalipelitapahtumaan osallistuvien joukkueiden kesken.<\/p>\n\n\n\n<p><strong>4.3 Naisten SM-sarja<\/strong><\/p>\n\n\n\n<p>Naisten SM-sarjassa pelataan kolminkertainen runkosarja ja sen j\u00e4lkeen SM-loppuottelu mitalipelitapahtumassa. Ottelut pelataan paras viidest\u00e4 er\u00e4st\u00e4 -j\u00e4rjestelm\u00e4ll\u00e4, eli ensimm\u00e4isen\u00e4 kolme er\u00e4voittoa saavuttanut joukkue voittaa ottelun. 3\u20130- ja 3\u20131-voitosta voittaja saa kolme pistett\u00e4. 3\u20132-voitosta voittaja saa kaksi pistett\u00e4 ja h\u00e4vi\u00e4j\u00e4 yhden pisteen. Runkosarjan p\u00e4\u00e4ttyess\u00e4 kahden tai useamman joukkueen ollessa tasapisteiss\u00e4 sarjasijoitukset m\u00e4\u00e4r\u00e4ytyv\u00e4t Lentopalloliiton kilpailus\u00e4\u00e4nt\u00f6jen mukaan seuraavasti: 1) voittojen m\u00e4\u00e4r\u00e4, 2) er\u00e4suhde, 3) er\u00e4pisteiden suhde, 4) keskin\u00e4iset ottelut, 5) arpa.<strong><\/strong><\/p>\n\n\n\n<p>Tuomarikustannus jaetaan tasan mitalipelitapahtumaan osallistuvien joukkueiden kesken.<strong><br><\/strong><\/p>\n\n\n\n<p><strong>4.4 Ykk\u00f6ssarja<\/strong><\/p>\n\n\n\n<p>Ykk\u00f6ssarja pelataan erillisen otteluohjelman mukaisesti. Ykk\u00f6ssarjan turnauksiin saavat ilmoittautua kaikki halukkaat joukkueet. Osaturnauksen osallistumismaksu suoritetaan j\u00e4rjest\u00e4v\u00e4lle joukkueelle.<\/p>\n\n\n\n<p>Ykk\u00f6ssarjan joukkueet voivat olla mies-, nais- tai sekajoukkueita ja pelaajat ovat luokittelusta vapaita. Ykk\u00f6ssarjaturnausten otteluita on sallittua pelata my\u00f6s viidell\u00e4 pelaajalla. My\u00f6s miesten SM-sarjapelaajat saavat osallistua ykk\u00f6ssarjan turnauksiin.<\/p>\n\n\n\n<p>Ykk\u00f6ssarjan loppusijoitukset ratkaistaan kauden aikana turnaussijoituksista saatujen pisteiden perusteella. Jokaisesta osaturnauksesta lasketaan sarjapisteet enint\u00e4\u00e4n kymmenelle parhaalle \u2013 osallistujam\u00e4\u00e4r\u00e4st\u00e4 riippumatta \u2013 seuraavasti: voittajalle 12 pistett\u00e4, kakkoselle 10, kolmoselle 8 ja sit\u00e4 edelleen seuraaville 7, 6, 5, 4, 3, 2 ja 1 pistett\u00e4. Yhteispisteiden ollessa tasan joukkueiden sarjasijoitukset ratkaisee viimeisimm\u00e4n turnauksen tulokset. Osaturnauksissa sijoitukset tasapisteiss\u00e4 m\u00e4\u00e4r\u00e4ytyv\u00e4t Lentopalloliiton kilpailus\u00e4\u00e4nt\u00f6jen mukaan seuraavasti: 1) voittojen m\u00e4\u00e4r\u00e4, 2) er\u00e4suhde, 3) er\u00e4pisteiden suhde, 4) keskin\u00e4iset ottelut, 5) arpa.<\/p>\n\n\n\n<p><strong>4.5 SM-ik\u00e4miesturnaus M50<\/strong><\/p>\n\n\n\n<p>Miesten M50-turnaukseen saavat osallistua vuonna 1976 tai sit\u00e4 ennen syntyneet. Turnaus j\u00e4rjestet\u00e4\u00e4n huhtikuussa 2026.<\/p>\n\n\n\n<p><strong>5. SARJA- JA TURNAUSMAKSUT<\/strong><\/p>\n\n\n\n<p>Istumalentopallosarjojen ja turnausten sarja- ja turnausmaksut on m\u00e4\u00e4ritelty seuraavassa:<\/p>\n\n\n\n<p>SM-sarjamaksu&nbsp;&nbsp;&nbsp;&nbsp;&nbsp;&nbsp;&nbsp;&nbsp;&nbsp;&nbsp;&nbsp;&nbsp;&nbsp;&nbsp;&nbsp; 70 euroa\/joukkue<\/p>\n\n\n\n<p>Suomen Cup: &nbsp;&nbsp;&nbsp;&nbsp;&nbsp;&nbsp;&nbsp;&nbsp;&nbsp;&nbsp;&nbsp;&nbsp;&nbsp;&nbsp;&nbsp;&nbsp;&nbsp; ei ilmoittautumismaksua &#8211; tuomarikustannus jaetaan osallistuvien joukkueiden kesken tasan j\u00e4lkik\u00e4teen<\/p>\n\n\n\n<p>Ykk\u00f6ssarjaturnaus:&nbsp;&nbsp;&nbsp;&nbsp;&nbsp;&nbsp;&nbsp;&nbsp; 80 euroa\/joukkue<\/p>\n\n\n\n<p>Ik\u00e4miesturnaus:&nbsp;&nbsp;&nbsp;&nbsp;&nbsp;&nbsp;&nbsp;&nbsp;&nbsp;&nbsp;&nbsp;&nbsp;&nbsp;&nbsp; 80 euroa\/joukkue<\/p>\n\n\n\n<p>Muissa kilpailutapahtumissa (mm. Kotka-turnaus) turnauksen j\u00e4rjest\u00e4j\u00e4 m\u00e4\u00e4ritt\u00e4\u00e4 turnausmaksun suuruuden. Turnausmaksut maksetaan turnausj\u00e4rjest\u00e4j\u00e4lle.<\/p>\n\n\n\n<p><strong>6. OTTELUVARUSTEET<\/strong><\/p>\n\n\n\n<p><strong>6.1 Ottelup\u00f6yt\u00e4kirja<\/strong><\/p>\n\n\n\n<p>Kaikissa sarjoissa ja turnauksissa k\u00e4ytet\u00e4\u00e4n liiton vahvistamaa s\u00e4hk\u00f6ist\u00e4 p\u00f6yt\u00e4kirjaa (kotijoukkueen on varmuuden vuoksi varattava k\u00e4ytt\u00f6\u00f6n my\u00f6s paperisia p\u00f6yt\u00e4kirjoja). <strong><br><\/strong><\/p>\n\n\n\n<p><strong>6.2 Aloitusj\u00e4rjestyslipuke<\/strong><\/p>\n\n\n\n<p>Kaikissa otteluissa on k\u00e4ytett\u00e4v\u00e4 aloitusj\u00e4rjestyslipukkeita.<\/p>\n\n\n\n<p><strong>6.3 Pelipallo<\/strong><\/p>\n\n\n\n<p>Ottelun p\u00e4\u00e4tuomari valitsee pelipallon (-t) kotijoukkueen toimittamista s\u00e4\u00e4nt\u00f6jen mukaisista palloista. Pelipalloina saa k\u00e4ytt\u00e4\u00e4 vain SLeL:n hyv\u00e4ksymi\u00e4 palloja. J\u00e4rjest\u00e4v\u00e4 seura on velvollinen hankkimaan ottelupaikalle ilmanpainemittarin.<\/p>\n\n\n\n<p><strong>6.4 Pelaajien asusteet<\/strong><\/p>\n\n\n\n<p>Pelihousuissa ei saa olla tarkoitusta varten lis\u00e4tty\u00e4 liukastemateriaalikerrosta, kuten viirakangasta tai vastaavaa eik\u00e4 tarkoitusta varten lis\u00e4tty\u00e4 liukastetta tai liukasteainetta, kuten silikonia tai vastaavaa. Kiellettyj\u00e4 ovat istumalentopallon kansainv\u00e4lisen housulinjan mukaisesti my\u00f6s siimavahvikehousut ja vastaavat liukastelankaviritykset pelihousuissa. My\u00f6s paksun pehmusteen k\u00e4ytt\u00f6 pelihousuissa takana tai sivulla on kielletty.<\/p>\n\n\n\n<p><strong>7. ISTUMALENTOPALLON ERITYISM\u00c4\u00c4R\u00c4YKSET<\/strong><\/p>\n\n\n\n<p><strong>7.1 Istumalentopallon s\u00e4\u00e4nt\u00f6muutokset kaudelle 2025-2026<\/strong><\/p>\n\n\n\n<p>Istumalentopallo-otteluissa noudatetaan kaudelle 2025-2026 vahvistettuja s\u00e4\u00e4nt\u00f6muutoksia, jotka on esitetty erillisess\u00e4 liitteess\u00e4.<\/p>\n\n\n\n<p><strong>7.2 Peitt\u00e4minen<\/strong><\/p>\n\n\n\n<p>Sy\u00f6tt\u00e4v\u00e4n joukkueen pelaaja ei saa tarkoituksellisesti yritt\u00e4\u00e4 est\u00e4\u00e4 vastaanottavaa joukkuetta n\u00e4kem\u00e4st\u00e4 palloa. Merkityst\u00e4 ei ole sill\u00e4, mist\u00e4 sy\u00f6tet\u00e4\u00e4n ja mihin sy\u00f6tt\u00f6 suuntautuu.<\/p>\n\n\n\n<p><strong>8. OTTELUN JA TURNAUKSEN J\u00c4RJEST\u00c4MINEN<\/strong><\/p>\n\n\n\n<p><strong>8.1 Otteluiden alkamisajat, otteluiden tietojen ilmoittaminen<\/strong><\/p>\n\n\n\n<p>Otteluohjelmat, tulokset ja istumalentopallon tuomarivastaavan nime\u00e4m\u00e4t tuomarit otteluihin l\u00f6ytyv\u00e4t lentopalloliiton tulospalvelusta.<\/p>\n\n\n\n<p>SM-sarjan ottelut alkavat aikaisintaan klo 12:00, mik\u00e4li joukkueet eiv\u00e4t kesken\u00e4\u00e4n toisin sovi.<\/p>\n\n\n\n<p>SM-sarjan osaturnaukset ja sijoitusottelut:<\/p>\n\n\n\n<ul class=\"wp-block-list\">\n<li>Turnaus-\/otteluj\u00e4rjest\u00e4j\u00e4 l\u00e4hett\u00e4\u00e4 tiedot otteluista (ottelupaikka, osoite, p\u00e4iv\u00e4m\u00e4\u00e4r\u00e4 ja kellonajat) kilpailup\u00e4\u00e4llik\u00f6lle v\u00e4litt\u00f6m\u00e4sti, kun ne ovat selvill\u00e4.<\/li>\n\n\n\n<li>Turnausj\u00e4rjest\u00e4j\u00e4 ei ole velvollinen l\u00e4hett\u00e4m\u00e4\u00e4n erillist\u00e4 turnaustiedotetta joukkueille (tiedot l\u00f6ytyv\u00e4t tulospalvelusta)<\/li>\n<\/ul>\n\n\n\n<p>Erillisohje koskien ykk\u00f6ssarjan turnauksia:<\/p>\n\n\n\n<ul class=\"wp-block-list\">\n<li>Ykk\u00f6ssarjan turnauksissa voidaan turnausj\u00e4rjest\u00e4j\u00e4n valinnan mukaan joko k\u00e4ytt\u00e4\u00e4 virallisia tuomareita tai tuomita kaikki tai osa otteluista ilman virallisia tuomareita.<\/li>\n\n\n\n<li>Kaikissa ykk\u00f6ssarjan otteluissa on oltava joko virallinen tai tuomarikortiton tuomari. Lis\u00e4ksi tuomarit, jotka pelaavat turnauksessa, voivat my\u00f6s vihelt\u00e4\u00e4 turnauksessa.<\/li>\n\n\n\n<li>My\u00f6s ykk\u00f6ssarjaturnauksissa turnausj\u00e4rjest\u00e4j\u00e4 l\u00e4hett\u00e4\u00e4 tiedot otteluista (ottelupaikka, osoite, p\u00e4iv\u00e4m\u00e4\u00e4r\u00e4 ja kellonajat) kilpailup\u00e4\u00e4llik\u00f6lle v\u00e4litt\u00f6m\u00e4sti, kun ne ovat selvill\u00e4<\/li>\n<\/ul>\n\n\n\n<p><strong>8.2 Ottelu-\/turnaussiirrot<\/strong><\/p>\n\n\n\n<p>Ottelut ja turnaukset on pelattava laaditun sarjaohjelman mukaisesti. Ottelua ei saa siirt\u00e4\u00e4 ilman liiton (SLel) lupaa. Mik\u00e4li turnauksen\/ottelun ajankohtaa on pakottavista syist\u00e4 tarpeen siirt\u00e4\u00e4, tulee joukkueiden vastata kesken\u00e4\u00e4n pelaamatta j\u00e4\u00e4neiden otteluiden\/turnausten ajankohdista ja ilmoittaa niist\u00e4 kilpailup\u00e4\u00e4llik\u00f6lle. Joukkueiden on toimitettava perusteltu kirjallinen siirtohakemus SLel:n istumalentopallon kilpailup\u00e4\u00e4llik\u00f6lle hyviss\u00e4 ajoin ennen m\u00e4\u00e4r\u00e4tty\u00e4 ottelup\u00e4iv\u00e4\u00e4. Mik\u00e4li otteluista ei p\u00e4\u00e4st\u00e4 sopuun, kilpailup\u00e4\u00e4llik\u00f6 tekee p\u00e4\u00e4t\u00f6ksen. Ottelu-\/turnaussiirtoihin sovelletaan lis\u00e4ksi liiton sarjam\u00e4\u00e4r\u00e4ysten kohtia 7.5 ja 7.5.1 sek\u00e4 liiton kilpailus\u00e4\u00e4nt\u00f6jen 10 \u00a7:\u00e4.<\/p>\n\n\n\n<p><strong>8.2.1 Ottelusiirrosta aiheutuvat kustannukset<\/strong><\/p>\n\n\n\n<p>Liitto voi m\u00e4\u00e4r\u00e4t\u00e4 siirtoa hakevan joukkueen (jos sopimusta ei ole saavutettu) korvaamaan toiselle joukkueelle, tuomareille tai muille kilpailuissa mukana oleville aiheuttamansa taloudellisen vahingon (todelliset kulut tai vahingot). Korvattavia kuluja ovat ainakin ottelun siirrosta ja uuden ottelun tiedottamisesta aiheutuvat kulut. Vahingoista tai kuluista on korvausvelvolliselle joukkueelle pyydett\u00e4ess\u00e4 annettava selvitys ja tositteet.<\/p>\n\n\n\n<p><strong>8.3 Luovutukset<\/strong><\/p>\n\n\n\n<p>SM-sarjassa ei ole mahdollisuus luovuttaa yht\u00e4\u00e4n ottelua. Luovutuksiin sovelletaan liiton sarjam\u00e4\u00e4r\u00e4ysten kohtia 5.1-5.3 sek\u00e4 liiton kilpailus\u00e4\u00e4nt\u00f6jen 9 \u00a7:\u00e4 ja 32a \u00a7:\u00e4.<\/p>\n\n\n\n<p><strong>8.4 Korvaukset<\/strong><\/p>\n\n\n\n<p>SM-sarjasta luopuneen tai suljetun joukkueen kaikki ottelut mit\u00e4t\u00f6id\u00e4\u00e4n ja joukkueen on maksettava sakkoa SLel:lle 400 euroa.<\/p>\n\n\n\n<p><strong>8.5 Ottelutavat ja erityiss\u00e4\u00e4nn\u00f6t<\/strong><\/p>\n\n\n\n<p>Verkkovirhes\u00e4\u00e4nn\u00f6n osalta noudatetaan voimassa olevia kansainv\u00e4lisi\u00e4 istumalentopallopelin s\u00e4\u00e4nt\u00f6j\u00e4.<\/p>\n\n\n\n<p><strong>8.6 Tuomarit, toimitsijat ja korvaukset<\/strong><\/p>\n\n\n\n<p><strong>8.6.1 Tuomarit<\/strong><\/p>\n\n\n\n<p><strong>SM-sarjat ja Suomen Cup<\/strong><\/p>\n\n\n\n<p>K\u00e4ytet\u00e4\u00e4n kahta (2) erotuomaria, p\u00e4\u00e4tuomarilla on oltava v\u00e4hint\u00e4\u00e4n II luokan erotuomarikortti. Verkkotuomarilla on oltava v\u00e4hint\u00e4\u00e4n III luokan erotuomarikortti.<\/p>\n\n\n\n<p><strong>Ykk\u00f6ssarja<\/strong><\/p>\n\n\n\n<p>K\u00e4ytet\u00e4\u00e4n yht\u00e4 (1) tuomaria. Tuomarina voi toimia vapaana olevan joukkueen pelaaja.<\/p>\n\n\n\n<p><strong>Ik\u00e4miesten SM-turnaus<\/strong><\/p>\n\n\n\n<p>K\u00e4ytet\u00e4\u00e4n yht\u00e4 (1) tuomaria, jolla on erotuomarikortti (tai entinen tuomari).<\/p>\n\n\n\n<p><strong>Muut m\u00e4\u00e4r\u00e4ykset<\/strong><\/p>\n\n\n\n<p>SM-sarjassa pelaavan joukkueen j\u00e4sen (pelaaja, valmentaja, huoltaja, joukkueenjohtaja&#8230;) ei saa toimia p\u00e4\u00e4tuomarina omalla sarjatasolla pelattavissa oman joukkueen otteluissa.<\/p>\n\n\n\n<p><strong>8.6.2 Tuomarikorvaukset<\/strong><\/p>\n\n\n\n<ul class=\"wp-block-list\">\n<li>SM-sarjat, Suomen CUP<ul><li>2 er\u00e4n ja 2 voittoer\u00e4n ottelut (p\u00e4\u00e4- ja verkkotuomari)<ul><li>naiset: 35 eur<\/li><\/ul><ul><li>miehet: 40 eur<\/li><\/ul><\/li><\/ul><ul><li>3 er\u00e4n ottelut<ul><li>naiset: 40 eur<\/li><\/ul><ul><li>miehet: 45 eur<\/li><\/ul><\/li><\/ul><ul><li>3 voittoer\u00e4n ottelut (p\u00e4\u00e4- ja verkkotuomari)<ul><li>naiset: 60 eur<\/li><\/ul><ul><li>miehet: 65 eur<\/li><\/ul><\/li><\/ul>\n<ul class=\"wp-block-list\">\n<li>rajatuomarit SM-mitaliotteluissa<ul><li>naiset: 20 eur<\/li><\/ul>\n<ul class=\"wp-block-list\">\n<li>miehet: 25 eur<\/li>\n<\/ul>\n<\/li>\n<\/ul>\n<\/li>\n\n\n\n<li>ik\u00e4miesten M50 SM-turnaus (p\u00e4\u00e4tuomari):\n<ul class=\"wp-block-list\">\n<li>35 eur<\/li>\n<\/ul>\n<\/li>\n\n\n\n<li>P\u00e4iv\u00e4rahakorvaus ja matkakustannusten korvaukset verohallinnon ja SLeL sarjam\u00e4\u00e4r\u00e4ysten mukaisesti.<\/li>\n<\/ul>\n\n\n\n<p><strong>8.7 Tuomitsemislinjat<\/strong><\/p>\n\n\n\n<p>SM-sarjoissa ja Suomen Cupissa noudatetaan I-tulkintalinjaa. Ykk\u00f6ssarjassa ja veteraani\u00adturnauksissa noudatetaan II-tulkintalinjaa. (sarjam\u00e4\u00e4r\u00e4ykset 16, SLeL)<\/p>\n\n\n\n<p><strong>8.8 Pelist\u00e4 sulkeminen sek\u00e4 muut rangaistukset ottelun j\u00e4lkeen<\/strong><\/p>\n\n\n\n<p>Pelaaja, joka on k\u00e4ytt\u00e4ytymisrikkomuksen vuoksi suljettu pelist\u00e4 koko ottelun ajaksi, samoin kuin pelaaja, joka heti ottelun p\u00e4\u00e4ttymisen j\u00e4lkeen on syyllistynyt<\/p>\n\n\n\n<p>sellaiseen k\u00e4ytt\u00e4ytymisrikkomukseen, joka ottelun aikana olisi johtanut sulkemiseen pelist\u00e4 koko ottelun ajaksi, ei saa pelata virallisissa otteluissa ennen kuin Liitto (SLel) on p\u00e4\u00e4tt\u00e4nyt mahdollisesta rangaistuksesta.<\/p>\n\n\n\n<p>P\u00e4\u00e4tuomarin on merkitt\u00e4v\u00e4 p\u00e4\u00e4t\u00f6ksens\u00e4 pelaajan sulkemisesta koko ottelun ajaksi p\u00f6yt\u00e4kirjan kaikkiin kappaleisiin ja teht\u00e4v\u00e4 siit\u00e4 yksityiskohtainen selvitys liittoon (SLel) sek\u00e4 muistutettava ao. pelaajaa antamaan tapauksesta oma selvityksens\u00e4 joko heti ottelup\u00f6yt\u00e4kirjan yhteydess\u00e4 tai viimeist\u00e4\u00e4n kahden p\u00e4iv\u00e4n kuluessa Liittoon (SLel). Asia ratkaistaan, vaikka pelaaja ei antaisikaan selvityst\u00e4\u00e4n.<\/p>\n\n\n\n<p>Lievimmiss\u00e4 rangaistuksissa ottelun j\u00e4lkeen toimitaan kuten edell\u00e4, mutta poikkeuksena pelaaja saa pelata seuraavissa otteluissa ja mahdollinen rangaistus toteutetaan p\u00e4\u00e4t\u00f6ksen mukaisesti.<\/p>\n\n\n\n<p><strong>8.9 <\/strong><strong>Vastalause, edustusoikeutta koskeva huomautus, farmisopimus<\/strong><\/p>\n\n\n\n<p><strong>8.9.1 Vastalause<\/strong><\/p>\n\n\n\n<p>Erimielisyyksist\u00e4 tai puutteellisuuksista ottelun kulkuun tai j\u00e4rjestelyihin n\u00e4hden voidaan tehd\u00e4 vastalause. Vastalause on teht\u00e4v\u00e4 kirjallisesti. Tuomarin n\u00e4kemysratkaisut eiv\u00e4t kelpaa vastalauseen perustaksi.<\/p>\n\n\n\n<p>Vastalauseasioiden k\u00e4sittely\u00e4 varten turnausj\u00e4rjest\u00e4j\u00e4n on koottava Jury. Jury kootaan vasta tarpeen niin vaatiessa. Sen kokoonpano on seuraava:<\/p>\n\n\n\n<ul class=\"wp-block-list\">\n<li>tuomari,<\/li>\n\n\n\n<li>turnauksen j\u00e4rjest\u00e4j\u00e4n edustaja, ja<\/li>\n\n\n\n<li>yksi ei-asianosaisen joukkueen edustaja.<\/li>\n<\/ul>\n\n\n\n<p>Joukkueen kapteeni ilmoittaa v\u00e4litt\u00f6m\u00e4sti vastalausehalukkuudesta tuomarille ottelussa. Kirjallinen vastalause on teht\u00e4v\u00e4 10 minuutin kuluessa ottelun p\u00e4\u00e4ttymisest\u00e4. Samassa ajassa on maksettava vastalausemaksu 50 euroa, joka toimitetaan SLel:lle. Jury k\u00e4sittelee vastalauseen mahdollisimman pian ottelun p\u00e4\u00e4tytty\u00e4. Ottelun p\u00e4\u00e4tytty\u00e4 ei ole mahdollista tehd\u00e4 vastalausetta, jos mainittua v\u00e4lit\u00f6nt\u00e4 ilmoitusta vastalausehalukkuudesta ei ole tehty.<\/p>\n\n\n\n<p>J\u00e4rjestelyseikkoja koskevat vastalauseet on teht\u00e4v\u00e4 ennen ottelun alkua tai viimeist\u00e4\u00e4n silloin, kun ne tavanomaista menettelytapaa ja normaalia tarkkaavaisuutta k\u00e4ytt\u00e4en voidaan havaita. Aloittamalla ottelun joukkueen katsotaan hyv\u00e4ksyneen vallitsevat olosuhteet.<\/p>\n\n\n\n<p>Mik\u00e4li Jury hyv\u00e4ksyy vastalauseen, vastalausemaksu palautetaan. Juryn p\u00e4\u00e4t\u00f6kseen tyytym\u00e4tt\u00f6m\u00e4n asianosaisen on mahdollista valittaa p\u00e4\u00e4t\u00f6ksest\u00e4 tekem\u00e4ll\u00e4 valitus SLel:n s\u00e4\u00e4nt\u00f6ryhm\u00e4lle. S\u00e4\u00e4nt\u00f6ryhm\u00e4lle osoitettu kirjallinen valitus on toimitettava perusteluineen SLel:n toimistoon todistettavasti 5 p\u00e4iv\u00e4n kuluessa Juryn p\u00e4\u00e4t\u00f6ksest\u00e4. Valitusmaksu (50 euroa) on maksettava samassa m\u00e4\u00e4r\u00e4ajassa SLel:n tilille. Maksu j\u00e4\u00e4 SLel:lle silloin kun valitus hyl\u00e4t\u00e4\u00e4n, katsotaan perusteettomaksi tai perutaan ennen k\u00e4sittely\u00e4.<\/p>\n\n\n\n<p>S\u00e4\u00e4nt\u00f6ryhm\u00e4n p\u00e4\u00e4t\u00f6kset ovat lopullisia, paitsi niiss\u00e4 tapauksissa, joissa p\u00e4\u00e4t\u00f6kseen saa hakea muutosta valittamalla Urheilun oikeusturvalautakunnalle sit\u00e4 koskevien s\u00e4\u00e4nt\u00f6jen mukaisesti.<\/p>\n\n\n\n<p>Vastalauseisiin sovelletaan soveltuvin osin SLeL:n kilpailus\u00e4\u00e4nt\u00f6jen ja sarjam\u00e4\u00e4r\u00e4ysten vastalausepyk\u00e4li\u00e4.<\/p>\n\n\n\n<p><strong>8.9.2 Edustusoikeutta koskeva huomautus<\/strong><\/p>\n\n\n\n<p>Pelaajan edustusoikeutta koskevat huomautukset on teht\u00e4v\u00e4 sarjan kuluessa, viimeist\u00e4\u00e4n kahden (2) vuorokauden kuluessa sarjan tai lohkon viimeisest\u00e4 ohjelman mukaisesta ottelusta. (kilpailus\u00e4\u00e4nn\u00f6t 27 \u00a7, SLeL)<\/p>\n\n\n\n<p>Jos joukkueessa on pelannut edustusoikeutta vailla oleva pelaaja, on joukkue m\u00e4\u00e4r\u00e4tt\u00e4v\u00e4 h\u00e4vinneeksi ne ottelut, joissa rike on tapahtunut tuloksella 0-2 tai 0-3 otteluj\u00e4rjestelm\u00e4st\u00e4 riippuen.<\/p>\n\n\n\n<p><strong>8.9.3. Farmijoukkuesopimus<\/strong><\/p>\n\n\n\n<p>Farmisopimuksia ei ole mahdollista solmia kaudelle 2025-2026.<\/p>\n\n\n\n<p><strong>8.10 Tulosten tiedottaminen, turnaustiedotteet<\/strong><\/p>\n\n\n\n<p>Kaikissa otteluissa j\u00e4rjest\u00e4v\u00e4n seuran on kirjattava ottelutulokset lentopalloliiton tulospalveluun.<\/p>\n\n\n\n<p>Turnauskutsut ja turnaustiedotteet tulee toimittaa liiton istumalentopallosivuston yll\u00e4pit\u00e4j\u00e4lle istumalentopallosivustolle julkaisemista varten:<\/p>\n\n\n\n<p><strong>&nbsp;Jenni K\u00e4rkk\u00e4inen &lt;<\/strong><strong>istumalentopallo@lentopalloliitto.fi&gt;<\/strong><\/p>\n\n\n\n<p>Kaikissa turnauksissa turnausj\u00e4rjest\u00e4j\u00e4 on velvollinen laatimaan turnausraportin (kuvan tai kuvien kera) ja l\u00e4hett\u00e4m\u00e4\u00e4n sen istumalentopallosivuston yll\u00e4pit\u00e4j\u00e4lle julkaisemista varten.<\/p>\n\n\n\n<p><strong>9. VASTUULLISUUS<\/strong><\/p>\n\n\n\n<p>Suomen Lentopalloliitto on sitoutunut Urheiluyhteis\u00f6n vastuullisuusohjelmaan.<\/p>\n\n\n\n<figure class=\"wp-block-embed is-type-wp-embed is-provider-lentopalloliitto wp-block-embed-lentopalloliitto\"><div class=\"wp-block-embed__wrapper\">\n<blockquote class=\"wp-embedded-content\" data-secret=\"G3Lttk8Z5n\"><a href=\"https:\/\/www.lentopallo.fi\/vastuullisuus\/\">Vastuullisuus<\/a><\/blockquote><iframe loading=\"lazy\" class=\"wp-embedded-content\" sandbox=\"allow-scripts\" security=\"restricted\" style=\"position: absolute; visibility: hidden;\" title=\"&#8221;Vastuullisuus&#8221; &#8212; Lentopalloliitto\" src=\"https:\/\/www.lentopallo.fi\/vastuullisuus\/embed\/#?secret=3J4ZeDrnqB#?secret=G3Lttk8Z5n\" data-secret=\"G3Lttk8Z5n\" width=\"600\" height=\"338\" frameborder=\"0\" marginwidth=\"0\" marginheight=\"0\" scrolling=\"no\"><\/iframe>\n<\/div><\/figure>\n\n\n\n<p><strong>10. S\u00c4\u00c4NT\u00d6JEN VOIMASSAOLO<\/strong><\/p>\n\n\n\n<p>N\u00e4iden s\u00e4\u00e4nt\u00f6jen vahvistamisesta ja niihin teht\u00e4vist\u00e4 muutoksista sek\u00e4 muista sarjoihin liittyvist\u00e4 n\u00e4iss\u00e4 sarjam\u00e4\u00e4r\u00e4yksiss\u00e4 mainitsematta olevista asioista p\u00e4\u00e4tt\u00e4\u00e4 SLel:n istumalentopallojaosto, joka on oikeutettu antamaan s\u00e4\u00e4nt\u00f6jen soveltamiseen tarvittavat m\u00e4\u00e4r\u00e4ykset.<\/p>\n","protected":false},"excerpt":{"rendered":"<p>1. S\u00c4\u00c4NN\u00d6T JA M\u00c4\u00c4R\u00c4YKSET Istumalentopallon Suomen mestaruuskilpailuissa noudatetaan kansainv\u00e4lisi\u00e4 lentopallopelin s\u00e4\u00e4nt\u00f6j\u00e4, Suomen Lentopalloliiton (SLel) kilpailus\u00e4\u00e4nt\u00f6j\u00e4 ja sarjam\u00e4\u00e4r\u00e4yksi\u00e4, kansainv\u00e4lisi\u00e4 istumalentopallopelin s\u00e4\u00e4nt\u00f6j\u00e4, Suomen Paralympiakomitean istumalentopallopelin s\u00e4\u00e4nt\u00f6j\u00e4 ja n\u00e4it\u00e4 sarjam\u00e4\u00e4r\u00e4yksi\u00e4. 2. SARJAT JA JOUKKUEET Kaudella pelataan miesten SM-sarja, naisten SM-sarja, ykk\u00f6ssarja, Suomen CUP-turnaus ja ik\u00e4miesten M50 SM-turnaus. SM-sarjaan osallistuvan joukkueen tulee olla SLel:n j\u00e4senseura tai Suomen Paralympiakomitean j\u00e4senseura\/-yhdistys. [&hellip;]<\/p>\n","protected":false},"author":4,"featured_media":418,"parent":259,"menu_order":0,"comment_status":"closed","ping_status":"closed","template":"pages\/template-kilpailu.php","meta":{"_acf_changed":false,"inline_featured_image":false,"footnotes":""},"class_list":["post-280","page","type-page","status-publish","has-post-thumbnail","hentry"],"acf":[],"_links":{"self":[{"href":"https:\/\/sivustot.lentopallo.fi\/istumalentopallo\/wp-json\/wp\/v2\/pages\/280","targetHints":{"allow":["GET"]}}],"collection":[{"href":"https:\/\/sivustot.lentopallo.fi\/istumalentopallo\/wp-json\/wp\/v2\/pages"}],"about":[{"href":"https:\/\/sivustot.lentopallo.fi\/istumalentopallo\/wp-json\/wp\/v2\/types\/page"}],"author":[{"embeddable":true,"href":"https:\/\/sivustot.lentopallo.fi\/istumalentopallo\/wp-json\/wp\/v2\/users\/4"}],"replies":[{"embeddable":true,"href":"https:\/\/sivustot.lentopallo.fi\/istumalentopallo\/wp-json\/wp\/v2\/comments?post=280"}],"version-history":[{"count":18,"href":"https:\/\/sivustot.lentopallo.fi\/istumalentopallo\/wp-json\/wp\/v2\/pages\/280\/revisions"}],"predecessor-version":[{"id":1096,"href":"https:\/\/sivustot.lentopallo.fi\/istumalentopallo\/wp-json\/wp\/v2\/pages\/280\/revisions\/1096"}],"up":[{"embeddable":true,"href":"https:\/\/sivustot.lentopallo.fi\/istumalentopallo\/wp-json\/wp\/v2\/pages\/259"}],"wp:featuredmedia":[{"embeddable":true,"href":"https:\/\/sivustot.lentopallo.fi\/istumalentopallo\/wp-json\/wp\/v2\/media\/418"}],"wp:attachment":[{"href":"https:\/\/sivustot.lentopallo.fi\/istumalentopallo\/wp-json\/wp\/v2\/media?parent=280"}],"curies":[{"name":"wp","href":"https:\/\/api.w.org\/{rel}","templated":true}]}}