{"id":682,"date":"2023-11-06T07:05:05","date_gmt":"2023-11-06T07:05:05","guid":{"rendered":"https:\/\/sivustot.lentopallo.fi\/istumalentopallo\/?page_id=682"},"modified":"2023-11-16T09:14:58","modified_gmt":"2023-11-16T09:14:58","slug":"ajankohtaista","status":"publish","type":"page","link":"https:\/\/sivustot.lentopallo.fi\/istumalentopallo\/ajankohtaista\/","title":{"rendered":"Ajankohtaista"},"content":{"rendered":"\n<section id=\"block_4baf94d4f3565449fbf42cc02aced5e1\" class=\"related-news\">\n\t\n\n\t<div class=\"related-news-holder\">\n\t\t\n\t\t<div class=\"related-news-list\">\n\t\t\t\t\t\t\t\n<div class=\"news-block post-710 uutiset type-uutiset status-publish has-post-thumbnail hentry\">\n\t<div class=\"info font-color-white\" style=\"background-color:#09162c;\" data-color=\"#09162c\">\n\t\t<div class=\"holder-info\">\n\t\t\t<div class=\"news-date-info\">\n\t\t\t\t\n\t\t\t\t\t<time datetime=\"2023-11-12\">\n\t\t\t\t\t\t12.11.2023\t\t\t\t\t<\/time>\n\t\t\t\t\n\t\t\t<\/div>\n\n\t\t\t\t\t\t\t<div class=\"news-info-separator\">|<\/div>\n\n\t\t\t\t<div class=\"news-category-info\">\n\t\t\t\t\t\t\t\t\t\t\t<span class=\"news-category-name\">Tulokset<\/span>\n\t\t\t\t\t\t\t\t\t<\/div>\n\t\t\t\t\t<\/div>\n\n\t\t<h2 class=\"news-title\"><a href=\"https:\/\/sivustot.lentopallo.fi\/istumalentopallo\/uutiset\/istumalentopallon-suomen-cupin-mestarit-ovat-selvilla\/\" rel=\"bookmark\">Istumalentopallon Suomen Cupin mestarit ovat selvill\u00e4!<\/a><\/h2>\n\t\t<a class=\"btn btn-read-more\" href=\"https:\/\/sivustot.lentopallo.fi\/istumalentopallo\/uutiset\/istumalentopallon-suomen-cupin-mestarit-ovat-selvilla\/\" rel=\"bookmark\">Lue lis\u00e4\u00e4<\/a>\n\t<\/div>\n\n\t\t\t<div class=\"news-image\" style=\"background-image:url(https:\/\/sivustot.lentopallo.fi\/istumalentopallo\/files\/2023\/11\/WhatsApp-Kuva-2023-11-11-klo-20.06.50_7dc4de15-1039x779.jpg);\">\n\t\t\t\t\t\t\t<svg class=\"news-image-shape\" xmlns=\"http:\/\/www.w3.org\/2000\/svg\" width=\"1059\" height=\"643\" viewBox=\"0 0 1059 643\">\n\t\t\t\t\t<defs>\n\t\t\t\t\t\t<style>\n\t\t\t\t\t\t\t.cls-710 {\n\t\t\t\t\t\t\t\tfill: #09162c;\n\t\t\t\t\t\t\t\tfill-rule: evenodd;\n\t\t\t\t\t\t\t}\n\t\t\t\t\t\t<\/style>\n\t\t\t\t\t<\/defs>\n\t\t\t\t\t<path vector-effect=\"non-scaling-stroke\" class=\"path-image-shape cls-710\" d=\"M1056,0h3V372l-297-1ZM455,642H306L454,372h1L603,642H455ZM0,278.815V185l301,93.185v0.63L0,372V278.815ZM1058,373h1V643H910Z\"\/>\n\t\t\t\t<\/svg>\n\t\t\t\t\t<\/div>\n\t<\/div>\n\t\t\t\t\t\t\t\n<div class=\"news-block post-722 uutiset type-uutiset status-publish has-post-thumbnail hentry\">\n\t<div class=\"info font-color-white\" data-color=\"\">\n\t\t<div class=\"holder-info\">\n\t\t\t<div class=\"news-date-info\">\n\t\t\t\t\n\t\t\t\t\t<time datetime=\"2023-11-15\">\n\t\t\t\t\t\t15.11.2023\t\t\t\t\t<\/time>\n\t\t\t\t\n\t\t\t<\/div>\n\n\t\t\t\t\t\t\t<div class=\"news-info-separator\">|<\/div>\n\n\t\t\t\t<div class=\"news-category-info\">\n\t\t\t\t\t\t\t\t\t\t\t<span class=\"news-category-name\">Kutsut<\/span>\n\t\t\t\t\t\t\t\t\t<\/div>\n\t\t\t\t\t<\/div>\n\n\t\t<h2 class=\"news-title\"><a href=\"https:\/\/sivustot.lentopallo.fi\/istumalentopallo\/uutiset\/kutsu-1-sarjan-turnaukseen\/\" rel=\"bookmark\">Kutsu 1-sarjan turnaukseen!<\/a><\/h2>\n\t\t<a class=\"btn btn-read-more\" href=\"https:\/\/sivustot.lentopallo.fi\/istumalentopallo\/uutiset\/kutsu-1-sarjan-turnaukseen\/\" rel=\"bookmark\">Lue lis\u00e4\u00e4<\/a>\n\t<\/div>\n\n\t\t\t<div class=\"news-image\" style=\"background-image:url(https:\/\/sivustot.lentopallo.fi\/istumalentopallo\/files\/2023\/10\/337726599_1249200946013051_6208287476021787772_n-1039x779.jpg);\">\n\t\t\t\t\t<\/div>\n\t<\/div>\n\t\t\t\t\t\t\t\t<\/div>\n\n\t\t\t\t\t<div class=\"link container\">\n\t\t\t\t<a href=\"https:\/\/sivustot.lentopallo.fi\/istumalentopallo\/uutiset\/turnaus-xxx\/\" target=\"_self\">Joukkueet, ottelut, tulokset<\/a>\t\t\t<\/div>\n\t\t\t<\/div>\n\n\n<\/section>\n\n\n\n<section id=\"block_e71416b81650803614f6f00e57552ec5\" class=\"related-news\">\n\t\n\n\t<div class=\"related-news-holder\">\n\t\t\n\t\t<div class=\"related-news-list\">\n\t\t\t\t\t\t\t\n<div class=\"news-block post-722 uutiset type-uutiset status-publish has-post-thumbnail hentry\">\n\t<div class=\"info font-color-white\" data-color=\"\">\n\t\t<div class=\"holder-info\">\n\t\t\t<div class=\"news-date-info\">\n\t\t\t\t\n\t\t\t\t\t<time datetime=\"2023-11-15\">\n\t\t\t\t\t\t15.11.2023\t\t\t\t\t<\/time>\n\t\t\t\t\n\t\t\t<\/div>\n\n\t\t\t\t\t\t\t<div class=\"news-info-separator\">|<\/div>\n\n\t\t\t\t<div class=\"news-category-info\">\n\t\t\t\t\t\t\t\t\t\t\t<span class=\"news-category-name\">Kutsut<\/span>\n\t\t\t\t\t\t\t\t\t<\/div>\n\t\t\t\t\t<\/div>\n\n\t\t<h2 class=\"news-title\"><a href=\"https:\/\/sivustot.lentopallo.fi\/istumalentopallo\/uutiset\/kutsu-1-sarjan-turnaukseen\/\" rel=\"bookmark\">Kutsu 1-sarjan turnaukseen!<\/a><\/h2>\n\t\t<a class=\"btn btn-read-more\" href=\"https:\/\/sivustot.lentopallo.fi\/istumalentopallo\/uutiset\/kutsu-1-sarjan-turnaukseen\/\" rel=\"bookmark\">Lue lis\u00e4\u00e4<\/a>\n\t<\/div>\n\n\t\t\t<div class=\"news-image\" style=\"background-image:url(https:\/\/sivustot.lentopallo.fi\/istumalentopallo\/files\/2023\/10\/337726599_1249200946013051_6208287476021787772_n-1039x779.jpg);\">\n\t\t\t\t\t<\/div>\n\t<\/div>\n\t\t\t\t\t\t\t\n<div class=\"news-block post-731 uutiset type-uutiset status-publish has-post-thumbnail hentry\">\n\t<div class=\"info font-color-white\" style=\"background-color:#ddb67c;\" data-color=\"#ddb67c\">\n\t\t<div class=\"holder-info\">\n\t\t\t<div class=\"news-date-info\">\n\t\t\t\t\n\t\t\t\t\t<time datetime=\"2023-11-16\">\n\t\t\t\t\t\t16.11.2023\t\t\t\t\t<\/time>\n\t\t\t\t\n\t\t\t<\/div>\n\n\t\t\t\t\t\t\t<div class=\"news-info-separator\">|<\/div>\n\n\t\t\t\t<div class=\"news-category-info\">\n\t\t\t\t\t\t\t\t\t\t\t<span class=\"news-category-name\">Naisten SM-sarja<\/span>\n\t\t\t\t\t\t\t\t\t<\/div>\n\t\t\t\t\t<\/div>\n\n\t\t<h2 class=\"news-title\"><a href=\"https:\/\/sivustot.lentopallo.fi\/istumalentopallo\/uutiset\/naisten-sm-osaturnaus\/\" rel=\"bookmark\">Naisten SM-osaturnaus<\/a><\/h2>\n\t\t<a class=\"btn btn-read-more\" href=\"https:\/\/sivustot.lentopallo.fi\/istumalentopallo\/uutiset\/naisten-sm-osaturnaus\/\" rel=\"bookmark\">Lue lis\u00e4\u00e4<\/a>\n\t<\/div>\n\n\t\t\t<div class=\"news-image\" style=\"background-image:url(https:\/\/sivustot.lentopallo.fi\/istumalentopallo\/files\/2023\/11\/WhatsApp-Kuva-2023-11-12-klo-07.52.31_e7df5b61-1039x779.jpg);\">\n\t\t\t\t\t\t\t<svg class=\"news-image-shape\" xmlns=\"http:\/\/www.w3.org\/2000\/svg\" width=\"1059\" height=\"643\" viewBox=\"0 0 1059 643\">\n\t\t\t\t\t<defs>\n\t\t\t\t\t\t<style>\n\t\t\t\t\t\t\t.cls-731 {\n\t\t\t\t\t\t\t\tfill: #ddb67c;\n\t\t\t\t\t\t\t\tfill-rule: evenodd;\n\t\t\t\t\t\t\t}\n\t\t\t\t\t\t<\/style>\n\t\t\t\t\t<\/defs>\n\t\t\t\t\t<path vector-effect=\"non-scaling-stroke\" class=\"path-image-shape cls-731\" d=\"M1056,0h3V372l-297-1ZM455,642H306L454,372h1L603,642H455ZM0,278.815V185l301,93.185v0.63L0,372V278.815ZM1058,373h1V643H910Z\"\/>\n\t\t\t\t<\/svg>\n\t\t\t\t\t<\/div>\n\t<\/div>\n\t\t\t\t\t\t\t\n<div class=\"news-block post-732 uutiset type-uutiset status-publish has-post-thumbnail hentry\">\n\t<div class=\"info font-color-white\" style=\"background-color:#57a7c1;\" data-color=\"#57a7c1\">\n\t\t<div class=\"holder-info\">\n\t\t\t<div class=\"news-date-info\">\n\t\t\t\t\n\t\t\t\t\t<time datetime=\"2023-11-16\">\n\t\t\t\t\t\t16.11.2023\t\t\t\t\t<\/time>\n\t\t\t\t\n\t\t\t<\/div>\n\n\t\t\t\t\t\t\t<div class=\"news-info-separator\">|<\/div>\n\n\t\t\t\t<div class=\"news-category-info\">\n\t\t\t\t\t\t\t\t\t\t\t<span class=\"news-category-name\">Kansainv\u00e4liset kilpailut<\/span>\n\t\t\t\t\t\t\t\t\t<\/div>\n\t\t\t\t\t<\/div>\n\n\t\t<h2 class=\"news-title\"><a href=\"https:\/\/sivustot.lentopallo.fi\/istumalentopallo\/uutiset\/kairon-world-cup-11-18-11\/\" rel=\"bookmark\">Kairon World Cup 11-18.11<\/a><\/h2>\n\t\t<a class=\"btn btn-read-more\" href=\"https:\/\/sivustot.lentopallo.fi\/istumalentopallo\/uutiset\/kairon-world-cup-11-18-11\/\" rel=\"bookmark\">Lue lis\u00e4\u00e4<\/a>\n\t<\/div>\n\n\t\t\t<div class=\"news-image\" style=\"background-image:url(https:\/\/sivustot.lentopallo.fi\/istumalentopallo\/files\/2023\/10\/399647195_740702584759228_4119786880792409233_n-1039x675.jpg);\">\n\t\t\t\t\t\t\t<svg class=\"news-image-shape\" xmlns=\"http:\/\/www.w3.org\/2000\/svg\" width=\"1059\" height=\"643\" viewBox=\"0 0 1059 643\">\n\t\t\t\t\t<defs>\n\t\t\t\t\t\t<style>\n\t\t\t\t\t\t\t.cls-732 {\n\t\t\t\t\t\t\t\tfill: #57a7c1;\n\t\t\t\t\t\t\t\tfill-rule: evenodd;\n\t\t\t\t\t\t\t}\n\t\t\t\t\t\t<\/style>\n\t\t\t\t\t<\/defs>\n\t\t\t\t\t<path vector-effect=\"non-scaling-stroke\" class=\"path-image-shape cls-732\" d=\"M1056,0h3V372l-297-1ZM455,642H306L454,372h1L603,642H455ZM0,278.815V185l301,93.185v0.63L0,372V278.815ZM1058,373h1V643H910Z\"\/>\n\t\t\t\t<\/svg>\n\t\t\t\t\t<\/div>\n\t<\/div>\n\t\t\t\t\t\t\t\n<div class=\"news-block post-710 uutiset type-uutiset status-publish has-post-thumbnail hentry\">\n\t<div class=\"info font-color-white\" style=\"background-color:#09162c;\" data-color=\"#09162c\">\n\t\t<div class=\"holder-info\">\n\t\t\t<div class=\"news-date-info\">\n\t\t\t\t\n\t\t\t\t\t<time datetime=\"2023-11-12\">\n\t\t\t\t\t\t12.11.2023\t\t\t\t\t<\/time>\n\t\t\t\t\n\t\t\t<\/div>\n\n\t\t\t\t\t\t\t<div class=\"news-info-separator\">|<\/div>\n\n\t\t\t\t<div class=\"news-category-info\">\n\t\t\t\t\t\t\t\t\t\t\t<span class=\"news-category-name\">Tulokset<\/span>\n\t\t\t\t\t\t\t\t\t<\/div>\n\t\t\t\t\t<\/div>\n\n\t\t<h2 class=\"news-title\"><a href=\"https:\/\/sivustot.lentopallo.fi\/istumalentopallo\/uutiset\/istumalentopallon-suomen-cupin-mestarit-ovat-selvilla\/\" rel=\"bookmark\">Istumalentopallon Suomen Cupin mestarit ovat selvill\u00e4!<\/a><\/h2>\n\t\t<a class=\"btn btn-read-more\" href=\"https:\/\/sivustot.lentopallo.fi\/istumalentopallo\/uutiset\/istumalentopallon-suomen-cupin-mestarit-ovat-selvilla\/\" rel=\"bookmark\">Lue lis\u00e4\u00e4<\/a>\n\t<\/div>\n\n\t\t\t<div class=\"news-image\" style=\"background-image:url(https:\/\/sivustot.lentopallo.fi\/istumalentopallo\/files\/2023\/11\/WhatsApp-Kuva-2023-11-11-klo-20.06.50_7dc4de15-1039x779.jpg);\">\n\t\t\t\t\t\t\t<svg class=\"news-image-shape\" xmlns=\"http:\/\/www.w3.org\/2000\/svg\" width=\"1059\" height=\"643\" viewBox=\"0 0 1059 643\">\n\t\t\t\t\t<defs>\n\t\t\t\t\t\t<style>\n\t\t\t\t\t\t\t.cls-710 {\n\t\t\t\t\t\t\t\tfill: #09162c;\n\t\t\t\t\t\t\t\tfill-rule: evenodd;\n\t\t\t\t\t\t\t}\n\t\t\t\t\t\t<\/style>\n\t\t\t\t\t<\/defs>\n\t\t\t\t\t<path vector-effect=\"non-scaling-stroke\" class=\"path-image-shape cls-710\" d=\"M1056,0h3V372l-297-1ZM455,642H306L454,372h1L603,642H455ZM0,278.815V185l301,93.185v0.63L0,372V278.815ZM1058,373h1V643H910Z\"\/>\n\t\t\t\t<\/svg>\n\t\t\t\t\t<\/div>\n\t<\/div>\n\t\t\t\t\t\t\t\n<div class=\"news-block post-733 uutiset type-uutiset status-publish has-post-thumbnail hentry\">\n\t<div class=\"info font-color-white\" style=\"background-color:#57a7c1;\" data-color=\"#57a7c1\">\n\t\t<div class=\"holder-info\">\n\t\t\t<div class=\"news-date-info\">\n\t\t\t\t\n\t\t\t\t\t<time datetime=\"2023-10-28\">\n\t\t\t\t\t\t28.10.2023\t\t\t\t\t<\/time>\n\t\t\t\t\n\t\t\t<\/div>\n\n\t\t\t\t\t\t\t<div class=\"news-info-separator\">|<\/div>\n\n\t\t\t\t<div class=\"news-category-info\">\n\t\t\t\t\t\t\t\t\t\t\t<span class=\"news-category-name\">Kansainv\u00e4liset kilpailut<\/span>\n\t\t\t\t\t\t\t\t\t<\/div>\n\t\t\t\t\t<\/div>\n\n\t\t<h2 class=\"news-title\"><a href=\"https:\/\/sivustot.lentopallo.fi\/istumalentopallo\/uutiset\/asian-para-games\/\" rel=\"bookmark\">Asian Para Games<\/a><\/h2>\n\t\t<a class=\"btn btn-read-more\" href=\"https:\/\/sivustot.lentopallo.fi\/istumalentopallo\/uutiset\/asian-para-games\/\" rel=\"bookmark\">Lue lis\u00e4\u00e4<\/a>\n\t<\/div>\n\n\t\t\t<div class=\"news-image\" style=\"background-image:url(https:\/\/sivustot.lentopallo.fi\/istumalentopallo\/files\/2023\/11\/W020220513445174624474.jpg);\">\n\t\t\t\t\t\t\t<svg class=\"news-image-shape\" xmlns=\"http:\/\/www.w3.org\/2000\/svg\" width=\"1059\" height=\"643\" viewBox=\"0 0 1059 643\">\n\t\t\t\t\t<defs>\n\t\t\t\t\t\t<style>\n\t\t\t\t\t\t\t.cls-733 {\n\t\t\t\t\t\t\t\tfill: #57a7c1;\n\t\t\t\t\t\t\t\tfill-rule: evenodd;\n\t\t\t\t\t\t\t}\n\t\t\t\t\t\t<\/style>\n\t\t\t\t\t<\/defs>\n\t\t\t\t\t<path vector-effect=\"non-scaling-stroke\" class=\"path-image-shape cls-733\" d=\"M1056,0h3V372l-297-1ZM455,642H306L454,372h1L603,642H455ZM0,278.815V185l301,93.185v0.63L0,372V278.815ZM1058,373h1V643H910Z\"\/>\n\t\t\t\t<\/svg>\n\t\t\t\t\t<\/div>\n\t<\/div>\n\t\t\t\t\t\t\t\n<div class=\"news-block post-735 uutiset type-uutiset status-publish has-post-thumbnail hentry\">\n\t<div class=\"info font-color-white\" style=\"background-color:#57a7c1;\" data-color=\"#57a7c1\">\n\t\t<div class=\"holder-info\">\n\t\t\t<div class=\"news-date-info\">\n\t\t\t\t\n\t\t\t\t\t<time datetime=\"2023-10-19\">\n\t\t\t\t\t\t19.10.2023\t\t\t\t\t<\/time>\n\t\t\t\t\n\t\t\t<\/div>\n\n\t\t\t\t\t\t\t<div class=\"news-info-separator\">|<\/div>\n\n\t\t\t\t<div class=\"news-category-info\">\n\t\t\t\t\t\t\t\t\t\t\t<span class=\"news-category-name\">Kansainv\u00e4liset kilpailut<\/span>\n\t\t\t\t\t\t\t\t\t<\/div>\n\t\t\t\t\t<\/div>\n\n\t\t<h2 class=\"news-title\"><a href=\"https:\/\/sivustot.lentopallo.fi\/istumalentopallo\/uutiset\/europanmestaruuskilpailut\/\" rel=\"bookmark\">Euroopanmestaruuskilpailut<\/a><\/h2>\n\t\t<a class=\"btn btn-read-more\" href=\"https:\/\/sivustot.lentopallo.fi\/istumalentopallo\/uutiset\/europanmestaruuskilpailut\/\" rel=\"bookmark\">Lue lis\u00e4\u00e4<\/a>\n\t<\/div>\n\n\t\t\t<div class=\"news-image\" style=\"background-image:url(https:\/\/sivustot.lentopallo.fi\/istumalentopallo\/files\/2023\/10\/image-1-1039x693.png);\">\n\t\t\t\t\t\t\t<svg class=\"news-image-shape\" xmlns=\"http:\/\/www.w3.org\/2000\/svg\" width=\"1059\" height=\"643\" viewBox=\"0 0 1059 643\">\n\t\t\t\t\t<defs>\n\t\t\t\t\t\t<style>\n\t\t\t\t\t\t\t.cls-735 {\n\t\t\t\t\t\t\t\tfill: #57a7c1;\n\t\t\t\t\t\t\t\tfill-rule: evenodd;\n\t\t\t\t\t\t\t}\n\t\t\t\t\t\t<\/style>\n\t\t\t\t\t<\/defs>\n\t\t\t\t\t<path vector-effect=\"non-scaling-stroke\" class=\"path-image-shape cls-735\" d=\"M1056,0h3V372l-297-1ZM455,642H306L454,372h1L603,642H455ZM0,278.815V185l301,93.185v0.63L0,372V278.815ZM1058,373h1V643H910Z\"\/>\n\t\t\t\t<\/svg>\n\t\t\t\t\t<\/div>\n\t<\/div>\n\t\t\t\t\t\t\t\t<\/div>\n\n\t\t\t\t\t<div class=\"link container\">\n\t\t\t\t<a href=\"https:\/\/sivustot.lentopallo.fi\/istumalentopallo\/uutiset\/kansainvaliset-kilpailut\/\" target=\"_self\">Kansainv\u00e4liset kilpailut<\/a>\t\t\t<\/div>\n\t\t\t<\/div>\n\n\n<\/section>\n\n\n\n\n\t<section id=\"block_8dbc0e26cfaaa6a6244f0de9d4323815\" class=\"cta-section image-position-left\">\n\t\t<div class=\"cta-section-holder\">\n\t\t\t\t\t\t\t<div class=\"cta-s-image\" style=\"background-image:url(https:\/\/sivustot.lentopallo.fi\/istumalentopallo\/files\/2023\/10\/ReRa-KSI-12.2.22.jpg);\"><\/div>\n\t\t\t\n\t\t\t\t\t\t\t<div class=\"cta-s-content\">\n\t\t\t\t\t\t\t\t\t\t\t<h2 class=\"title\">Suomen Cup 2023<\/h2>\n\t\t\t\t\t\n\t\t\t\t\t\t\t\t\t\t\t<div class=\"text\">T\u00e4m\u00e4n vuotinen istumalentopallon Suomen Cup pelataan tulevana viikonloppuna 11.11 Kotkassa Otsolan koululla klo:10.30 alkaen. Ensimm\u00e4inen istiksen Suomen Cup on j\u00e4rjestetty jo vuonna 1985.<br \/>\r\n<br \/>\r\nNaisten cuppiin osallistuu nelj\u00e4 joukkuetta:  Tampereen seudun invalidit Ry (TSI), Rekolan Raikas (ReRa),  Kotkan seudun invalidit Ry (KSI Kotka) ja Palokan Pyry. <br \/>\r\nMiesten cup pelataan viiden joukkueen voimin: Hongiston Tarmo (HoTa), Rekolan Raikas (ReRa), Kotkan seudun invalidit Ry I ja II (KSI Kotka 1 ja KSI Kotka 2) sek\u00e4 ZZ Toivala.<br \/>\r\n<br \/>\r\nAlkuerien pelien j\u00e4lkeen pelit huipentuvat finaaliin sek\u00e4 miehill\u00e4 ett\u00e4 naisille klo:16:30 alkaen.<br \/>\r\nViime vuonna Suomen Cupin miesten mestaruuden vei KSI Kotka 1. Silloin miesten joukkueita oli mukana nelj\u00e4. Naisten cuppia ei j\u00e4rjestetty.<\/div>\n\t\t\t\t\t\n\t\t\t\t\t\t\t\t\t<\/div>\n\t\t\t\t\t<\/div>\n\t<\/section>\n","protected":false},"excerpt":{"rendered":"","protected":false},"author":10,"featured_media":0,"parent":0,"menu_order":0,"comment_status":"closed","ping_status":"closed","template":"pages\/template-news.php","meta":{"_acf_changed":false,"inline_featured_image":false,"footnotes":""},"class_list":["post-682","page","type-page","status-publish","hentry"],"acf":[],"_links":{"self":[{"href":"https:\/\/sivustot.lentopallo.fi\/istumalentopallo\/wp-json\/wp\/v2\/pages\/682","targetHints":{"allow":["GET"]}}],"collection":[{"href":"https:\/\/sivustot.lentopallo.fi\/istumalentopallo\/wp-json\/wp\/v2\/pages"}],"about":[{"href":"https:\/\/sivustot.lentopallo.fi\/istumalentopallo\/wp-json\/wp\/v2\/types\/page"}],"author":[{"embeddable":true,"href":"https:\/\/sivustot.lentopallo.fi\/istumalentopallo\/wp-json\/wp\/v2\/users\/10"}],"replies":[{"embeddable":true,"href":"https:\/\/sivustot.lentopallo.fi\/istumalentopallo\/wp-json\/wp\/v2\/comments?post=682"}],"version-history":[{"count":20,"href":"https:\/\/sivustot.lentopallo.fi\/istumalentopallo\/wp-json\/wp\/v2\/pages\/682\/revisions"}],"predecessor-version":[{"id":756,"href":"https:\/\/sivustot.lentopallo.fi\/istumalentopallo\/wp-json\/wp\/v2\/pages\/682\/revisions\/756"}],"wp:attachment":[{"href":"https:\/\/sivustot.lentopallo.fi\/istumalentopallo\/wp-json\/wp\/v2\/media?parent=682"}],"curies":[{"name":"wp","href":"https:\/\/api.w.org\/{rel}","templated":true}]}}