{"id":1011,"date":"2024-04-25T17:32:58","date_gmt":"2024-04-25T17:32:58","guid":{"rendered":"https:\/\/sivustot.lentopallo.fi\/ita-suomi\/?page_id=1011"},"modified":"2026-03-30T10:46:53","modified_gmt":"2026-03-30T10:46:53","slug":"c-pojat-2009-2010","status":"publish","type":"page","link":"https:\/\/sivustot.lentopallo.fi\/ita-suomi\/ita-suomi-cup\/maakuntavalmennus\/etela-savo\/c-pojat-2009-2010\/","title":{"rendered":"U15-Pojat (2011-2012)"},"content":{"rendered":"\n<p>Pojat 1<br>Onni Parkkinen<br>Eino Tiainen<br>Kusti L\u00f6tj\u00f6nen<br>Eizhekiel Billones<br>Thapakorn Mawan<br>Leo Nuopponen<br>Nikita Ivasyshyn<br>Arttu Mikkonen<br>Peetu H\u00e4kkinen<br><br><br>Valmentajat:<\/p>\n","protected":false},"excerpt":{"rendered":"<p>Pojat 1Onni ParkkinenEino TiainenKusti L\u00f6tj\u00f6nenEizhekiel BillonesThapakorn MawanLeo NuopponenNikita IvasyshynArttu MikkonenPeetu H\u00e4kkinen Valmentajat:<\/p>\n","protected":false},"author":15,"featured_media":0,"parent":410,"menu_order":0,"comment_status":"closed","ping_status":"closed","template":"","meta":{"_acf_changed":false,"inline_featured_image":false,"footnotes":""},"class_list":["post-1011","page","type-page","status-publish","hentry"],"acf":[],"_links":{"self":[{"href":"https:\/\/sivustot.lentopallo.fi\/ita-suomi\/wp-json\/wp\/v2\/pages\/1011","targetHints":{"allow":["GET"]}}],"collection":[{"href":"https:\/\/sivustot.lentopallo.fi\/ita-suomi\/wp-json\/wp\/v2\/pages"}],"about":[{"href":"https:\/\/sivustot.lentopallo.fi\/ita-suomi\/wp-json\/wp\/v2\/types\/page"}],"author":[{"embeddable":true,"href":"https:\/\/sivustot.lentopallo.fi\/ita-suomi\/wp-json\/wp\/v2\/users\/15"}],"replies":[{"embeddable":true,"href":"https:\/\/sivustot.lentopallo.fi\/ita-suomi\/wp-json\/wp\/v2\/comments?post=1011"}],"version-history":[{"count":5,"href":"https:\/\/sivustot.lentopallo.fi\/ita-suomi\/wp-json\/wp\/v2\/pages\/1011\/revisions"}],"predecessor-version":[{"id":2094,"href":"https:\/\/sivustot.lentopallo.fi\/ita-suomi\/wp-json\/wp\/v2\/pages\/1011\/revisions\/2094"}],"up":[{"embeddable":true,"href":"https:\/\/sivustot.lentopallo.fi\/ita-suomi\/wp-json\/wp\/v2\/pages\/410"}],"wp:attachment":[{"href":"https:\/\/sivustot.lentopallo.fi\/ita-suomi\/wp-json\/wp\/v2\/media?parent=1011"}],"curies":[{"name":"wp","href":"https:\/\/api.w.org\/{rel}","templated":true}]}}