{"id":1060,"date":"2024-05-12T15:35:57","date_gmt":"2024-05-12T15:35:57","guid":{"rendered":"https:\/\/sivustot.lentopallo.fi\/ita-suomi\/?page_id=1060"},"modified":"2026-02-23T10:31:13","modified_gmt":"2026-02-23T10:31:13","slug":"valmentajat","status":"publish","type":"page","link":"https:\/\/sivustot.lentopallo.fi\/ita-suomi\/aluevalmennus\/leirit\/b-juniorit\/valmentajat\/","title":{"rendered":"Valmentajat"},"content":{"rendered":"\n<p>Vuonna 2026 B-tytt\u00f6jen aluevalmentajina toimivat muun muassa<br><br><br>Henrik Kosonen (Alueen p\u00e4\u00e4valmentaja)<br>Antti Remes (Nuorisop\u00e4\u00e4llikk\u00f6)<br>Ilpo Hiltunen (Nuorisop\u00e4\u00e4llikk\u00f6)<\/p>\n","protected":false},"excerpt":{"rendered":"<p>Vuonna 2026 B-tytt\u00f6jen aluevalmentajina toimivat muun muassa Henrik Kosonen (Alueen p\u00e4\u00e4valmentaja)Antti Remes (Nuorisop\u00e4\u00e4llikk\u00f6)Ilpo Hiltunen (Nuorisop\u00e4\u00e4llikk\u00f6)<\/p>\n","protected":false},"author":15,"featured_media":0,"parent":420,"menu_order":0,"comment_status":"closed","ping_status":"closed","template":"","meta":{"_acf_changed":false,"inline_featured_image":false,"footnotes":""},"class_list":["post-1060","page","type-page","status-publish","hentry"],"acf":[],"_links":{"self":[{"href":"https:\/\/sivustot.lentopallo.fi\/ita-suomi\/wp-json\/wp\/v2\/pages\/1060","targetHints":{"allow":["GET"]}}],"collection":[{"href":"https:\/\/sivustot.lentopallo.fi\/ita-suomi\/wp-json\/wp\/v2\/pages"}],"about":[{"href":"https:\/\/sivustot.lentopallo.fi\/ita-suomi\/wp-json\/wp\/v2\/types\/page"}],"author":[{"embeddable":true,"href":"https:\/\/sivustot.lentopallo.fi\/ita-suomi\/wp-json\/wp\/v2\/users\/15"}],"replies":[{"embeddable":true,"href":"https:\/\/sivustot.lentopallo.fi\/ita-suomi\/wp-json\/wp\/v2\/comments?post=1060"}],"version-history":[{"count":4,"href":"https:\/\/sivustot.lentopallo.fi\/ita-suomi\/wp-json\/wp\/v2\/pages\/1060\/revisions"}],"predecessor-version":[{"id":2017,"href":"https:\/\/sivustot.lentopallo.fi\/ita-suomi\/wp-json\/wp\/v2\/pages\/1060\/revisions\/2017"}],"up":[{"embeddable":true,"href":"https:\/\/sivustot.lentopallo.fi\/ita-suomi\/wp-json\/wp\/v2\/pages\/420"}],"wp:attachment":[{"href":"https:\/\/sivustot.lentopallo.fi\/ita-suomi\/wp-json\/wp\/v2\/media?parent=1060"}],"curies":[{"name":"wp","href":"https:\/\/api.w.org\/{rel}","templated":true}]}}