{"id":1281,"date":"2024-09-13T15:09:39","date_gmt":"2024-09-13T15:09:39","guid":{"rendered":"https:\/\/sivustot.lentopallo.fi\/ita-suomi\/?page_id=1281"},"modified":"2025-12-17T09:42:37","modified_gmt":"2025-12-17T09:42:37","slug":"sarjakaaviot","status":"publish","type":"page","link":"https:\/\/sivustot.lentopallo.fi\/ita-suomi\/kilpailutoiminta\/nuoret\/sarjakaaviot\/","title":{"rendered":"Sarjakaaviot"},"content":{"rendered":"\n<h2 class=\"wp-block-heading\">2025-2026<\/h2>\n\n\n\n<p>Sarjan otsikko on linkki sarjan ohjelmaan tulospalvelussa.<\/p>\n\n\n\n<div class=\"wp-block-buttons is-layout-flex wp-block-buttons-is-layout-flex\">\n<div class=\"wp-block-button is-style-fill\"><a class=\"wp-block-button__link wp-element-button\" href=\"https:\/\/sivustot.lentopallo.fi\/ita-suomi\/kilpailutoiminta\/nuoret\/turnausjarjestajat\/\"><strong>Turnausj\u00e4rjest\u00e4j\u00e4t<\/strong><\/a><\/div>\n<\/div>\n\n\n\n<ul class=\"wp-block-list\">\n<li>J\u00e4rjest\u00e4j\u00e4taulukko, ohjeita turnausten j\u00e4rjest\u00e4miseen, turnauskutsun tekemiseen, mobiilip\u00f6yt\u00e4kirjan k\u00e4ytt\u00f6\u00f6n, tekniseen palaveriin ja minituomareille<\/li>\n\n\n\n<li>Sarjanhoitajalle voi ilmoittaa mahdollisista esteist\u00e4 ja\/tai j\u00e4rjest\u00e4j\u00e4toiveista.<\/li>\n<\/ul>\n\n\n\n<div class=\"wp-block-buttons is-layout-flex wp-block-buttons-is-layout-flex\">\n<div class=\"wp-block-button is-style-fill\"><a class=\"wp-block-button__link wp-element-button\" href=\"https:\/\/www.lentopallo.fi\/kilpailu\/ohjeet\/\"><strong>Ohjeet KiSa-palvelun ja uusien p\u00f6yt\u00e4kirjojen k\u00e4ytt\u00f6\u00f6n<\/strong><\/a><\/div>\n<\/div>\n\n\n\n<div class=\"wp-block-buttons is-layout-flex wp-container-core-buttons-is-layout-6b4e3324 wp-block-buttons-is-layout-flex\">\n<div class=\"wp-block-button has-custom-width wp-block-button__width-25\"><a class=\"wp-block-button__link wp-element-button\" href=\"https:\/\/sivustot.lentopallo.fi\/ita-suomi\/kilpailutoiminta\/nuoret\/yli-ikaiset-pelaajat\/\"><strong>Yli-ik\u00e4iset<\/strong><\/a><\/div>\n<\/div>\n\n\n\n<div class=\"wp-block-buttons is-layout-flex wp-block-buttons-is-layout-flex\">\n<div class=\"wp-block-button\"><a class=\"wp-block-button__link wp-element-button\" href=\"https:\/\/sivustot.lentopallo.fi\/ita-suomi\/kilpailutoiminta\/saannot-ja-sarjamaaraykset\/\"><strong>S\u00e4\u00e4nn\u00f6t<\/strong><\/a><\/div>\n<\/div>\n\n\n\n<ul class=\"wp-block-list\">\n<li>Id\u00e4n U13-U11-tytt\u00f6jen sarjoissa saa pelata yksi poika\/joukkue\/<strong><mark class=\"has-inline-color has-luminous-vivid-orange-color\">er\u00e4<\/mark><\/strong>, jos pojille ei ole omaa joukkuetta, jossa pelata. Joukkueessa voi siis olla useampi poika, mutta he saavat pelata er\u00e4kohtaisesti.<\/li>\n<\/ul>\n\n\n\n<ul class=\"wp-block-list\">\n<li><strong>U13<\/strong>(<strong>D)- ja U11(E)E-ik\u00e4isten sarjoissa on vapaa aloitus.<\/strong><\/li>\n<\/ul>\n\n\n\n<ul class=\"wp-block-list\">\n<li>Kaikissa sarjoissa <strong><mark class=\"has-inline-color has-luminous-vivid-orange-color\">vastaanotto on vapaa (hiha- ja sormivastaanotto sallittu)<\/mark>&nbsp;<\/strong><\/li>\n<\/ul>\n\n\n\n<h3 class=\"wp-block-heading\"><strong>Sarjan otsikko on linkki sarjan tulospalveluun.<\/strong><\/h3>\n\n\n\n<h2 class=\"wp-block-heading\"><a href=\"https:\/\/tulospalvelu.lentopallo.fi\/category\/U13P!vb2025isuomi\/group\/1\">U13(D)-pojat aluesarja<\/a><\/h2>\n\n\n\n<h4 class=\"wp-block-heading\">Syksy 2025<\/h4>\n\n\n\n<figure class=\"wp-block-image size-full is-resized\"><img loading=\"lazy\" decoding=\"async\" width=\"266\" height=\"373\" src=\"https:\/\/sivustot.lentopallo.fi\/ita-suomi\/files\/2025\/09\/image-2.png\" alt=\"\" class=\"wp-image-1856\" style=\"width:241px;height:auto\" srcset=\"https:\/\/sivustot.lentopallo.fi\/ita-suomi\/files\/2025\/09\/image-2.png 266w, https:\/\/sivustot.lentopallo.fi\/ita-suomi\/files\/2025\/09\/image-2-214x300.png 214w, https:\/\/sivustot.lentopallo.fi\/ita-suomi\/files\/2025\/09\/image-2-55x77.png 55w\" sizes=\"auto, (max-width: 266px) 100vw, 266px\" \/><\/figure>\n\n\n\n<h4 class=\"wp-block-heading\">Kev\u00e4t 2026<\/h4>\n\n\n\n<figure class=\"wp-block-image size-full is-resized\"><img loading=\"lazy\" decoding=\"async\" width=\"215\" height=\"272\" src=\"https:\/\/sivustot.lentopallo.fi\/ita-suomi\/files\/2025\/12\/image-5.png\" alt=\"\" class=\"wp-image-1923\" style=\"aspect-ratio:0.7904865858562647;width:239px;height:auto\" srcset=\"https:\/\/sivustot.lentopallo.fi\/ita-suomi\/files\/2025\/12\/image-5.png 215w, https:\/\/sivustot.lentopallo.fi\/ita-suomi\/files\/2025\/12\/image-5-55x70.png 55w\" sizes=\"auto, (max-width: 215px) 100vw, 215px\" \/><\/figure>\n\n\n\n<h2 class=\"wp-block-heading\"><a href=\"https:\/\/tulospalvelu.lentopallo.fi\/category\/U13T!vb2025isuomi\/tables\">U13(D)-tyt\u00f6t aluesarja<\/a><\/h2>\n\n\n\n<h4 class=\"wp-block-heading\">Syksy 2025<\/h4>\n\n\n\n<figure class=\"wp-block-image size-full\"><img loading=\"lazy\" decoding=\"async\" width=\"1013\" height=\"866\" src=\"https:\/\/sivustot.lentopallo.fi\/ita-suomi\/files\/2025\/09\/image-8.png\" alt=\"\" class=\"wp-image-1872\" srcset=\"https:\/\/sivustot.lentopallo.fi\/ita-suomi\/files\/2025\/09\/image-8.png 1013w, https:\/\/sivustot.lentopallo.fi\/ita-suomi\/files\/2025\/09\/image-8-300x256.png 300w, https:\/\/sivustot.lentopallo.fi\/ita-suomi\/files\/2025\/09\/image-8-768x657.png 768w, https:\/\/sivustot.lentopallo.fi\/ita-suomi\/files\/2025\/09\/image-8-55x47.png 55w\" sizes=\"auto, (max-width: 1013px) 100vw, 1013px\" \/><\/figure>\n\n\n\n<h4 class=\"wp-block-heading\">Kev\u00e4t 2026<\/h4>\n\n\n\n<figure class=\"wp-block-image size-large\"><img loading=\"lazy\" decoding=\"async\" width=\"1024\" height=\"674\" src=\"https:\/\/sivustot.lentopallo.fi\/ita-suomi\/files\/2025\/12\/image-2-1024x674.png\" alt=\"\" class=\"wp-image-1919\" style=\"aspect-ratio:1.51933077096993\" srcset=\"https:\/\/sivustot.lentopallo.fi\/ita-suomi\/files\/2025\/12\/image-2-1024x674.png 1024w, https:\/\/sivustot.lentopallo.fi\/ita-suomi\/files\/2025\/12\/image-2-300x197.png 300w, https:\/\/sivustot.lentopallo.fi\/ita-suomi\/files\/2025\/12\/image-2-768x505.png 768w, https:\/\/sivustot.lentopallo.fi\/ita-suomi\/files\/2025\/12\/image-2-1126x741.png 1126w, https:\/\/sivustot.lentopallo.fi\/ita-suomi\/files\/2025\/12\/image-2-1060x697.png 1060w, https:\/\/sivustot.lentopallo.fi\/ita-suomi\/files\/2025\/12\/image-2-1039x683.png 1039w, https:\/\/sivustot.lentopallo.fi\/ita-suomi\/files\/2025\/12\/image-2-55x36.png 55w, https:\/\/sivustot.lentopallo.fi\/ita-suomi\/files\/2025\/12\/image-2.png 1280w\" sizes=\"auto, (max-width: 1024px) 100vw, 1024px\" \/><\/figure>\n\n\n\n<h2 class=\"wp-block-heading\"><a href=\"https:\/\/tulospalvelu.lentopallo.fi\/category\/U13Tt!vb2025isuomi\/group\/1\">U13(D)-tyt\u00f6t Tiikerisarja<\/a><\/h2>\n\n\n\n<h4 class=\"wp-block-heading\">Syksy 2025<\/h4>\n\n\n\n<figure class=\"wp-block-image size-full is-resized\"><img loading=\"lazy\" decoding=\"async\" width=\"197\" height=\"370\" src=\"https:\/\/sivustot.lentopallo.fi\/ita-suomi\/files\/2025\/09\/image-4.png\" alt=\"\" class=\"wp-image-1858\" style=\"width:170px;height:auto\" srcset=\"https:\/\/sivustot.lentopallo.fi\/ita-suomi\/files\/2025\/09\/image-4.png 197w, https:\/\/sivustot.lentopallo.fi\/ita-suomi\/files\/2025\/09\/image-4-160x300.png 160w, https:\/\/sivustot.lentopallo.fi\/ita-suomi\/files\/2025\/09\/image-4-55x103.png 55w\" sizes=\"auto, (max-width: 197px) 100vw, 197px\" \/><\/figure>\n\n\n\n<h4 class=\"wp-block-heading\">Kev\u00e4t 2026<\/h4>\n\n\n\n<figure class=\"wp-block-image size-full is-resized\"><img loading=\"lazy\" decoding=\"async\" width=\"347\" height=\"510\" src=\"https:\/\/sivustot.lentopallo.fi\/ita-suomi\/files\/2025\/12\/image-3.png\" alt=\"\" class=\"wp-image-1920\" style=\"aspect-ratio:0.680403210981065;width:349px;height:auto\" srcset=\"https:\/\/sivustot.lentopallo.fi\/ita-suomi\/files\/2025\/12\/image-3.png 347w, https:\/\/sivustot.lentopallo.fi\/ita-suomi\/files\/2025\/12\/image-3-204x300.png 204w, https:\/\/sivustot.lentopallo.fi\/ita-suomi\/files\/2025\/12\/image-3-300x441.png 300w, https:\/\/sivustot.lentopallo.fi\/ita-suomi\/files\/2025\/12\/image-3-55x81.png 55w\" sizes=\"auto, (max-width: 347px) 100vw, 347px\" \/><\/figure>\n\n\n\n<h2 class=\"wp-block-heading\"><a href=\"https:\/\/tulospalvelu.lentopallo.fi\/category\/U11T!vb2025isuomi\/tables\">U11(E)-tyt\u00f6t ja -pojat aluesarja<\/a><\/h2>\n\n\n\n<h4 class=\"wp-block-heading\">Syksy 2025<\/h4>\n\n\n\n<figure class=\"wp-block-image size-full is-resized\"><img loading=\"lazy\" decoding=\"async\" width=\"573\" height=\"818\" src=\"https:\/\/sivustot.lentopallo.fi\/ita-suomi\/files\/2025\/09\/image-7.png\" alt=\"\" class=\"wp-image-1871\" style=\"width:511px;height:auto\" srcset=\"https:\/\/sivustot.lentopallo.fi\/ita-suomi\/files\/2025\/09\/image-7.png 573w, https:\/\/sivustot.lentopallo.fi\/ita-suomi\/files\/2025\/09\/image-7-210x300.png 210w, https:\/\/sivustot.lentopallo.fi\/ita-suomi\/files\/2025\/09\/image-7-300x428.png 300w, https:\/\/sivustot.lentopallo.fi\/ita-suomi\/files\/2025\/09\/image-7-55x79.png 55w\" sizes=\"auto, (max-width: 573px) 100vw, 573px\" \/><\/figure>\n\n\n\n<h4 class=\"wp-block-heading\">Kev\u00e4t 2026<\/h4>\n\n\n\n<figure class=\"wp-block-image size-full is-resized\"><img loading=\"lazy\" decoding=\"async\" width=\"618\" height=\"775\" src=\"https:\/\/sivustot.lentopallo.fi\/ita-suomi\/files\/2025\/12\/image.png\" alt=\"\" class=\"wp-image-1916\" style=\"aspect-ratio:0.7974474262556203;width:620px;height:auto\" srcset=\"https:\/\/sivustot.lentopallo.fi\/ita-suomi\/files\/2025\/12\/image.png 618w, https:\/\/sivustot.lentopallo.fi\/ita-suomi\/files\/2025\/12\/image-239x300.png 239w, https:\/\/sivustot.lentopallo.fi\/ita-suomi\/files\/2025\/12\/image-300x376.png 300w, https:\/\/sivustot.lentopallo.fi\/ita-suomi\/files\/2025\/12\/image-55x69.png 55w\" sizes=\"auto, (max-width: 618px) 100vw, 618px\" \/><\/figure>\n\n\n\n<h2 class=\"wp-block-heading\"><a href=\"https:\/\/tulospalvelu.lentopallo.fi\/category\/U11TPt!vb2025isuomi\/tables\">U11(E)-tyt\u00f6t ja -pojat Tiikerisarja<\/a><\/h2>\n\n\n\n<h4 class=\"wp-block-heading\">Syksy 2025<\/h4>\n\n\n\n<figure class=\"wp-block-image size-full is-resized\"><img loading=\"lazy\" decoding=\"async\" width=\"336\" height=\"612\" src=\"https:\/\/sivustot.lentopallo.fi\/ita-suomi\/files\/2025\/09\/image-9.png\" alt=\"\" class=\"wp-image-1874\" style=\"width:351px;height:auto\" srcset=\"https:\/\/sivustot.lentopallo.fi\/ita-suomi\/files\/2025\/09\/image-9.png 336w, https:\/\/sivustot.lentopallo.fi\/ita-suomi\/files\/2025\/09\/image-9-165x300.png 165w, https:\/\/sivustot.lentopallo.fi\/ita-suomi\/files\/2025\/09\/image-9-300x546.png 300w, https:\/\/sivustot.lentopallo.fi\/ita-suomi\/files\/2025\/09\/image-9-55x100.png 55w\" sizes=\"auto, (max-width: 336px) 100vw, 336px\" \/><\/figure>\n\n\n\n<h4 class=\"wp-block-heading\">Kev\u00e4t 2026<\/h4>\n\n\n\n<figure class=\"wp-block-image size-full is-resized\"><img loading=\"lazy\" decoding=\"async\" width=\"297\" height=\"248\" src=\"https:\/\/sivustot.lentopallo.fi\/ita-suomi\/files\/2025\/12\/image-1.png\" alt=\"\" class=\"wp-image-1917\" style=\"aspect-ratio:1.1975930943229791;width:326px;height:auto\" srcset=\"https:\/\/sivustot.lentopallo.fi\/ita-suomi\/files\/2025\/12\/image-1.png 297w, https:\/\/sivustot.lentopallo.fi\/ita-suomi\/files\/2025\/12\/image-1-55x46.png 55w\" sizes=\"auto, (max-width: 297px) 100vw, 297px\" \/><\/figure>\n\n\n\n<p>E-tiikerisarjassa j\u00e4rjest\u00e4j\u00e4 valitsee ottelut, joita turnauksessa pelataan merkitsem\u00e4ll\u00e4 niihin otteluaika ja -paikka. Otteluita, joissa noita tietoja ei ole, ei pelata ko. turnauksessa. Jos joku joukkue ilmoittaa j\u00e4\u00e4v\u00e4ns\u00e4 pois turnauksesta, voi niist\u00e4 otteluista ottaa ajan ja paikan pois ja valita tilalle muita otteluita.<\/p>\n\n\n\n<p><\/p>\n","protected":false},"excerpt":{"rendered":"<p>2025-2026 Sarjan otsikko on linkki sarjan ohjelmaan tulospalvelussa. Sarjan otsikko on linkki sarjan tulospalveluun. U13(D)-pojat aluesarja Syksy 2025 Kev\u00e4t 2026 U13(D)-tyt\u00f6t aluesarja Syksy 2025 Kev\u00e4t 2026 U13(D)-tyt\u00f6t Tiikerisarja Syksy 2025 Kev\u00e4t 2026 U11(E)-tyt\u00f6t ja -pojat aluesarja Syksy 2025 Kev\u00e4t 2026 U11(E)-tyt\u00f6t ja -pojat Tiikerisarja Syksy 2025 Kev\u00e4t 2026 E-tiikerisarjassa j\u00e4rjest\u00e4j\u00e4 valitsee ottelut, joita turnauksessa pelataan [&hellip;]<\/p>\n","protected":false},"author":9,"featured_media":0,"parent":276,"menu_order":0,"comment_status":"closed","ping_status":"closed","template":"pages\/template-kilpailu.php","meta":{"_acf_changed":false,"inline_featured_image":false,"footnotes":""},"class_list":["post-1281","page","type-page","status-publish","hentry"],"acf":[],"_links":{"self":[{"href":"https:\/\/sivustot.lentopallo.fi\/ita-suomi\/wp-json\/wp\/v2\/pages\/1281","targetHints":{"allow":["GET"]}}],"collection":[{"href":"https:\/\/sivustot.lentopallo.fi\/ita-suomi\/wp-json\/wp\/v2\/pages"}],"about":[{"href":"https:\/\/sivustot.lentopallo.fi\/ita-suomi\/wp-json\/wp\/v2\/types\/page"}],"author":[{"embeddable":true,"href":"https:\/\/sivustot.lentopallo.fi\/ita-suomi\/wp-json\/wp\/v2\/users\/9"}],"replies":[{"embeddable":true,"href":"https:\/\/sivustot.lentopallo.fi\/ita-suomi\/wp-json\/wp\/v2\/comments?post=1281"}],"version-history":[{"count":20,"href":"https:\/\/sivustot.lentopallo.fi\/ita-suomi\/wp-json\/wp\/v2\/pages\/1281\/revisions"}],"predecessor-version":[{"id":1927,"href":"https:\/\/sivustot.lentopallo.fi\/ita-suomi\/wp-json\/wp\/v2\/pages\/1281\/revisions\/1927"}],"up":[{"embeddable":true,"href":"https:\/\/sivustot.lentopallo.fi\/ita-suomi\/wp-json\/wp\/v2\/pages\/276"}],"wp:attachment":[{"href":"https:\/\/sivustot.lentopallo.fi\/ita-suomi\/wp-json\/wp\/v2\/media?parent=1281"}],"curies":[{"name":"wp","href":"https:\/\/api.w.org\/{rel}","templated":true}]}}