{"id":1574,"date":"2025-05-20T07:53:38","date_gmt":"2025-05-20T07:53:38","guid":{"rendered":"https:\/\/sivustot.lentopallo.fi\/ita-suomi\/?page_id=1574"},"modified":"2025-06-28T06:04:18","modified_gmt":"2025-06-28T06:04:18","slug":"28-6-2025-joroinen","status":"publish","type":"page","link":"https:\/\/sivustot.lentopallo.fi\/ita-suomi\/beach-volley\/u-16-beach-tour-2025\/osakilpailut\/28-6-2025-joroinen\/","title":{"rendered":"28.6.2025 Joroinen"},"content":{"rendered":"\n<p><strong>Paikka<\/strong>: <br>Tyt\u00f6t pelaa Urheilutalon beach-volley kentill\u00e4 (Mutalantie 14)<br>Pojat pelaa Kolpan uimarannan kentill\u00e4 (Tuohilahdentie 134)<\/p>\n\n\n\n<p><strong>Ajankohta<\/strong>: 28.6.2025 klo 9.00 alkaen<br><br><strong>Osallistumismaksu ja maksutiedot:<\/strong><br>Turnauksen osallistumismaksu on 20 \u20ac \/ pari ja se tulee olla maksettu viimeist\u00e4\u00e4n 26.6.2025 alla olevin tietojen mukaisesti:<\/p>\n\n\n\n<p>Joroisten Urheilijat<br>FI10 4108 0010 8687 61<\/p>\n\n\n\n<p>Viite: U16 beachvolley \/ sukunimi\/sukunimi<\/p>\n\n\n\n<p><strong>Otteluohjelma<\/strong><\/p>\n\n\n\n<p><strong>Tyt\u00f6t<\/strong><\/p>\n\n\n\n<figure class=\"wp-block-image size-full\"><img loading=\"lazy\" decoding=\"async\" width=\"954\" height=\"772\" src=\"https:\/\/sivustot.lentopallo.fi\/ita-suomi\/files\/2025\/06\/image-6.png\" alt=\"\" class=\"wp-image-1707\" srcset=\"https:\/\/sivustot.lentopallo.fi\/ita-suomi\/files\/2025\/06\/image-6.png 954w, https:\/\/sivustot.lentopallo.fi\/ita-suomi\/files\/2025\/06\/image-6-300x243.png 300w, https:\/\/sivustot.lentopallo.fi\/ita-suomi\/files\/2025\/06\/image-6-768x621.png 768w, https:\/\/sivustot.lentopallo.fi\/ita-suomi\/files\/2025\/06\/image-6-55x45.png 55w\" sizes=\"auto, (max-width: 954px) 100vw, 954px\" \/><\/figure>\n\n\n\n<figure class=\"wp-block-image size-full\"><img loading=\"lazy\" decoding=\"async\" width=\"927\" height=\"461\" src=\"https:\/\/sivustot.lentopallo.fi\/ita-suomi\/files\/2025\/06\/image-7.png\" alt=\"\" class=\"wp-image-1708\" srcset=\"https:\/\/sivustot.lentopallo.fi\/ita-suomi\/files\/2025\/06\/image-7.png 927w, https:\/\/sivustot.lentopallo.fi\/ita-suomi\/files\/2025\/06\/image-7-300x149.png 300w, https:\/\/sivustot.lentopallo.fi\/ita-suomi\/files\/2025\/06\/image-7-768x382.png 768w, https:\/\/sivustot.lentopallo.fi\/ita-suomi\/files\/2025\/06\/image-7-55x27.png 55w\" sizes=\"auto, (max-width: 927px) 100vw, 927px\" \/><\/figure>\n\n\n\n<figure class=\"wp-block-image size-full\"><img loading=\"lazy\" decoding=\"async\" width=\"880\" height=\"370\" src=\"https:\/\/sivustot.lentopallo.fi\/ita-suomi\/files\/2025\/06\/image-8.png\" alt=\"\" class=\"wp-image-1709\" srcset=\"https:\/\/sivustot.lentopallo.fi\/ita-suomi\/files\/2025\/06\/image-8.png 880w, https:\/\/sivustot.lentopallo.fi\/ita-suomi\/files\/2025\/06\/image-8-300x126.png 300w, https:\/\/sivustot.lentopallo.fi\/ita-suomi\/files\/2025\/06\/image-8-768x323.png 768w, https:\/\/sivustot.lentopallo.fi\/ita-suomi\/files\/2025\/06\/image-8-55x23.png 55w\" sizes=\"auto, (max-width: 880px) 100vw, 880px\" \/><\/figure>\n\n\n\n<figure class=\"wp-block-image size-full\"><img loading=\"lazy\" decoding=\"async\" width=\"880\" height=\"457\" src=\"https:\/\/sivustot.lentopallo.fi\/ita-suomi\/files\/2025\/06\/image-9.png\" alt=\"\" class=\"wp-image-1710\" srcset=\"https:\/\/sivustot.lentopallo.fi\/ita-suomi\/files\/2025\/06\/image-9.png 880w, https:\/\/sivustot.lentopallo.fi\/ita-suomi\/files\/2025\/06\/image-9-300x156.png 300w, https:\/\/sivustot.lentopallo.fi\/ita-suomi\/files\/2025\/06\/image-9-768x399.png 768w, https:\/\/sivustot.lentopallo.fi\/ita-suomi\/files\/2025\/06\/image-9-55x29.png 55w\" sizes=\"auto, (max-width: 880px) 100vw, 880px\" \/><\/figure>\n\n\n\n<p><strong>POJAT<\/strong><\/p>\n\n\n\n<figure class=\"wp-block-image size-large\"><img loading=\"lazy\" decoding=\"async\" width=\"1024\" height=\"762\" src=\"https:\/\/sivustot.lentopallo.fi\/ita-suomi\/files\/2025\/06\/image-5-1024x762.png\" alt=\"\" class=\"wp-image-1704\" srcset=\"https:\/\/sivustot.lentopallo.fi\/ita-suomi\/files\/2025\/06\/image-5-1024x762.png 1024w, https:\/\/sivustot.lentopallo.fi\/ita-suomi\/files\/2025\/06\/image-5-300x223.png 300w, https:\/\/sivustot.lentopallo.fi\/ita-suomi\/files\/2025\/06\/image-5-768x572.png 768w, https:\/\/sivustot.lentopallo.fi\/ita-suomi\/files\/2025\/06\/image-5-1039x774.png 1039w, https:\/\/sivustot.lentopallo.fi\/ita-suomi\/files\/2025\/06\/image-5-55x41.png 55w, https:\/\/sivustot.lentopallo.fi\/ita-suomi\/files\/2025\/06\/image-5.png 1045w\" sizes=\"auto, (max-width: 1024px) 100vw, 1024px\" \/><\/figure>\n","protected":false},"excerpt":{"rendered":"<p>Paikka: Tyt\u00f6t pelaa Urheilutalon beach-volley kentill\u00e4 (Mutalantie 14)Pojat pelaa Kolpan uimarannan kentill\u00e4 (Tuohilahdentie 134) Ajankohta: 28.6.2025 klo 9.00 alkaen Osallistumismaksu ja maksutiedot:Turnauksen osallistumismaksu on 20 \u20ac \/ pari ja se tulee olla maksettu viimeist\u00e4\u00e4n 26.6.2025 alla olevin tietojen mukaisesti: Joroisten UrheilijatFI10 4108 0010 8687 61 Viite: U16 beachvolley \/ sukunimi\/sukunimi Otteluohjelma Tyt\u00f6t POJAT<\/p>\n","protected":false},"author":15,"featured_media":0,"parent":1572,"menu_order":0,"comment_status":"closed","ping_status":"closed","template":"pages\/template-kilpailu.php","meta":{"_acf_changed":false,"inline_featured_image":false,"footnotes":""},"class_list":["post-1574","page","type-page","status-publish","hentry"],"acf":[],"_links":{"self":[{"href":"https:\/\/sivustot.lentopallo.fi\/ita-suomi\/wp-json\/wp\/v2\/pages\/1574","targetHints":{"allow":["GET"]}}],"collection":[{"href":"https:\/\/sivustot.lentopallo.fi\/ita-suomi\/wp-json\/wp\/v2\/pages"}],"about":[{"href":"https:\/\/sivustot.lentopallo.fi\/ita-suomi\/wp-json\/wp\/v2\/types\/page"}],"author":[{"embeddable":true,"href":"https:\/\/sivustot.lentopallo.fi\/ita-suomi\/wp-json\/wp\/v2\/users\/15"}],"replies":[{"embeddable":true,"href":"https:\/\/sivustot.lentopallo.fi\/ita-suomi\/wp-json\/wp\/v2\/comments?post=1574"}],"version-history":[{"count":6,"href":"https:\/\/sivustot.lentopallo.fi\/ita-suomi\/wp-json\/wp\/v2\/pages\/1574\/revisions"}],"predecessor-version":[{"id":1711,"href":"https:\/\/sivustot.lentopallo.fi\/ita-suomi\/wp-json\/wp\/v2\/pages\/1574\/revisions\/1711"}],"up":[{"embeddable":true,"href":"https:\/\/sivustot.lentopallo.fi\/ita-suomi\/wp-json\/wp\/v2\/pages\/1572"}],"wp:attachment":[{"href":"https:\/\/sivustot.lentopallo.fi\/ita-suomi\/wp-json\/wp\/v2\/media?parent=1574"}],"curies":[{"name":"wp","href":"https:\/\/api.w.org\/{rel}","templated":true}]}}