{"id":1576,"date":"2025-05-20T07:55:36","date_gmt":"2025-05-20T07:55:36","guid":{"rendered":"https:\/\/sivustot.lentopallo.fi\/ita-suomi\/?page_id=1576"},"modified":"2025-07-04T08:36:27","modified_gmt":"2025-07-04T08:36:27","slug":"5-7-2025-joensuu","status":"publish","type":"page","link":"https:\/\/sivustot.lentopallo.fi\/ita-suomi\/beach-volley\/u-16-beach-tour-2025\/osakilpailut\/5-7-2025-joensuu\/","title":{"rendered":"5.7.2025 Joensuu"},"content":{"rendered":"\n<p><strong>Paikka<\/strong>:<br>Mehtim\u00e4en beach volley-kent\u00e4t (Linnunlahdentie 10)<\/p>\n\n\n\n<p><strong>Ajankohta<\/strong>: 5.7.2025<\/p>\n\n\n\n<p><strong>Ilmoittautuminen<\/strong><\/p>\n\n\n\n<p>Ilmoittautumissivuille p\u00e4\u00e4set t\u00e4st\u00e4 <strong><a href=\"https:\/\/sivustot.lentopallo.fi\/ita-suomi\/beach-volley\/u-16-beach-tour-2025\/osakilpailut\/5-7-2025-joensuu\/ilmoittautuminen-joensuu\/\"><mark class=\"has-inline-color has-vivid-cyan-blue-color\">linkist\u00e4<\/mark><\/a><br><\/strong><br><strong>Osallistumismaksu ja maksutiedot:<\/strong><br>Turnauksen osallistumismaksu on 20 \u20ac \/ pari ja se tulee olla maksettu viimeist\u00e4\u00e4n 2.7.2025 alla olevin tietojen mukaisesti:<\/p>\n\n\n\n<p>Tilisiirto<br>Saaja: Joen Beach Volley ry.<br>Tilinumero: FI65 5047 7220 0290 85<br>Viesti: U16 turnaus, tyt\u00f6t\/pojat, Ilmoittautuneiden nimet<br><br>Mobilepay<br>Lipas: 0342DL Joen Beach Volley<br>Viesti: U16 turnaus, tyt\u00f6t\/pojat, Ilmoittautuneiden nimet<\/p>\n\n\n\n<p>Viite: U16 beachvolley \/ sukunimi\/sukunimi<\/p>\n\n\n\n<p><strong>Otteluohjelma<\/strong><\/p>\n\n\n\n<figure class=\"wp-block-image size-full is-resized\"><img loading=\"lazy\" decoding=\"async\" width=\"792\" height=\"346\" src=\"https:\/\/sivustot.lentopallo.fi\/ita-suomi\/files\/2025\/07\/image.png\" alt=\"\" class=\"wp-image-1713\" style=\"width:840px;height:auto\" srcset=\"https:\/\/sivustot.lentopallo.fi\/ita-suomi\/files\/2025\/07\/image.png 792w, https:\/\/sivustot.lentopallo.fi\/ita-suomi\/files\/2025\/07\/image-300x131.png 300w, https:\/\/sivustot.lentopallo.fi\/ita-suomi\/files\/2025\/07\/image-768x336.png 768w, https:\/\/sivustot.lentopallo.fi\/ita-suomi\/files\/2025\/07\/image-55x24.png 55w\" sizes=\"auto, (max-width: 792px) 100vw, 792px\" \/><\/figure>\n\n\n\n<figure class=\"wp-block-image size-full\"><img loading=\"lazy\" decoding=\"async\" width=\"804\" height=\"741\" src=\"https:\/\/sivustot.lentopallo.fi\/ita-suomi\/files\/2025\/07\/image-1.png\" alt=\"\" class=\"wp-image-1714\" srcset=\"https:\/\/sivustot.lentopallo.fi\/ita-suomi\/files\/2025\/07\/image-1.png 804w, https:\/\/sivustot.lentopallo.fi\/ita-suomi\/files\/2025\/07\/image-1-300x276.png 300w, https:\/\/sivustot.lentopallo.fi\/ita-suomi\/files\/2025\/07\/image-1-768x708.png 768w, https:\/\/sivustot.lentopallo.fi\/ita-suomi\/files\/2025\/07\/image-1-55x51.png 55w\" sizes=\"auto, (max-width: 804px) 100vw, 804px\" \/><\/figure>\n\n\n\n<figure class=\"wp-block-image size-full\"><img loading=\"lazy\" decoding=\"async\" width=\"819\" height=\"816\" src=\"https:\/\/sivustot.lentopallo.fi\/ita-suomi\/files\/2025\/07\/image-2.png\" alt=\"\" class=\"wp-image-1715\" srcset=\"https:\/\/sivustot.lentopallo.fi\/ita-suomi\/files\/2025\/07\/image-2.png 819w, https:\/\/sivustot.lentopallo.fi\/ita-suomi\/files\/2025\/07\/image-2-300x299.png 300w, https:\/\/sivustot.lentopallo.fi\/ita-suomi\/files\/2025\/07\/image-2-150x150.png 150w, https:\/\/sivustot.lentopallo.fi\/ita-suomi\/files\/2025\/07\/image-2-768x765.png 768w, https:\/\/sivustot.lentopallo.fi\/ita-suomi\/files\/2025\/07\/image-2-55x55.png 55w\" sizes=\"auto, (max-width: 819px) 100vw, 819px\" \/><\/figure>\n\n\n\n<p><strong>Muuta tietoa<\/strong><\/p>\n\n\n\n<p>-Viereisell\u00e4 Motonet Areenalla on pukuhuoneet k\u00e4yt\u00f6ss\u00e4 ja siell\u00e4 voi k\u00e4yd\u00e4 peseytym\u00e4ss\u00e4<br>&#8211; L\u00e4heiselt\u00e4 Kuntokeitaalta l\u00f6ytyy kahvio<br>&#8211; Ilmaiset ja kiekottomat parkkipaikat l\u00f6ytyv\u00e4t Kuntokeitaan j\u00e4lkeiselt\u00e4 parkkipaikalta tai tien toiselta puolen raviradan yhteydess\u00e4<\/p>\n\n\n\n<p><strong>J\u00e4rjest\u00e4j\u00e4n yhteystiedot<\/strong><\/p>\n\n\n\n<p>Johanna Reijonen<br>joenbeachvolley@gmail.com<br>0505750081<\/p>\n\n\n\n<p><\/p>\n","protected":false},"excerpt":{"rendered":"<p>Paikka:Mehtim\u00e4en beach volley-kent\u00e4t (Linnunlahdentie 10) Ajankohta: 5.7.2025 Ilmoittautuminen Ilmoittautumissivuille p\u00e4\u00e4set t\u00e4st\u00e4 linkist\u00e4Osallistumismaksu ja maksutiedot:Turnauksen osallistumismaksu on 20 \u20ac \/ pari ja se tulee olla maksettu viimeist\u00e4\u00e4n 2.7.2025 alla olevin tietojen mukaisesti: TilisiirtoSaaja: Joen Beach Volley ry.Tilinumero: FI65 5047 7220 0290 85Viesti: U16 turnaus, tyt\u00f6t\/pojat, Ilmoittautuneiden nimet MobilepayLipas: 0342DL Joen Beach VolleyViesti: U16 turnaus, tyt\u00f6t\/pojat, Ilmoittautuneiden [&hellip;]<\/p>\n","protected":false},"author":15,"featured_media":0,"parent":1572,"menu_order":0,"comment_status":"closed","ping_status":"closed","template":"pages\/template-kilpailu.php","meta":{"_acf_changed":false,"inline_featured_image":false,"footnotes":""},"class_list":["post-1576","page","type-page","status-publish","hentry"],"acf":[],"_links":{"self":[{"href":"https:\/\/sivustot.lentopallo.fi\/ita-suomi\/wp-json\/wp\/v2\/pages\/1576","targetHints":{"allow":["GET"]}}],"collection":[{"href":"https:\/\/sivustot.lentopallo.fi\/ita-suomi\/wp-json\/wp\/v2\/pages"}],"about":[{"href":"https:\/\/sivustot.lentopallo.fi\/ita-suomi\/wp-json\/wp\/v2\/types\/page"}],"author":[{"embeddable":true,"href":"https:\/\/sivustot.lentopallo.fi\/ita-suomi\/wp-json\/wp\/v2\/users\/15"}],"replies":[{"embeddable":true,"href":"https:\/\/sivustot.lentopallo.fi\/ita-suomi\/wp-json\/wp\/v2\/comments?post=1576"}],"version-history":[{"count":5,"href":"https:\/\/sivustot.lentopallo.fi\/ita-suomi\/wp-json\/wp\/v2\/pages\/1576\/revisions"}],"predecessor-version":[{"id":1716,"href":"https:\/\/sivustot.lentopallo.fi\/ita-suomi\/wp-json\/wp\/v2\/pages\/1576\/revisions\/1716"}],"up":[{"embeddable":true,"href":"https:\/\/sivustot.lentopallo.fi\/ita-suomi\/wp-json\/wp\/v2\/pages\/1572"}],"wp:attachment":[{"href":"https:\/\/sivustot.lentopallo.fi\/ita-suomi\/wp-json\/wp\/v2\/media?parent=1576"}],"curies":[{"name":"wp","href":"https:\/\/api.w.org\/{rel}","templated":true}]}}