{"id":1582,"date":"2025-05-20T08:10:50","date_gmt":"2025-05-20T08:10:50","guid":{"rendered":"https:\/\/sivustot.lentopallo.fi\/ita-suomi\/?page_id=1582"},"modified":"2025-08-06T19:32:20","modified_gmt":"2025-08-06T19:32:20","slug":"9-8-2025-tuusniemi-finaaliturnaus","status":"publish","type":"page","link":"https:\/\/sivustot.lentopallo.fi\/ita-suomi\/beach-volley\/u-16-beach-tour-2025\/osakilpailut\/9-8-2025-tuusniemi-finaaliturnaus\/","title":{"rendered":"9.8.2025 Tuusniemi FINAALITURNAUS"},"content":{"rendered":"\n<p><strong>Mik\u00e4<\/strong><\/p>\n\n\n\n<p>Kes\u00e4n 2025 East Beach Volley-tourin finaaliturnaus j\u00e4rjestet\u00e4\u00e4n Tuusniemell\u00e4 9.8.2025<\/p>\n\n\n\n<p><strong>Finaaliturnauksen valintaprosessi<\/strong><\/p>\n\n\n\n<ol class=\"wp-block-list\">\n<li>Pelaajat ilmoittatuvat finaaliturnaukseen pareittain 5.8.2025 klo 18 menness\u00e4<\/li>\n\n\n\n<li>J\u00e4rjest\u00e4v\u00e4 taho laskee parien aiempien turnauksen aikana ansaitsemat ranking-pisteet yhteen. N\u00e4in saatavien yhteisrankingpisteiden mukaan lopputurnaukseen valitaan 8 tytt\u00f6paria ja 4 poikaparia. Valinta julkaistaan 4.8.2025. Valitut parit l\u00f6yd\u00e4t klikkaamalla <strong>T\u00c4ST\u00c4<\/strong><\/li>\n\n\n\n<li>Valitut parit maksavat osanottomaksunsa alla olevien ohjeiden mukaan.<br>Hinta: 20\u20ac<br>Tilinumero: FI63 5482 0620 0193 60<br>Tilin nimi: Tuusniemen Raju<br>Viesti: Parin nimet<\/li>\n<\/ol>\n\n\n\n<p><strong>Ilmoittautuminen<\/strong><\/p>\n\n\n\n<p>Ilmoittautumaan p\u00e4\u00e4set klikkaamalla <strong><a href=\"https:\/\/docs.google.com\/forms\/d\/e\/1FAIpQLSdLGUheyNiD84sI1OCLSlP2-I8Ug2tMKGUg1FvfQvbrltPBeQ\/viewform?usp=dialog\"><mark class=\"has-inline-color has-vivid-cyan-blue-color\">T\u00c4ST\u00c4<\/mark><\/a><\/strong><br><br><strong>HUOM! ILMOITTAUTUMISAIKAA JATKETTU 5.8.2025 KLO 18.00 ASTI. <\/strong><\/p>\n\n\n\n<p><\/p>\n\n\n\n<p><strong>Pelipaikan osoite<\/strong><\/p>\n\n\n\n<p>Satama: Mustolantie 9, Tuusniemi (Pojat kaikki pelit, tyt\u00f6t mitalipelit)<br>Uimala 1 ja 2: Anaskintie 38 (Tyt\u00f6t alkusarja ja v\u00e4lier\u00e4t).<\/p>\n\n\n\n<p><strong>Pelij\u00e4rjestelm\u00e4<\/strong><\/p>\n\n\n\n<p>Tyt\u00f6t:<br>Viiden joukkueen alkusarja, miss\u00e4 pelataan kahden er\u00e4n pelej\u00e4.<\/p>\n\n\n\n<p>V\u00e4lieriss\u00e4 1vs4 ja 2vs3.<br>Pronssipeliss\u00e4 v\u00e4lierien h\u00e4vi\u00e4j\u00e4t ja loppuottelussa voittajat.<br>V\u00e4lierist\u00e4 l\u00e4htien pelit kahdesta voittoer\u00e4st\u00e4.<\/p>\n\n\n\n<p>Pojat:<br>Kolmen joukkueen alkusarja, miss\u00e4 pelataan kolme er\u00e4\u00e4.<\/p>\n\n\n\n<p>V\u00e4lier\u00e4ss\u00e4 alkusarjan 2vs3.<br>Loppuottelussa alkusarjan 1vs v\u00e4lier\u00e4n voittaja.<br>V\u00e4lier\u00e4 ja loppuottelu pelataan kahdesta voittoer\u00e4st\u00e4.<\/p>\n\n\n\n<p><strong>Aikataulu<\/strong><\/p>\n\n\n\n<figure class=\"wp-block-image size-large\"><img loading=\"lazy\" decoding=\"async\" width=\"1024\" height=\"712\" src=\"https:\/\/sivustot.lentopallo.fi\/ita-suomi\/files\/2025\/08\/image-1024x712.png\" alt=\"\" class=\"wp-image-1743\" srcset=\"https:\/\/sivustot.lentopallo.fi\/ita-suomi\/files\/2025\/08\/image-1024x712.png 1024w, https:\/\/sivustot.lentopallo.fi\/ita-suomi\/files\/2025\/08\/image-300x208.png 300w, https:\/\/sivustot.lentopallo.fi\/ita-suomi\/files\/2025\/08\/image-768x534.png 768w, https:\/\/sivustot.lentopallo.fi\/ita-suomi\/files\/2025\/08\/image-1126x782.png 1126w, https:\/\/sivustot.lentopallo.fi\/ita-suomi\/files\/2025\/08\/image-1060x737.png 1060w, https:\/\/sivustot.lentopallo.fi\/ita-suomi\/files\/2025\/08\/image-1039x722.png 1039w, https:\/\/sivustot.lentopallo.fi\/ita-suomi\/files\/2025\/08\/image-55x38.png 55w, https:\/\/sivustot.lentopallo.fi\/ita-suomi\/files\/2025\/08\/image.png 1144w\" sizes=\"auto, (max-width: 1024px) 100vw, 1024px\" \/><\/figure>\n\n\n\n<figure class=\"wp-block-image size-large\"><img loading=\"lazy\" decoding=\"async\" width=\"1024\" height=\"355\" src=\"https:\/\/sivustot.lentopallo.fi\/ita-suomi\/files\/2025\/08\/image-1-1024x355.png\" alt=\"\" class=\"wp-image-1744\" srcset=\"https:\/\/sivustot.lentopallo.fi\/ita-suomi\/files\/2025\/08\/image-1-1024x355.png 1024w, https:\/\/sivustot.lentopallo.fi\/ita-suomi\/files\/2025\/08\/image-1-300x104.png 300w, https:\/\/sivustot.lentopallo.fi\/ita-suomi\/files\/2025\/08\/image-1-768x266.png 768w, https:\/\/sivustot.lentopallo.fi\/ita-suomi\/files\/2025\/08\/image-1-1060x367.png 1060w, https:\/\/sivustot.lentopallo.fi\/ita-suomi\/files\/2025\/08\/image-1-1039x360.png 1039w, https:\/\/sivustot.lentopallo.fi\/ita-suomi\/files\/2025\/08\/image-1-55x19.png 55w, https:\/\/sivustot.lentopallo.fi\/ita-suomi\/files\/2025\/08\/image-1.png 1077w\" sizes=\"auto, (max-width: 1024px) 100vw, 1024px\" \/><\/figure>\n","protected":false},"excerpt":{"rendered":"<p>Mik\u00e4 Kes\u00e4n 2025 East Beach Volley-tourin finaaliturnaus j\u00e4rjestet\u00e4\u00e4n Tuusniemell\u00e4 9.8.2025 Finaaliturnauksen valintaprosessi Ilmoittautuminen Ilmoittautumaan p\u00e4\u00e4set klikkaamalla T\u00c4ST\u00c4 HUOM! ILMOITTAUTUMISAIKAA JATKETTU 5.8.2025 KLO 18.00 ASTI. Pelipaikan osoite Satama: Mustolantie 9, Tuusniemi (Pojat kaikki pelit, tyt\u00f6t mitalipelit)Uimala 1 ja 2: Anaskintie 38 (Tyt\u00f6t alkusarja ja v\u00e4lier\u00e4t). Pelij\u00e4rjestelm\u00e4 Tyt\u00f6t:Viiden joukkueen alkusarja, miss\u00e4 pelataan kahden er\u00e4n pelej\u00e4. V\u00e4lieriss\u00e4 1vs4 [&hellip;]<\/p>\n","protected":false},"author":15,"featured_media":0,"parent":1572,"menu_order":0,"comment_status":"closed","ping_status":"closed","template":"pages\/template-kilpailu.php","meta":{"_acf_changed":false,"inline_featured_image":false,"footnotes":""},"class_list":["post-1582","page","type-page","status-publish","hentry"],"acf":[],"_links":{"self":[{"href":"https:\/\/sivustot.lentopallo.fi\/ita-suomi\/wp-json\/wp\/v2\/pages\/1582","targetHints":{"allow":["GET"]}}],"collection":[{"href":"https:\/\/sivustot.lentopallo.fi\/ita-suomi\/wp-json\/wp\/v2\/pages"}],"about":[{"href":"https:\/\/sivustot.lentopallo.fi\/ita-suomi\/wp-json\/wp\/v2\/types\/page"}],"author":[{"embeddable":true,"href":"https:\/\/sivustot.lentopallo.fi\/ita-suomi\/wp-json\/wp\/v2\/users\/15"}],"replies":[{"embeddable":true,"href":"https:\/\/sivustot.lentopallo.fi\/ita-suomi\/wp-json\/wp\/v2\/comments?post=1582"}],"version-history":[{"count":4,"href":"https:\/\/sivustot.lentopallo.fi\/ita-suomi\/wp-json\/wp\/v2\/pages\/1582\/revisions"}],"predecessor-version":[{"id":1745,"href":"https:\/\/sivustot.lentopallo.fi\/ita-suomi\/wp-json\/wp\/v2\/pages\/1582\/revisions\/1745"}],"up":[{"embeddable":true,"href":"https:\/\/sivustot.lentopallo.fi\/ita-suomi\/wp-json\/wp\/v2\/pages\/1572"}],"wp:attachment":[{"href":"https:\/\/sivustot.lentopallo.fi\/ita-suomi\/wp-json\/wp\/v2\/media?parent=1582"}],"curies":[{"name":"wp","href":"https:\/\/api.w.org\/{rel}","templated":true}]}}