{"id":1983,"date":"2026-02-23T08:36:03","date_gmt":"2026-02-23T08:36:03","guid":{"rendered":"https:\/\/sivustot.lentopallo.fi\/ita-suomi\/?page_id=1983"},"modified":"2026-02-23T08:57:31","modified_gmt":"2026-02-23T08:57:31","slug":"massaleiri-14-2-2026","status":"publish","type":"page","link":"https:\/\/sivustot.lentopallo.fi\/ita-suomi\/ita-suomi-cup\/maakuntavalmennus\/pohjois-savo\/e-tytot-2013-2014\/massaleiri-14-2-2026\/","title":{"rendered":"Massaleiri 14.2.2026"},"content":{"rendered":"\n<figure class=\"wp-block-image size-large\"><img loading=\"lazy\" decoding=\"async\" width=\"1024\" height=\"534\" src=\"https:\/\/sivustot.lentopallo.fi\/ita-suomi\/files\/2026\/02\/image-4-1024x534.png\" alt=\"\" class=\"wp-image-1993\" srcset=\"https:\/\/sivustot.lentopallo.fi\/ita-suomi\/files\/2026\/02\/image-4-1024x534.png 1024w, https:\/\/sivustot.lentopallo.fi\/ita-suomi\/files\/2026\/02\/image-4-300x156.png 300w, https:\/\/sivustot.lentopallo.fi\/ita-suomi\/files\/2026\/02\/image-4-768x400.png 768w, https:\/\/sivustot.lentopallo.fi\/ita-suomi\/files\/2026\/02\/image-4-1536x800.png 1536w, https:\/\/sivustot.lentopallo.fi\/ita-suomi\/files\/2026\/02\/image-4-1640x855.png 1640w, https:\/\/sivustot.lentopallo.fi\/ita-suomi\/files\/2026\/02\/image-4-1126x587.png 1126w, https:\/\/sivustot.lentopallo.fi\/ita-suomi\/files\/2026\/02\/image-4-1060x552.png 1060w, https:\/\/sivustot.lentopallo.fi\/ita-suomi\/files\/2026\/02\/image-4-1039x541.png 1039w, https:\/\/sivustot.lentopallo.fi\/ita-suomi\/files\/2026\/02\/image-4-55x29.png 55w, https:\/\/sivustot.lentopallo.fi\/ita-suomi\/files\/2026\/02\/image-4.png 1758w\" sizes=\"auto, (max-width: 1024px) 100vw, 1024px\" \/><\/figure>\n\n\n\n<p>Yst\u00e4v\u00e4np\u00e4iv\u00e4n kunniaksi Sonkaj\u00e4rvell\u00e4 j\u00e4rjestettiin Pohjois-Savon E-junioreiden yhteinen treenip\u00e4iv\u00e4. Treenip\u00e4iv\u00e4n perusteella voidaan sanoa ett\u00e4 juniorit ovat hyviss\u00e4 k\u00e4siss\u00e4 sill\u00e4 pelaajat vaikuttivat motivoituneilta ja innokkailta oppimaan uutta. <br><br>U11 tytt\u00f6jen osalta maakuntatreenit jatkuvat seuraavien pelaajien osalta Pielavedell\u00e4 28.3.2026<\/p>\n\n\n\n<p>Herranen Malina<br>Khodueva Kseniia<br>Kokkonen Klaara<br>M\u00e4kinen Fanni<br>Nissinen Elsi<br>Pitk\u00e4nen Maija<br>Pulkkinen Sanni<br>Raatikainen Maija<br>Ratilainen Sara<br>Roivainen Sara<br>Rytk\u00f6nen Emilia<br>Sisso Vilja<br>Tervo Kerttu<br>Vikki Edla<br>V\u00e4liaho Aino<\/p>\n\n\n\n<p>Lis\u00e4tietoa Pielaveden leirist\u00e4 ja ilmoittautumislinkki l\u00f6ytyy <strong><a href=\"https:\/\/sivustot.lentopallo.fi\/ita-suomi\/ita-suomi-cup\/maakuntavalmennus\/pohjois-savo\/e-tytot-2013-2014\/valintaleiri-28-3-2026\/\">T\u00c4\u00c4LT\u00c4<\/a><\/strong><br><\/p>\n","protected":false},"excerpt":{"rendered":"<p>Yst\u00e4v\u00e4np\u00e4iv\u00e4n kunniaksi Sonkaj\u00e4rvell\u00e4 j\u00e4rjestettiin Pohjois-Savon E-junioreiden yhteinen treenip\u00e4iv\u00e4. Treenip\u00e4iv\u00e4n perusteella voidaan sanoa ett\u00e4 juniorit ovat hyviss\u00e4 k\u00e4siss\u00e4 sill\u00e4 pelaajat vaikuttivat motivoituneilta ja innokkailta oppimaan uutta. U11 tytt\u00f6jen osalta maakuntatreenit jatkuvat seuraavien pelaajien osalta Pielavedell\u00e4 28.3.2026 Herranen MalinaKhodueva KseniiaKokkonen KlaaraM\u00e4kinen FanniNissinen ElsiPitk\u00e4nen MaijaPulkkinen SanniRaatikainen MaijaRatilainen SaraRoivainen SaraRytk\u00f6nen EmiliaSisso ViljaTervo KerttuVikki EdlaV\u00e4liaho Aino Lis\u00e4tietoa Pielaveden leirist\u00e4 ja [&hellip;]<\/p>\n","protected":false},"author":15,"featured_media":0,"parent":975,"menu_order":0,"comment_status":"closed","ping_status":"closed","template":"","meta":{"_acf_changed":false,"inline_featured_image":false,"footnotes":""},"class_list":["post-1983","page","type-page","status-publish","hentry"],"acf":[],"_links":{"self":[{"href":"https:\/\/sivustot.lentopallo.fi\/ita-suomi\/wp-json\/wp\/v2\/pages\/1983","targetHints":{"allow":["GET"]}}],"collection":[{"href":"https:\/\/sivustot.lentopallo.fi\/ita-suomi\/wp-json\/wp\/v2\/pages"}],"about":[{"href":"https:\/\/sivustot.lentopallo.fi\/ita-suomi\/wp-json\/wp\/v2\/types\/page"}],"author":[{"embeddable":true,"href":"https:\/\/sivustot.lentopallo.fi\/ita-suomi\/wp-json\/wp\/v2\/users\/15"}],"replies":[{"embeddable":true,"href":"https:\/\/sivustot.lentopallo.fi\/ita-suomi\/wp-json\/wp\/v2\/comments?post=1983"}],"version-history":[{"count":3,"href":"https:\/\/sivustot.lentopallo.fi\/ita-suomi\/wp-json\/wp\/v2\/pages\/1983\/revisions"}],"predecessor-version":[{"id":1994,"href":"https:\/\/sivustot.lentopallo.fi\/ita-suomi\/wp-json\/wp\/v2\/pages\/1983\/revisions\/1994"}],"up":[{"embeddable":true,"href":"https:\/\/sivustot.lentopallo.fi\/ita-suomi\/wp-json\/wp\/v2\/pages\/975"}],"wp:attachment":[{"href":"https:\/\/sivustot.lentopallo.fi\/ita-suomi\/wp-json\/wp\/v2\/media?parent=1983"}],"curies":[{"name":"wp","href":"https:\/\/api.w.org\/{rel}","templated":true}]}}