{"id":1986,"date":"2026-02-23T08:44:35","date_gmt":"2026-02-23T08:44:35","guid":{"rendered":"https:\/\/sivustot.lentopallo.fi\/ita-suomi\/?page_id=1986"},"modified":"2026-03-15T16:41:13","modified_gmt":"2026-03-15T16:41:13","slug":"valintaleiri-28-3-2026","status":"publish","type":"page","link":"https:\/\/sivustot.lentopallo.fi\/ita-suomi\/ita-suomi-cup\/maakuntavalmennus\/pohjois-savo\/e-tytot-2013-2014\/valintaleiri-28-3-2026\/","title":{"rendered":"Valintaleiri 28.3.2026"},"content":{"rendered":"\n<p><strong>Mik\u00e4<\/strong>: Pohjois-Savon 2.maakuntaleiri <\/p>\n\n\n\n<p><strong>Kenelle<\/strong>: Kutsutuille pelaajille<\/p>\n\n\n\n<p><strong>Miss\u00e4<\/strong>: Pielaveden liikuntahalli<\/p>\n\n\n\n<p><strong>Milloin<\/strong>: 28.3.2026<\/p>\n\n\n\n<p><strong>Aikataulu<\/strong>: <br>10.00-11.30 Treeni 1<br>11.30-12.30: Ruokailu (Ruokailu treenipaikalla, maksu paikan p\u00e4\u00e4ll\u00e4)<br>12.30-14.00: Treeni 2<\/p>\n\n\n\n<p><strong>Ilmoittautuminen<\/strong>: Ilmoittautumaan p\u00e4\u00e4set <strong><a href=\"https:\/\/www.suomisport.fi\/events\/f7fcabc7-9726-4e80-9f7d-394ef2090c5d\">T\u00c4ST\u00c4<\/a><\/strong><\/p>\n\n\n\n<p><strong>Kutsutut pelaajat<\/strong><\/p>\n\n\n\n<p>Herranen Malina<br>Khodueva Kseniia<br>Kokkonen Klaara<br>M\u00e4kinen Fanni<br>Nissinen Elsi<br>Pitk\u00e4nen Maija<br>Pulkkinen Sanni<br>Raatikainen Maija<br>Ratilainen Sara<br>Roivainen Sara<br>Rytk\u00f6nen Emilia<br>Sisso Vilja<br>Tervo Kerttu<br>Vikki Edla<br>V\u00e4liaho Aino<\/p>\n","protected":false},"excerpt":{"rendered":"<p>Mik\u00e4: Pohjois-Savon 2.maakuntaleiri Kenelle: Kutsutuille pelaajille Miss\u00e4: Pielaveden liikuntahalli Milloin: 28.3.2026 Aikataulu: 10.00-11.30 Treeni 111.30-12.30: Ruokailu (Ruokailu treenipaikalla, maksu paikan p\u00e4\u00e4ll\u00e4)12.30-14.00: Treeni 2 Ilmoittautuminen: Ilmoittautumaan p\u00e4\u00e4set T\u00c4ST\u00c4 Kutsutut pelaajat Herranen MalinaKhodueva KseniiaKokkonen KlaaraM\u00e4kinen FanniNissinen ElsiPitk\u00e4nen MaijaPulkkinen SanniRaatikainen MaijaRatilainen SaraRoivainen SaraRytk\u00f6nen EmiliaSisso ViljaTervo KerttuVikki EdlaV\u00e4liaho Aino<\/p>\n","protected":false},"author":15,"featured_media":0,"parent":975,"menu_order":0,"comment_status":"closed","ping_status":"closed","template":"","meta":{"_acf_changed":false,"inline_featured_image":false,"footnotes":""},"class_list":["post-1986","page","type-page","status-publish","hentry"],"acf":[],"_links":{"self":[{"href":"https:\/\/sivustot.lentopallo.fi\/ita-suomi\/wp-json\/wp\/v2\/pages\/1986","targetHints":{"allow":["GET"]}}],"collection":[{"href":"https:\/\/sivustot.lentopallo.fi\/ita-suomi\/wp-json\/wp\/v2\/pages"}],"about":[{"href":"https:\/\/sivustot.lentopallo.fi\/ita-suomi\/wp-json\/wp\/v2\/types\/page"}],"author":[{"embeddable":true,"href":"https:\/\/sivustot.lentopallo.fi\/ita-suomi\/wp-json\/wp\/v2\/users\/15"}],"replies":[{"embeddable":true,"href":"https:\/\/sivustot.lentopallo.fi\/ita-suomi\/wp-json\/wp\/v2\/comments?post=1986"}],"version-history":[{"count":4,"href":"https:\/\/sivustot.lentopallo.fi\/ita-suomi\/wp-json\/wp\/v2\/pages\/1986\/revisions"}],"predecessor-version":[{"id":2055,"href":"https:\/\/sivustot.lentopallo.fi\/ita-suomi\/wp-json\/wp\/v2\/pages\/1986\/revisions\/2055"}],"up":[{"embeddable":true,"href":"https:\/\/sivustot.lentopallo.fi\/ita-suomi\/wp-json\/wp\/v2\/pages\/975"}],"wp:attachment":[{"href":"https:\/\/sivustot.lentopallo.fi\/ita-suomi\/wp-json\/wp\/v2\/media?parent=1986"}],"curies":[{"name":"wp","href":"https:\/\/api.w.org\/{rel}","templated":true}]}}