{"id":1995,"date":"2026-02-23T09:01:54","date_gmt":"2026-02-23T09:01:54","guid":{"rendered":"https:\/\/sivustot.lentopallo.fi\/ita-suomi\/?page_id=1995"},"modified":"2026-02-23T09:27:22","modified_gmt":"2026-02-23T09:27:22","slug":"massaleiri-14-2-2026","status":"publish","type":"page","link":"https:\/\/sivustot.lentopallo.fi\/ita-suomi\/ita-suomi-cup\/maakuntavalmennus\/pohjois-savo\/e-pojat-2013-2014\/massaleiri-14-2-2026\/","title":{"rendered":"Massaleiri 14.2.2026"},"content":{"rendered":"\n<figure class=\"wp-block-image size-large is-style-rounded\"><img loading=\"lazy\" decoding=\"async\" width=\"768\" height=\"1024\" src=\"https:\/\/sivustot.lentopallo.fi\/ita-suomi\/files\/2026\/02\/image-5-768x1024.png\" alt=\"\" class=\"wp-image-1996\" srcset=\"https:\/\/sivustot.lentopallo.fi\/ita-suomi\/files\/2026\/02\/image-5-768x1023.png 768w, https:\/\/sivustot.lentopallo.fi\/ita-suomi\/files\/2026\/02\/image-5-225x300.png 225w, https:\/\/sivustot.lentopallo.fi\/ita-suomi\/files\/2026\/02\/image-5-1153x1536.png 1153w, https:\/\/sivustot.lentopallo.fi\/ita-suomi\/files\/2026\/02\/image-5-1126x1500.png 1126w, https:\/\/sivustot.lentopallo.fi\/ita-suomi\/files\/2026\/02\/image-5-1060x1412.png 1060w, https:\/\/sivustot.lentopallo.fi\/ita-suomi\/files\/2026\/02\/image-5-1039x1384.png 1039w, https:\/\/sivustot.lentopallo.fi\/ita-suomi\/files\/2026\/02\/image-5-300x400.png 300w, https:\/\/sivustot.lentopallo.fi\/ita-suomi\/files\/2026\/02\/image-5-55x73.png 55w, https:\/\/sivustot.lentopallo.fi\/ita-suomi\/files\/2026\/02\/image-5.png 1200w\" sizes=\"auto, (max-width: 768px) 100vw, 768px\" \/><\/figure>\n\n\n\n<p>Yst\u00e4v\u00e4np\u00e4iv\u00e4n kunniaksi Sonkaj\u00e4rvell\u00e4 j\u00e4rjestettiin Pohjois-Savon E-junioreiden yhteinen treenip\u00e4iv\u00e4. Treenip\u00e4iv\u00e4n perusteella voidaan sanoa ett\u00e4 juniorit ovat hyviss\u00e4 k\u00e4siss\u00e4 sill\u00e4 pelaajat vaikuttivat motivoituneilta ja innokkailta oppimaan uutta.<\/p>\n\n\n\n<p>U11 poikien osalta maakuntatreenit jatkuvat Kuopiossa 29.3.2026. Leirille on kaikki Pohjois-Savon poikajuniorit tervetulleita, my\u00f6s massaleirilt\u00e4 poissaolleiden osalta<\/p>\n\n\n\n<p>Lis\u00e4tietoa ja ilmoittautumislinkki l\u00f6ytyy <a href=\"https:\/\/sivustot.lentopallo.fi\/ita-suomi\/ita-suomi-cup\/maakuntavalmennus\/pohjois-savo\/e-pojat-2013-2014\/valintaleiri-29-3-2026\/\"><strong>T\u00c4\u00c4LT\u00c4<\/strong><\/a><\/p>\n\n\n\n<p><a href=\"https:\/\/sivustot.lentopallo.fi\/ita-suomi\/ita-suomi-cup\/maakuntavalmennus\/pohjois-savo\/e-pojat-2013-2014\/massaleiri-14-2-2026\/\" target=\"_blank\" rel=\"noreferrer noopener\">N\u00e4yt\u00e4 sivu\u2197<\/a><\/p>\n","protected":false},"excerpt":{"rendered":"<p>Yst\u00e4v\u00e4np\u00e4iv\u00e4n kunniaksi Sonkaj\u00e4rvell\u00e4 j\u00e4rjestettiin Pohjois-Savon E-junioreiden yhteinen treenip\u00e4iv\u00e4. Treenip\u00e4iv\u00e4n perusteella voidaan sanoa ett\u00e4 juniorit ovat hyviss\u00e4 k\u00e4siss\u00e4 sill\u00e4 pelaajat vaikuttivat motivoituneilta ja innokkailta oppimaan uutta. U11 poikien osalta maakuntatreenit jatkuvat Kuopiossa 29.3.2026. Leirille on kaikki Pohjois-Savon poikajuniorit tervetulleita, my\u00f6s massaleirilt\u00e4 poissaolleiden osalta Lis\u00e4tietoa ja ilmoittautumislinkki l\u00f6ytyy T\u00c4\u00c4LT\u00c4 N\u00e4yt\u00e4 sivu\u2197<\/p>\n","protected":false},"author":15,"featured_media":0,"parent":977,"menu_order":0,"comment_status":"closed","ping_status":"closed","template":"","meta":{"_acf_changed":false,"inline_featured_image":false,"footnotes":""},"class_list":["post-1995","page","type-page","status-publish","hentry"],"acf":[],"_links":{"self":[{"href":"https:\/\/sivustot.lentopallo.fi\/ita-suomi\/wp-json\/wp\/v2\/pages\/1995","targetHints":{"allow":["GET"]}}],"collection":[{"href":"https:\/\/sivustot.lentopallo.fi\/ita-suomi\/wp-json\/wp\/v2\/pages"}],"about":[{"href":"https:\/\/sivustot.lentopallo.fi\/ita-suomi\/wp-json\/wp\/v2\/types\/page"}],"author":[{"embeddable":true,"href":"https:\/\/sivustot.lentopallo.fi\/ita-suomi\/wp-json\/wp\/v2\/users\/15"}],"replies":[{"embeddable":true,"href":"https:\/\/sivustot.lentopallo.fi\/ita-suomi\/wp-json\/wp\/v2\/comments?post=1995"}],"version-history":[{"count":6,"href":"https:\/\/sivustot.lentopallo.fi\/ita-suomi\/wp-json\/wp\/v2\/pages\/1995\/revisions"}],"predecessor-version":[{"id":2002,"href":"https:\/\/sivustot.lentopallo.fi\/ita-suomi\/wp-json\/wp\/v2\/pages\/1995\/revisions\/2002"}],"up":[{"embeddable":true,"href":"https:\/\/sivustot.lentopallo.fi\/ita-suomi\/wp-json\/wp\/v2\/pages\/977"}],"wp:attachment":[{"href":"https:\/\/sivustot.lentopallo.fi\/ita-suomi\/wp-json\/wp\/v2\/media?parent=1995"}],"curies":[{"name":"wp","href":"https:\/\/api.w.org\/{rel}","templated":true}]}}