{"id":257,"date":"2023-05-23T10:25:08","date_gmt":"2023-05-23T10:25:08","guid":{"rendered":"https:\/\/sivustot.lentopallo.fi\/ita-suomi\/?page_id=257"},"modified":"2025-09-15T13:37:24","modified_gmt":"2025-09-15T13:37:24","slug":"aluevalmennus","status":"publish","type":"page","link":"https:\/\/sivustot.lentopallo.fi\/ita-suomi\/aluevalmennus\/","title":{"rendered":"Aluevalmennus"},"content":{"rendered":"\n<p><strong>Id\u00e4n aluejoukkuetoiminta<\/strong><\/p>\n\n\n\n<p>Id\u00e4n aluejoukkueiden p\u00e4\u00e4valmentajat seuraavat kauden aikana eri pelaajien kehittymist\u00e4 ja pelaamista. Heist\u00e4 valitaan leirien, katsastuksien ja pelillisten taitojen perusteella kaksi joukkuetta\/ik\u00e4luokka\/sukupuoli.<\/p>\n\n\n\n<p>Yleens\u00e4 ensimm\u00e4iset leirit ovat ns. massaleirej\u00e4, joihin voivat osallistua kaikki potentiaaliset ik\u00e4luokan pelaajat. N\u00e4ilt\u00e4 leireilt\u00e4 valitut pelaajat jatkavat seuraavalle leirille ja lopullisiin joukkuekokoonpanoihin saakka. P\u00e4\u00e4valmentajien apuna on muitakin aluevalmentajia, ja my\u00f6s seuravalmentajia toivotaan yhteisty\u00f6h\u00f6n aluevalmentajien kanssa. C-ik\u00e4isten leiritys alkaa kes\u00e4n ja B-ik\u00e4isten syksyn aikana. Lis\u00e4tietoja leireist\u00e4 ja valmennuksesta voi kysy\u00e4 aluevalmentajilta ja nuorisop\u00e4\u00e4llik\u00f6lt\u00e4.<\/p>\n\n\n\n<p><strong>Aluevalmennuksen kustannukset<\/strong><\/p>\n\n\n\n<p>Id\u00e4n alueella kustannukset katetaan p\u00e4\u00e4osin leirimaksuilla, joihin vaikuttavat ruokailu-, majoitus-, salivuokra- yms. kulut, yhteens\u00e4 n. 10-200 euroa\/leiri riippuen leirin pituudesta ja sis\u00e4ll\u00f6st\u00e4. Aluevalmentajille ei makseta palkkaa, ainostaan matka- ja muut pakolliset kulut korvataan.<\/p>\n\n\n\n<p>Aluejoukkueiden SM-kisojen passimaksu, johon sis\u00e4ltyv\u00e4t ruokailut, majoitukset , yhteiskyydin turnaukseen ja turnauksen ajan k\u00e4yt\u00f6ss\u00e4 olevat pelivaatteet, tulee my\u00f6s pelaajien itsens\u00e4 maksettavaksi. <\/p>\n\n\n\n\t<section id=\"block_d0bc9e13c8d8e2874ee3a40131b0c694\" class=\"cta-color-grid\">\n\t\t<div class=\"cta-color-grid-holder\">\n\t\t\t\t\t\t\t\t\t\t\t\t\t\t\t\t<div class=\"cta-color-grid-item width-50\">\n\t\t\t\t\t\t<div class=\"holder-cta-color-grid-item\" style=\"background-color:#001a38;\">\n\t\t\t\t\t\t\t\t\t\t\t\t\t\t\t<div class=\"col-title\">\n\t\t\t\t\t\t\t\t\t<h3 class=\"title\">P\u00e4\u00e4valmentaja<\/h3>\n\t\t\t\t\t\t\t\t<\/div>\n\t\t\t\t\t\t\t\n\t\t\t\t\t\t\t\t\t\t\t\t\t\t\t<div class=\"col-content\">\n\t\t\t\t\t\t\t\t\t\t\t\t\t\t\t\t\t\t\t<div class=\"text\"><p>Henrik Kosonen<\/p>\n<p>puh: 040 775 5076<\/p>\n<p>e-mail: kosohere@gmail.com<\/p>\n<\/div>\n\t\t\t\t\t\t\t\t\t\n\t\t\t\t\t\t\t\t\t\t\t\t\t\t\t\t\t<\/div>\n\t\t\t\t\t\t\t\t\t\t\t\t\t<\/div>\n\t\t\t\t\t<\/div>\n\t\t\t\t\t\t\t\t\t\t\t\t\t\t\t\t\t\t\t\t<div class=\"cta-color-grid-item width-50\">\n\t\t\t\t\t\t<div class=\"holder-cta-color-grid-item\" style=\"background-color:#001a38;\">\n\t\t\t\t\t\t\t\t\t\t\t\t\t\t\t<div class=\"col-title\">\n\t\t\t\t\t\t\t\t\t<h3 class=\"title\">Nuorisop\u00e4\u00e4llikk\u00f6<\/h3>\n\t\t\t\t\t\t\t\t<\/div>\n\t\t\t\t\t\t\t\n\t\t\t\t\t\t\t\t\t\t\t\t\t\t\t<div class=\"col-content\">\n\t\t\t\t\t\t\t\t\t\t\t\t\t\t\t\t\t\t\t<div class=\"text\"><p>Antti Remes<\/p>\n<p>puh: 044 326 1622<\/p>\n<p>email: antti.remes@lentopalloliitto.fi<\/p>\n<p>&nbsp;<\/p>\n<p>Ilpo Hiltunen<\/p>\n<p>puh:<\/p>\n<p>email: ilpo.hiltunen@gmail.com<\/p>\n<\/div>\n\t\t\t\t\t\t\t\t\t\n\t\t\t\t\t\t\t\t\t\t\t\t\t\t\t\t\t<\/div>\n\t\t\t\t\t\t\t\t\t\t\t\t\t<\/div>\n\t\t\t\t\t<\/div>\n\t\t\t\t\t\t\t\t\t<\/div>\n\t<\/section>\n\n\n\n<section id=\"block_1734f92c0f6663293c3b073f43f8ed25\" class=\"contact-box\">\n\t\n\n\n\n\n\n\n\n<\/section>\n","protected":false},"excerpt":{"rendered":"<p>Id\u00e4n aluejoukkuetoiminta Id\u00e4n aluejoukkueiden p\u00e4\u00e4valmentajat seuraavat kauden aikana eri pelaajien kehittymist\u00e4 ja pelaamista. Heist\u00e4 valitaan leirien, katsastuksien ja pelillisten taitojen perusteella kaksi joukkuetta\/ik\u00e4luokka\/sukupuoli. Yleens\u00e4 ensimm\u00e4iset leirit ovat ns. massaleirej\u00e4, joihin voivat osallistua kaikki potentiaaliset ik\u00e4luokan pelaajat. N\u00e4ilt\u00e4 leireilt\u00e4 valitut pelaajat jatkavat seuraavalle leirille ja lopullisiin joukkuekokoonpanoihin saakka. P\u00e4\u00e4valmentajien apuna on muitakin aluevalmentajia, ja my\u00f6s seuravalmentajia [&hellip;]<\/p>\n","protected":false},"author":4,"featured_media":0,"parent":0,"menu_order":0,"comment_status":"closed","ping_status":"closed","template":"","meta":{"_acf_changed":false,"inline_featured_image":false,"footnotes":""},"class_list":["post-257","page","type-page","status-publish","hentry"],"acf":[],"_links":{"self":[{"href":"https:\/\/sivustot.lentopallo.fi\/ita-suomi\/wp-json\/wp\/v2\/pages\/257","targetHints":{"allow":["GET"]}}],"collection":[{"href":"https:\/\/sivustot.lentopallo.fi\/ita-suomi\/wp-json\/wp\/v2\/pages"}],"about":[{"href":"https:\/\/sivustot.lentopallo.fi\/ita-suomi\/wp-json\/wp\/v2\/types\/page"}],"author":[{"embeddable":true,"href":"https:\/\/sivustot.lentopallo.fi\/ita-suomi\/wp-json\/wp\/v2\/users\/4"}],"replies":[{"embeddable":true,"href":"https:\/\/sivustot.lentopallo.fi\/ita-suomi\/wp-json\/wp\/v2\/comments?post=257"}],"version-history":[{"count":16,"href":"https:\/\/sivustot.lentopallo.fi\/ita-suomi\/wp-json\/wp\/v2\/pages\/257\/revisions"}],"predecessor-version":[{"id":1824,"href":"https:\/\/sivustot.lentopallo.fi\/ita-suomi\/wp-json\/wp\/v2\/pages\/257\/revisions\/1824"}],"wp:attachment":[{"href":"https:\/\/sivustot.lentopallo.fi\/ita-suomi\/wp-json\/wp\/v2\/media?parent=257"}],"curies":[{"name":"wp","href":"https:\/\/api.w.org\/{rel}","templated":true}]}}