{"id":259,"date":"2023-05-23T10:26:16","date_gmt":"2023-05-23T10:26:16","guid":{"rendered":"https:\/\/sivustot.lentopallo.fi\/ita-suomi\/?page_id=259"},"modified":"2025-09-03T17:16:02","modified_gmt":"2025-09-03T17:16:02","slug":"kilpailutoiminta","status":"publish","type":"page","link":"https:\/\/sivustot.lentopallo.fi\/ita-suomi\/kilpailutoiminta\/","title":{"rendered":"Kilpailutoiminta"},"content":{"rendered":"\n<p>Alueen sarjojen ilmoittautuminen avautuu 15.8., F-ik\u00e4isten sarjojen 1.9. Ilmoittajalla tulee olla SuomiSport-tunnukset.<\/p>\n\n\n\n<p>Nuorten sarjat <a href=\"https:\/\/junnulentis.fi\/2025\/06\/11\/kausiaikataulu-2025-2026\/\">kausiaikataulun<\/a> mukaan.<\/p>\n\n\n\n<figure class=\"wp-block-image size-full\"><img loading=\"lazy\" decoding=\"async\" width=\"682\" height=\"505\" src=\"https:\/\/sivustot.lentopallo.fi\/ita-suomi\/files\/2024\/08\/image-1.png\" alt=\"\" class=\"wp-image-1187\" srcset=\"https:\/\/sivustot.lentopallo.fi\/ita-suomi\/files\/2024\/08\/image-1.png 682w, https:\/\/sivustot.lentopallo.fi\/ita-suomi\/files\/2024\/08\/image-1-300x222.png 300w, https:\/\/sivustot.lentopallo.fi\/ita-suomi\/files\/2024\/08\/image-1-55x41.png 55w\" sizes=\"auto, (max-width: 682px) 100vw, 682px\" \/><\/figure>\n\n\n\n<figure class=\"wp-block-image size-full is-resized\"><img loading=\"lazy\" decoding=\"async\" width=\"652\" height=\"1012\" src=\"https:\/\/sivustot.lentopallo.fi\/ita-suomi\/files\/2025\/06\/image-1.png\" alt=\"\" class=\"wp-image-1699\" style=\"width:674px;height:auto\" srcset=\"https:\/\/sivustot.lentopallo.fi\/ita-suomi\/files\/2025\/06\/image-1.png 652w, https:\/\/sivustot.lentopallo.fi\/ita-suomi\/files\/2025\/06\/image-1-193x300.png 193w, https:\/\/sivustot.lentopallo.fi\/ita-suomi\/files\/2025\/06\/image-1-300x466.png 300w, https:\/\/sivustot.lentopallo.fi\/ita-suomi\/files\/2025\/06\/image-1-55x85.png 55w\" sizes=\"auto, (max-width: 652px) 100vw, 652px\" \/><\/figure>\n\n\n\n<p><em>* E-Tiikeri- ja F-sarjoihin voi ilmoittautua my\u00f6hemmin, m\u00e4\u00e4r\u00e4p\u00e4iv\u00e4\u00e4n menness\u00e4 ilmoittautuneet huomoidaan turnausj\u00e4rjest\u00e4jin\u00e4. Sen j\u00e4lkeen ilmoittautuneet joukkueet laitetaan ohjelmaan sellaiseen seuraavaan turnaukseen, johon on v\u00e4hint\u00e4\u00e4n kolme viikkoa aikaa<\/em>.<\/p>\n\n\n\n<p><em>** A-C-joukkueet ilmoittautuvat valtakunnallisiin sarjoihin, ja ovat sit\u00e4 kautta automaattisesti mukana aluemestaruusturnauksissa (liiton sarjamaksu sis\u00e4lt\u00e4\u00e4 osallistumisen), jos eiv\u00e4t itse ilmoita j\u00e4\u00e4v\u00e4ns\u00e4 niist\u00e4 pois. Joukkueet, jotka haluavat olla mukana ainoastaan aluemestaruusturnauksissa, ilmoittautuvat niihin erikseen kev\u00e4\u00e4ll\u00e4 avattavalla alueen omalla ilmoittautumislomakkeella (sarjamaksu 80 \u20ac).<\/em><\/p>\n\n\n\n<div class=\"wp-block-buttons is-layout-flex wp-block-buttons-is-layout-flex\">\n<div class=\"wp-block-button\"><a class=\"wp-block-button__link wp-element-button\" href=\"https:\/\/www.lentopallo.fi\/wp-content\/uploads\/2024\/12\/Joukkueen-ilmoittautuminen-sarjaan.pdf\">OHJE ILMOITTAUTUMISEEN<\/a><\/div>\n<\/div>\n\n\n\n<p><\/p>\n\n\n\n<div class=\"wp-block-buttons is-layout-flex wp-block-buttons-is-layout-flex\">\n<div class=\"wp-block-button\"><a class=\"wp-block-button__link wp-element-button\" href=\"https:\/\/www.lentopallo.fi\/kilpailu\/pelipassit\/\">PELIPASSIT<\/a><\/div>\n<\/div>\n\n\n\n<p><\/p>\n\n\n\n<div class=\"wp-block-buttons is-layout-flex wp-block-buttons-is-layout-flex\">\n<div class=\"wp-block-button\"><a class=\"wp-block-button__link wp-element-button\" href=\"https:\/\/torneopal.lentopallo.fi\/taso\/login.php\" target=\"_blank\" rel=\"noreferrer noopener\">SARJAILMOITTAUTUMINEN F-D-IK\u00c4ISET JA AIKUISET<\/a><\/div>\n<\/div>\n\n\n\n<p><\/p>\n\n\n\n<div class=\"wp-block-buttons is-layout-flex wp-block-buttons-is-layout-flex\">\n<div class=\"wp-block-button\"><a class=\"wp-block-button__link wp-element-button\" href=\"https:\/\/junnulentis.fi\/sarjailmoittautuminen\/\" target=\"_blank\" rel=\"noreferrer noopener\">SARJAILMOITTAUTUMINEN C-A-IK\u00c4ISET, LIITON SARJAT<\/a><\/div>\n<\/div>\n\n\n\n<p><\/p>\n\n\n\n<div class=\"wp-block-buttons is-layout-flex wp-block-buttons-is-layout-flex\">\n<div class=\"wp-block-button\"><a class=\"wp-block-button__link wp-element-button\" href=\"https:\/\/junnulentis.fi\/kausiaikataulu\/\" target=\"_blank\" rel=\"noreferrer noopener\">KAUSIAIKATAULU<\/a><\/div>\n<\/div>\n\n\n\n<div class=\"wp-block-group\"><div class=\"wp-block-group__inner-container is-layout-constrained wp-block-group-is-layout-constrained\">\n<h3 class=\"wp-block-heading\">Nuorten sarjasuositukset F-D-ik\u00e4iset<\/h3>\n\n\n\n<p>Aluesarjat:<br>Jo edellisell\u00e4 kaudella\/edellisill\u00e4 kausilla pelanneille<br>Tiikerisarjat:<br>V\u00e4hemm\u00e4n pelanneille esim. edellisell\u00e4 kaudella ensimm\u00e4ist\u00e4 kertaa tiikerisarjassa pelanneille tai vasta kev\u00e4\u00e4ll\u00e4\/syksyll\u00e4 aloittaneille<\/p>\n\n\n\n<h3 class=\"wp-block-heading\">Sarjamaksut<\/h3>\n\n\n\n<p>Sarjamaksuista tulee lasku ilmoittautumisen yhteydess\u00e4. Lasku tulee yhteyshenkil\u00f6n s\u00e4hk\u00f6postisosoitteeseen. Jos haluat laskun my\u00f6s muuhun osoitteeseen (esim. seuran kirjanpit\u00e4j\u00e4lle tai verkkolaskun skannausosoitteeseen), lis\u00e4\u00e4 laskutusosoite sille tarkoitettuun kentt\u00e4\u00e4n. Jos laskua ei tule, tarkista my\u00f6s roskaposti. E-tiikerisarjan maksu on seurakohtainen, se&nbsp;laskutetaan kev\u00e4\u00e4ll\u00e4 viimeisen turnauksen j\u00e4lkeen.<\/p>\n<\/div><\/div>\n","protected":false},"excerpt":{"rendered":"<p>Alueen sarjojen ilmoittautuminen avautuu 15.8., F-ik\u00e4isten sarjojen 1.9. Ilmoittajalla tulee olla SuomiSport-tunnukset. Nuorten sarjat kausiaikataulun mukaan. * E-Tiikeri- ja F-sarjoihin voi ilmoittautua my\u00f6hemmin, m\u00e4\u00e4r\u00e4p\u00e4iv\u00e4\u00e4n menness\u00e4 ilmoittautuneet huomoidaan turnausj\u00e4rjest\u00e4jin\u00e4. Sen j\u00e4lkeen ilmoittautuneet joukkueet laitetaan ohjelmaan sellaiseen seuraavaan turnaukseen, johon on v\u00e4hint\u00e4\u00e4n kolme viikkoa aikaa. ** A-C-joukkueet ilmoittautuvat valtakunnallisiin sarjoihin, ja ovat sit\u00e4 kautta automaattisesti mukana aluemestaruusturnauksissa [&hellip;]<\/p>\n","protected":false},"author":4,"featured_media":0,"parent":0,"menu_order":0,"comment_status":"closed","ping_status":"closed","template":"","meta":{"_acf_changed":false,"inline_featured_image":false,"footnotes":""},"class_list":["post-259","page","type-page","status-publish","hentry"],"acf":[],"_links":{"self":[{"href":"https:\/\/sivustot.lentopallo.fi\/ita-suomi\/wp-json\/wp\/v2\/pages\/259","targetHints":{"allow":["GET"]}}],"collection":[{"href":"https:\/\/sivustot.lentopallo.fi\/ita-suomi\/wp-json\/wp\/v2\/pages"}],"about":[{"href":"https:\/\/sivustot.lentopallo.fi\/ita-suomi\/wp-json\/wp\/v2\/types\/page"}],"author":[{"embeddable":true,"href":"https:\/\/sivustot.lentopallo.fi\/ita-suomi\/wp-json\/wp\/v2\/users\/4"}],"replies":[{"embeddable":true,"href":"https:\/\/sivustot.lentopallo.fi\/ita-suomi\/wp-json\/wp\/v2\/comments?post=259"}],"version-history":[{"count":20,"href":"https:\/\/sivustot.lentopallo.fi\/ita-suomi\/wp-json\/wp\/v2\/pages\/259\/revisions"}],"predecessor-version":[{"id":1802,"href":"https:\/\/sivustot.lentopallo.fi\/ita-suomi\/wp-json\/wp\/v2\/pages\/259\/revisions\/1802"}],"wp:attachment":[{"href":"https:\/\/sivustot.lentopallo.fi\/ita-suomi\/wp-json\/wp\/v2\/media?parent=259"}],"curies":[{"name":"wp","href":"https:\/\/api.w.org\/{rel}","templated":true}]}}