{"id":385,"date":"2024-01-25T11:34:36","date_gmt":"2024-01-25T11:34:36","guid":{"rendered":"https:\/\/sivustot.lentopallo.fi\/ita-suomi\/?page_id=385"},"modified":"2024-02-08T12:02:06","modified_gmt":"2024-02-08T12:02:06","slug":"maakuntavalmennus","status":"publish","type":"page","link":"https:\/\/sivustot.lentopallo.fi\/ita-suomi\/ita-suomi-cup\/maakuntavalmennus\/","title":{"rendered":"Maakuntavalmennus"},"content":{"rendered":"\n<p>Maakuntavalmennus on&nbsp;toiminta-alueen kaikille seuroille, heid\u00e4n valmentajilleen ja nuorille lentopalloilijoille tarkoitettua valmennus- ja koulutustoimintaa.<\/p>\n\n\n\n<p>Toiminnan tavoitteena on luoda maakuntien lentopalloilijoille mahdollisuus kehitt\u00e4\u00e4 itse\u00e4\u00e4n maakuntaleirien muodossa. Maakunnan seuravalmentajille maakuntaleirit tarjoavat mahdollisuuden n\u00e4hd\u00e4 omien valmennettavien toiminta ja taso suhteessa muihin saman ik\u00e4isiin nuoriin. Maakuntaleirit tarjoavat motivoituneille ja osaaville valmentajille my\u00f6s valmentajan polun, joka voi johtaa aluevalmennuspestin kautta akatemiavalmentajaksi aina nuorten maajoukkueisiin asti.<\/p>\n\n\n\n<p>Maakuntavalmennus on l\u00e4hell\u00e4 toteutettavaa toimintaa ja siten my\u00f6s edullista.\u00a0Toimintaa voidaan toteuttaa p\u00e4iv\u00e4n tai 1-2 vuorokauden mittaisina leirein\u00e4. Leirit toimivat samalla urheilijoille alueleirien &#8221;pre check&#8221;-leirin\u00e4, jossa seurataan:<\/p>\n\n\n\n<ul class=\"wp-block-list\">\n<li>pelaajien kyky\u00e4 suoriutua harjoitteista<\/li>\n\n\n\n<li>pelaajien teknist\u00e4 osaamista ja taitavuutta<\/li>\n\n\n\n<li>fyysisi\u00e4 valmiuksia<\/li>\n\n\n\n<li>motivaatiota<\/li>\n<\/ul>\n","protected":false},"excerpt":{"rendered":"<p>Maakuntavalmennus on&nbsp;toiminta-alueen kaikille seuroille, heid\u00e4n valmentajilleen ja nuorille lentopalloilijoille tarkoitettua valmennus- ja koulutustoimintaa. Toiminnan tavoitteena on luoda maakuntien lentopalloilijoille mahdollisuus kehitt\u00e4\u00e4 itse\u00e4\u00e4n maakuntaleirien muodossa. Maakunnan seuravalmentajille maakuntaleirit tarjoavat mahdollisuuden n\u00e4hd\u00e4 omien valmennettavien toiminta ja taso suhteessa muihin saman ik\u00e4isiin nuoriin. Maakuntaleirit tarjoavat motivoituneille ja osaaville valmentajille my\u00f6s valmentajan polun, joka voi johtaa aluevalmennuspestin kautta akatemiavalmentajaksi [&hellip;]<\/p>\n","protected":false},"author":14,"featured_media":0,"parent":255,"menu_order":0,"comment_status":"closed","ping_status":"closed","template":"pages\/template-kilpailu.php","meta":{"_acf_changed":false,"inline_featured_image":false,"footnotes":""},"class_list":["post-385","page","type-page","status-publish","hentry"],"acf":[],"_links":{"self":[{"href":"https:\/\/sivustot.lentopallo.fi\/ita-suomi\/wp-json\/wp\/v2\/pages\/385","targetHints":{"allow":["GET"]}}],"collection":[{"href":"https:\/\/sivustot.lentopallo.fi\/ita-suomi\/wp-json\/wp\/v2\/pages"}],"about":[{"href":"https:\/\/sivustot.lentopallo.fi\/ita-suomi\/wp-json\/wp\/v2\/types\/page"}],"author":[{"embeddable":true,"href":"https:\/\/sivustot.lentopallo.fi\/ita-suomi\/wp-json\/wp\/v2\/users\/14"}],"replies":[{"embeddable":true,"href":"https:\/\/sivustot.lentopallo.fi\/ita-suomi\/wp-json\/wp\/v2\/comments?post=385"}],"version-history":[{"count":2,"href":"https:\/\/sivustot.lentopallo.fi\/ita-suomi\/wp-json\/wp\/v2\/pages\/385\/revisions"}],"predecessor-version":[{"id":630,"href":"https:\/\/sivustot.lentopallo.fi\/ita-suomi\/wp-json\/wp\/v2\/pages\/385\/revisions\/630"}],"up":[{"embeddable":true,"href":"https:\/\/sivustot.lentopallo.fi\/ita-suomi\/wp-json\/wp\/v2\/pages\/255"}],"wp:attachment":[{"href":"https:\/\/sivustot.lentopallo.fi\/ita-suomi\/wp-json\/wp\/v2\/media?parent=385"}],"curies":[{"name":"wp","href":"https:\/\/api.w.org\/{rel}","templated":true}]}}