{"id":391,"date":"2024-01-25T11:45:07","date_gmt":"2024-01-25T11:45:07","guid":{"rendered":"https:\/\/sivustot.lentopallo.fi\/ita-suomi\/?page_id=391"},"modified":"2026-03-30T08:42:39","modified_gmt":"2026-03-30T08:42:39","slug":"ajankohtaista","status":"publish","type":"page","link":"https:\/\/sivustot.lentopallo.fi\/ita-suomi\/ajankohtaista\/","title":{"rendered":"Ajankohtaista"},"content":{"rendered":"\n<section id=\"block_196046538552ee9639cfae468615f5f9\" class=\"related-news\">\n\t\n\n\t<div class=\"related-news-holder\">\n\t\t\n\t\t<div class=\"related-news-list\">\n\t\t\t\t\t\t\t\n<div class=\"news-block post-2074 uutiset type-uutiset status-publish hentry\">\n\t<div class=\"info font-color-white\" style=\"background-color:#09162c;\" data-color=\"#09162c\">\n\t\t<div class=\"holder-info\">\n\t\t\t<div class=\"news-date-info\">\n\t\t\t\t\n\t\t\t\t\t<time datetime=\"2026-03-30\">\n\t\t\t\t\t\t30.03.2026\t\t\t\t\t<\/time>\n\t\t\t\t\n\t\t\t<\/div>\n\n\t\t\t\t\t<\/div>\n\n\t\t<h2 class=\"news-title\"><a href=\"https:\/\/sivustot.lentopallo.fi\/ita-suomi\/uutiset\/ita-suomi-cup-kuopiossa-9-5-2026\/\" rel=\"bookmark\">It\u00e4-Suomi Cup Kuopiossa 9.5.2026<\/a><\/h2>\n\t\t<a class=\"btn btn-read-more\" href=\"https:\/\/sivustot.lentopallo.fi\/ita-suomi\/uutiset\/ita-suomi-cup-kuopiossa-9-5-2026\/\" rel=\"bookmark\">Lue lis\u00e4\u00e4<\/a>\n\t<\/div>\n\n\t<\/div>\n\t\t\t\t\t\t\t\n<div class=\"news-block post-1885 uutiset type-uutiset status-publish has-post-thumbnail hentry\">\n\t<div class=\"info font-color-white\" style=\"background-color:#09162c;\" data-color=\"#09162c\">\n\t\t<div class=\"holder-info\">\n\t\t\t<div class=\"news-date-info\">\n\t\t\t\t\n\t\t\t\t\t<time datetime=\"2025-09-22\">\n\t\t\t\t\t\t22.09.2025\t\t\t\t\t<\/time>\n\t\t\t\t\n\t\t\t<\/div>\n\n\t\t\t\t\t<\/div>\n\n\t\t<h2 class=\"news-title\"><a href=\"https:\/\/sivustot.lentopallo.fi\/ita-suomi\/uutiset\/lasten-urheilun-illat-kiertue\/\" rel=\"bookmark\">\u201dLasten urheilun illat\u201d-kiertue<\/a><\/h2>\n\t\t<a class=\"btn btn-read-more\" href=\"https:\/\/sivustot.lentopallo.fi\/ita-suomi\/uutiset\/lasten-urheilun-illat-kiertue\/\" rel=\"bookmark\">Lue lis\u00e4\u00e4<\/a>\n\t<\/div>\n\n\t\t\t<div class=\"news-image\" style=\"background-image:url(https:\/\/sivustot.lentopallo.fi\/ita-suomi\/files\/2025\/09\/Karuselli1-819x1024-1.png);\">\n\t\t\t\t\t\t\t<svg class=\"news-image-shape\" xmlns=\"http:\/\/www.w3.org\/2000\/svg\" width=\"1059\" height=\"643\" viewBox=\"0 0 1059 643\">\n\t\t\t\t\t<defs>\n\t\t\t\t\t\t<style>\n\t\t\t\t\t\t\t.cls-1885 {\n\t\t\t\t\t\t\t\tfill: #09162c;\n\t\t\t\t\t\t\t\tfill-rule: evenodd;\n\t\t\t\t\t\t\t}\n\t\t\t\t\t\t<\/style>\n\t\t\t\t\t<\/defs>\n\t\t\t\t\t<path vector-effect=\"non-scaling-stroke\" class=\"path-image-shape cls-1885\" d=\"M1056,0h3V372l-297-1ZM455,642H306L454,372h1L603,642H455ZM0,278.815V185l301,93.185v0.63L0,372V278.815ZM1058,373h1V643H910Z\"\/>\n\t\t\t\t<\/svg>\n\t\t\t\t\t<\/div>\n\t<\/div>\n\t\t\t\t\t\t\t\n<div class=\"news-block post-1846 uutiset type-uutiset status-publish hentry\">\n\t<div class=\"info font-color-white\" style=\"background-color:#09162c;\" data-color=\"#09162c\">\n\t\t<div class=\"holder-info\">\n\t\t\t<div class=\"news-date-info\">\n\t\t\t\t\n\t\t\t\t\t<time datetime=\"2025-09-17\">\n\t\t\t\t\t\t17.09.2025\t\t\t\t\t<\/time>\n\t\t\t\t\n\t\t\t<\/div>\n\n\t\t\t\t\t<\/div>\n\n\t\t<h2 class=\"news-title\"><a href=\"https:\/\/sivustot.lentopallo.fi\/ita-suomi\/uutiset\/idan-alueparlamentti-kuopiossa-1-10\/\" rel=\"bookmark\">Id\u00e4n alueparlamentti Kuopiossa 1.10.<\/a><\/h2>\n\t\t<a class=\"btn btn-read-more\" href=\"https:\/\/sivustot.lentopallo.fi\/ita-suomi\/uutiset\/idan-alueparlamentti-kuopiossa-1-10\/\" rel=\"bookmark\">Lue lis\u00e4\u00e4<\/a>\n\t<\/div>\n\n\t<\/div>\n\t\t\t\t\t\t\t\n<div class=\"news-block post-1819 uutiset type-uutiset status-publish has-post-thumbnail hentry\">\n\t<div class=\"info font-color-white\" style=\"background-color:#09162c;\" data-color=\"#09162c\">\n\t\t<div class=\"holder-info\">\n\t\t\t<div class=\"news-date-info\">\n\t\t\t\t\n\t\t\t\t\t<time datetime=\"2025-09-11\">\n\t\t\t\t\t\t11.09.2025\t\t\t\t\t<\/time>\n\t\t\t\t\n\t\t\t<\/div>\n\n\t\t\t\t\t<\/div>\n\n\t\t<h2 class=\"news-title\"><a href=\"https:\/\/sivustot.lentopallo.fi\/ita-suomi\/uutiset\/sarjainfot\/\" rel=\"bookmark\">Sarjainfot<\/a><\/h2>\n\t\t<a class=\"btn btn-read-more\" href=\"https:\/\/sivustot.lentopallo.fi\/ita-suomi\/uutiset\/sarjainfot\/\" rel=\"bookmark\">Lue lis\u00e4\u00e4<\/a>\n\t<\/div>\n\n\t\t\t<div class=\"news-image\" style=\"background-image:url(https:\/\/sivustot.lentopallo.fi\/ita-suomi\/files\/2025\/09\/cropped-sl_white_logotype.png);\">\n\t\t\t\t\t\t\t<svg class=\"news-image-shape\" xmlns=\"http:\/\/www.w3.org\/2000\/svg\" width=\"1059\" height=\"643\" viewBox=\"0 0 1059 643\">\n\t\t\t\t\t<defs>\n\t\t\t\t\t\t<style>\n\t\t\t\t\t\t\t.cls-1819 {\n\t\t\t\t\t\t\t\tfill: #09162c;\n\t\t\t\t\t\t\t\tfill-rule: evenodd;\n\t\t\t\t\t\t\t}\n\t\t\t\t\t\t<\/style>\n\t\t\t\t\t<\/defs>\n\t\t\t\t\t<path vector-effect=\"non-scaling-stroke\" class=\"path-image-shape cls-1819\" d=\"M1056,0h3V372l-297-1ZM455,642H306L454,372h1L603,642H455ZM0,278.815V185l301,93.185v0.63L0,372V278.815ZM1058,373h1V643H910Z\"\/>\n\t\t\t\t<\/svg>\n\t\t\t\t\t<\/div>\n\t<\/div>\n\t\t\t\t\t\t\t\n<div class=\"news-block post-1373 uutiset type-uutiset status-publish hentry\">\n\t<div class=\"info font-color-white\" style=\"background-color:#09162c;\" data-color=\"#09162c\">\n\t\t<div class=\"holder-info\">\n\t\t\t<div class=\"news-date-info\">\n\t\t\t\t\n\t\t\t\t\t<time datetime=\"2024-11-25\">\n\t\t\t\t\t\t25.11.2024\t\t\t\t\t<\/time>\n\t\t\t\t\n\t\t\t<\/div>\n\n\t\t\t\t\t<\/div>\n\n\t\t<h2 class=\"news-title\"><a href=\"https:\/\/sivustot.lentopallo.fi\/ita-suomi\/uutiset\/maksuton-valmentajakoulutus-mini-ikaisten-valmentajille\/\" rel=\"bookmark\">Maksuton valmentajakoulutus mini-ik\u00e4isten valmentajille<\/a><\/h2>\n\t\t<a class=\"btn btn-read-more\" href=\"https:\/\/sivustot.lentopallo.fi\/ita-suomi\/uutiset\/maksuton-valmentajakoulutus-mini-ikaisten-valmentajille\/\" rel=\"bookmark\">Lue lis\u00e4\u00e4<\/a>\n\t<\/div>\n\n\t<\/div>\n\t\t\t\t\t\t\t\n<div class=\"news-block post-1356 uutiset type-uutiset status-publish hentry\">\n\t<div class=\"info font-color-white\" style=\"background-color:#09162c;\" data-color=\"#09162c\">\n\t\t<div class=\"holder-info\">\n\t\t\t<div class=\"news-date-info\">\n\t\t\t\t\n\t\t\t\t\t<time datetime=\"2024-10-29\">\n\t\t\t\t\t\t29.10.2024\t\t\t\t\t<\/time>\n\t\t\t\t\n\t\t\t<\/div>\n\n\t\t\t\t\t<\/div>\n\n\t\t<h2 class=\"news-title\"><a href=\"https:\/\/sivustot.lentopallo.fi\/ita-suomi\/uutiset\/tuomariryhman-tiedote\/\" rel=\"bookmark\">Tuomariryhm\u00e4n tiedote<\/a><\/h2>\n\t\t<a class=\"btn btn-read-more\" href=\"https:\/\/sivustot.lentopallo.fi\/ita-suomi\/uutiset\/tuomariryhman-tiedote\/\" rel=\"bookmark\">Lue lis\u00e4\u00e4<\/a>\n\t<\/div>\n\n\t<\/div>\n\t\t\t\t\t\t\t\n<div class=\"news-block post-1353 uutiset type-uutiset status-publish hentry\">\n\t<div class=\"info font-color-white\" style=\"background-color:#09162c;\" data-color=\"#09162c\">\n\t\t<div class=\"holder-info\">\n\t\t\t<div class=\"news-date-info\">\n\t\t\t\t\n\t\t\t\t\t<time datetime=\"2024-10-07\">\n\t\t\t\t\t\t07.10.2024\t\t\t\t\t<\/time>\n\t\t\t\t\n\t\t\t<\/div>\n\n\t\t\t\t\t<\/div>\n\n\t\t<h2 class=\"news-title\"><a href=\"https:\/\/sivustot.lentopallo.fi\/ita-suomi\/uutiset\/ita-suomen-lentopallon-alueparlamentti-jarjestetaan-28-10\/\" rel=\"bookmark\">It\u00e4-Suomen Lentopallon alueparlamentti j\u00e4rjestet\u00e4\u00e4n 28.10.<\/a><\/h2>\n\t\t<a class=\"btn btn-read-more\" href=\"https:\/\/sivustot.lentopallo.fi\/ita-suomi\/uutiset\/ita-suomen-lentopallon-alueparlamentti-jarjestetaan-28-10\/\" rel=\"bookmark\">Lue lis\u00e4\u00e4<\/a>\n\t<\/div>\n\n\t<\/div>\n\t\t\t\t\t\t\t\n<div class=\"news-block post-1237 uutiset type-uutiset status-publish hentry\">\n\t<div class=\"info font-color-white\" style=\"background-color:#09162c;\" data-color=\"#09162c\">\n\t\t<div class=\"holder-info\">\n\t\t\t<div class=\"news-date-info\">\n\t\t\t\t\n\t\t\t\t\t<time datetime=\"2024-08-28\">\n\t\t\t\t\t\t28.08.2024\t\t\t\t\t<\/time>\n\t\t\t\t\n\t\t\t<\/div>\n\n\t\t\t\t\t<\/div>\n\n\t\t<h2 class=\"news-title\"><a href=\"https:\/\/sivustot.lentopallo.fi\/ita-suomi\/uutiset\/henriksson-kuronen-pari-kolmanteen-perakkaiseen-voittoon-tuusniemen-duussport-tapahtuman-hojo-beach-turnauksessa\/\" rel=\"bookmark\">Henriksson- Kuronen pari kolmanteen per\u00e4kk\u00e4iseen voittoon Tuusniemen DuusSport tapahtuman Hojo Beach turnauksessa<\/a><\/h2>\n\t\t<a class=\"btn btn-read-more\" href=\"https:\/\/sivustot.lentopallo.fi\/ita-suomi\/uutiset\/henriksson-kuronen-pari-kolmanteen-perakkaiseen-voittoon-tuusniemen-duussport-tapahtuman-hojo-beach-turnauksessa\/\" rel=\"bookmark\">Lue lis\u00e4\u00e4<\/a>\n\t<\/div>\n\n\t<\/div>\n\t\t\t\t\t\t\t\n<div class=\"news-block post-1164 uutiset type-uutiset status-publish hentry\">\n\t<div class=\"info font-color-white\" style=\"background-color:#09162c;\" data-color=\"#09162c\">\n\t\t<div class=\"holder-info\">\n\t\t\t<div class=\"news-date-info\">\n\t\t\t\t\n\t\t\t\t\t<time datetime=\"2024-06-10\">\n\t\t\t\t\t\t10.06.2024\t\t\t\t\t<\/time>\n\t\t\t\t\n\t\t\t<\/div>\n\n\t\t\t\t\t<\/div>\n\n\t\t<h2 class=\"news-title\"><a href=\"https:\/\/sivustot.lentopallo.fi\/ita-suomi\/uutiset\/power-cup-2024-ita-suomen-joukkueiden-tulokset-ja-palkitut-pelaajat-toimihenkilot\/\" rel=\"bookmark\">Power Cup 2024 It\u00e4-Suomen joukkueiden tulokset ja palkitut pelaajat\/toimihenkil\u00f6t!<\/a><\/h2>\n\t\t<a class=\"btn btn-read-more\" href=\"https:\/\/sivustot.lentopallo.fi\/ita-suomi\/uutiset\/power-cup-2024-ita-suomen-joukkueiden-tulokset-ja-palkitut-pelaajat-toimihenkilot\/\" rel=\"bookmark\">Lue lis\u00e4\u00e4<\/a>\n\t<\/div>\n\n\t<\/div>\n\t\t\t\t\t\t\t\n<div class=\"news-block post-1092 uutiset type-uutiset status-publish hentry\">\n\t<div class=\"info font-color-white\" style=\"background-color:#09162c;\" data-color=\"#09162c\">\n\t\t<div class=\"holder-info\">\n\t\t\t<div class=\"news-date-info\">\n\t\t\t\t\n\t\t\t\t\t<time datetime=\"2024-05-15\">\n\t\t\t\t\t\t15.05.2024\t\t\t\t\t<\/time>\n\t\t\t\t\n\t\t\t<\/div>\n\n\t\t\t\t\t<\/div>\n\n\t\t<h2 class=\"news-title\"><a href=\"https:\/\/sivustot.lentopallo.fi\/ita-suomi\/uutiset\/ita-suomi-cup-pelattiin-11-5\/\" rel=\"bookmark\">It\u00e4-Suomi Cup pelattiin 11.5.<\/a><\/h2>\n\t\t<a class=\"btn btn-read-more\" href=\"https:\/\/sivustot.lentopallo.fi\/ita-suomi\/uutiset\/ita-suomi-cup-pelattiin-11-5\/\" rel=\"bookmark\">Lue lis\u00e4\u00e4<\/a>\n\t<\/div>\n\n\t<\/div>\n\t\t\t\t\t\t\t\n<div class=\"news-block post-1017 uutiset type-uutiset status-publish hentry\">\n\t<div class=\"info font-color-white\" data-color=\"\">\n\t\t<div class=\"holder-info\">\n\t\t\t<div class=\"news-date-info\">\n\t\t\t\t\n\t\t\t\t\t<time datetime=\"2024-04-27\">\n\t\t\t\t\t\t27.04.2024\t\t\t\t\t<\/time>\n\t\t\t\t\n\t\t\t<\/div>\n\n\t\t\t\t\t\t\t<div class=\"news-info-separator\">|<\/div>\n\n\t\t\t\t<div class=\"news-category-info\">\n\t\t\t\t\t\t\t\t\t\t\t<span class=\"news-category-name\">tuomari<\/span>\n\t\t\t\t\t\t\t\t\t<\/div>\n\t\t\t\t\t<\/div>\n\n\t\t<h2 class=\"news-title\"><a href=\"https:\/\/sivustot.lentopallo.fi\/ita-suomi\/uutiset\/nuorisotuomarikoulutus-nilsiassa-2-5-2024\/\" rel=\"bookmark\">Nuorisotuomarikoulutus Nilsi\u00e4ss\u00e4 2.5.2024<\/a><\/h2>\n\t\t<a class=\"btn btn-read-more\" href=\"https:\/\/sivustot.lentopallo.fi\/ita-suomi\/uutiset\/nuorisotuomarikoulutus-nilsiassa-2-5-2024\/\" rel=\"bookmark\">Lue lis\u00e4\u00e4<\/a>\n\t<\/div>\n\n\t<\/div>\n\t\t\t\t\t\t\t\n<div class=\"news-block post-993 uutiset type-uutiset status-publish hentry\">\n\t<div class=\"info font-color-white\" data-color=\"\">\n\t\t<div class=\"holder-info\">\n\t\t\t<div class=\"news-date-info\">\n\t\t\t\t\n\t\t\t\t\t<time datetime=\"2024-04-23\">\n\t\t\t\t\t\t23.04.2024\t\t\t\t\t<\/time>\n\t\t\t\t\n\t\t\t<\/div>\n\n\t\t\t\t\t\t\t<div class=\"news-info-separator\">|<\/div>\n\n\t\t\t\t<div class=\"news-category-info\">\n\t\t\t\t\t\t\t\t\t\t\t<span class=\"news-category-name\">beach<\/span>\n\t\t\t\t\t\t\t\t\t<\/div>\n\t\t\t\t\t<\/div>\n\n\t\t<h2 class=\"news-title\"><a href=\"https:\/\/sivustot.lentopallo.fi\/ita-suomi\/uutiset\/hojo-beach-09-10-syntyneille-tytoille\/\" rel=\"bookmark\">Hojo Beach 09-10 syntyneille tyt\u00f6ille<\/a><\/h2>\n\t\t<a class=\"btn btn-read-more\" href=\"https:\/\/sivustot.lentopallo.fi\/ita-suomi\/uutiset\/hojo-beach-09-10-syntyneille-tytoille\/\" rel=\"bookmark\">Lue lis\u00e4\u00e4<\/a>\n\t<\/div>\n\n\t<\/div>\n\t\t\t\t\t\t\t\t<\/div>\n\n\t\t\t<\/div>\n\n\n<\/section>\n","protected":false},"excerpt":{"rendered":"","protected":false},"author":15,"featured_media":0,"parent":0,"menu_order":0,"comment_status":"closed","ping_status":"closed","template":"pages\/template-kilpailu.php","meta":{"_acf_changed":false,"inline_featured_image":false,"footnotes":""},"class_list":["post-391","page","type-page","status-publish","hentry"],"acf":[],"_links":{"self":[{"href":"https:\/\/sivustot.lentopallo.fi\/ita-suomi\/wp-json\/wp\/v2\/pages\/391","targetHints":{"allow":["GET"]}}],"collection":[{"href":"https:\/\/sivustot.lentopallo.fi\/ita-suomi\/wp-json\/wp\/v2\/pages"}],"about":[{"href":"https:\/\/sivustot.lentopallo.fi\/ita-suomi\/wp-json\/wp\/v2\/types\/page"}],"author":[{"embeddable":true,"href":"https:\/\/sivustot.lentopallo.fi\/ita-suomi\/wp-json\/wp\/v2\/users\/15"}],"replies":[{"embeddable":true,"href":"https:\/\/sivustot.lentopallo.fi\/ita-suomi\/wp-json\/wp\/v2\/comments?post=391"}],"version-history":[{"count":19,"href":"https:\/\/sivustot.lentopallo.fi\/ita-suomi\/wp-json\/wp\/v2\/pages\/391\/revisions"}],"predecessor-version":[{"id":2083,"href":"https:\/\/sivustot.lentopallo.fi\/ita-suomi\/wp-json\/wp\/v2\/pages\/391\/revisions\/2083"}],"wp:attachment":[{"href":"https:\/\/sivustot.lentopallo.fi\/ita-suomi\/wp-json\/wp\/v2\/media?parent=391"}],"curies":[{"name":"wp","href":"https:\/\/api.w.org\/{rel}","templated":true}]}}