{"id":454,"date":"2024-01-27T15:28:39","date_gmt":"2024-01-27T15:28:39","guid":{"rendered":"https:\/\/sivustot.lentopallo.fi\/ita-suomi\/?page_id=454"},"modified":"2024-01-31T13:56:05","modified_gmt":"2024-01-31T13:56:05","slug":"liikunnan-aluejarjestot","status":"publish","type":"page","link":"https:\/\/sivustot.lentopallo.fi\/ita-suomi\/koulutukset\/liikunnan-aluejarjestot\/","title":{"rendered":"Liikunnan aluej\u00e4rjest\u00f6t"},"content":{"rendered":"\n<p>Liikunnan aluej\u00e4rjest\u00f6t toimivat 15 aluej\u00e4rjest\u00f6n voimin joka puolella Suomea. Perusteht\u00e4v\u00e4jn\u00e4 niill\u00e4&nbsp;on suomalaisten hyvinvoinnin edist\u00e4minen liikunnan ja urheilun avulla sek\u00e4 liikuntakulttuurin elinvoimaisuuden ja monipuolisuuden varmistaminen &#8211; erityisesti paikallisella tasolla.<\/p>\n\n\n\n<ul class=\"wp-block-list\">\n<li>Olemme liikunnan asiantuntijoita ja kehitt\u00e4ji\u00e4 omalla toiminta-alueellamme.<\/li>\n\n\n\n<li>Koulutamme lasten kanssa ty\u00f6skentelevi\u00e4, seuratoimijoita ja ty\u00f6yhteis\u00f6jen ihmisi\u00e4 liikuttamaan muita.<\/li>\n\n\n\n<li>Puhumme liikunnasta p\u00e4\u00e4tt\u00e4jille ja medialle \u2013 olemme liikunnan ja urheilun kasvot alueellisesti.<\/li>\n\n\n\n<li>Teemme yhteisty\u00f6t\u00e4 paikallisesti, maakunnallisesti ja valtakunnallisesti eri toimijoiden kanssa.<\/li>\n\n\n\n<li>Liikutamme lapsia, nuoria, aikuisia ja ik\u00e4ihmisi\u00e4<\/li>\n<\/ul>\n\n\n\n<p>Liikunnan aluej\u00e4rjest\u00f6jen kotisivuilta l\u00f6ytyy ajantasainen koulutuskalenteri, josta l\u00f6ytyy monenlaisia koulutuksia urheiluseuroissa toimivien vapaaehtoisten ja palkattujen henkil\u00f6iden osaamisen lis\u00e4\u00e4miseksi.&nbsp;<\/p>\n\n\n\n\t<section id=\"block_c719207b4e0ca11e3c54864e18d25d20\" class=\"cta-color-grid\">\n\t\t<div class=\"cta-color-grid-holder\">\n\t\t\t\t\t\t\t\t\t\t\t\t\t\t\t\t<div class=\"cta-color-grid-item width-100\">\n\t\t\t\t\t\t<div class=\"holder-cta-color-grid-item\" style=\"background-color:#09162C;\">\n\t\t\t\t\t\t\t\t\t\t\t\t\t\t\t<div class=\"col-title\">\n\t\t\t\t\t\t\t\t\t<h3 class=\"title\">Pohjois-Savon Liikunta, seurakehitt\u00e4j\u00e4<\/h3>\n\t\t\t\t\t\t\t\t<\/div>\n\t\t\t\t\t\t\t\n\t\t\t\t\t\t\t\t\t\t\t\t\t\t\t<div class=\"col-content\">\n\t\t\t\t\t\t\t\t\t\t\t\t\t\t\t\t\t\t\t<div class=\"text\"><p>Niina Markkanen<\/p>\n<p>email: niina.markkanen@pohjois-savonliikunta.fi<\/p>\n<p>puh: 050 322 3971<\/p>\n<\/div>\n\t\t\t\t\t\t\t\t\t\n\t\t\t\t\t\t\t\t\t\t\t\t\t\t\t\t\t<\/div>\n\t\t\t\t\t\t\t\t\t\t\t\t\t<\/div>\n\t\t\t\t\t<\/div>\n\t\t\t\t\t\t\t\t\t\t\t\t\t\t\t\t\t\t\t\t<div class=\"cta-color-grid-item width-100\">\n\t\t\t\t\t\t<div class=\"holder-cta-color-grid-item\" style=\"background-color:#09162C;\">\n\t\t\t\t\t\t\t\t\t\t\t\t\t\t\t<div class=\"col-title\">\n\t\t\t\t\t\t\t\t\t<h3 class=\"title\">Etel\u00e4-Savon liikunta, vs. seurakehitt\u00e4j\u00e4<\/h3>\n\t\t\t\t\t\t\t\t<\/div>\n\t\t\t\t\t\t\t\n\t\t\t\t\t\t\t\t\t\t\t\t\t\t\t<div class=\"col-content\">\n\t\t\t\t\t\t\t\t\t\t\t\t\t\t\t\t\t\t\t<div class=\"text\"><p>Mari Makkonen<\/p>\n<p>email: mari.makkonen@esliikunta.fi<\/p>\n<p>puh: 044 341 0059<\/p>\n<\/div>\n\t\t\t\t\t\t\t\t\t\n\t\t\t\t\t\t\t\t\t\t\t\t\t\t\t\t\t<\/div>\n\t\t\t\t\t\t\t\t\t\t\t\t\t<\/div>\n\t\t\t\t\t<\/div>\n\t\t\t\t\t\t\t\t\t\t\t\t\t\t\t\t\t\t\t\t<div class=\"cta-color-grid-item width-100\">\n\t\t\t\t\t\t<div class=\"holder-cta-color-grid-item\" style=\"background-color:#09162C;\">\n\t\t\t\t\t\t\t\t\t\t\t\t\t\t\t<div class=\"col-title\">\n\t\t\t\t\t\t\t\t\t<h3 class=\"title\">Pohjois-Karjalan liikunta, seurakehitt\u00e4j\u00e4<\/h3>\n\t\t\t\t\t\t\t\t<\/div>\n\t\t\t\t\t\t\t\n\t\t\t\t\t\t\t\t\t\t\t\t\t\t\t<div class=\"col-content\">\n\t\t\t\t\t\t\t\t\t\t\t\t\t\t\t\t\t\t\t<div class=\"text\"><p>Jouni Lehtim\u00e4ki<\/p>\n<p>email: jouni.lehtimaki@pokali.fi<\/p>\n<p>puh: 050 399 5508<\/p>\n<p>&nbsp;<\/p>\n<\/div>\n\t\t\t\t\t\t\t\t\t\n\t\t\t\t\t\t\t\t\t\t\t\t\t\t\t\t\t<\/div>\n\t\t\t\t\t\t\t\t\t\t\t\t\t<\/div>\n\t\t\t\t\t<\/div>\n\t\t\t\t\t\t\t\t\t<\/div>\n\t<\/section>\n","protected":false},"excerpt":{"rendered":"<p>Liikunnan aluej\u00e4rjest\u00f6t toimivat 15 aluej\u00e4rjest\u00f6n voimin joka puolella Suomea. Perusteht\u00e4v\u00e4jn\u00e4 niill\u00e4&nbsp;on suomalaisten hyvinvoinnin edist\u00e4minen liikunnan ja urheilun avulla sek\u00e4 liikuntakulttuurin elinvoimaisuuden ja monipuolisuuden varmistaminen &#8211; erityisesti paikallisella tasolla. Liikunnan aluej\u00e4rjest\u00f6jen kotisivuilta l\u00f6ytyy ajantasainen koulutuskalenteri, josta l\u00f6ytyy monenlaisia koulutuksia urheiluseuroissa toimivien vapaaehtoisten ja palkattujen henkil\u00f6iden osaamisen lis\u00e4\u00e4miseksi.&nbsp;<\/p>\n","protected":false},"author":15,"featured_media":0,"parent":261,"menu_order":0,"comment_status":"closed","ping_status":"closed","template":"pages\/template-kilpailu.php","meta":{"_acf_changed":false,"inline_featured_image":false,"footnotes":""},"class_list":["post-454","page","type-page","status-publish","hentry"],"acf":[],"_links":{"self":[{"href":"https:\/\/sivustot.lentopallo.fi\/ita-suomi\/wp-json\/wp\/v2\/pages\/454","targetHints":{"allow":["GET"]}}],"collection":[{"href":"https:\/\/sivustot.lentopallo.fi\/ita-suomi\/wp-json\/wp\/v2\/pages"}],"about":[{"href":"https:\/\/sivustot.lentopallo.fi\/ita-suomi\/wp-json\/wp\/v2\/types\/page"}],"author":[{"embeddable":true,"href":"https:\/\/sivustot.lentopallo.fi\/ita-suomi\/wp-json\/wp\/v2\/users\/15"}],"replies":[{"embeddable":true,"href":"https:\/\/sivustot.lentopallo.fi\/ita-suomi\/wp-json\/wp\/v2\/comments?post=454"}],"version-history":[{"count":9,"href":"https:\/\/sivustot.lentopallo.fi\/ita-suomi\/wp-json\/wp\/v2\/pages\/454\/revisions"}],"predecessor-version":[{"id":500,"href":"https:\/\/sivustot.lentopallo.fi\/ita-suomi\/wp-json\/wp\/v2\/pages\/454\/revisions\/500"}],"up":[{"embeddable":true,"href":"https:\/\/sivustot.lentopallo.fi\/ita-suomi\/wp-json\/wp\/v2\/pages\/261"}],"wp:attachment":[{"href":"https:\/\/sivustot.lentopallo.fi\/ita-suomi\/wp-json\/wp\/v2\/media?parent=454"}],"curies":[{"name":"wp","href":"https:\/\/api.w.org\/{rel}","templated":true}]}}