{"id":470,"date":"2024-01-27T16:16:19","date_gmt":"2024-01-27T16:16:19","guid":{"rendered":"https:\/\/sivustot.lentopallo.fi\/ita-suomi\/?page_id=470"},"modified":"2024-01-27T16:16:20","modified_gmt":"2024-01-27T16:16:20","slug":"lasten-liike-koulutus","status":"publish","type":"page","link":"https:\/\/sivustot.lentopallo.fi\/ita-suomi\/koulutukset\/liikunnan-aluejarjestot\/lasten-liike-koulutus\/","title":{"rendered":"Lasten liike-koulutus"},"content":{"rendered":"\n<p><strong>Lasten Liike -koulutukset<\/strong>&nbsp;tukevat lajiliittojen ja muiden j\u00e4rjest\u00f6jen koulutuksia tuomalla vahvemmin esille harrastustoiminnan erityispiirteit\u00e4. Koulutuksissa on huomioitu erikseen aloittelevat ja kokeneet ohjaajat.<\/p>\n\n\n\n<p>Tiedustele koulutuksen hintaa omalta aluej\u00e4rjest\u00f6lt\u00e4si. Jos avointa koulutusta ei ole tarjolla, kysy koulutuksia omalta alueeltasi tilauskoulutuksena. Koulutuksia on mahdollisuus toteuttaa my\u00f6s et\u00e4n\u00e4.<\/p>\n","protected":false},"excerpt":{"rendered":"<p>Lasten Liike -koulutukset&nbsp;tukevat lajiliittojen ja muiden j\u00e4rjest\u00f6jen koulutuksia tuomalla vahvemmin esille harrastustoiminnan erityispiirteit\u00e4. Koulutuksissa on huomioitu erikseen aloittelevat ja kokeneet ohjaajat. Tiedustele koulutuksen hintaa omalta aluej\u00e4rjest\u00f6lt\u00e4si. Jos avointa koulutusta ei ole tarjolla, kysy koulutuksia omalta alueeltasi tilauskoulutuksena. Koulutuksia on mahdollisuus toteuttaa my\u00f6s et\u00e4n\u00e4.<\/p>\n","protected":false},"author":15,"featured_media":0,"parent":454,"menu_order":0,"comment_status":"closed","ping_status":"closed","template":"pages\/template-kilpailu.php","meta":{"_acf_changed":false,"inline_featured_image":false,"footnotes":""},"class_list":["post-470","page","type-page","status-publish","hentry"],"acf":[],"_links":{"self":[{"href":"https:\/\/sivustot.lentopallo.fi\/ita-suomi\/wp-json\/wp\/v2\/pages\/470","targetHints":{"allow":["GET"]}}],"collection":[{"href":"https:\/\/sivustot.lentopallo.fi\/ita-suomi\/wp-json\/wp\/v2\/pages"}],"about":[{"href":"https:\/\/sivustot.lentopallo.fi\/ita-suomi\/wp-json\/wp\/v2\/types\/page"}],"author":[{"embeddable":true,"href":"https:\/\/sivustot.lentopallo.fi\/ita-suomi\/wp-json\/wp\/v2\/users\/15"}],"replies":[{"embeddable":true,"href":"https:\/\/sivustot.lentopallo.fi\/ita-suomi\/wp-json\/wp\/v2\/comments?post=470"}],"version-history":[{"count":1,"href":"https:\/\/sivustot.lentopallo.fi\/ita-suomi\/wp-json\/wp\/v2\/pages\/470\/revisions"}],"predecessor-version":[{"id":471,"href":"https:\/\/sivustot.lentopallo.fi\/ita-suomi\/wp-json\/wp\/v2\/pages\/470\/revisions\/471"}],"up":[{"embeddable":true,"href":"https:\/\/sivustot.lentopallo.fi\/ita-suomi\/wp-json\/wp\/v2\/pages\/454"}],"wp:attachment":[{"href":"https:\/\/sivustot.lentopallo.fi\/ita-suomi\/wp-json\/wp\/v2\/media?parent=470"}],"curies":[{"name":"wp","href":"https:\/\/api.w.org\/{rel}","templated":true}]}}