{"id":472,"date":"2024-01-27T16:18:11","date_gmt":"2024-01-27T16:18:11","guid":{"rendered":"https:\/\/sivustot.lentopallo.fi\/ita-suomi\/?page_id=472"},"modified":"2024-01-27T16:18:12","modified_gmt":"2024-01-27T16:18:12","slug":"tervetuloa-ohjaajaksi","status":"publish","type":"page","link":"https:\/\/sivustot.lentopallo.fi\/ita-suomi\/koulutukset\/lentopalloliitto\/tervetuloa-ohjaajaksi\/","title":{"rendered":"Tervetuloa ohjaajaksi"},"content":{"rendered":"\n<p><strong>Tervetuloa ohjaajaksi verkkokoulutus<\/strong>\u00a0on aloitteleville ja uusille lasten ohjaajille suunnattu koulutus. Koulutuksen tavoitteena on perehdytt\u00e4\u00e4 lasten ohjaajan teht\u00e4v\u00e4\u00e4n. Koulutus sis\u00e4lt\u00e4\u00e4 perustietoa lasten urheilusta ja liikunnasta sek\u00e4 vinkkej\u00e4 ohjauksen suunnitteluun, toteutukseen ja omaan kehittymiseen ohjaajana. Koulutus on maksuton ja kest\u00e4\u00e4 noin 35 minuuttia<\/p>\n\n\n\n<p><a href=\"https:\/\/oppimisareena.fi\/enrol\/index.php?id=10\" target=\"_blank\" rel=\"noreferrer noopener\">Tervetuloa ohjaajaksi (Oppimisareena)<\/a><\/p>\n\n\n\n<hr class=\"wp-block-separator has-alpha-channel-opacity\" \/>\n","protected":false},"excerpt":{"rendered":"<p>Tervetuloa ohjaajaksi verkkokoulutus\u00a0on aloitteleville ja uusille lasten ohjaajille suunnattu koulutus. Koulutuksen tavoitteena on perehdytt\u00e4\u00e4 lasten ohjaajan teht\u00e4v\u00e4\u00e4n. Koulutus sis\u00e4lt\u00e4\u00e4 perustietoa lasten urheilusta ja liikunnasta sek\u00e4 vinkkej\u00e4 ohjauksen suunnitteluun, toteutukseen ja omaan kehittymiseen ohjaajana. Koulutus on maksuton ja kest\u00e4\u00e4 noin 35 minuuttia Tervetuloa ohjaajaksi (Oppimisareena)<\/p>\n","protected":false},"author":15,"featured_media":0,"parent":456,"menu_order":0,"comment_status":"closed","ping_status":"closed","template":"pages\/template-kilpailu.php","meta":{"_acf_changed":false,"inline_featured_image":false,"footnotes":""},"class_list":["post-472","page","type-page","status-publish","hentry"],"acf":[],"_links":{"self":[{"href":"https:\/\/sivustot.lentopallo.fi\/ita-suomi\/wp-json\/wp\/v2\/pages\/472","targetHints":{"allow":["GET"]}}],"collection":[{"href":"https:\/\/sivustot.lentopallo.fi\/ita-suomi\/wp-json\/wp\/v2\/pages"}],"about":[{"href":"https:\/\/sivustot.lentopallo.fi\/ita-suomi\/wp-json\/wp\/v2\/types\/page"}],"author":[{"embeddable":true,"href":"https:\/\/sivustot.lentopallo.fi\/ita-suomi\/wp-json\/wp\/v2\/users\/15"}],"replies":[{"embeddable":true,"href":"https:\/\/sivustot.lentopallo.fi\/ita-suomi\/wp-json\/wp\/v2\/comments?post=472"}],"version-history":[{"count":2,"href":"https:\/\/sivustot.lentopallo.fi\/ita-suomi\/wp-json\/wp\/v2\/pages\/472\/revisions"}],"predecessor-version":[{"id":533,"href":"https:\/\/sivustot.lentopallo.fi\/ita-suomi\/wp-json\/wp\/v2\/pages\/472\/revisions\/533"}],"up":[{"embeddable":true,"href":"https:\/\/sivustot.lentopallo.fi\/ita-suomi\/wp-json\/wp\/v2\/pages\/456"}],"wp:attachment":[{"href":"https:\/\/sivustot.lentopallo.fi\/ita-suomi\/wp-json\/wp\/v2\/media?parent=472"}],"curies":[{"name":"wp","href":"https:\/\/api.w.org\/{rel}","templated":true}]}}