{"id":480,"date":"2024-01-27T16:29:51","date_gmt":"2024-01-27T16:29:51","guid":{"rendered":"https:\/\/sivustot.lentopallo.fi\/ita-suomi\/?page_id=480"},"modified":"2026-03-15T16:10:14","modified_gmt":"2026-03-15T16:10:14","slug":"massaleiri-2","status":"publish","type":"page","link":"https:\/\/sivustot.lentopallo.fi\/ita-suomi\/aluevalmennus\/leirit\/tietoa-jarjestajille\/massaleiri-2\/","title":{"rendered":"Avoin katsastusleiri"},"content":{"rendered":"\n<p>Ajankohta: 22.-24.5.2025<\/p>\n\n\n\n<p>Paikka: Tanhuvaaran urheiluopisto (Moinsalmentie 1023)<\/p>\n\n\n\n<p>Ilmoittautuminen: Ilmoittautumaan p\u00e4\u00e4set <strong><a href=\"https:\/\/www.suomisport.fi\/events\/0fdb61b5-8650-4ca3-9a3b-dbe73c3120e4\">T\u00c4ST\u00c4<\/a><\/strong><\/p>\n\n\n\n<p class=\"has-small-font-size\">Alla hieman ohjeistusta pakkaamista varten<\/p>\n\n\n\n<p class=\"has-small-font-size\">&#8211; Majoittuminen tapahtuu hotellitason majoituksessa, joten petivaatteet yms tarpeet l\u00f6ytyy paikanp\u00e4\u00e4lt\u00e4<\/p>\n\n\n\n<p class=\"has-small-font-size\">&#8211; Leirin ajan osallistujilla on t\u00e4ysyll\u00e4pito, joten ruokailut on hoidossa. Jos tarve on v\u00e4lipalalle, terveellinen ruokavalio t\u00e4ss\u00e4kin on v\u00e4ltt\u00e4m\u00e4t\u00f6n. Herkut j\u00e4\u00e4 kotiin.<\/p>\n\n\n\n<p class=\"has-small-font-size\">&#8211; Riitt\u00e4v\u00e4sti treenikamppeita &amp; alusvaatteita (Treenej\u00e4 6&nbsp;kpl \/ sukupuoli)<br>&#8211; Olovaatteet vapaa-ajalle<\/p>\n\n\n\n<p class=\"has-small-font-size\">&#8211; Jumppakuminauha ja tennispallo<\/p>\n\n\n\n<p class=\"has-small-font-size\">&#8211; Ulkoliikuntavarusteet + lenkkarit<\/p>\n\n\n\n<p class=\"has-small-font-size\">&#8211; Pyyhe &amp; peseytymiskamppeet<\/p>\n\n\n\n<p class=\"has-small-font-size\">&#8211; Henk.koht. hygieniavarusteet<\/p>\n\n\n\n<p class=\"has-small-font-size\">&#8211; Henk.koht. l\u00e4\u00e4kkeet &amp; tuet<\/p>\n\n\n\n<p class=\"has-small-font-size\">&#8211; PALJON ILOISTA JA AVOINTA MIELT\u00c4!!<\/p>\n","protected":false},"excerpt":{"rendered":"<p>Ajankohta: 22.-24.5.2025 Paikka: Tanhuvaaran urheiluopisto (Moinsalmentie 1023) Ilmoittautuminen: Ilmoittautumaan p\u00e4\u00e4set T\u00c4ST\u00c4 Alla hieman ohjeistusta pakkaamista varten &#8211; Majoittuminen tapahtuu hotellitason majoituksessa, joten petivaatteet yms tarpeet l\u00f6ytyy paikanp\u00e4\u00e4lt\u00e4 &#8211; Leirin ajan osallistujilla on t\u00e4ysyll\u00e4pito, joten ruokailut on hoidossa. Jos tarve on v\u00e4lipalalle, terveellinen ruokavalio t\u00e4ss\u00e4kin on v\u00e4ltt\u00e4m\u00e4t\u00f6n. Herkut j\u00e4\u00e4 kotiin. &#8211; Riitt\u00e4v\u00e4sti treenikamppeita &amp; alusvaatteita (Treenej\u00e4 [&hellip;]<\/p>\n","protected":false},"author":15,"featured_media":0,"parent":416,"menu_order":0,"comment_status":"closed","ping_status":"closed","template":"pages\/template-kilpailu.php","meta":{"_acf_changed":false,"inline_featured_image":false,"footnotes":""},"class_list":["post-480","page","type-page","status-publish","hentry"],"acf":[],"_links":{"self":[{"href":"https:\/\/sivustot.lentopallo.fi\/ita-suomi\/wp-json\/wp\/v2\/pages\/480","targetHints":{"allow":["GET"]}}],"collection":[{"href":"https:\/\/sivustot.lentopallo.fi\/ita-suomi\/wp-json\/wp\/v2\/pages"}],"about":[{"href":"https:\/\/sivustot.lentopallo.fi\/ita-suomi\/wp-json\/wp\/v2\/types\/page"}],"author":[{"embeddable":true,"href":"https:\/\/sivustot.lentopallo.fi\/ita-suomi\/wp-json\/wp\/v2\/users\/15"}],"replies":[{"embeddable":true,"href":"https:\/\/sivustot.lentopallo.fi\/ita-suomi\/wp-json\/wp\/v2\/comments?post=480"}],"version-history":[{"count":20,"href":"https:\/\/sivustot.lentopallo.fi\/ita-suomi\/wp-json\/wp\/v2\/pages\/480\/revisions"}],"predecessor-version":[{"id":2053,"href":"https:\/\/sivustot.lentopallo.fi\/ita-suomi\/wp-json\/wp\/v2\/pages\/480\/revisions\/2053"}],"up":[{"embeddable":true,"href":"https:\/\/sivustot.lentopallo.fi\/ita-suomi\/wp-json\/wp\/v2\/pages\/416"}],"wp:attachment":[{"href":"https:\/\/sivustot.lentopallo.fi\/ita-suomi\/wp-json\/wp\/v2\/media?parent=480"}],"curies":[{"name":"wp","href":"https:\/\/api.w.org\/{rel}","templated":true}]}}