{"id":655,"date":"2024-02-08T10:13:08","date_gmt":"2024-02-08T10:13:08","guid":{"rendered":"https:\/\/sivustot.lentopallo.fi\/ita-suomi\/?page_id=655"},"modified":"2024-09-12T10:18:36","modified_gmt":"2024-09-12T10:18:36","slug":"d-b-ikaisten-6-vs-6-turnaukset","status":"publish","type":"page","link":"https:\/\/sivustot.lentopallo.fi\/ita-suomi\/kilpailutoiminta\/nuoret\/d-b-ikaisten-6-vs-6-turnaukset\/","title":{"rendered":"D-B-ik\u00e4isten 6 vs. 6 turnaukset"},"content":{"rendered":"\n<p>Id\u00e4n alueella pelattavat turnaukset ovat D-, C-  ja B-ik\u00e4isten 6 vs. 6-harrastesarja, joka on tarkoitettu kuusikkopelin harjoittelemiseen D-ik\u00e4isille sek\u00e4 vasta aloittaneille tai v\u00e4hemm\u00e4n pelanneille C-ik\u00e4isille ja B-ik\u00e4isille. Joukkueet voivat valita itse sen, mihin turnauksiin osallistuvat.<\/p>\n\n\n\n<p>Lis\u00e4\u00e4 joukkueita voi ilmoittautua milloin tahansa ja mukaan p\u00e4\u00e4see jo seuraavaan turnaukseen, johon ehtii ilmoittautua viimeist\u00e4\u00e4n kolme viikkoa ennen turnausta. Joukkue voi olla my\u00f6s esim. kahden seuran yhdistelm\u00e4joukkue. T\u00e4ss\u00e4 tilanteessa ei vaadita virallisia seurasiirtoja, eiv\u00e4tk\u00e4 yli-ik\u00e4iss\u00e4\u00e4nn\u00f6t koske t\u00e4t\u00e4 sarjaa. Oman ik\u00e4luokan mukainen pelipassi tulee kuitenkin kaikilla pelaajilla olla.<\/p>\n\n\n\n<p>Sarjamaksu on 60 \u20ac.<\/p>\n\n\n\n<h3 class=\"wp-block-heading\">S\u00e4\u00e4nn\u00f6t ovat C-ik\u00e4isten s\u00e4\u00e4nn\u00f6t seuraavin poikkeuksin<\/h3>\n\n\n\n<p>Seura voi tehd\u00e4 sekajoukkueen, tytt\u00f6- tai poikajoukkueen tai -joukkueet. Kaikki pelaavat samassa sarjassa.<br>Pelin tempo pidet\u00e4\u00e4n rauhallisena, jotta valmentajalla on mahdollisuus neuvoa pelaajia pelin aikana.<br>Sy\u00f6tt\u00f6raja voi olla D-ik\u00e4isten sy\u00f6tt\u00f6raja, mik\u00e4li pelaaja ei saa palloa verkon yli C-ik\u00e4isten rajalta. Valmentajan tulee ohjeistaa pelaajia siirt\u00e4m\u00e4\u00e4n sy\u00f6tt\u00f6rajaa kauemmas, kun sy\u00f6tt\u00f6 onnistuu varsinaiselta sy\u00f6tt\u00f6rajalta.<br>Turnauksessa voidaan k\u00e4ytt\u00e4\u00e4 D-ik\u00e4isten sy\u00f6tt\u00f6s\u00e4\u00e4nt\u00f6\u00e4 ja verkon korkeutta voidaan tarvittaessa madaltaa.<br>Er\u00e4ss\u00e4 on k\u00e4ytett\u00e4viss\u00e4 nelj\u00e4 aikalis\u00e4\u00e4, mik\u00e4 antaa mahdollisuuksia ja aikaa opettamiseen pelin aikana (esim. toistuvat sijoittumisvirheet).<br>Joukkue voi osallistua turnaukseen v\u00e4hemm\u00e4ll\u00e4 kuin kuudella pelaajalla, jolloin on mahdollista sopia pelaajalainasta turnauskohtaisesti toisten joukkueiden kanssa. Joukkue voi kysell\u00e4 lainapelaajaa toisesta turnauksessa pelaavasta joukkueesta etuk\u00e4teen. Tarvittaessa joukkue voi lainata pelaajan my\u00f6s C-ik\u00e4isten SM-sarjassa pelaavasta oman seuran joukkueesta (esim. siell\u00e4 v\u00e4h\u00e4n peliaikaa saava pelaaja), jotta joukkueella on siten mahdollisuus osallistua turnaukseen. Tarkoitus on saada peliaikaa ja harjoitusta pelaajille mahdollisimman paljon.<br>Turnauskohtaisista s\u00e4\u00e4nn\u00f6ist\u00e4 sovitaan teknisess\u00e4 palaverissa<\/p>\n\n\n\n<h3 class=\"wp-block-heading\"><br>Sarjan periaatteita<\/h3>\n\n\n\n<p>Turnauksen p\u00e4\u00e4tavoite on kuusikkopelaamisen opettelu, ei voittaminen.<br>6 vs. 6 \u2013turnausmuotona pelitapa on hyv\u00e4 tapa opettaa D-ik\u00e4isille C-B-juniorina edess\u00e4 olevaa pelimuotoa.<br>Osallistua voivat D-ik\u00e4iset, aloittelevat C-juniorit ja C-juniorit, joilla ei ole olemassa joukkuetta sek\u00e4 aloittelevat B-juniorit. My\u00f6s hiukan kokeneempi B-juniori, jolla ei ole lainkaan joukkuetta, voi osallistua. Tapahtumista ja otteluista ei yll\u00e4pidet\u00e4 sarjataulukkoa, jotta enemm\u00e4n keskitytt\u00e4isiin opettelemaan kuusikolla pelaamisen perusteita.<br>Mukaan voi tulla my\u00f6s kahden seuran yhdistelm\u00e4joukkueita, jos seuroissa ei muuten ole tarpeeksi pelaajia.<br>Sarjailmoittautuminen tehd\u00e4\u00e4n tulospalvelussa ja ensimm\u00e4inen turnaus j\u00e4rjestet\u00e4\u00e4n, kun riitt\u00e4v\u00e4sti joukkueita on ilmoittautunut (v\u00e4hint\u00e4\u00e4n kolme).<\/p>\n\n\n\n<p><strong><a href=\"https:\/\/torneopal.lentopallo.fi\/taso\/login.php\">Ilmoittautuminen<\/a><\/strong> tapahtuu SuomiSport-tunnuksilla tulospalvelun kautta.<\/p>\n","protected":false},"excerpt":{"rendered":"<p>Id\u00e4n alueella pelattavat turnaukset ovat D-, C- ja B-ik\u00e4isten 6 vs. 6-harrastesarja, joka on tarkoitettu kuusikkopelin harjoittelemiseen D-ik\u00e4isille sek\u00e4 vasta aloittaneille tai v\u00e4hemm\u00e4n pelanneille C-ik\u00e4isille ja B-ik\u00e4isille. Joukkueet voivat valita itse sen, mihin turnauksiin osallistuvat. Lis\u00e4\u00e4 joukkueita voi ilmoittautua milloin tahansa ja mukaan p\u00e4\u00e4see jo seuraavaan turnaukseen, johon ehtii ilmoittautua viimeist\u00e4\u00e4n kolme viikkoa ennen turnausta. [&hellip;]<\/p>\n","protected":false},"author":14,"featured_media":0,"parent":276,"menu_order":3,"comment_status":"closed","ping_status":"closed","template":"","meta":{"_acf_changed":false,"inline_featured_image":false,"footnotes":""},"class_list":["post-655","page","type-page","status-publish","hentry"],"acf":[],"_links":{"self":[{"href":"https:\/\/sivustot.lentopallo.fi\/ita-suomi\/wp-json\/wp\/v2\/pages\/655","targetHints":{"allow":["GET"]}}],"collection":[{"href":"https:\/\/sivustot.lentopallo.fi\/ita-suomi\/wp-json\/wp\/v2\/pages"}],"about":[{"href":"https:\/\/sivustot.lentopallo.fi\/ita-suomi\/wp-json\/wp\/v2\/types\/page"}],"author":[{"embeddable":true,"href":"https:\/\/sivustot.lentopallo.fi\/ita-suomi\/wp-json\/wp\/v2\/users\/14"}],"replies":[{"embeddable":true,"href":"https:\/\/sivustot.lentopallo.fi\/ita-suomi\/wp-json\/wp\/v2\/comments?post=655"}],"version-history":[{"count":3,"href":"https:\/\/sivustot.lentopallo.fi\/ita-suomi\/wp-json\/wp\/v2\/pages\/655\/revisions"}],"predecessor-version":[{"id":1222,"href":"https:\/\/sivustot.lentopallo.fi\/ita-suomi\/wp-json\/wp\/v2\/pages\/655\/revisions\/1222"}],"up":[{"embeddable":true,"href":"https:\/\/sivustot.lentopallo.fi\/ita-suomi\/wp-json\/wp\/v2\/pages\/276"}],"wp:attachment":[{"href":"https:\/\/sivustot.lentopallo.fi\/ita-suomi\/wp-json\/wp\/v2\/media?parent=655"}],"curies":[{"name":"wp","href":"https:\/\/api.w.org\/{rel}","templated":true}]}}