{"id":874,"date":"2024-02-26T10:49:04","date_gmt":"2024-02-26T10:49:04","guid":{"rendered":"https:\/\/sivustot.lentopallo.fi\/ita-suomi\/?page_id=874"},"modified":"2026-02-23T10:21:02","modified_gmt":"2026-02-23T10:21:02","slug":"valintaleiri-20-4-2024","status":"publish","type":"page","link":"https:\/\/sivustot.lentopallo.fi\/ita-suomi\/ita-suomi-cup\/maakuntavalmennus\/pohjois-savo\/c-tytot-2009-2010\/valintaleiri-20-4-2024\/","title":{"rendered":"Valintaleiri 18.4.2026"},"content":{"rendered":"\n<p>Massaleirilt\u00e4 valintaleirille tiens\u00e4 selvittiv\u00e4t<\/p>\n\n\n\n<p>Aamuvuori Aino<\/p>\n\n\n\n<p>Ahtonen Ella<\/p>\n\n\n\n<p>Gurvich-Skoblova Ada<\/p>\n\n\n\n<p>Hakulinen Elisa<\/p>\n\n\n\n<p>Heikkil\u00e4 Katri<\/p>\n\n\n\n<p>H\u00e4nninen Veera<\/p>\n\n\n\n<p>Jetsonen Minja<\/p>\n\n\n\n<p>Kemppainen Elli<\/p>\n\n\n\n<p>Korhonen Minka<\/p>\n\n\n\n<p>Kumpulainen Jasmiina<\/p>\n\n\n\n<p>Kutvonen Eva<\/p>\n\n\n\n<p>K\u00e4rkk\u00e4inen Aava<\/p>\n\n\n\n<p>Lappalainen Noora<\/p>\n\n\n\n<p>Lepp\u00e4nen Elli<\/p>\n\n\n\n<p>Miettinen Henni<\/p>\n\n\n\n<p>Nousiainen Ronja<\/p>\n\n\n\n<p>Oikarinen Virva<\/p>\n\n\n\n<p>Ojansivu Olivia<\/p>\n\n\n\n<p>Pennanen Enni<\/p>\n\n\n\n<p>Rautiainen Emilia<\/p>\n\n\n\n<p>Satti Soila<\/p>\n\n\n\n<p>Savolainen Tara<\/p>\n\n\n\n<p>Serguskin Siiri<\/p>\n\n\n\n<p>Taavitsainen Emma<\/p>\n\n\n\n<p>Toivanen Riina<\/p>\n\n\n\n<p>Turkka Noora<\/p>\n\n\n\n<p>Turunen Kia<\/p>\n\n\n\n<p>Tyrv\u00e4inen Alina<\/p>\n\n\n\n<p>Vainikainen Petra<\/p>\n\n\n\n<p>V\u00e4is\u00e4nen Elsa<\/p>\n\n\n\n<p>Ahonen Edith estynyt 1. leirlt\u00e4<\/p>\n\n\n\n<p>Huovinen Vilma estynyt 1. leirlt\u00e4<\/p>\n\n\n\n<p>Huusko Hilja estynyt 1. leirlt\u00e4<\/p>\n\n\n\n<p>Kauppinen Julija estynyt 1. leirlt\u00e4<\/p>\n\n\n\n<p>Kauppinen Saila estynyt 1. leirilt\u00e4<\/p>\n\n\n\n<p>Liimatainen Kerttu estynyt 1. leirlt\u00e4<\/p>\n\n\n\n<p>M\u00e4h\u00f6nen Helmi estynyt 1. leirlt\u00e4<\/p>\n\n\n\n<p>Sairanen Fanni estynyt 1. leirlt\u00e4<\/p>\n\n\n\n<p>Vuorensyrj\u00e4 Sini estynyt 1. leirlt\u00e4<\/p>\n\n\n\n<p><\/p>\n\n\n\n<p>Aika: 18.4.2026<br>Paikka: Kiuruveden liikuntahalli<br>Ilmoittautuminen: Klikkaa <strong><a href=\"https:\/\/www.suomisport.fi\/events\/358092dc-bfde-46d8-8816-54b62e9ca7ef\">T\u00c4ST\u00c4<\/a><mark style=\"background-color:#8ed1fc\" class=\"has-inline-color\"><\/mark><\/strong><\/p>\n\n\n\n<p><\/p>\n","protected":false},"excerpt":{"rendered":"<p>Massaleirilt\u00e4 valintaleirille tiens\u00e4 selvittiv\u00e4t Aamuvuori Aino Ahtonen Ella Gurvich-Skoblova Ada Hakulinen Elisa Heikkil\u00e4 Katri H\u00e4nninen Veera Jetsonen Minja Kemppainen Elli Korhonen Minka Kumpulainen Jasmiina Kutvonen Eva K\u00e4rkk\u00e4inen Aava Lappalainen Noora Lepp\u00e4nen Elli Miettinen Henni Nousiainen Ronja Oikarinen Virva Ojansivu Olivia Pennanen Enni Rautiainen Emilia Satti Soila Savolainen Tara Serguskin Siiri Taavitsainen Emma Toivanen Riina Turkka [&hellip;]<\/p>\n","protected":false},"author":15,"featured_media":0,"parent":867,"menu_order":0,"comment_status":"closed","ping_status":"closed","template":"","meta":{"_acf_changed":false,"inline_featured_image":false,"footnotes":""},"class_list":["post-874","page","type-page","status-publish","hentry"],"acf":[],"_links":{"self":[{"href":"https:\/\/sivustot.lentopallo.fi\/ita-suomi\/wp-json\/wp\/v2\/pages\/874","targetHints":{"allow":["GET"]}}],"collection":[{"href":"https:\/\/sivustot.lentopallo.fi\/ita-suomi\/wp-json\/wp\/v2\/pages"}],"about":[{"href":"https:\/\/sivustot.lentopallo.fi\/ita-suomi\/wp-json\/wp\/v2\/types\/page"}],"author":[{"embeddable":true,"href":"https:\/\/sivustot.lentopallo.fi\/ita-suomi\/wp-json\/wp\/v2\/users\/15"}],"replies":[{"embeddable":true,"href":"https:\/\/sivustot.lentopallo.fi\/ita-suomi\/wp-json\/wp\/v2\/comments?post=874"}],"version-history":[{"count":9,"href":"https:\/\/sivustot.lentopallo.fi\/ita-suomi\/wp-json\/wp\/v2\/pages\/874\/revisions"}],"predecessor-version":[{"id":2010,"href":"https:\/\/sivustot.lentopallo.fi\/ita-suomi\/wp-json\/wp\/v2\/pages\/874\/revisions\/2010"}],"up":[{"embeddable":true,"href":"https:\/\/sivustot.lentopallo.fi\/ita-suomi\/wp-json\/wp\/v2\/pages\/867"}],"wp:attachment":[{"href":"https:\/\/sivustot.lentopallo.fi\/ita-suomi\/wp-json\/wp\/v2\/media?parent=874"}],"curies":[{"name":"wp","href":"https:\/\/api.w.org\/{rel}","templated":true}]}}