{"id":966,"date":"2024-04-21T08:59:29","date_gmt":"2024-04-21T08:59:29","guid":{"rendered":"https:\/\/sivustot.lentopallo.fi\/ita-suomi\/?page_id=966"},"modified":"2026-04-23T09:32:45","modified_gmt":"2026-04-23T09:32:45","slug":"ita-suomi-cup-joukkueet","status":"publish","type":"page","link":"https:\/\/sivustot.lentopallo.fi\/ita-suomi\/ita-suomi-cup\/maakuntavalmennus\/pohjois-savo\/c-tytot-2009-2010\/ita-suomi-cup-joukkueet\/","title":{"rendered":"It\u00e4-Suomi Cup joukkueet"},"content":{"rendered":"\n<p><strong>Tyt\u00f6t 1<\/strong><\/p>\n\n\n\n<p>Aamuvuori Aino<\/p>\n\n\n\n<p> Ahtonen Ella <\/p>\n\n\n\n<p>Heikkil\u00e4 Katri <\/p>\n\n\n\n<p>H\u00e4nninen Veera<\/p>\n\n\n\n<p> Kutvonen Eva <\/p>\n\n\n\n<p>Lepp\u00e4nen Elli <\/p>\n\n\n\n<p>Liimatainen Kerttu <\/p>\n\n\n\n<p>Miettinen Henni <\/p>\n\n\n\n<p>Ojansivu Olivia <\/p>\n\n\n\n<p>Sairanen Fanni <\/p>\n\n\n\n<p>Toivanen Riina <\/p>\n\n\n\n<p>Vuorensyrj\u00e4 Sini&nbsp;<\/p>\n\n\n\n<p><\/p>\n\n\n\n<p>Valmennus<br>Roivainen Minna<br>Jokilahti Veera<br>Mennala Sinitta<\/p>\n\n\n\n<p><strong>Tyt\u00f6t 2<\/strong><\/p>\n\n\n\n<p>Gurvich-Skoblova Ada <\/p>\n\n\n\n<p>Huovinen Vilma<\/p>\n\n\n\n<p> Kemppainen Elli&nbsp;<\/p>\n\n\n\n<p> Kumpulainen Jasmiina <\/p>\n\n\n\n<p>K\u00e4rkk\u00e4inen Aava <\/p>\n\n\n\n<p>Nousiainen Ronja <\/p>\n\n\n\n<p>Savolainen Tara <\/p>\n\n\n\n<p>Taavitsainen&nbsp; Emma<\/p>\n\n\n\n<p> Turkka Noora&nbsp; <\/p>\n\n\n\n<p>Turunen Kia <\/p>\n\n\n\n<p>Tyrv\u00e4inen Alina<\/p>\n\n\n\n<p> Vainikainen Petra<\/p>\n\n\n\n<p><\/p>\n\n\n\n<p>Valmennus<br>Turkka Mika<br>Huovinen Terhi<br>Reinikainen Hannu<\/p>\n\n\n\n<p>Varapelaajina muut leireill\u00e4 olleet pelaajat<\/p>\n\n\n\n<p><\/p>\n","protected":false},"excerpt":{"rendered":"<p>Tyt\u00f6t 1 Aamuvuori Aino Ahtonen Ella Heikkil\u00e4 Katri H\u00e4nninen Veera Kutvonen Eva Lepp\u00e4nen Elli Liimatainen Kerttu Miettinen Henni Ojansivu Olivia Sairanen Fanni Toivanen Riina Vuorensyrj\u00e4 Sini&nbsp; ValmennusRoivainen MinnaJokilahti VeeraMennala Sinitta Tyt\u00f6t 2 Gurvich-Skoblova Ada Huovinen Vilma Kemppainen Elli&nbsp; Kumpulainen Jasmiina K\u00e4rkk\u00e4inen Aava Nousiainen Ronja Savolainen Tara Taavitsainen&nbsp; Emma Turkka Noora&nbsp; Turunen Kia Tyrv\u00e4inen Alina Vainikainen [&hellip;]<\/p>\n","protected":false},"author":15,"featured_media":0,"parent":867,"menu_order":0,"comment_status":"closed","ping_status":"closed","template":"","meta":{"_acf_changed":false,"inline_featured_image":false,"footnotes":""},"class_list":["post-966","page","type-page","status-publish","hentry"],"acf":[],"_links":{"self":[{"href":"https:\/\/sivustot.lentopallo.fi\/ita-suomi\/wp-json\/wp\/v2\/pages\/966","targetHints":{"allow":["GET"]}}],"collection":[{"href":"https:\/\/sivustot.lentopallo.fi\/ita-suomi\/wp-json\/wp\/v2\/pages"}],"about":[{"href":"https:\/\/sivustot.lentopallo.fi\/ita-suomi\/wp-json\/wp\/v2\/types\/page"}],"author":[{"embeddable":true,"href":"https:\/\/sivustot.lentopallo.fi\/ita-suomi\/wp-json\/wp\/v2\/users\/15"}],"replies":[{"embeddable":true,"href":"https:\/\/sivustot.lentopallo.fi\/ita-suomi\/wp-json\/wp\/v2\/comments?post=966"}],"version-history":[{"count":18,"href":"https:\/\/sivustot.lentopallo.fi\/ita-suomi\/wp-json\/wp\/v2\/pages\/966\/revisions"}],"predecessor-version":[{"id":2115,"href":"https:\/\/sivustot.lentopallo.fi\/ita-suomi\/wp-json\/wp\/v2\/pages\/966\/revisions\/2115"}],"up":[{"embeddable":true,"href":"https:\/\/sivustot.lentopallo.fi\/ita-suomi\/wp-json\/wp\/v2\/pages\/867"}],"wp:attachment":[{"href":"https:\/\/sivustot.lentopallo.fi\/ita-suomi\/wp-json\/wp\/v2\/media?parent=966"}],"curies":[{"name":"wp","href":"https:\/\/api.w.org\/{rel}","templated":true}]}}