{"id":981,"date":"2024-04-21T09:13:29","date_gmt":"2024-04-21T09:13:29","guid":{"rendered":"https:\/\/sivustot.lentopallo.fi\/ita-suomi\/?page_id=981"},"modified":"2026-04-23T09:31:02","modified_gmt":"2026-04-23T09:31:02","slug":"ita-suomi-cup-joukkueet","status":"publish","type":"page","link":"https:\/\/sivustot.lentopallo.fi\/ita-suomi\/ita-suomi-cup\/maakuntavalmennus\/pohjois-savo\/c-pojat-2009-2010\/ita-suomi-cup-joukkueet\/","title":{"rendered":"It\u00e4-Suomi Cup joukkueet"},"content":{"rendered":"\n<p>Pojat 1<\/p>\n\n\n\n<p>Kahelin Miska<br>Kolehmainen Eetu<br>Luostarinen Eemu<br>Malinen Tobias<br>Nousiainen Aaro<br>Nyyss\u00f6nen Nooa<br>Pekkarinen Eljas<br>Piippo Joonas<br>Raatikainen Ukko<br>Simpanen W\u00e4in\u00f6<br>Suihkonen Toivo<br>V\u00e4\u00e4n\u00e4nen Janiel<\/p>\n\n\n\n<p>Valmennus<\/p>\n\n\n\n<p>Piippo Jouni<br>Simpanen Sami<br>Kahelin Marko<\/p>\n\n\n\n<p><\/p>\n\n\n\n<p><\/p>\n","protected":false},"excerpt":{"rendered":"<p>Pojat 1 Kahelin MiskaKolehmainen EetuLuostarinen EemuMalinen TobiasNousiainen AaroNyyss\u00f6nen NooaPekkarinen EljasPiippo JoonasRaatikainen UkkoSimpanen W\u00e4in\u00f6Suihkonen ToivoV\u00e4\u00e4n\u00e4nen Janiel Valmennus Piippo JouniSimpanen SamiKahelin Marko<\/p>\n","protected":false},"author":15,"featured_media":0,"parent":971,"menu_order":0,"comment_status":"closed","ping_status":"closed","template":"","meta":{"_acf_changed":false,"inline_featured_image":false,"footnotes":""},"class_list":["post-981","page","type-page","status-publish","hentry"],"acf":[],"_links":{"self":[{"href":"https:\/\/sivustot.lentopallo.fi\/ita-suomi\/wp-json\/wp\/v2\/pages\/981","targetHints":{"allow":["GET"]}}],"collection":[{"href":"https:\/\/sivustot.lentopallo.fi\/ita-suomi\/wp-json\/wp\/v2\/pages"}],"about":[{"href":"https:\/\/sivustot.lentopallo.fi\/ita-suomi\/wp-json\/wp\/v2\/types\/page"}],"author":[{"embeddable":true,"href":"https:\/\/sivustot.lentopallo.fi\/ita-suomi\/wp-json\/wp\/v2\/users\/15"}],"replies":[{"embeddable":true,"href":"https:\/\/sivustot.lentopallo.fi\/ita-suomi\/wp-json\/wp\/v2\/comments?post=981"}],"version-history":[{"count":13,"href":"https:\/\/sivustot.lentopallo.fi\/ita-suomi\/wp-json\/wp\/v2\/pages\/981\/revisions"}],"predecessor-version":[{"id":2113,"href":"https:\/\/sivustot.lentopallo.fi\/ita-suomi\/wp-json\/wp\/v2\/pages\/981\/revisions\/2113"}],"up":[{"embeddable":true,"href":"https:\/\/sivustot.lentopallo.fi\/ita-suomi\/wp-json\/wp\/v2\/pages\/971"}],"wp:attachment":[{"href":"https:\/\/sivustot.lentopallo.fi\/ita-suomi\/wp-json\/wp\/v2\/media?parent=981"}],"curies":[{"name":"wp","href":"https:\/\/api.w.org\/{rel}","templated":true}]}}