{"id":417,"date":"2024-12-23T13:50:44","date_gmt":"2024-12-23T11:50:44","guid":{"rendered":"https:\/\/sivustot.lentopallo.fi\/kauppa\/?post_type=product&#038;p=417"},"modified":"2025-01-20T16:55:45","modified_gmt":"2025-01-20T14:55:45","slug":"tuomarimerkin-painatus","status":"publish","type":"product","link":"https:\/\/sivustot.lentopallo.fi\/kauppa\/product\/tuomarimerkin-painatus\/","title":{"rendered":"Tuomariluokan merkin Painatus"},"content":{"rendered":"","protected":false},"excerpt":{"rendered":"<p>Leveys 8cm. Painetaan keskelle rintaa napituksen alapuolelle. Virallinen Tuomarijaoston hyv\u00e4ksym\u00e4 tuomariluokan merkki.<\/p>\n<p>Huom! Tuomarimerkin painatuksen j\u00e4lkeen tilattua paitaa ei voida en\u00e4\u00e4 palauttaa, tai vaihtaa eri kokoon, joten suosittelemme tarkastamaan painettavan tuotteen kokotaulukkoon.<\/p>\n","protected":false},"featured_media":416,"template":"","meta":{"_acf_changed":false,"inline_featured_image":false},"product_brand":[],"product_cat":[16],"product_tag":[],"class_list":{"0":"post-417","1":"product","2":"type-product","3":"status-publish","4":"has-post-thumbnail","6":"product_cat-tuomarituotteet","8":"first","9":"instock","10":"virtual","11":"taxable","12":"purchasable","13":"product-type-simple"},"acf":[],"_links":{"self":[{"href":"https:\/\/sivustot.lentopallo.fi\/kauppa\/wp-json\/wp\/v2\/product\/417","targetHints":{"allow":["GET"]}}],"collection":[{"href":"https:\/\/sivustot.lentopallo.fi\/kauppa\/wp-json\/wp\/v2\/product"}],"about":[{"href":"https:\/\/sivustot.lentopallo.fi\/kauppa\/wp-json\/wp\/v2\/types\/product"}],"wp:featuredmedia":[{"embeddable":true,"href":"https:\/\/sivustot.lentopallo.fi\/kauppa\/wp-json\/wp\/v2\/media\/416"}],"wp:attachment":[{"href":"https:\/\/sivustot.lentopallo.fi\/kauppa\/wp-json\/wp\/v2\/media?parent=417"}],"wp:term":[{"taxonomy":"product_brand","embeddable":true,"href":"https:\/\/sivustot.lentopallo.fi\/kauppa\/wp-json\/wp\/v2\/product_brand?post=417"},{"taxonomy":"product_cat","embeddable":true,"href":"https:\/\/sivustot.lentopallo.fi\/kauppa\/wp-json\/wp\/v2\/product_cat?post=417"},{"taxonomy":"product_tag","embeddable":true,"href":"https:\/\/sivustot.lentopallo.fi\/kauppa\/wp-json\/wp\/v2\/product_tag?post=417"}],"curies":[{"name":"wp","href":"https:\/\/api.w.org\/{rel}","templated":true}]}}