{"id":1020,"date":"2023-12-12T22:25:53","date_gmt":"2023-12-12T20:25:53","guid":{"rendered":"https:\/\/sivustot.lentopallo.fi\/lansi-suomi\/?page_id=1020"},"modified":"2026-01-19T07:24:54","modified_gmt":"2026-01-19T05:24:54","slug":"sarjainfo","status":"publish","type":"page","link":"https:\/\/sivustot.lentopallo.fi\/lansi-suomi\/kilpailutoiminta\/minit\/sarjainfo\/","title":{"rendered":"Sarjainfo"},"content":{"rendered":"\n<h2 class=\"wp-block-heading\">2025-2026<\/h2>\n\n\n\n<p><br><\/p>\n\n\n\n<h4 class=\"wp-block-heading\"><strong>1.&nbsp;&nbsp; S\u00c4\u00c4NN\u00d6T JA M\u00c4\u00c4R\u00c4YKSET&nbsp;<\/strong><\/h4>\n\n\n\n<p>L\u00e4nsi-Suomen alueen mini-ik\u00e4isten, U13-U11 (D-E), sarjoissa, joita kutsutaan Aluemestaruus- ja&nbsp;tiikerisarjoiksi, noudatetaan Suomen Lentopalloliiton <strong><em><a href=\"https:\/\/junnulentis.fi\/2025\/08\/14\/minisaannot-2025-2026\/\" target=\"_blank\" rel=\"noreferrer noopener\">minis\u00e4\u00e4nt\u00f6j\u00e4<\/a>&nbsp;<\/em><\/strong>ja <em><strong><a href=\"https:\/\/junnulentis.fi\/2025\/08\/14\/nuorten-sarjamaaraykset-2025-2026\/\" target=\"_blank\" rel=\"noreferrer noopener\">sarjam\u00e4\u00e4r\u00e4yksi\u00e4<\/a><\/strong><\/em>&nbsp;sek\u00e4 n\u00e4it\u00e4 L\u00e4nsi-Suomen alueen mini-ik\u00e4isten sarjojen sarjam\u00e4\u00e4r\u00e4yksi\u00e4.<br>Uudet pelitavat l\u00f6ytyv\u00e4t <strong><a href=\"https:\/\/www.youtube.com\/watch?v=YKe8VgACW3U&amp;t=4s\" target=\"_blank\" rel=\"noreferrer noopener\"><em>&#8221;Minis\u00e4\u00e4nn\u00f6t kaudella 2025-2026&#8221;<\/em><\/a><\/strong> tallenteesta.<\/p>\n\n\n\n<p><br><\/p>\n\n\n\n<h4 class=\"wp-block-heading\"><strong>2.&nbsp;&nbsp; SARJAT JA SARJAJ\u00c4RJESTELM\u00c4T&nbsp;<\/strong><\/h4>\n\n\n\n<p>Alueella j\u00e4rjestet\u00e4\u00e4n sarjatoimintaa U13, U11 (D-E) ik\u00e4isille.&nbsp;<br>Joukkueet voivat olla poika, tytt\u00f6 tai sekajoukkueita.<br>Sekajoukkueet ilmoittautuvat aina poikien sarjaan.<br>Ilmoittautumiset syksyll\u00e4&nbsp;U13-U11 (D-E) sarjoihin 16.09.2025 menness\u00e4.<br>Kev\u00e4\u00e4lle <strong>UUSIEN<\/strong> joukkueiden ilmoittautuminen p\u00e4\u00e4ttyy 10.12.2025.&nbsp;<\/p>\n\n\n\n<p>U13P (Dp) aluesarja, pojat (yhteinen sarja koko alueella, maantieteelliset lohkot koko kauden)<br>U13Pt (Dp) tiikerisarja, pojat (yhteinen sarja koko alueella, maantieteelliset lohkot koko kauden)<br>U13T (Dt) aluesarja, tyt\u00f6t (yhteinen sarja koko alueella, maantieteelliset lohkot koko kauden)<br>U13Tt (Dt) tiikerisarja, tyt\u00f6t (yhteinen sarja koko alueella, maantieteelliset lohkot koko kauden)&nbsp;<br>U13-sekasarja (D-6vs6), pojat\/tyt\u00f6t\/seka (pelataan yhten\u00e4 sarjana koko alueella)<\/p>\n\n\n\n<p>U11P (Ep) aluesarja, pojat (yhteinen sarja koko alueella, maantieteelliset lohkot koko kauden)&nbsp;&nbsp;<br>U11Pt (Ep) tiikerisarja, pojat (yhteinen sarja koko alueella, maantieteelliset lohkot koko kauden)&nbsp;<br>U11T (Et) aluesarja, tyt\u00f6t (yhteinen sarja koko alueella, maantieteelliset lohkot koko kauden)&nbsp;<br>U11Tt (Et) tiikerisarja, tyt\u00f6t (yhteinen sarja koko alueella, maantieteelliset lohkot koko kauden)&nbsp;<\/p>\n\n\n\n<p>Pelitapa poolimuotoinen.<br>AM-sarjoissa pelitapa Mini-lentis, maantieteelliset lohkot koko kauden.<br>Tiikerisarjoissa pelitapa uusi Tripla pallo, noudatetaan mahdollisuuksien mukaan maantieteellist\u00e4 lohkojakoa poolikaavioissa.<br>U13-sekasarjaan (6vs6) voi osallistua poika-, tytt\u00f6 tai sekajoukkueet, pelataan yhteinen sarja koko alueella. <br>Aluejaostolla on oikeus muuttaa sarjaj\u00e4rjestelmi\u00e4 joukkuem\u00e4\u00e4ri\u00e4 vastaaviksi.<\/p>\n\n\n\n<h4 class=\"wp-block-heading\"><em><strong><a href=\"https:\/\/junnulentis.fi\/ikakaudet\/f-juniorit\/\" target=\"_blank\" rel=\"noreferrer noopener\">F-ik\u00e4isten toiminta on siirtynyt lentopalloliiton hoidettavaksi<\/a><\/strong><\/em>.<br><br><br><strong>3.&nbsp;&nbsp; LIBERON K\u00c4YTT\u00d6&nbsp;<\/strong><\/h4>\n\n\n\n<p>U13-U11 (D-E) ik\u00e4isiss\u00e4, liberon k\u00e4ytt\u00f6 ei ole sallittua.&nbsp;<\/p>\n\n\n\n<p><br><\/p>\n\n\n\n<h4 class=\"wp-block-heading\"><strong>4.&nbsp;&nbsp; YLI-IK\u00c4ISET PELAAJAT&nbsp;<\/strong><\/h4>\n\n\n\n<p>Noudatetaan muutoin Lentopalloliiton nuorten sarjam\u00e4\u00e4r\u00e4yksi\u00e4, paitsi niist\u00e4 poiketen alueen mini-ik\u00e4isten sarjoissa yli-ik\u00e4inen saa siirty\u00e4 joukkueesta toiseen seuran sis\u00e4isten pelaajasiirtom\u00e4\u00e4r\u00e4ysten mukaisesti.<br>Ohje yli-ik\u00e4isist\u00e4 <a href=\"https:\/\/junnulentis.fi\/category\/saannhttps:\/\/junnulentis.fi\/2025\/08\/14\/nuorten-sarjamaaraykset-2025-2026\/t\/sarjamaaraykset\/\" target=\"_blank\" rel=\"noreferrer noopener\"><em><strong>nuorten sarjam\u00e4\u00e4r\u00e4yksiss\u00e4<\/strong><\/em><\/a> kohta 13&nbsp;ja seuran sis\u00e4isist\u00e4 pelaajasiirroista kohta 12.2.&nbsp;<\/p>\n\n\n\n<p>U13-U11 (D-E) ik\u00e4isiss\u00e4 yli-ik\u00e4inen voi pelata muuten normaalisti koko kauden, mutta kev\u00e4\u00e4n lopputurnauksiin oikeutta yli-ik\u00e4isen k\u00e4ytt\u00f6\u00f6n haetaan kyseiselt\u00e4 alueelta (sarjanhoitaja\/kilpailuvastaava\/jaosto).<\/p>\n\n\n\n<p>Yli-ik\u00e4inen voi pelata koko kauden yli-ik\u00e4isen\u00e4 ja yhden turnauksen oman ik\u00e4istens\u00e4 tai vanhempien joukkueessa, mutta jos h\u00e4n pelaa kaksi turnausta oman ik\u00e4istens\u00e4 tai vanhempien joukkueessa, h\u00e4n ei en\u00e4\u00e4 saa pelata yli-ik\u00e4isen\u00e4 nuorempien joukkueessa.<\/p>\n\n\n\n<p><br><\/p>\n\n\n\n<h4 class=\"wp-block-heading\"><strong>5.&nbsp;&nbsp; EDUSTUSOIKEUDET&nbsp;<\/strong><\/h4>\n\n\n\n<p>Seurojen v\u00e4liset edustusoikeudet&nbsp;<br>U13-U11 (D-E) ik\u00e4luokissa edustusoikeus on siin\u00e4 seurassa, jota pelaaja on edustanut kunkin sarjakauden ensimm\u00e4isess\u00e4 ottelussa ks. minilentopallos\u00e4\u00e4nn\u00f6t. Pelaaja voi osallistua useampien ik\u00e4ryhmien joukkueisiin. Sarjan j\u00e4rjest\u00e4j\u00e4n ei tarvitse kuitenkaan t\u00e4m\u00e4n kaltaisten joukkueiden etujen antaa haitata sarjan j\u00e4rjestelyj\u00e4. Kilpailus\u00e4\u00e4nt\u00f6jen mukaisesti tyt\u00f6t voivat osallistua poikien sarjoihin omien ik\u00e4luokkien ja muiden edustusoikeuss\u00e4\u00e4nt\u00f6jen mukaisesti.&nbsp;<\/p>\n\n\n\n<p>Seuran sis\u00e4iset edustusoikeudet&nbsp;<br>Seura, jolla pelaa samassa ik\u00e4luokassa kaksi tai useampia joukkueita, voi vaihtaa mini-ik\u00e4isiss\u00e4 koko kauden ajan jokaisesta joukkueesta kaksi pelaajaa jokaisen turnauksen j\u00e4lkeen (pelaaja ei voi pelata kahdessa joukkueessa saman sarjakierroksen turnauksessa, vaikka ne pelattaisiin eri p\u00e4ivin\u00e4). T\u00e4m\u00e4 tarkoittaa sit\u00e4, ett\u00e4 joukkueessa voi pelata korkeintaan kaksi uutta pelaajaa ja joukkueesta voi siirty\u00e4 muihin joukkueisiin korkeintaan kaksi pelaajaa seuraavan kierroksen turnaukseen.&nbsp;<\/p>\n\n\n\n<p><br><\/p>\n\n\n\n<h4 class=\"wp-block-heading\"><strong>6. SY\u00d6TT\u00d6- JA VASTAANOTTO&nbsp;<\/strong><\/h4>\n\n\n\n<p><em><strong>U13 (D-ik\u00e4iset), U11 (E-ik\u00e4iset)<\/strong><\/em><br><strong>Kaikissa sarjoissa on vapaa&nbsp;aloitus ja samoin vastaanotto on vapaa.<\/strong><\/p>\n\n\n\n<p><br><\/p>\n\n\n\n<p><\/p>\n\n\n\n<h4 class=\"wp-block-heading\"><strong>7.&nbsp;&nbsp; SALIN KOKO JA OTTELUVARUSTEET&nbsp;<\/strong><\/h4>\n\n\n\n<p>Noudatetaan Lentopalloliiton <em><strong><a href=\"https:\/\/junnulentis.fi\/2025\/08\/14\/minisaannot-2025-2026\/\" target=\"_blank\" rel=\"noreferrer noopener\">minis\u00e4\u00e4nt\u00f6j\u00e4<\/a>.<\/strong><\/em>&nbsp;<\/p>\n\n\n\n<p><strong>Verkonkorkeus<\/strong>&nbsp;&nbsp;&nbsp; &nbsp;<\/p>\n\n\n\n<figure class=\"wp-block-table is-style-stripes\"><table><tbody><tr><td>U13 (D)<\/td><td><\/td><td>200 cm<\/td><\/tr><tr><td>U11 (E)<\/td><td><\/td><td>180 cm<\/td><\/tr><tr><td>U9 (F)<\/td><td><\/td><td>160 cm +\/-10cm<\/td><\/tr><\/tbody><\/table><\/figure>\n\n\n\n<h4 class=\"wp-block-heading\"><strong><em>7.1. Ottelup\u00f6yt\u00e4kirja&nbsp;<\/em><\/strong><\/h4>\n\n\n\n<p>Kaikissa nuorten sarjoissa k\u00e4ytet\u00e4\u00e4n liiton mobiilip\u00f6yt\u00e4kirjaa. P\u00f6yt\u00e4kirja l\u00f6ytyy&nbsp;KiSan&nbsp;selainpohjaisesta ty\u00f6kalusta.<\/p>\n\n\n\n<p>Aloitusj\u00e4rjestyslipukkeita on ottelupaikalla my\u00f6s vierailevaa joukkuetta varten. Aloitusj\u00e4rjestyslipukkeita k\u00e4ytet\u00e4\u00e4n kaikissa mini-ik\u00e4isten sarjoissa, koska aloitusj\u00e4rjestys sy\u00f6tet\u00e4\u00e4n s\u00e4hk\u00f6iseen p\u00f6yt\u00e4kirjaan. P\u00e4\u00e4valmentajan antama kuitattu aloitusj\u00e4rjestyslipuke on kiistan sattuessa ratkaiseva.<\/p>\n\n\n\n<p><br><br><\/p>\n\n\n\n<h4 class=\"wp-block-heading\"><strong>8.&nbsp;&nbsp; PELAAJALUETTELOINTI JA PELIPASSIT&nbsp;<\/strong><\/h4>\n\n\n\n<p>Noudatetaan Lentopalloliiton nuorten\u00a0sarjam\u00e4\u00e4r\u00e4yksi\u00e4.<br><em><strong><a href=\"https:\/\/junnulentis.fi\/2025\/08\/14\/nuorten-sarjamaaraykset-2025-2026\/#12\" target=\"_blank\" rel=\"noreferrer noopener\">Ohje pelipassit, Nuorten sarjam\u00e4\u00e4r\u00e4ykset, kohta 11<\/a><\/strong><\/em><\/p>\n\n\n\n<p>Pelaajaluetteloinnin&nbsp;voi tehd\u00e4 tulospalvelusivuilla =&gt;&nbsp;<a href=\"https:\/\/www.lentopallo.fi\/kilpailu\/kilpailusaannot-sarjamaaraykset-ja-poytakirjat\/sahkoinen-poytakirja\/\">oh<\/a><a href=\"https:\/\/www.lentopallo.fi\/kilpailu\/ohjeet\/\" target=\"_blank\" rel=\"noreferrer noopener\">jeet<\/a><\/p>\n\n\n\n<p>Pelipassien tarkistus tapahtuu tulospalvelun pelipassilistauksella ja poikkeustapauksissa my\u00f6s maksukuitilla.&nbsp;<br>Pelipassilistauksessa k\u00e4ytett\u00e4v\u00e4 salasana tulee ilmoittautumisen yhteydess\u00e4 tulevan laskun mukana s\u00e4hk\u00f6postitse joukkueen&nbsp;yhteyshenkil\u00f6lle.&nbsp;<\/p>\n\n\n\n<p>Pelipassillinen pelaaja todistaa p\u00e4\u00e4symaksullisissa otteluissa pelipassinsa voimassaolon esitt\u00e4m\u00e4ll\u00e4 sen SuomiSport-palvelusta.<\/p>\n\n\n\n<p><em><strong><a href=\"https:\/\/www.lentopallo.fi\/kilpailu\/pelipassit\/\" target=\"_blank\" rel=\"noreferrer noopener\">Linkki ohjeet, Pelipassit<\/a><\/strong><\/em><\/p>\n\n\n\n<p><br><\/p>\n\n\n\n<h4 class=\"wp-block-heading\"><strong>9.&nbsp;&nbsp; TUOMARIT&nbsp;<\/strong><\/h4>\n\n\n\n<p>J\u00e4rjest\u00e4v\u00e4 seura k\u00e4y turnauksen aluksi lyhyesti l\u00e4pi ainakin t\u00e4rkeimm\u00e4t k\u00e4simerkit eli sy\u00f6tt\u00f6lupa, sy\u00f6tt\u00f6raja, pallo sis\u00e4ll\u00e4, pallo ulkona ja keskirajan ylitys.&nbsp;<br>Tuomarina voi toimia pelaaja, joka on koulutettu nuorisotuomari tai seura voi tuoda paikalle oman tuomarin.<br>U13-U11 (D-E) ik\u00e4isten turnauksissa lepovuorossa olevaa joukkuetta voidaan k\u00e4ytt\u00e4\u00e4 tuomarina.<br>Mik\u00e4li sarjaj\u00e4rjestelm\u00e4 on sellainen, ettei lepovuoroja tule, turnauksen j\u00e4rjest\u00e4v\u00e4 seura vastaa tuomarij\u00e4rjestelyist\u00e4.&nbsp;<br>Kaikissa tapauksissa turnausvastaavan on varmistettava, ett\u00e4 tuomarointiteht\u00e4v\u00e4t tulee hoidettua.&nbsp;<\/p>\n\n\n\n<p><em><strong><a href=\"https:\/\/junnulentis.fi\/2022\/06\/20\/nuorten-sarjamaaraykset-2022-2023\/#9\" target=\"_blank\" rel=\"noreferrer noopener\">Ohje tuomaroinnista, Nuorten sarjam\u00e4\u00e4r\u00e4ykset, kohta 9<\/a><\/strong><\/em><\/p>\n\n\n\n<p><br><\/p>\n\n\n\n<h4 class=\"wp-block-heading\"><strong>10.&nbsp;&nbsp; J\u00c4RJESTELYOHJEET TURNAUSVASTAAVALLE&nbsp;<\/strong><\/h4>\n\n\n\n<p><a href=\"https:\/\/junnulentis.fi\/2017\/09\/08\/miten-jarjestan-turnauksen\/\" target=\"_blank\" rel=\"noreferrer noopener\"><strong><em>Onnistuneen turnauksen avaimet<\/em><\/strong><\/a><\/p>\n\n\n\n<h4 class=\"wp-block-heading\"><br><strong><em>10.1. Yleiset j\u00e4rjestelyt&nbsp;<\/em><\/strong><\/h4>\n\n\n\n<p><strong><em><a href=\"https:\/\/junnulentis.fi\/2025\/08\/14\/nuorten-sarjamaaraykset-2025-2026\/#8\" target=\"_blank\" rel=\"noreferrer noopener\">Ohjeet yleisiin j\u00e4rjestelyihin,&nbsp;turnausten&nbsp;ajankohtiin&nbsp;yms, Nuorten sarjam\u00e4\u00e4r\u00e4ykset, kohdat 7.1-7.4<\/a><\/em><\/strong><br><br>Turnauskutsut tehd\u00e4\u00e4n&nbsp;tulospalvelussa<br>=&gt;&nbsp;<em><strong><a href=\"https:\/\/junnulentis.fi\/2019\/09\/20\/turnauskutsu\/\" target=\"_blank\" rel=\"noreferrer noopener\">https:\/\/junnulentis.fi\/2019\/09\/20\/turnauskutsu\/&nbsp;<\/a><\/strong><\/em><br>=&gt; <a href=\"https:\/\/www.lentopallo.fi\/wp-content\/uploads\/2023\/09\/Turnauskutsu.pdf\" target=\"_blank\" rel=\"noreferrer noopener\"><em><strong>Turnauskutsuohje (PDF)<\/strong><\/em><\/a><\/p>\n\n\n\n<p><\/p>\n\n\n\n<h4 class=\"wp-block-heading\"><strong><em>10.2. Matkatasaus&nbsp;<\/em><\/strong><\/h4>\n\n\n\n<p><strong>L\u00e4nsi-Suomen mini-ik\u00e4isten sarjoissa on luovuttu matkatasauksista.<\/strong><br><em>(Aluejaoston p\u00e4\u00e4t\u00f6s 11\/2021)<\/em><\/p>\n\n\n\n<p><\/p>\n\n\n\n<h4 class=\"wp-block-heading\"><strong><em>10.3. Tekninen palaveri&nbsp;<\/em><\/strong><\/h4>\n\n\n\n<p>Palaveria johtaa j\u00e4rjest\u00e4v\u00e4n seuran&nbsp;turnausvastaava, joka&nbsp;ei voi olla pelaavan joukkueen valmentaja.&nbsp;<\/p>\n\n\n\n<p>Pelipassit on tarkistettava aina teknisess\u00e4 palaverissa.&nbsp;<\/p>\n\n\n\n<p><strong><em><a href=\"https:\/\/junnulentis.fi\/2022\/06\/20\/nuorten-sarjamaaraykset-2022-2023\/#7\" target=\"_blank\" rel=\"noreferrer noopener\">Ohjeet teknisen palaverin j\u00e4rjest\u00e4miseen, Nuorten sarjam\u00e4\u00e4r\u00e4ykset, kohta 7.5<\/a><\/em><\/strong><\/p>\n\n\n\n<p>Palaverissa tulee painottaa valmentajan vastuuta ja velvoitteita seuraavanlaisissa asioissa:&nbsp;joukkueiden k\u00e4ytt\u00e4ytyminen, pukuhuoneiden siisteys, kielenk\u00e4ytt\u00f6, kaikkien pelaajien tasapuolinen peluuttaminen.&nbsp;<br>Turnausvastaava ja turnaukseen valittu jury toimii otteluiden tuomarien tukena.&nbsp;Turnausvastaavalla on oikeus poistaa h\u00e4iri\u00f6t\u00e4 aiheuttava henkil\u00f6 turnauspaikalta.&nbsp;<\/p>\n\n\n\n<p>Juryn vastuualueella t\u00e4rke\u00e4 kohta&nbsp;Urheilullinen k\u00e4yt\u00f6s.<br>&nbsp;<\/p>\n\n\n\n<h4 class=\"wp-block-heading\"><strong><em>10.4. Turnauksen j\u00e4lkeen&nbsp;<\/em><\/strong><\/h4>\n\n\n\n<p>Tulospalvelu ja tulosten l\u00e4hetys&nbsp;<\/p>\n\n\n\n<p>Mini-ik\u00e4isten otteluohjelmat ja tulokset ovat n\u00e4ht\u00e4viss\u00e4 Lentopalloliiton <strong><em><a href=\"https:\/\/tulospalvelu.lentopallo.fi\/categories\" target=\"_blank\" rel=\"noreferrer noopener\">tulospalvelusta<\/a><\/em><\/strong>.<\/p>\n\n\n\n<p>Sarjoissa k\u00e4ytet\u00e4\u00e4n mobiilip\u00f6yt\u00e4kirjaa.&nbsp;<\/p>\n\n\n\n<p><a href=\"https:\/\/junnulentis.fi\/2018\/09\/26\/sahkoinen-poytakirja\/\" target=\"_blank\" rel=\"noreferrer noopener\"><strong><em>Mobiilip\u00f6yt\u00e4kirja<\/em><\/strong><\/a><\/p>\n\n\n\n<p><a href=\"https:\/\/www.lentopallo.fi\/kilpailu\/tulospalvelu-ohjelmat-tulokset-ilmoittautuminen\/tulosten-ilmoittaminen-ohjeet\/\" target=\"_blank\" rel=\"noreferrer noopener\"><strong><em>Jos k\u00e4yt\u00f6ss\u00e4 paperiset p\u00f6yt\u00e4kirjat, tulosten l\u00e4hetys&nbsp;KiSa-linkin kautta<\/em><\/strong><\/a><\/p>\n\n\n\n<p><br><\/p>\n\n\n\n<h4 class=\"wp-block-heading\"><strong>11.&nbsp;&nbsp; OTTELU- JA TURNAUSSIIRTO&nbsp;<\/strong><\/h4>\n\n\n\n<p>Turnaukset ja ottelut on pelattava sarjaohjelmassa esitetyn aikataulun mukaisesti otteluohjelmassa olevana viikonloppuna. Ottelun tai turnauksen voi siirt\u00e4\u00e4 tai perua vain eritt\u00e4in painavasta syyst\u00e4.&nbsp;<\/p>\n\n\n\n<p><a href=\"https:\/\/junnulentis.fi\/2022\/06\/20\/nuorten-sarjamaaraykset-2022-2023\/#7\" target=\"_blank\" rel=\"noreferrer noopener\"><strong><em>Ohje turnaus- ja ottelusiirroista, Nuorten sarjam\u00e4\u00e4r\u00e4ykset, kohta 7.7<\/em><\/strong><\/a><\/p>\n\n\n\n<p>&nbsp;<br><strong><em>HUOMIOI KUITENKIN SEURAAVAA&nbsp;<\/em><\/strong><br><br>Jos turnauksen ajankohta EI&nbsp;sovi joukkueellesi, siit\u00e4 on ilmoitettava j\u00e4rjest\u00e4v\u00e4lle seuralle ja sarjanhoitajalle Kaisu&nbsp;Polsolle mahdollisimman pian tai viimeist\u00e4\u00e4n 10 pv ennen turnausta.&nbsp;<\/p>\n\n\n\n<p>Jos peruutus tulee vasta em. 10 pv j\u00e4lkeen, peruva joukkue joutuu korvaamaan j\u00e4rjest\u00e4v\u00e4lle seuralle salin vuokrasta tms. peruuntumisesta mahdollisesti aiheutuvat kulut sek\u00e4 vastaa jatkossa siirrettyjen otteluiden kuluista. Se joukkue, jonka vuoksi otteluita joudutaan siirt\u00e4m\u00e4\u00e4n,&nbsp;on aina matkustava joukkue, jos muusta ei ole sarjanhoitajan ja toisten joukkueiden kanssa sovittu.&nbsp;<\/p>\n\n\n\n<p>Ole aktiivinen, kun olet saanut sarjaohjelman ja ilmoita heti sopimattomista ajankohdista nuorten sarjanhoitajalle (Kaisu&nbsp;Polso&nbsp;U13, U11) ja j\u00e4rjest\u00e4v\u00e4lle seuralle!&nbsp;<\/p>\n\n\n\n<p><\/p>\n\n\n\n<p>U13-U11 (D-E) ik\u00e4iset, sarjanhoitajana toimii<br>Kaisu&nbsp;Polso<br>040 0910 327<br>kaisu.polso@lentopalloliitto.fi<\/p>\n\n\n\n<ul class=\"wp-block-list\">\n<li><em><strong><mark style=\"background-color:#ffffff\" class=\"has-inline-color has-vivid-red-color\">Tavoitettavissa&nbsp;arkisin klo 8-15, muina aikoina vain mobiilip\u00f6yt\u00e4kirjaan liittyviss\u00e4 kiireellisiss\u00e4 tilanteissa.<\/mark><\/strong><\/em><br><br><br><\/li>\n<\/ul>\n\n\n\n<section id=\"block_8fb0a53a14359ca1dfda029fe2b72a8d\" class=\"contact-box\">\n\t\n\n\n\t<div class=\"contact-box-holder related-tm-info\">\n\t\t\t\t\t\t\t\n\t\t\t\t\t<div class=\"col-content\">\n\t\t\t\t\t\t\t\t\t<h3 class=\"contact-box-title\">Lis\u00e4tietoja<\/h3>\n\t\t\t\t\n\t\t\t\t\t\t\t\t\t<h2 class=\"persona-title\">Kaisu Polso<\/h2>\n\t\t\t\t\n\t\t\t\t\t\t\t\t\t<div class=\"persona-role\">Sarjanhoitaja<\/div>\n\t\t\t\t\n\t\t\t\t\t\t\t\t\t<div class=\"holder-personal-info\">\n\t\t\t\t\t\t<div class=\"persona-contact\">\n\t\t\t\t\t\t\t\t\t\t\t\t\t\t\t<div class=\"persona-phone\">\n\t\t\t\t\t\t\t\t\t<a href=\"tel:0400910327\">040 091 0327<\/a>\n\t\t\t\t\t\t\t\t<\/div>\n\t\t\t\t\t\t\t\n\t\t\t\t\t\t\t\t\t\t\t\t\t\t\t<div class=\"persona-email\">\n\t\t\t\t\t\t\t\t\t<a href=\"mailto:&#107;ai&#115;u&#46;&#112;olso(at&#41;&#108;&#101;&#110;t&#111;pal&#108;&#111;&#108;i&#105;tt&#111;&#46;&#102;i\">&#107;&#97;i&#115;&#117;.polso&#40;at)l&#101;&#110;to&#112;a&#108;l&#111;&#108;&#105;&#105;tto&#46;fi<\/a>\n\t\t\t\t\t\t\t\t<\/div>\n\t\t\t\t\t\t\t\t\t\t\t\t\t<\/div>\n\t\t\t\t\t\t<div class=\"persona-contact-link\">\n\t\t\t\t\t\t\t\t\t\t\t\t\t\t\t<a class=\"btn btn-contact btn btn-read-more\" href=\"mailto:&#107;&#97;is&#117;.p&#111;&#108;so(&#97;t&#41;&#108;&#101;&#110;to&#112;a&#108;lol&#105;it&#116;o&#46;fi\">Ota yhteytt\u00e4<\/a>\n\t\t\t\t\t\t\t\t\t\t\t\t\t<\/div>\n\t\t\t\t\t<\/div>\n\t\t\t\t\t\t\t<\/div>\n\t\t\t<\/div>\n\n\n\n\n\n<\/section>\n\n\n\n<p><\/p>\n\n\n\n<section id=\"block_3403efc061070b2cba36ea1ec265cafa\" class=\"contact-box\">\n\t\n\n\n\t<div class=\"contact-box-holder related-tm-info\">\n\t\t\t\t\t\t\t\n\t\t\t\t\t<div class=\"col-content\">\n\t\t\t\t\t\t\t\t\t<h3 class=\"contact-box-title\">Lis\u00e4tietoja, kilpailuvastaava<\/h3>\n\t\t\t\t\n\t\t\t\t\t\t\t\t\t<h2 class=\"persona-title\">Susanna Kirvesm\u00e4ki<\/h2>\n\t\t\t\t\n\t\t\t\t\t\t\t\t\t<div class=\"persona-role\">L\u00e4nnen puheenjohtaja, kilpailuvastaava<\/div>\n\t\t\t\t\n\t\t\t\t\t\t\t\t\t<div class=\"holder-personal-info\">\n\t\t\t\t\t\t<div class=\"persona-contact\">\n\t\t\t\t\t\t\t\t\t\t\t\t\t\t\t<div class=\"persona-phone\">\n\t\t\t\t\t\t\t\t\t<a href=\"tel:0407603569\">040 760 3569<\/a>\n\t\t\t\t\t\t\t\t<\/div>\n\t\t\t\t\t\t\t\n\t\t\t\t\t\t\t\t\t\t\t\t\t\t\t<div class=\"persona-email\">\n\t\t\t\t\t\t\t\t\t<a href=\"mailto:su&#115;&#97;nna.&#107;&#105;rv&#101;s&#109;&#97;ki&#40;&#97;&#116;)&#108;e&#110;&#116;o&#112;&#97;llo&#108;i&#105;&#116;&#116;&#111;.fi\">&#115;u&#115;&#97;&#110;n&#97;&#46;ki&#114;&#118;e&#115;ma&#107;&#105;(at&#41;&#108;&#101;&#110;&#116;o&#112;a&#108;&#108;&#111;&#108;&#105;&#105;t&#116;&#111;&#46;fi<\/a>\n\t\t\t\t\t\t\t\t<\/div>\n\t\t\t\t\t\t\t\t\t\t\t\t\t<\/div>\n\t\t\t\t\t\t<div class=\"persona-contact-link\">\n\t\t\t\t\t\t\t\t\t\t\t\t\t\t\t<a class=\"btn btn-contact btn btn-read-more\" href=\"mailto:s&#117;san&#110;a&#46;&#107;ir&#118;esm&#97;&#107;&#105;&#40;&#97;t)l&#101;&#110;topalloli&#105;&#116;to.fi\">Ota yhteytt\u00e4<\/a>\n\t\t\t\t\t\t\t\t\t\t\t\t\t<\/div>\n\t\t\t\t\t<\/div>\n\t\t\t\t\t\t\t<\/div>\n\t\t\t<\/div>\n\n\n\n\n\n<\/section>\n","protected":false},"excerpt":{"rendered":"<p>2025-2026 1.&nbsp;&nbsp; S\u00c4\u00c4NN\u00d6T JA M\u00c4\u00c4R\u00c4YKSET&nbsp; L\u00e4nsi-Suomen alueen mini-ik\u00e4isten, U13-U11 (D-E), sarjoissa, joita kutsutaan Aluemestaruus- ja&nbsp;tiikerisarjoiksi, noudatetaan Suomen Lentopalloliiton minis\u00e4\u00e4nt\u00f6j\u00e4&nbsp;ja sarjam\u00e4\u00e4r\u00e4yksi\u00e4&nbsp;sek\u00e4 n\u00e4it\u00e4 L\u00e4nsi-Suomen alueen mini-ik\u00e4isten sarjojen sarjam\u00e4\u00e4r\u00e4yksi\u00e4.Uudet pelitavat l\u00f6ytyv\u00e4t &#8221;Minis\u00e4\u00e4nn\u00f6t kaudella 2025-2026&#8221; tallenteesta. 2.&nbsp;&nbsp; SARJAT JA SARJAJ\u00c4RJESTELM\u00c4T&nbsp; Alueella j\u00e4rjestet\u00e4\u00e4n sarjatoimintaa U13, U11 (D-E) ik\u00e4isille.&nbsp;Joukkueet voivat olla poika, tytt\u00f6 tai sekajoukkueita.Sekajoukkueet ilmoittautuvat aina poikien sarjaan.Ilmoittautumiset syksyll\u00e4&nbsp;U13-U11 (D-E) [&hellip;]<\/p>\n","protected":false},"author":12,"featured_media":0,"parent":276,"menu_order":1,"comment_status":"closed","ping_status":"closed","template":"pages\/template-kilpailu.php","meta":{"_acf_changed":false,"inline_featured_image":false,"footnotes":""},"class_list":["post-1020","page","type-page","status-publish","hentry"],"acf":[],"_links":{"self":[{"href":"https:\/\/sivustot.lentopallo.fi\/lansi-suomi\/wp-json\/wp\/v2\/pages\/1020","targetHints":{"allow":["GET"]}}],"collection":[{"href":"https:\/\/sivustot.lentopallo.fi\/lansi-suomi\/wp-json\/wp\/v2\/pages"}],"about":[{"href":"https:\/\/sivustot.lentopallo.fi\/lansi-suomi\/wp-json\/wp\/v2\/types\/page"}],"author":[{"embeddable":true,"href":"https:\/\/sivustot.lentopallo.fi\/lansi-suomi\/wp-json\/wp\/v2\/users\/12"}],"replies":[{"embeddable":true,"href":"https:\/\/sivustot.lentopallo.fi\/lansi-suomi\/wp-json\/wp\/v2\/comments?post=1020"}],"version-history":[{"count":20,"href":"https:\/\/sivustot.lentopallo.fi\/lansi-suomi\/wp-json\/wp\/v2\/pages\/1020\/revisions"}],"predecessor-version":[{"id":3628,"href":"https:\/\/sivustot.lentopallo.fi\/lansi-suomi\/wp-json\/wp\/v2\/pages\/1020\/revisions\/3628"}],"up":[{"embeddable":true,"href":"https:\/\/sivustot.lentopallo.fi\/lansi-suomi\/wp-json\/wp\/v2\/pages\/276"}],"wp:attachment":[{"href":"https:\/\/sivustot.lentopallo.fi\/lansi-suomi\/wp-json\/wp\/v2\/media?parent=1020"}],"curies":[{"name":"wp","href":"https:\/\/api.w.org\/{rel}","templated":true}]}}