{"id":1034,"date":"2023-12-13T12:40:29","date_gmt":"2023-12-13T10:40:29","guid":{"rendered":"https:\/\/sivustot.lentopallo.fi\/lansi-suomi\/?page_id=1034"},"modified":"2024-02-21T00:24:25","modified_gmt":"2024-02-20T22:24:25","slug":"eetteiset-periaatteet","status":"publish","type":"page","link":"https:\/\/sivustot.lentopallo.fi\/lansi-suomi\/kilpailutoiminta\/tuomaritoiminta\/eetteiset-periaatteet\/","title":{"rendered":"Eettiset periaatteet"},"content":{"rendered":"\n<p><em>Alkuaan Suomen Erotuomarienliitto (jossa mukana eri joukkuepalloilulajien tuomarit) on laatinut periaatteet, jotka p\u00e4ivitetty syyskuussa 2014.<\/em><\/p>\n\n\n<div class=\"wp-block-image\">\n<figure class=\"aligncenter size-full\"><img loading=\"lazy\" decoding=\"async\" width=\"127\" height=\"38\" src=\"https:\/\/sivustot.lentopallo.fi\/lansi-suomi\/files\/2023\/12\/Logo_SEL_2023_12.png\" alt=\"\" class=\"wp-image-1036\" srcset=\"https:\/\/sivustot.lentopallo.fi\/lansi-suomi\/files\/2023\/12\/Logo_SEL_2023_12.png 127w, https:\/\/sivustot.lentopallo.fi\/lansi-suomi\/files\/2023\/12\/Logo_SEL_2023_12-55x16.png 55w\" sizes=\"auto, (max-width: 127px) 100vw, 127px\" \/><\/figure>\n<\/div>\n\n\n<h3 class=\"wp-block-heading\"><strong>JOHDANTO<\/strong><strong><\/strong><\/h3>\n\n\n\n<p>Erotuomarilla on urheilutapahtumassa keskeinen ja t\u00e4rke\u00e4 rooli. H\u00e4n ei osallistu itse kilpailutapahtu\u00admaan, mutta h\u00e4n vaikuttaa olennaisella tavalla sen l\u00e4piviemiseen. Erotuomarin teht\u00e4v\u00e4n\u00e4 on huolehtia siit\u00e4, ett\u00e4 ottelu tai kilpailu sujuu s\u00e4\u00e4nt\u00f6jen ja urheilu hengen mukaisella tavalla. Erotuomari on reilun pelin takuumies.<\/p>\n\n\n\n<p>Ajatus koota yhteen erotuomaritoiminnan keskeiset eettiset periaatteet syntyi ja kehittyi Suomen Ero\u00adtuomarien Liitossa pikkuhiljaa. Kyse ei ollut satunnaisesta oivalluksesta vaan pikemminkin jatkuvasta ajatusprosessista, jonka seurauksena varsinainen ty\u00f6 alkoi kev\u00e4\u00e4ll\u00e4 2004. Hyv\u00e4n\u00e4 pohjana sille oli Suomen Liikunta ja Urheilun eettisen valiokunnan tuolloin luonnosasteella ollut Reilu Peli-asiakirja, joka muodostaa perustan my\u00f6s SEL:n erotuomari\u00adtoimintaa koskeville eettisille periaatteille.<\/p>\n\n\n\n<p>SEL:n eettisten periaatteiden tavoitteena on auttaa erotuomaria ymm\u00e4rt\u00e4m\u00e4\u00e4n niit\u00e4 keskeisi\u00e4 ja t\u00e4rkeit\u00e4 arvoja, joiden varaan hyv\u00e4, luotettava ja oikeudenmukainen erotuomaritoiminta rakentuu. N\u00e4m\u00e4 periaatteet my\u00f6t\u00e4ilev\u00e4t koko suomalaisen yhteiskunnan arvopohjaa ja ovat siin\u00e4 mieless\u00e4 yhteismitallisia my\u00f6s muiden yhteiskunnallisesti hyv\u00e4ksytt\u00e4vien toimintamallien kanssa. T\u00e4m\u00e4 on t\u00e4rke\u00e4\u00e4 sen vuoksi, ettei erotuomaritoimintaa voida pit\u00e4\u00e4 muus\u00adta yhteiskunnasta erillisen\u00e4 saarekkeena, vaan my\u00f6s sen tulee perustua yhteisesti hyv\u00e4ksytyille arvoille. K\u00e4yt\u00e4n\u00adn\u00f6ss\u00e4 erotuomarilta vaaditaan jopa huomattavasti normaalia tarkempaa sitoutumista n\u00e4ihin arvoihin.<\/p>\n\n\n\n<p>SEL:n periaatteiden tukena ovat SLU:n Reilu Peli-asiakirjan kolmetoista periaatetta. N\u00e4ist\u00e4 kuusi ensimm\u00e4ist\u00e4 muodostavat suomalaisen urheilun eettisen toiminnan kivijalan. Muut seitsem\u00e4n periaatetta tarkentavat yleisi\u00e4 periaatteita ja k\u00e4sittelev\u00e4t urheilun ja liikunnan t\u00e4ll\u00e4 hetkell\u00e4 ajankohtaisia aihealueita.<\/p>\n\n\n\n<p>SEL:n eettiset periaatteet julkaistaan nyt kirjasena, johon sis\u00e4llytet\u00e4\u00e4n my\u00f6s SLU:n Reilu Peli-asiakirja. T\u00e4m\u00e4 kir\u00adjanen pyrit\u00e4\u00e4n jakamaan kaikille Suomen Erotuomarien Liiton noin 15.000 j\u00e4senelle ja jatkossa kaikille j\u00e4senliit\u00adtojen j\u00e4rjest\u00e4m\u00e4\u00e4n koulutukseen osallistuville uusille erotuomareille.<\/p>\n\n\n\n<p>Toivomme, ett\u00e4 kirjasen my\u00f6t\u00e4 jokainen suomalainen erotuomari oppisi entist\u00e4 paremmin ymm\u00e4rt\u00e4m\u00e4\u00e4n erotuo\u00admaritoiminnan arvopohjaa sek\u00e4 oman toimintansa merkityst\u00e4 reilun pelin ja hyv\u00e4n urheiluhengen takaajana.<\/p>\n\n\n\n<p><strong>OIKEUDENMUKAISUUS<\/strong><\/p>\n\n\n\n<p>Oikeudenmukaisuus on erotuomaritoiminnan t\u00e4rkein kulmakivi. Urheilun l\u00e4ht\u00f6kohtana on aina ja kaikkialla reilu peli. Kilpailijat, olipa sitten kyse yksil\u00f6ist\u00e4 tai joukkueista, odottavat ottelun ratkeamista reilulla ja oikeudenmu\u00adkaisella tavalla. Oikeudenmukaisuutta vaalii ja sen toteutumisesta vastaa erotuomari.<\/p>\n\n\n\n<p>Oikeudenmukaisuuden toteuttaminen edellytt\u00e4\u00e4 erotuomarilta paitsi oman lajinsa s\u00e4\u00e4nt\u00f6jen t\u00e4ydellist\u00e4 hallintaa, my\u00f6s sen tuntemista, \u201dpelisilm\u00e4\u00e4\u201d. Erotuomarin on kohdeltava kaikkia kilpailijoita samojen periaatteiden mukaan. T\u00e4m\u00e4 ei kuitenkaan aina tarkoita samaa kuin tasapuolisuus. Urheilussa erotuomarin on annettava paremman olla parempi, h\u00e4nen teht\u00e4viins\u00e4 ei kuulu tasoituksen antaminen heikommalle osapuolelle.<\/p>\n\n\n\n<p><strong>REHELLISYYS<\/strong><\/p>\n\n\n\n<p>Oikeudenmukaisuuteen kuuluu my\u00f6s rehellisyys. Erotuomarin on oltava rehellinen lajiaan, kilpailijoita ja itse\u00e4\u00e4n kohtaan. Vain t\u00e4ll\u00f6in h\u00e4n voi auttaa kilpailijoita p\u00e4\u00e4sem\u00e4\u00e4n oikeudenmukaiseen lopputulokseen. Erityisen t\u00e4rke\u00e4\u00e4 on olla rehelli\u00adnen itse\u00e4\u00e4n kohtaan. Erotuomarin on osattava hyv\u00e4ksy\u00e4 omat puutteensa ja se, ett\u00e4 my\u00f6s h\u00e4n voi tehd\u00e4 huonoja tai v\u00e4\u00e4ri\u00e4 ratkaisuja.<\/p>\n\n\n\n<p>Pelaajat ja valmentajat kunnioittavat ja arvostavat erotuomaria, joka kykenee rehellisesti tunnustamaan omat virheens\u00e4. T\u00e4llainen erotuomari pystyy my\u00f6s kehitt\u00e4m\u00e4\u00e4n itse\u00e4\u00e4n ja omaa toimintaansa, sill\u00e4 vanhan viisauden mukaan yksi parhaista tavoista kehitty\u00e4 on ottaa oppia omista virheist\u00e4\u00e4n.<\/p>\n\n\n\n<p><strong>PUOLUEETTOMUUS<\/strong><\/p>\n\n\n\n<p>Erotuomarin on oltava puolueeton. T\u00e4m\u00e4 tarkoittaa, ett\u00e4 erotuomarin on v\u00e4ltett\u00e4v\u00e4 sellaisia henkisi\u00e4 tai taloudellisia kytkent\u00f6j\u00e4 kilpailijoihin tai kilpailuun, jotka saattavat vaarantaa h\u00e4nen puolueettomuutensa. Itse asiassa t\u00e4m\u00e4k\u00e4\u00e4n ei ole kylliksi. Erotuomarille ei riit\u00e4, ett\u00e4 h\u00e4n on puolueeton vaan h\u00e4nen on my\u00f6s n\u00e4ytett\u00e4v\u00e4 puolueettomalta. Erotuomarin on aina ja kaikessa toiminnassaan muistettava oma teht\u00e4v\u00e4ns\u00e4 ja asemansa, my\u00f6s kent\u00e4n ja ottelutapahtuman ulkopuolella.<\/p>\n\n\n\n<p>Erotuomarin teht\u00e4v\u00e4n\u00e4 on pit\u00e4\u00e4 huoli siit\u00e4, ett\u00e4 ottelu tai kilpailu sujuu oikeudenmukaisesti. Jos jokin erotuomarin ole\u00admuksessa tai toiminnassa her\u00e4tt\u00e4\u00e4 ep\u00e4ilyksi\u00e4 siit\u00e4, ettei h\u00e4n ole puolueeton, my\u00f6s usko erotuomarin oikeudenmukai\u00adsuuteen k\u00e4rsii.<\/p>\n\n\n\n<p>Helpoin tapa, jolla erotuomari voi menett\u00e4\u00e4 uskottavuuttaan muiden silmiss\u00e4 on liiallinen tuttavallisuus kilpailijoi\u00adden kanssa. T\u00e4m\u00e4 ei kuitenkaan tarkoita sit\u00e4, ett\u00e4 erotuomarin pit\u00e4isi sulkea itsens\u00e4 koko tapahtuman tai lajiyhteis\u00f6n ulkopuolelle. Menestyksellinen toiminta ottelun johtajana edellytt\u00e4\u00e4 kommunikointia kilpailijoiden, valmentajien ja j\u00e4rjest\u00e4jien kanssa ennen ottelua, sen aikana ja sen j\u00e4lkeen.<\/p>\n\n\n\n<p><strong>RIIPPUMATTOMUUS<\/strong><\/p>\n\n\n\n<p>Erotuomarin on tietyill\u00e4 toimintansa osa-alueilla asetettava itsens\u00e4 ottelutapahtuman ulko- ja yl\u00e4puolelle. H\u00e4nell\u00e4 ei milloinkaan saa olla sellaisia sidonnaisuuksia lajiin, otteluun tai osanottajiin, jotka voivat vaikuttaa h\u00e4nen toimintaansa oikeudenmukaisena ja puolueettomana oikeudenjakajana. Ottelun tai kilpailun lopputuloksella ei saa olla erotuomarille mit\u00e4\u00e4n merkityst\u00e4.<\/p>\n\n\n\n<p>H\u00e4nen palkkionsa ei saa mill\u00e4\u00e4n tavalla riippua ottelun lopputuloksesta. Normaali, etuk\u00e4teen sovittu erotuomarikorvaus ei vaaranna erotuomarin riippumattomuutta tai puolueettomuutta, mutta senkin osalta suorituksen pit\u00e4isi tapahtua ero\u00adtuomarin pukuhuoneessa tai muussa ulkopuolisilta suljetussa paikassa. Aivan selv\u00e4\u00e4 on, ettei erotuomari voi ly\u00f6d\u00e4 vetoa ottelusta, johon h\u00e4n itse osallistuu.<\/p>\n\n\n\n<p>Itse asiassa olisi parempi, jos erotuomari pid\u00e4tt\u00e4ytyisi t\u00e4ysin oman lajinsa vedonly\u00f6nnist\u00e4, koska aina l\u00f6ytyy henkil\u00f6it\u00e4, jotka voivat ep\u00e4ill\u00e4 erotuomarilla olevan hallussaan muilta salattua sis\u00e4piiritietoa.<\/p>\n\n\n\n<p><strong>VASTUULLISUUS<\/strong><\/p>\n\n\n\n<p>Erotuomari ei ole v\u00e4ltt\u00e4m\u00e4t\u00f6n paha, vaan reilun pelin takuumies. H\u00e4nelt\u00e4 odotetaan paljon ja on lupa odottaakin, sill\u00e4 onhan erotuomari monesti otteluun osallistuvista ainoa, jolle siit\u00e4 maksetaan korvausta.<\/p>\n\n\n\n<p>Erotuomarin on tunnettava vastuunsa pelist\u00e4, sen kulusta ja pelaajien turvallisuudesta. Erotuomarin on my\u00f6s osattava ottaa huomioon olosuhteet ja pelaajien ik\u00e4 sek\u00e4 ottelun taso ja sen merkitys pelaajille. H\u00e4nen on muis\u00adtettava, ett\u00e4 ottelu on usein pelaajalle p\u00e4iv\u00e4n tai viikon kohokohta, johon erotuomarinkin on suhtauduttava kunnioituksella.<\/p>\n\n\n\n<p>Vastuullinen erotuomari asennoituu vakavasti koulutukseen ja pyrkii kehitt\u00e4m\u00e4\u00e4n itse\u00e4\u00e4n niin, ett\u00e4 h\u00e4nell\u00e4 on mahdollisuus hallita kaikki h\u00e4nelle annetut erotuomariteht\u00e4v\u00e4t. Vastuullisuus tarkoittaa my\u00f6s sit\u00e4, ett\u00e4 erotuo\u00admari valmistautuu otteluunsa huolellisesti ja saapuu ottelupaikalle riitt\u00e4v\u00e4n ajoissa.<\/p>\n\n\n\n<p>Erotuomarilla on paljon vastuuta ja lukuisia teht\u00e4vi\u00e4. Niist\u00e4 t\u00e4rkein on kilpailijoiden turvallisuudesta huolehtimi\u00adnen. Erotuomarin on tunnettava oman lajinsa s\u00e4\u00e4nn\u00f6t ja turvallisuutta koskevat m\u00e4\u00e4r\u00e4ykset ja noudatettava niit\u00e4 tinkim\u00e4tt\u00e4. H\u00e4nen on tunnettava pelis\u00e4\u00e4nn\u00f6t, ymm\u00e4rrett\u00e4v\u00e4 pelin henki ja osattava lukea peli\u00e4 niin, ettei pelaaji\u00aden turvallisuus vaarannu, ettei kukaan saa hy\u00f6ty\u00e4 s\u00e4\u00e4nt\u00f6jen rikkomisesta ja ett\u00e4 j\u00e4rjestys kent\u00e4ll\u00e4 s\u00e4ilyy.<\/p>\n\n\n\n<p>Vastuullinen erotuomari on lojaali omaa lajiaan ja kilpailun j\u00e4rjest\u00e4j\u00e4\u00e4 sek\u00e4 osanottajia ja muita erotuomareita kohtaan. H\u00e4n pit\u00e4\u00e4 kiinni tekemist\u00e4\u00e4n sopimuksista ja hoitaa luotettavasti h\u00e4nelle uskotut erotuomariteht\u00e4v\u00e4t.<\/p>\n\n\n\n<p><strong>AVOIMUUS<\/strong><strong><\/strong><\/p>\n\n\n\n<p>Erotuomarin on oltava avoin ja rakentava suhtautumisessaan pelaajiin, valmentajiin, katsojiin ja toisiin erotuo\u00admareihin. H\u00e4nen on tunnustettava rehellisesti omat virheens\u00e4 ja sallittava rakentavan kritiikin esitt\u00e4minen. Erotuomarin on my\u00f6s hyv\u00e4ksytt\u00e4v\u00e4 sellaiset kohtuulliset seuraamukset, joita erotuomaritoiminnasta vastaavat h\u00e4nelle virheiden johdosta m\u00e4\u00e4r\u00e4\u00e4v\u00e4t. Erotuomarikunta kokonaisuutena ei saa antaa itsest\u00e4\u00e4n ulkopuolisille sis\u00e4\u00e4np\u00e4in l\u00e4mpi\u00e4v\u00e4\u00e4 kuvaa.<\/p>\n\n\n\n<p>Erotuomarien luokittelut ja teht\u00e4viin m\u00e4\u00e4r\u00e4\u00e4miset on hoidettava avoimesti ja rehellisesti ja niin, ett\u00e4 niiden kriteerit ja perusteet ovat aina kaikkien arvioitavissa.<\/p>\n\n\n\n<p><strong>SUVAITSEVAISUUS<\/strong><strong><\/strong><\/p>\n\n\n\n<p>Urheilun on oltava avointa kaikille. Jokaiselle on i\u00e4st\u00e4, sukupuolesta, rodusta tai kansallisuudesta riippumatta annettava yht\u00e4l\u00e4iset osallistumismahdollisuudet. Suvaitsevaisuus on osa reilua peli\u00e4. Erotuomarin teht\u00e4v\u00e4n\u00e4 on taata reilun pelin toteutuminen. H\u00e4nen on v\u00e4litt\u00f6m\u00e4sti puututtava havaitsemaansa vastustajaa halventavaan tai rasistisena pidett\u00e4v\u00e4\u00e4n k\u00e4ytt\u00e4ytymiseen.<\/p>\n\n\n\n<p><strong>KASVUN TUKEMINEN<\/strong><strong><\/strong><\/p>\n\n\n\n<p>Urheilu on suurelta osin nuorisotoimintaa, jossa erotuomarilla on t\u00e4rke\u00e4 asema kasvattajana. H\u00e4nen on itse hallittava el\u00e4m\u00e4n ja yhteiskunnan \u201dpelis\u00e4\u00e4nn\u00f6t\u201d ja ohjattava kilpailijoita k\u00e4ytt\u00e4ytym\u00e4\u00e4n niiden mukaisesti. Erotuomarin teht\u00e4v\u00e4n\u00e4 on my\u00f6s edist\u00e4\u00e4 kilpailijoiden sosiaalista kanssak\u00e4ymist\u00e4. Junioriotteluja tuomitessaan erotuomarin on otettava huomioon Nuoren Suomen periaatteet ja tuettava niiden toteuttamista yhdess\u00e4 valmentajien, joukkueenjohtajien ja muiden toimijoiden kanssa.<\/p>\n\n\n\n<p><strong>SOSIAALINEN MEDIA<\/strong><strong><\/strong><\/p>\n\n\n\n<ol class=\"wp-block-list\">\n<li>SEL:n mielest\u00e4 SOME on hyv\u00e4 ymp\u00e4rist\u00f6<\/li>\n\n\n\n<li>Kommentoi vain omia ajatuksiasi<\/li>\n\n\n\n<li>Huomioi media ja sen suhde omaan lajiisi<\/li>\n\n\n\n<li>Tarkasta tekstisi sis\u00e4lt\u00f6 ja oikeinkirjoitus sek\u00e4 v\u00e4lt\u00e4 alatyylej\u00e4<\/li>\n\n\n\n<li>Huomio some-ymp\u00e4rist\u00f6n julkisuus ja rajattomuus<\/li>\n<\/ol>\n\n\n\n<p><strong>Yleiset periaatteet<\/strong><\/p>\n\n\n\n<ol class=\"wp-block-list\">\n<li><strong>Toisen ihmisen ja el\u00e4m\u00e4n kunnioitus<\/strong><br>Toista ihmist\u00e4 on kohdeltava niin kuin haluaa itse\u00e4\u00e4n kohdeltavan.<br>\u201cKaikki ihmisolennot syntyv\u00e4t vapaina ja tasavertaisina arvoltaan ja oikeuksiltaan. Heille on annettu j\u00e4rki ja omatunto, ja heid\u00e4n on toimittava toisiaan kohtaan veljeyden hengess\u00e4.\u201d (YK:n yleismaailmallinen ihmisoikeuksien julistus, 1. artikla)<br><\/li>\n\n\n\n<li><strong>Terveyden ja hyvinvoinnin edist\u00e4mine<\/strong>n<br>Liikunta ja urheilu edist\u00e4\u00e4 fyysist\u00e4, psyykkist\u00e4 ja sosiaalista hyvinvointia.<br><\/li>\n\n\n\n<li><strong>Vastuu kasvatuksesta<\/strong><br>Lapselle ja nuorelle liikunta ja urheilu on t\u00e4rke\u00e4 osa kasvua.<br><\/li>\n\n\n\n<li><strong>Avoimuus, demokratia, rehellisyys ja oikeudenmukaisuus<\/strong><br>Kaiken liikunnan ja urheilun l\u00e4ht\u00f6kohta on reilu peli.<br><\/li>\n\n\n\n<li><strong>Kaikkien tasavertainen oikeus liikuntaan ja urheiluun<\/strong><br>Liikunta ja urheilu edist\u00e4\u00e4 ja toteuttaa laaja-alaista tasa-arvoa.<br><\/li>\n\n\n\n<li><strong>Kest\u00e4v\u00e4 kehitys ja luonnon kunnioittaminen<\/strong><br>Liikunta ja urheilu edist\u00e4\u00e4 kest\u00e4v\u00e4\u00e4 kehityst\u00e4 sek\u00e4 toimii ymp\u00e4rist\u00f6kasvattajana ja ymp\u00e4rist\u00f6vastuullisen k\u00e4ytt\u00e4ytymisen lis\u00e4\u00e4j\u00e4n\u00e4.  <br><br><strong>T\u00e4ydent\u00e4v\u00e4t periaatteet<\/strong><br><\/li>\n\n\n\n<li><strong>Monikulttuurisuus ja suvaitsevaisuus<\/strong><br>Liikunta ja urheilu edist\u00e4\u00e4 suvaitsevaisuutta ja kulttuurien v\u00e4list\u00e4 ymm\u00e4rryst\u00e4 sek\u00e4 ehk\u00e4isee rasismia.<br><\/li>\n\n\n\n<li><strong>Dopingin vastaisuus<\/strong><br>Doping ei kuulu liikuntaan ja urheiluun.<br><\/li>\n\n\n\n<li><strong>P\u00e4ihteiden ja l\u00e4\u00e4kkeiden vastuuk\u00e4ytt\u00f6<\/strong><br>Liikuntaan ja urheiluun ei liitet\u00e4 tupakan, nuuskan, alkoholin, huumeiden ja muiden p\u00e4ihteiden k\u00e4ytt\u00f6\u00e4 tai l\u00e4\u00e4keaineiden v\u00e4\u00e4rink\u00e4ytt\u00f6\u00e4.<br><\/li>\n\n\n\n<li><strong>V\u00e4kivallattomuus<\/strong><br>Liikuntakulttuuri vastustaa v\u00e4kivaltaa. Tavoitteena on toiminta, jossa ei esiinny fyysist\u00e4 eik\u00e4 psyykkist\u00e4 v\u00e4kivaltaa.<br><\/li>\n\n\n\n<li><strong>Sukupuolisen h\u00e4irinn\u00e4n ehk\u00e4iseminen<\/strong><br>Liikuntaorganisaatioissa ei hyv\u00e4ksyt\u00e4 sukupuolista tai seksuaalista h\u00e4irint\u00e4\u00e4 tai hyv\u00e4ksik\u00e4ytt\u00f6\u00e4.<br><\/li>\n\n\n\n<li><strong>Yleis\u00f6n turvallisuus ja viihtyvyys<\/strong><br>Liikunta- ja urheilutapahtumissa yleis\u00f6, kannattajat, toimitsijat, yhteisty\u00f6kumppanit ja median edustajat viihtyv\u00e4t ja tuntevat olonsa turvalliseksi.<br><\/li>\n\n\n\n<li><strong>Vastuullinen taloudenpito<\/strong><br>Liikunnassa ja urheilussa toimitaan taloudellisesti kest\u00e4v\u00e4ll\u00e4 tavalla.<\/li>\n<\/ol>\n\n\n\n<p><br><\/p>\n\n\n\n<hr class=\"wp-block-separator has-alpha-channel-opacity\" \/>\n\n\n\n<p><br><\/p>\n","protected":false},"excerpt":{"rendered":"<p>Alkuaan Suomen Erotuomarienliitto (jossa mukana eri joukkuepalloilulajien tuomarit) on laatinut periaatteet, jotka p\u00e4ivitetty syyskuussa 2014. JOHDANTO Erotuomarilla on urheilutapahtumassa keskeinen ja t\u00e4rke\u00e4 rooli. H\u00e4n ei osallistu itse kilpailutapahtu\u00admaan, mutta h\u00e4n vaikuttaa olennaisella tavalla sen l\u00e4piviemiseen. Erotuomarin teht\u00e4v\u00e4n\u00e4 on huolehtia siit\u00e4, ett\u00e4 ottelu tai kilpailu sujuu s\u00e4\u00e4nt\u00f6jen ja urheilu hengen mukaisella tavalla. Erotuomari on reilun pelin [&hellip;]<\/p>\n","protected":false},"author":12,"featured_media":0,"parent":282,"menu_order":1,"comment_status":"closed","ping_status":"closed","template":"pages\/template-kilpailu.php","meta":{"_acf_changed":false,"inline_featured_image":false,"footnotes":""},"class_list":["post-1034","page","type-page","status-publish","hentry"],"acf":[],"_links":{"self":[{"href":"https:\/\/sivustot.lentopallo.fi\/lansi-suomi\/wp-json\/wp\/v2\/pages\/1034","targetHints":{"allow":["GET"]}}],"collection":[{"href":"https:\/\/sivustot.lentopallo.fi\/lansi-suomi\/wp-json\/wp\/v2\/pages"}],"about":[{"href":"https:\/\/sivustot.lentopallo.fi\/lansi-suomi\/wp-json\/wp\/v2\/types\/page"}],"author":[{"embeddable":true,"href":"https:\/\/sivustot.lentopallo.fi\/lansi-suomi\/wp-json\/wp\/v2\/users\/12"}],"replies":[{"embeddable":true,"href":"https:\/\/sivustot.lentopallo.fi\/lansi-suomi\/wp-json\/wp\/v2\/comments?post=1034"}],"version-history":[{"count":9,"href":"https:\/\/sivustot.lentopallo.fi\/lansi-suomi\/wp-json\/wp\/v2\/pages\/1034\/revisions"}],"predecessor-version":[{"id":1676,"href":"https:\/\/sivustot.lentopallo.fi\/lansi-suomi\/wp-json\/wp\/v2\/pages\/1034\/revisions\/1676"}],"up":[{"embeddable":true,"href":"https:\/\/sivustot.lentopallo.fi\/lansi-suomi\/wp-json\/wp\/v2\/pages\/282"}],"wp:attachment":[{"href":"https:\/\/sivustot.lentopallo.fi\/lansi-suomi\/wp-json\/wp\/v2\/media?parent=1034"}],"curies":[{"name":"wp","href":"https:\/\/api.w.org\/{rel}","templated":true}]}}