{"id":1336,"date":"2024-01-30T00:24:17","date_gmt":"2024-01-29T22:24:17","guid":{"rendered":"https:\/\/sivustot.lentopallo.fi\/lansi-suomi\/?page_id=1336"},"modified":"2025-07-04T13:42:49","modified_gmt":"2025-07-04T10:42:49","slug":"b-c-nuoret","status":"publish","type":"page","link":"https:\/\/sivustot.lentopallo.fi\/lansi-suomi\/b-c-nuoret\/","title":{"rendered":"A-C nuoret"},"content":{"rendered":"\n<p>L\u00e4ht\u00f6kohtaisesti aluemestaruusturnaukseen osallistuvat kaikki eri A-C nuorten sarjoissa pelaavat joukkueet.<\/p>\n\n\n\n<p><\/p>\n\n\n\n<figure class=\"wp-block-table is-style-stripes\"><table><tbody><tr><td class=\"has-text-align-left\" data-align=\"left\"><strong>Sarja <\/strong><\/td><td class=\"has-text-align-left\" data-align=\"left\"><strong>Ajankohta<\/strong><\/td><td class=\"has-text-align-left\" data-align=\"left\"><strong>Pelipaikka<\/strong><\/td><\/tr><tr><td class=\"has-text-align-left\" data-align=\"left\">C-tyt\u00f6t<\/td><td class=\"has-text-align-left\" data-align=\"left\">17.2.2024<\/td><td class=\"has-text-align-left\" data-align=\"left\">Kauhajoki<\/td><\/tr><tr><td class=\"has-text-align-left\" data-align=\"left\">C-pojat<\/td><td class=\"has-text-align-left\" data-align=\"left\">17.2.2024<\/td><td class=\"has-text-align-left\" data-align=\"left\">Kristiinankaupunki<\/td><\/tr><tr><td class=\"has-text-align-left\" data-align=\"left\">B-tyt\u00f6t<\/td><td class=\"has-text-align-left\" data-align=\"left\">9.3.2024<\/td><td class=\"has-text-align-left\" data-align=\"left\">\u00c4laj\u00e4rvi<\/td><\/tr><tr><td class=\"has-text-align-left\" data-align=\"left\">B-pojat<\/td><td class=\"has-text-align-left\" data-align=\"left\">9.3.2024<\/td><td class=\"has-text-align-left\" data-align=\"left\">\u00c4ht\u00e4ri<\/td><\/tr><\/tbody><\/table><\/figure>\n","protected":false},"excerpt":{"rendered":"<p>L\u00e4ht\u00f6kohtaisesti aluemestaruusturnaukseen osallistuvat kaikki eri A-C nuorten sarjoissa pelaavat joukkueet. Sarja Ajankohta Pelipaikka C-tyt\u00f6t 17.2.2024 Kauhajoki C-pojat 17.2.2024 Kristiinankaupunki B-tyt\u00f6t 9.3.2024 \u00c4laj\u00e4rvi B-pojat 9.3.2024 \u00c4ht\u00e4ri<\/p>\n","protected":false},"author":12,"featured_media":0,"parent":0,"menu_order":0,"comment_status":"closed","ping_status":"closed","template":"","meta":{"_acf_changed":false,"inline_featured_image":false,"footnotes":""},"class_list":["post-1336","page","type-page","status-publish","hentry"],"acf":[],"_links":{"self":[{"href":"https:\/\/sivustot.lentopallo.fi\/lansi-suomi\/wp-json\/wp\/v2\/pages\/1336","targetHints":{"allow":["GET"]}}],"collection":[{"href":"https:\/\/sivustot.lentopallo.fi\/lansi-suomi\/wp-json\/wp\/v2\/pages"}],"about":[{"href":"https:\/\/sivustot.lentopallo.fi\/lansi-suomi\/wp-json\/wp\/v2\/types\/page"}],"author":[{"embeddable":true,"href":"https:\/\/sivustot.lentopallo.fi\/lansi-suomi\/wp-json\/wp\/v2\/users\/12"}],"replies":[{"embeddable":true,"href":"https:\/\/sivustot.lentopallo.fi\/lansi-suomi\/wp-json\/wp\/v2\/comments?post=1336"}],"version-history":[{"count":8,"href":"https:\/\/sivustot.lentopallo.fi\/lansi-suomi\/wp-json\/wp\/v2\/pages\/1336\/revisions"}],"predecessor-version":[{"id":1377,"href":"https:\/\/sivustot.lentopallo.fi\/lansi-suomi\/wp-json\/wp\/v2\/pages\/1336\/revisions\/1377"}],"wp:attachment":[{"href":"https:\/\/sivustot.lentopallo.fi\/lansi-suomi\/wp-json\/wp\/v2\/media?parent=1336"}],"curies":[{"name":"wp","href":"https:\/\/api.w.org\/{rel}","templated":true}]}}