{"id":1348,"date":"2024-01-30T01:05:30","date_gmt":"2024-01-29T23:05:30","guid":{"rendered":"https:\/\/sivustot.lentopallo.fi\/lansi-suomi\/?page_id=1348"},"modified":"2025-05-26T15:01:55","modified_gmt":"2025-05-26T12:01:55","slug":"urheilugaala","status":"publish","type":"page","link":"https:\/\/sivustot.lentopallo.fi\/lansi-suomi\/keski-suomi\/urheilugaala\/","title":{"rendered":"K-S Urheilugaala 2024"},"content":{"rendered":"\n<figure class=\"wp-block-image size-large is-style-default\"><img loading=\"lazy\" decoding=\"async\" width=\"768\" height=\"1024\" src=\"https:\/\/sivustot.lentopallo.fi\/lansi-suomi\/files\/2024\/02\/KS_Gaala_Matias_2024_01_26_01-768x1024.jpg\" alt=\"\" class=\"wp-image-1724\" style=\"object-fit:cover\" srcset=\"https:\/\/sivustot.lentopallo.fi\/lansi-suomi\/files\/2024\/02\/KS_Gaala_Matias_2024_01_26_01-768x1024.jpg 768w, https:\/\/sivustot.lentopallo.fi\/lansi-suomi\/files\/2024\/02\/KS_Gaala_Matias_2024_01_26_01-225x300.jpg 225w, https:\/\/sivustot.lentopallo.fi\/lansi-suomi\/files\/2024\/02\/KS_Gaala_Matias_2024_01_26_01-1152x1536.jpg 1152w, https:\/\/sivustot.lentopallo.fi\/lansi-suomi\/files\/2024\/02\/KS_Gaala_Matias_2024_01_26_01-1126x1501.jpg 1126w, https:\/\/sivustot.lentopallo.fi\/lansi-suomi\/files\/2024\/02\/KS_Gaala_Matias_2024_01_26_01-1060x1413.jpg 1060w, https:\/\/sivustot.lentopallo.fi\/lansi-suomi\/files\/2024\/02\/KS_Gaala_Matias_2024_01_26_01-1039x1385.jpg 1039w, https:\/\/sivustot.lentopallo.fi\/lansi-suomi\/files\/2024\/02\/KS_Gaala_Matias_2024_01_26_01-300x400.jpg 300w, https:\/\/sivustot.lentopallo.fi\/lansi-suomi\/files\/2024\/02\/KS_Gaala_Matias_2024_01_26_01-55x73.jpg 55w, https:\/\/sivustot.lentopallo.fi\/lansi-suomi\/files\/2024\/02\/KS_Gaala_Matias_2024_01_26_01.jpg 1536w\" sizes=\"auto, (max-width: 768px) 100vw, 768px\" \/><\/figure>\n\n\n\n<p>Keski-Suomen perinteinen Urheilugaala juhlittiin 26.1.2024, Scandic Laajavuoressa.<\/p>\n\n\n\n<p>Keski-Suomen maakuntajaosto palkitsi Gaalassa lentopallon v. 2023 Urheiluteko-palkinnolla<\/p>\n\n\n\n<p><em>PetPetin ja Kuohun kaksoset eli Sanni ja Matias Siika-ahon<\/em><\/p>\n\n\n\n<p><em>Molempien lentopalloura alkoi syksyll\u00e4 2014 Pet\u00e4j\u00e4veden Pet\u00e4j\u00e4isiss\u00e4, josta he siirtyiv\u00e4t Jyv\u00e4sLentikseen kaudella 2018-19. Nuorista n\u00e4kyy, ett\u00e4 salilla on oltu ja viihdytty, harjoiteltu on vakavasti mutta ei vakavana, vaan hymyss\u00e4 suin. Molemmat tunnetusti todellisia joukkuepelaajia ja he ovat valtakunnan eliitti\u00e4 ik\u00e4luokassaan.<\/em><\/p>\n\n\n\n<p><em><strong>Sanni<br><\/strong>Pelasi viel\u00e4 ensimm\u00e4isen vuoden C-ik\u00e4isen\u00e4 poikien joukkueessa, josta saanut tarvittavaa kovuutta ja suoraviivaisuutta my\u00f6hemmille pelivuosille.<br>Alue SM-kisoista Sannilla on yksi SM-kulta L\u00e4nnen joukkueessa.<br>SM-kultaa Nurmon Jymyss\u00e4 C- ja B-tyt\u00f6iss\u00e4 ja maaotteluedustuksia noin 20.<br>H\u00e4n oli U17 EM-kisajoukkueessa kes\u00e4ll\u00e4 2022 Tsekiss\u00e4.<br><br>2023 syksyn U18 EM-karsinnoissa Sanni oli mukana hankkimassa Suomelle kisapaikan tulevan 2024 kes\u00e4n EM-kisoihin t\u00e4rke\u00e4n\u00e4 kuusikon passarina.<br>Beach Volleyssa Sannilla on juniorisarjoista kaksi SM-pronssia.<\/em><\/p>\n\n\n\n<p><em><strong>Matias<\/strong><br>Alue SM-kisoista Matiaksella on kaksi SM-kultaa L\u00e4nnen joukkueessa.<br>SM-hopeaa Jyv\u00e4sLentiksess\u00e4 C-pojissa ja maaotteluedustuksia noin 20.<br>H\u00e4n oli U17 EM-kisajoukkueessa kes\u00e4ll\u00e4 2023 Montenegrossa.<br><br>2023 syksyn U18 EM-karsinnoissa Matias oli mukana hankkimassa Suomelle kisapaikan tulevan 2024 kes\u00e4n EM-kisoihin t\u00e4rke\u00e4n\u00e4 kuusikon yleispelaajana.<br>Beach Volleyssa Matiaksella on juniorisarjoista SM-kulta sek\u00e4 kaksi&nbsp;SM-hopeaa.<\/em><\/p>\n\n\n\n<p><em>Uskomme, ett\u00e4 voimme nauttia heid\u00e4n menestyksest\u00e4\u00e4n tulevaisuudessakin.<br><br>Kaksoset k\u00e4yv\u00e4t nyt koulua ja harjoittelevat Lentopalloliiton Kuortaneen valmennuskeskuksessa.<br>Mutta heid\u00e4n kotinsa ja syd\u00e4mens\u00e4 on edelleen Keski-Suomessa ja Kuohulla<\/em>.<\/p>\n\n\n\n<p><\/p>\n\n\n\n<p><br>\u00c4iti-Anu ja is\u00e4-Pena edustivat Sannia tilaisuudessa.<\/p>\n\n\n\n<p><strong><em>Onnea Sannille, Matiakselle ja koko perheelle <\/em><\/strong><br><\/p>\n\n\n\n<p><br>Vuoden keskisuomalaiseksi urheilijaksi valittiin &#8230;, yll\u00e4tys yll\u00e4tys &#8230; Lauri Markkanen.<br><br><\/p>\n\n\n\n<div class=\"wp-block-buttons is-layout-flex wp-block-buttons-is-layout-flex\">\n<div class=\"wp-block-button has-custom-width wp-block-button__width-75\"><a class=\"wp-block-button__link has-black-color has-vivid-red-background-color has-text-color has-background has-link-color wp-element-button\" href=\"https:\/\/sivustot.lentopallo.fi\/lansi-suomi\/files\/2024\/02\/KS_Gaala_Matias_2024_01_26.mp4\" target=\"_blank\" rel=\"noreferrer noopener\"><em><strong>Video, lentis-palkinnon luovutus<\/strong><\/em><\/a><\/div>\n\n\n\n<div class=\"wp-block-button has-custom-width wp-block-button__width-75\"><a class=\"wp-block-button__link has-black-color has-vivid-red-background-color has-text-color has-background has-link-color wp-element-button\" href=\"https:\/\/kihu.kuvat.fi\/i\/XRmcM7ap5seCz36THW8YUnABrbZjDufx\" target=\"_blank\" rel=\"noreferrer noopener\"><strong><em>Kuvia Urheilugaalasta 2024<\/em><\/strong><\/a><\/div>\n\n\n\n<div class=\"wp-block-button has-custom-width wp-block-button__width-75\"><a class=\"wp-block-button__link has-black-color has-vivid-red-background-color has-text-color has-background has-link-color wp-element-button\" href=\"https:\/\/www.kesli.fi\/urheilugaala\/\" target=\"_blank\" rel=\"noreferrer noopener\"><strong><em>Lue lis\u00e4\u00e4 K-S:n Urheilugaalasta<\/em><\/strong><\/a><\/div>\n<\/div>\n\n\n\n<p><br><\/p>\n","protected":false},"excerpt":{"rendered":"<p>Keski-Suomen perinteinen Urheilugaala juhlittiin 26.1.2024, Scandic Laajavuoressa. Keski-Suomen maakuntajaosto palkitsi Gaalassa lentopallon v. 2023 Urheiluteko-palkinnolla PetPetin ja Kuohun kaksoset eli Sanni ja Matias Siika-ahon Molempien lentopalloura alkoi syksyll\u00e4 2014 Pet\u00e4j\u00e4veden Pet\u00e4j\u00e4isiss\u00e4, josta he siirtyiv\u00e4t Jyv\u00e4sLentikseen kaudella 2018-19. Nuorista n\u00e4kyy, ett\u00e4 salilla on oltu ja viihdytty, harjoiteltu on vakavasti mutta ei vakavana, vaan hymyss\u00e4 suin. Molemmat [&hellip;]<\/p>\n","protected":false},"author":12,"featured_media":0,"parent":898,"menu_order":6,"comment_status":"closed","ping_status":"closed","template":"","meta":{"_acf_changed":false,"inline_featured_image":false,"footnotes":""},"class_list":["post-1348","page","type-page","status-publish","hentry"],"acf":[],"_links":{"self":[{"href":"https:\/\/sivustot.lentopallo.fi\/lansi-suomi\/wp-json\/wp\/v2\/pages\/1348","targetHints":{"allow":["GET"]}}],"collection":[{"href":"https:\/\/sivustot.lentopallo.fi\/lansi-suomi\/wp-json\/wp\/v2\/pages"}],"about":[{"href":"https:\/\/sivustot.lentopallo.fi\/lansi-suomi\/wp-json\/wp\/v2\/types\/page"}],"author":[{"embeddable":true,"href":"https:\/\/sivustot.lentopallo.fi\/lansi-suomi\/wp-json\/wp\/v2\/users\/12"}],"replies":[{"embeddable":true,"href":"https:\/\/sivustot.lentopallo.fi\/lansi-suomi\/wp-json\/wp\/v2\/comments?post=1348"}],"version-history":[{"count":20,"href":"https:\/\/sivustot.lentopallo.fi\/lansi-suomi\/wp-json\/wp\/v2\/pages\/1348\/revisions"}],"predecessor-version":[{"id":2750,"href":"https:\/\/sivustot.lentopallo.fi\/lansi-suomi\/wp-json\/wp\/v2\/pages\/1348\/revisions\/2750"}],"up":[{"embeddable":true,"href":"https:\/\/sivustot.lentopallo.fi\/lansi-suomi\/wp-json\/wp\/v2\/pages\/898"}],"wp:attachment":[{"href":"https:\/\/sivustot.lentopallo.fi\/lansi-suomi\/wp-json\/wp\/v2\/media?parent=1348"}],"curies":[{"name":"wp","href":"https:\/\/api.w.org\/{rel}","templated":true}]}}