{"id":1592,"date":"2024-02-20T14:21:29","date_gmt":"2024-02-20T12:21:29","guid":{"rendered":"https:\/\/sivustot.lentopallo.fi\/lansi-suomi\/?page_id=1592"},"modified":"2026-02-18T01:31:30","modified_gmt":"2026-02-17T23:31:30","slug":"aluejosto","status":"publish","type":"page","link":"https:\/\/sivustot.lentopallo.fi\/lansi-suomi\/aluejosto\/","title":{"rendered":"Yhteystiedot 2026"},"content":{"rendered":"\n<p><br><\/p>\n\n\n<div class=\"wp-block-image\">\n<figure class=\"aligncenter size-full is-resized\"><img loading=\"lazy\" decoding=\"async\" width=\"246\" height=\"241\" src=\"https:\/\/sivustot.lentopallo.fi\/lansi-suomi\/files\/2024\/02\/Logo_Kokous.png\" alt=\"\" class=\"wp-image-1743\" style=\"width:350px\" srcset=\"https:\/\/sivustot.lentopallo.fi\/lansi-suomi\/files\/2024\/02\/Logo_Kokous.png 246w, https:\/\/sivustot.lentopallo.fi\/lansi-suomi\/files\/2024\/02\/Logo_Kokous-55x54.png 55w\" sizes=\"auto, (max-width: 246px) 100vw, 246px\" \/><\/figure>\n<\/div>\n\n\n<p><br><\/p>\n\n\n\n<h2 class=\"wp-block-heading has-text-align-center\"><strong>L\u00e4nsi-Suomen alueeseen kuuluvat Etel\u00e4-Pohjanmaan, Keski-Pohjanmaan ja Keski-Suomen maakunnat.<\/strong><br><strong>Ole rohkeasti yhteydess\u00e4 jaostoon.<\/strong><br><strong><br><em>&#8221;Ollaan yhdess\u00e4 L\u00e4nsi&#8221;<\/em><\/strong><\/h2>\n\n\n\n<p class=\"has-text-align-center\"><br><\/p>\n\n\n\n<p><br><\/p>\n\n\n\n<section id=\"block_dc3c68608d4d99365d53b077def40fbb\" class=\"contact-box\">\n\t\n\n\n\t<div class=\"contact-box-holder related-tm-info\">\n\t\t\t\t\t\t\t\n\t\t\t\t\t<div class=\"col-content\">\n\t\t\t\t\n\t\t\t\t\t\t\t\t\t<h2 class=\"persona-title\">L\u00e4nnen Lentopallo<\/h2>\n\t\t\t\t\n\t\t\t\t\n\t\t\t\t\t\t\t\t\t<div class=\"holder-personal-info\">\n\t\t\t\t\t\t<div class=\"persona-contact\">\n\t\t\t\t\t\t\t\n\t\t\t\t\t\t\t\t\t\t\t\t\t\t\t<div class=\"persona-email\">\n\t\t\t\t\t\t\t\t\t<a href=\"mailto:l&#101;&#110;&#116;opall&#111;&#46;&#108;ans&#105;&#40;at&#41;&#108;en&#116;&#111;&#112;a&#108;&#108;oli&#105;tt&#111;&#46;&#102;i\">l&#101;&#110;&#116;op&#97;l&#108;&#111;&#46;&#108;&#97;n&#115;&#105;(&#97;t&#41;l&#101;n&#116;opallo&#108;ii&#116;t&#111;&#46;&#102;i<\/a>\n\t\t\t\t\t\t\t\t<\/div>\n\t\t\t\t\t\t\t\t\t\t\t\t\t<\/div>\n\t\t\t\t\t\t<div class=\"persona-contact-link\">\n\t\t\t\t\t\t\t\t\t\t\t\t\t\t\t<a class=\"btn btn-contact btn btn-read-more\" href=\"mailto:le&#110;&#116;op&#97;llo&#46;&#108;ansi&#40;a&#116;&#41;len&#116;&#111;pa&#108;lo&#108;i&#105;tt&#111;.&#102;i\">Ota yhteytt\u00e4<\/a>\n\t\t\t\t\t\t\t\t\t\t\t\t\t<\/div>\n\t\t\t\t\t<\/div>\n\t\t\t\t\t\t\t<\/div>\n\t\t\t<\/div>\n\n\n\n\n\n<\/section>\n\n\n\n<section id=\"block_4a1c60bf75126fa7dd9929a9c0591c9a\" class=\"contact-box\">\n\t\n\n\n\t<div class=\"contact-box-holder related-tm-info\">\n\t\t\t\t\t\t\t\n\t\t\t\t\t<div class=\"col-content\">\n\t\t\t\t\t\t\t\t\t<h3 class=\"contact-box-title\">2026 &#8211; 2027 (K-S)<\/h3>\n\t\t\t\t\n\t\t\t\t\t\t\t\t\t<h2 class=\"persona-title\">Susanna Kirvesm\u00e4ki<\/h2>\n\t\t\t\t\n\t\t\t\t\t\t\t\t\t<div class=\"persona-role\">L\u00e4nnen puheenjohtaja, kilpailuvastaava<\/div>\n\t\t\t\t\n\t\t\t\t\t\t\t\t\t<div class=\"holder-personal-info\">\n\t\t\t\t\t\t<div class=\"persona-contact\">\n\t\t\t\t\t\t\t\t\t\t\t\t\t\t\t<div class=\"persona-phone\">\n\t\t\t\t\t\t\t\t\t<a href=\"tel:0407603569\">040 760 3569<\/a>\n\t\t\t\t\t\t\t\t<\/div>\n\t\t\t\t\t\t\t\n\t\t\t\t\t\t\t\t\t\t\t\t\t\t\t<div class=\"persona-email\">\n\t\t\t\t\t\t\t\t\t<a href=\"mailto:&#115;&#117;san&#110;&#97;.k&#105;&#114;&#118;&#101;&#115;m&#97;ki(&#97;t&#41;le&#110;&#116;&#111;&#112;a&#108;&#108;&#111;l&#105;itto.&#102;&#105;\">&#115;&#117;sa&#110;&#110;&#97;.&#107;&#105;rvesmaki&#40;&#97;t)&#108;e&#110;t&#111;p&#97;l&#108;&#111;l&#105;&#105;tt&#111;&#46;fi<\/a>\n\t\t\t\t\t\t\t\t<\/div>\n\t\t\t\t\t\t\t\t\t\t\t\t\t<\/div>\n\t\t\t\t\t\t<div class=\"persona-contact-link\">\n\t\t\t\t\t\t\t\t\t\t\t\t\t\t\t<a class=\"btn btn-contact btn btn-read-more\" href=\"mailto:&#115;&#117;sanna.ki&#114;v&#101;sm&#97;&#107;&#105;(at)&#108;e&#110;&#116;&#111;pa&#108;l&#111;&#108;&#105;&#105;&#116;to&#46;f&#105;\">Ota yhteytt\u00e4<\/a>\n\t\t\t\t\t\t\t\t\t\t\t\t\t<\/div>\n\t\t\t\t\t<\/div>\n\t\t\t\t\t\t\t<\/div>\n\t\t\t<\/div>\n\n\n\n\n\n<\/section>\n\n\n\n<section id=\"block_38936166a512d49ecd38ee184c3e0328\" class=\"contact-box\">\n\t\n\n\n\t<div class=\"contact-box-holder related-tm-info\">\n\t\t\t\t\t\t\t\n\t\t\t\t\t<div class=\"col-content\">\n\t\t\t\t\t\t\t\t\t<h3 class=\"contact-box-title\">2025 &#8211; 2026 (E-P)<\/h3>\n\t\t\t\t\n\t\t\t\t\t\t\t\t\t<h2 class=\"persona-title\">Jouni V\u00e4limaa<\/h2>\n\t\t\t\t\n\t\t\t\t\t\t\t\t\t<div class=\"persona-role\">Varapuheenjohtaja<\/div>\n\t\t\t\t\n\t\t\t\t\t\t\t\t\t<div class=\"holder-personal-info\">\n\t\t\t\t\t\t<div class=\"persona-contact\">\n\t\t\t\t\t\t\t\t\t\t\t\t\t\t\t<div class=\"persona-phone\">\n\t\t\t\t\t\t\t\t\t<a href=\"tel:0408217397\">040 821 7397<\/a>\n\t\t\t\t\t\t\t\t<\/div>\n\t\t\t\t\t\t\t\n\t\t\t\t\t\t\t\t\t\t\t\t\t\t\t<div class=\"persona-email\">\n\t\t\t\t\t\t\t\t\t<a href=\"mailto:&#106;&#111;u&#110;&#105;&#118;&#97;&#108;&#105;ma&#97;&#40;at&#41;h&#111;tma&#105;l&#46;&#99;om\">jo&#117;&#110;&#105;vali&#109;&#97;&#97;&#40;&#97;&#116;)&#104;&#111;t&#109;&#97;&#105;l.com<\/a>\n\t\t\t\t\t\t\t\t<\/div>\n\t\t\t\t\t\t\t\t\t\t\t\t\t<\/div>\n\t\t\t\t\t\t<div class=\"persona-contact-link\">\n\t\t\t\t\t\t\t\t\t\t\t\t\t\t\t<a class=\"btn btn-contact btn btn-read-more\" href=\"mailto:j&#111;un&#105;&#118;&#97;&#108;ima&#97;(a&#116;)h&#111;&#116;&#109;ail.c&#111;&#109;\">Ota yhteytt\u00e4<\/a>\n\t\t\t\t\t\t\t\t\t\t\t\t\t<\/div>\n\t\t\t\t\t<\/div>\n\t\t\t\t\t\t\t<\/div>\n\t\t\t<\/div>\n\n\n\n\n\n<\/section>\n\n\n\n<section id=\"block_4d546b95cd1160d5f8f6ae580d682b69\" class=\"contact-box\">\n\t\n\n\n\t<div class=\"contact-box-holder related-tm-info\">\n\t\t\t\t\t\t\t\n\t\t\t\t\t<div class=\"col-content\">\n\t\t\t\t\t\t\t\t\t<h3 class=\"contact-box-title\">2026 &#8211; 2027 (K-P)<\/h3>\n\t\t\t\t\n\t\t\t\t\t\t\t\t\t<h2 class=\"persona-title\">Sanna Sipi<\/h2>\n\t\t\t\t\n\t\t\t\t\t\t\t\t\t<div class=\"persona-role\">Sihteeri, taloudenhoitaja<\/div>\n\t\t\t\t\n\t\t\t\t\t\t\t\t\t<div class=\"holder-personal-info\">\n\t\t\t\t\t\t<div class=\"persona-contact\">\n\t\t\t\t\t\t\t\t\t\t\t\t\t\t\t<div class=\"persona-phone\">\n\t\t\t\t\t\t\t\t\t<a href=\"tel:0503083965\">050 308 3965<\/a>\n\t\t\t\t\t\t\t\t<\/div>\n\t\t\t\t\t\t\t\n\t\t\t\t\t\t\t\t\t\t\t\t\t\t\t<div class=\"persona-email\">\n\t\t\t\t\t\t\t\t\t<a href=\"mailto:sanna.h&#111;&#103;ba&#99;&#107;&#97;&#40;at)&#104;&#111;&#116;ma&#105;l&#46;c&#111;&#109;\">&#115;&#97;nna&#46;&#104;og&#98;&#97;ck&#97;&#40;&#97;t)hot&#109;a&#105;l&#46;com<\/a>\n\t\t\t\t\t\t\t\t<\/div>\n\t\t\t\t\t\t\t\t\t\t\t\t\t<\/div>\n\t\t\t\t\t\t<div class=\"persona-contact-link\">\n\t\t\t\t\t\t\t\t\t\t\t\t\t\t\t<a class=\"btn btn-contact btn btn-read-more\" href=\"mailto:&#115;an&#110;a&#46;h&#111;gba&#99;k&#97;&#40;&#97;t&#41;ho&#116;m&#97;&#105;&#108;&#46;&#99;om\">Ota yhteytt\u00e4<\/a>\n\t\t\t\t\t\t\t\t\t\t\t\t\t<\/div>\n\t\t\t\t\t<\/div>\n\t\t\t\t\t\t\t<\/div>\n\t\t\t<\/div>\n\n\n\n\n\n<\/section>\n\n\n\n<section id=\"block_1d17a9bec9af318ccb82603829b39702\" class=\"contact-box\">\n\t\n\n\n\t<div class=\"contact-box-holder related-tm-info\">\n\t\t\t\t\t\t\t\n\t\t\t\t\t<div class=\"col-content\">\n\t\t\t\t\t\t\t\t\t<h3 class=\"contact-box-title\">2025 &#8211; 2026 (E-P)<\/h3>\n\t\t\t\t\n\t\t\t\t\t\t\t\t\t<h2 class=\"persona-title\">Jarkko Hautala<\/h2>\n\t\t\t\t\n\t\t\t\t\t\t\t\t\t<div class=\"persona-role\">Beach-kehitt\u00e4j\u00e4<\/div>\n\t\t\t\t\n\t\t\t\t\t\t\t\t\t<div class=\"holder-personal-info\">\n\t\t\t\t\t\t<div class=\"persona-contact\">\n\t\t\t\t\t\t\t\t\t\t\t\t\t\t\t<div class=\"persona-phone\">\n\t\t\t\t\t\t\t\t\t<a href=\"tel:0407458445\">040 745 8445<\/a>\n\t\t\t\t\t\t\t\t<\/div>\n\t\t\t\t\t\t\t\n\t\t\t\t\t\t\t\t\t\t\t\t\t\t\t<div class=\"persona-email\">\n\t\t\t\t\t\t\t\t\t<a href=\"mailto:ja&#114;kko.&#104;&#97;&#117;ta&#108;&#97;(at&#41;&#112;p&#52;&#46;inet&#46;&#102;&#105;\">j&#97;r&#107;ko.h&#97;&#117;&#116;&#97;&#108;&#97;(&#97;t&#41;&#112;p4.&#105;ne&#116;.f&#105;<\/a>\n\t\t\t\t\t\t\t\t<\/div>\n\t\t\t\t\t\t\t\t\t\t\t\t\t<\/div>\n\t\t\t\t\t\t<div class=\"persona-contact-link\">\n\t\t\t\t\t\t\t\t\t\t\t\t\t\t\t<a class=\"btn btn-contact btn btn-read-more\" href=\"mailto:&#106;arkk&#111;&#46;hau&#116;&#97;&#108;&#97;(&#97;t&#41;&#112;&#112;&#52;.&#105;n&#101;&#116;&#46;&#102;i\">Ota yhteytt\u00e4<\/a>\n\t\t\t\t\t\t\t\t\t\t\t\t\t<\/div>\n\t\t\t\t\t<\/div>\n\t\t\t\t\t\t\t<\/div>\n\t\t\t<\/div>\n\n\n\n\n\n<\/section>\n\n\n\n<section id=\"block_ea3dab79e5d34e9f66cfd6c3276b9216\" class=\"contact-box\">\n\t\n\n\n\t<div class=\"contact-box-holder related-tm-info\">\n\t\t\t\t\t\t\t\n\t\t\t\t\t<div class=\"col-content\">\n\t\t\t\t\t\t\t\t\t<h3 class=\"contact-box-title\">2026 &#8211; 2027 (K-P)<\/h3>\n\t\t\t\t\n\t\t\t\t\t\t\t\t\t<h2 class=\"persona-title\">Seija Malkam\u00e4ki<\/h2>\n\t\t\t\t\n\t\t\t\t\t\t\t\t\t<div class=\"persona-role\">Beach-kehitt\u00e4j\u00e4<\/div>\n\t\t\t\t\n\t\t\t\t\t\t\t\t\t<div class=\"holder-personal-info\">\n\t\t\t\t\t\t<div class=\"persona-contact\">\n\t\t\t\t\t\t\t\t\t\t\t\t\t\t\t<div class=\"persona-phone\">\n\t\t\t\t\t\t\t\t\t<a href=\"tel:0405725030\">040 572 5030<\/a>\n\t\t\t\t\t\t\t\t<\/div>\n\t\t\t\t\t\t\t\n\t\t\t\t\t\t\t\t\t\t\t\t\t\t\t<div class=\"persona-email\">\n\t\t\t\t\t\t\t\t\t<a href=\"mailto:&#109;&#97;&#108;kam&#97;&#107;&#105;s&#101;i&#106;&#97;&#50;1&#40;&#97;t)&#103;m&#97;il&#46;&#99;&#111;&#109;\">&#109;&#97;l&#107;&#97;&#109;a&#107;&#105;s&#101;&#105;ja&#50;1&#40;&#97;t&#41;gma&#105;l.&#99;om<\/a>\n\t\t\t\t\t\t\t\t<\/div>\n\t\t\t\t\t\t\t\t\t\t\t\t\t<\/div>\n\t\t\t\t\t\t<div class=\"persona-contact-link\">\n\t\t\t\t\t\t\t\t\t\t\t\t\t\t\t<a class=\"btn btn-contact btn btn-read-more\" href=\"mailto:&#109;&#97;&#108;&#107;am&#97;ki&#115;e&#105;&#106;&#97;2&#49;&#40;at)g&#109;a&#105;&#108;&#46;c&#111;&#109;\">Ota yhteytt\u00e4<\/a>\n\t\t\t\t\t\t\t\t\t\t\t\t\t<\/div>\n\t\t\t\t\t<\/div>\n\t\t\t\t\t\t\t<\/div>\n\t\t\t<\/div>\n\n\n\n\n\n<\/section>\n\n\n\n<section id=\"block_58cad9e71ad043ddb63876be3deb5735\" class=\"contact-box\">\n\t\n\n\n\t<div class=\"contact-box-holder related-tm-info\">\n\t\t\t\t\t\t\t\n\t\t\t\t\t<div class=\"col-content\">\n\t\t\t\t\t\t\t\t\t<h3 class=\"contact-box-title\">2026 &#8211; 2027 (E-P)<\/h3>\n\t\t\t\t\n\t\t\t\t\t\t\t\t\t<h2 class=\"persona-title\">Mari M\u00e4ki-Knuuttila<\/h2>\n\t\t\t\t\n\t\t\t\t\t\t\t\t\t<div class=\"persona-role\">Nuorisovastaava<\/div>\n\t\t\t\t\n\t\t\t\t\t\t\t\t\t<div class=\"holder-personal-info\">\n\t\t\t\t\t\t<div class=\"persona-contact\">\n\t\t\t\t\t\t\t\t\t\t\t\t\t\t\t<div class=\"persona-phone\">\n\t\t\t\t\t\t\t\t\t<a href=\"tel:0400478526\">040 047 8526<\/a>\n\t\t\t\t\t\t\t\t<\/div>\n\t\t\t\t\t\t\t\n\t\t\t\t\t\t\t\t\t\t\t\t\t\t\t<div class=\"persona-email\">\n\t\t\t\t\t\t\t\t\t<a href=\"mailto:ma&#114;i.&#109;&#97;&#107;&#105;-&#107;&#110;&#117;&#117;&#116;t&#105;&#108;&#97;&#40;a&#116;)h&#111;&#116;m&#97;i&#108;&#46;c&#111;m\">&#109;&#97;&#114;i.m&#97;ki-&#107;nuut&#116;i&#108;&#97;(&#97;&#116;&#41;&#104;o&#116;m&#97;i&#108;.c&#111;m<\/a>\n\t\t\t\t\t\t\t\t<\/div>\n\t\t\t\t\t\t\t\t\t\t\t\t\t<\/div>\n\t\t\t\t\t\t<div class=\"persona-contact-link\">\n\t\t\t\t\t\t\t\t\t\t\t\t\t\t\t<a class=\"btn btn-contact btn btn-read-more\" href=\"mailto:&#109;ari.&#109;aki-&#107;&#110;uuttil&#97;&#40;a&#116;)&#104;&#111;tma&#105;&#108;.&#99;o&#109;\">Ota yhteytt\u00e4<\/a>\n\t\t\t\t\t\t\t\t\t\t\t\t\t<\/div>\n\t\t\t\t\t<\/div>\n\t\t\t\t\t\t\t<\/div>\n\t\t\t<\/div>\n\n\n\n\n\n<\/section>\n\n\n\n<section id=\"block_bea2026674646705c6f4285e056d69e8\" class=\"contact-box\">\n\t\n\n\n\t<div class=\"contact-box-holder related-tm-info\">\n\t\t\t\t\t\t\t\n\t\t\t\t\t<div class=\"col-content\">\n\t\t\t\t\t\t\t\t\t<h3 class=\"contact-box-title\">2026 &#8211; 2027 (K-S)<\/h3>\n\t\t\t\t\n\t\t\t\t\t\t\t\t\t<h2 class=\"persona-title\">Juha Savinainen<\/h2>\n\t\t\t\t\n\t\t\t\t\t\t\t\t\t<div class=\"persona-role\">Tuomarivastaava, -kouluttaja<\/div>\n\t\t\t\t\n\t\t\t\t\t\t\t\t\t<div class=\"holder-personal-info\">\n\t\t\t\t\t\t<div class=\"persona-contact\">\n\t\t\t\t\t\t\t\t\t\t\t\t\t\t\t<div class=\"persona-phone\">\n\t\t\t\t\t\t\t\t\t<a href=\"tel:0400772077\">040 077 2077<\/a>\n\t\t\t\t\t\t\t\t<\/div>\n\t\t\t\t\t\t\t\n\t\t\t\t\t\t\t\t\t\t\t\t\t\t\t<div class=\"persona-email\">\n\t\t\t\t\t\t\t\t\t<a href=\"mailto:&#106;&#117;h&#97;&#46;&#109;.&#115;&#97;&#118;i&#110;a&#105;n&#101;n&#40;a&#116;)&#103;&#109;&#97;i&#108;&#46;&#99;&#111;m\">&#106;&#117;&#104;a.&#109;&#46;savin&#97;&#105;n&#101;&#110;(&#97;&#116;)&#103;&#109;&#97;il&#46;&#99;om<\/a>\n\t\t\t\t\t\t\t\t<\/div>\n\t\t\t\t\t\t\t\t\t\t\t\t\t<\/div>\n\t\t\t\t\t\t<div class=\"persona-contact-link\">\n\t\t\t\t\t\t\t\t\t\t\t\t\t\t\t<a class=\"btn btn-contact btn btn-read-more\" href=\"mailto:j&#117;h&#97;&#46;&#109;.&#115;av&#105;&#110;&#97;&#105;&#110;e&#110;(at)g&#109;ai&#108;.&#99;&#111;&#109;\">Ota yhteytt\u00e4<\/a>\n\t\t\t\t\t\t\t\t\t\t\t\t\t<\/div>\n\t\t\t\t\t<\/div>\n\t\t\t\t\t\t\t<\/div>\n\t\t\t<\/div>\n\n\n\n\n\n<\/section>\n\n\n\n<section id=\"block_c520aaf6aceff2674d9b840062b6d6a6\" class=\"contact-box\">\n\t\n\n\n\t<div class=\"contact-box-holder related-tm-info\">\n\t\t\t\t\t\t\t\n\t\t\t\t\t<div class=\"col-content\">\n\t\t\t\t\t\t\t\t\t<h3 class=\"contact-box-title\">2025 &#8211; 2026 (K-S)<\/h3>\n\t\t\t\t\n\t\t\t\t\t\t\t\t\t<h2 class=\"persona-title\">Markku Ylisiurua<\/h2>\n\t\t\t\t\n\t\t\t\t\t\t\t\t\t<div class=\"persona-role\">Kotisivuvastaava, tuomarikouluttaja<\/div>\n\t\t\t\t\n\t\t\t\t\t\t\t\t\t<div class=\"holder-personal-info\">\n\t\t\t\t\t\t<div class=\"persona-contact\">\n\t\t\t\t\t\t\t\t\t\t\t\t\t\t\t<div class=\"persona-phone\">\n\t\t\t\t\t\t\t\t\t<a href=\"tel:0405828895\">040 582 8895<\/a>\n\t\t\t\t\t\t\t\t<\/div>\n\t\t\t\t\t\t\t\n\t\t\t\t\t\t\t\t\t\t\t\t\t\t\t<div class=\"persona-email\">\n\t\t\t\t\t\t\t\t\t<a href=\"mailto:m&#97;r&#107;k&#117;&#46;yl&#105;&#115;&#105;&#117;r&#117;a&#40;&#97;&#116;)l&#101;n&#116;opa&#108;l&#111;&#108;iitt&#111;&#46;f&#105;\">m&#97;r&#107;ku&#46;yl&#105;&#115;&#105;&#117;&#114;&#117;&#97;(at&#41;l&#101;nto&#112;all&#111;&#108;ii&#116;&#116;o&#46;&#102;&#105;<\/a>\n\t\t\t\t\t\t\t\t<\/div>\n\t\t\t\t\t\t\t\t\t\t\t\t\t<\/div>\n\t\t\t\t\t\t<div class=\"persona-contact-link\">\n\t\t\t\t\t\t\t\t\t\t\t\t\t\t\t<a class=\"btn btn-contact btn btn-read-more\" href=\"mailto:m&#97;rk&#107;u.yl&#105;si&#117;&#114;ua(a&#116;&#41;le&#110;&#116;&#111;p&#97;ll&#111;&#108;ii&#116;t&#111;&#46;fi\">Ota yhteytt\u00e4<\/a>\n\t\t\t\t\t\t\t\t\t\t\t\t\t<\/div>\n\t\t\t\t\t<\/div>\n\t\t\t\t\t\t\t<\/div>\n\t\t\t<\/div>\n\n\n\n\n\n<\/section>\n\n\n\n<section id=\"block_88cba970baf89a33ad4dd184dc2380af\" class=\"contact-box\">\n\t\n\n\n\t<div class=\"contact-box-holder related-tm-info\">\n\t\t\t\t\t\t\t\n\t\t\t\t\t<div class=\"col-content\">\n\t\t\t\t\n\t\t\t\t\t\t\t\t\t<h2 class=\"persona-title\">Tuire Koljonen<\/h2>\n\t\t\t\t\n\t\t\t\t\t\t\t\t\t<div class=\"persona-role\">L\u00e4nnen p\u00e4\u00e4valmentaja<\/div>\n\t\t\t\t\n\t\t\t\t\t\t\t\t\t<div class=\"holder-personal-info\">\n\t\t\t\t\t\t<div class=\"persona-contact\">\n\t\t\t\t\t\t\t\t\t\t\t\t\t\t\t<div class=\"persona-phone\">\n\t\t\t\t\t\t\t\t\t<a href=\"tel:0440940149\">044 094 0149<\/a>\n\t\t\t\t\t\t\t\t<\/div>\n\t\t\t\t\t\t\t\n\t\t\t\t\t\t\t\t\t\t\t\t\t\t\t<div class=\"persona-email\">\n\t\t\t\t\t\t\t\t\t<a href=\"mailto:&#116;&#117;&#105;&#114;e.&#107;oljone&#110;&#40;at)gm&#97;&#105;l.co&#109;\">tu&#105;&#114;e.ko&#108;jone&#110;&#40;a&#116;)&#103;&#109;a&#105;&#108;&#46;&#99;o&#109;<\/a>\n\t\t\t\t\t\t\t\t<\/div>\n\t\t\t\t\t\t\t\t\t\t\t\t\t<\/div>\n\t\t\t\t\t\t<div class=\"persona-contact-link\">\n\t\t\t\t\t\t\t\t\t\t\t\t\t\t\t<a class=\"btn btn-contact btn btn-read-more\" href=\"mailto:tu&#105;r&#101;.&#107;&#111;&#108;&#106;on&#101;n&#40;&#97;t&#41;g&#109;&#97;&#105;l.&#99;&#111;m\">Ota yhteytt\u00e4<\/a>\n\t\t\t\t\t\t\t\t\t\t\t\t\t<\/div>\n\t\t\t\t\t<\/div>\n\t\t\t\t\t\t\t<\/div>\n\t\t\t<\/div>\n\n\n\n\n\n<\/section>\n\n\n\n<section id=\"block_4b4966db7a4c4a6f3ad57f96c9d47fb9\" class=\"contact-box\">\n\t\n\n\n\t<div class=\"contact-box-holder related-tm-info\">\n\t\t\t\t\t\t\t\n\t\t\t\t\t<div class=\"col-content\">\n\t\t\t\t\n\t\t\t\t\t\t\t\t\t<h2 class=\"persona-title\">Perttu Nuija<\/h2>\n\t\t\t\t\n\t\t\t\t\t\t\t\t\t<div class=\"persona-role\">L\u00e4nnen joukkueenjohtaja<\/div>\n\t\t\t\t\n\t\t\t\t\t\t\t\t\t<div class=\"holder-personal-info\">\n\t\t\t\t\t\t<div class=\"persona-contact\">\n\t\t\t\t\t\t\t\t\t\t\t\t\t\t\t<div class=\"persona-phone\">\n\t\t\t\t\t\t\t\t\t<a href=\"tel:0405474512\">040 547 4512<\/a>\n\t\t\t\t\t\t\t\t<\/div>\n\t\t\t\t\t\t\t\n\t\t\t\t\t\t\t\t\t\t\t\t\t\t\t<div class=\"persona-email\">\n\t\t\t\t\t\t\t\t\t<a href=\"mailto:&#112;&#101;&#114;tt&#117;&#46;nu&#105;&#106;a(&#97;&#116;&#41;&#103;&#109;&#97;&#105;l&#46;c&#111;m\">pe&#114;tt&#117;.nu&#105;&#106;&#97;(a&#116;)g&#109;ai&#108;.c&#111;m<\/a>\n\t\t\t\t\t\t\t\t<\/div>\n\t\t\t\t\t\t\t\t\t\t\t\t\t<\/div>\n\t\t\t\t\t\t<div class=\"persona-contact-link\">\n\t\t\t\t\t\t\t\t\t\t\t\t\t\t\t<a class=\"btn btn-contact btn btn-read-more\" href=\"mailto:&#112;&#101;&#114;t&#116;&#117;.&#110;uija(&#97;&#116;)gm&#97;i&#108;&#46;&#99;&#111;m\">Ota yhteytt\u00e4<\/a>\n\t\t\t\t\t\t\t\t\t\t\t\t\t<\/div>\n\t\t\t\t\t<\/div>\n\t\t\t\t\t\t\t<\/div>\n\t\t\t<\/div>\n\n\n\n\n\n<\/section>\n\n\n\n\t<section id=\"block_93e7ed0213b79d56a51776b4d3b18368\" class=\"cta-color-grid\">\n\t\t<div class=\"cta-color-grid-holder\">\n\t\t\t\t\t\t\t\t\t\t\t\t\t\t\t\t<div class=\"cta-color-grid-item width-100\">\n\t\t\t\t\t\t<div class=\"holder-cta-color-grid-item\" style=\"background-color:#0693E3;\">\n\t\t\t\t\t\t\t\t\t\t\t\t\t\t\t<div class=\"col-title\">\n\t\t\t\t\t\t\t\t\t<h3 class=\"title\">Liittovaltuutetut<\/h3>\n\t\t\t\t\t\t\t\t<\/div>\n\t\t\t\t\t\t\t\n\t\t\t\t\t\t\t\t\t\t\t\t\t\t\t<div class=\"col-content\">\n\t\t\t\t\t\t\t\t\t\t\t\t\t\t\t\t\t\t\t<div class=\"text\"><pre><strong>2026 - 2027\r\n\r\nEtel\u00e4-Pohjanmaa<\/strong>\r\nTerttu Karhumaa (vara Antti F\u00f6rsti)\r\nEsa Kakkuri (vara Ari Hautala)\r\n\r\n<strong>Keski-Pohjanmaa<\/strong>\r\nJasse Puikko (vara Sanna Sipi)\r\n<strong>\r\nKeski-Suomi<\/strong>\r\nMarkku Ylisiurua (vara Sanna Pahkala)\r\n<\/pre>\n<\/div>\n\t\t\t\t\t\t\t\t\t\n\t\t\t\t\t\t\t\t\t\t\t\t\t\t\t\t\t<\/div>\n\t\t\t\t\t\t\t\t\t\t\t\t\t<\/div>\n\t\t\t\t\t<\/div>\n\t\t\t\t\t\t\t\t\t<\/div>\n\t<\/section>\n\n\n\n<h2 class=\"wp-block-heading\"><strong>Laskutusohje<\/strong><\/h2>\n\n\n\n<p>Kun olet l\u00e4hett\u00e4m\u00e4ss\u00e4 laskua L\u00e4nsi-Suomen aluejaostolle, <strong>varmista, ett\u00e4 sinulla on laskutusoikeus<\/strong>.<\/p>\n\n\n\n<p>Laskun selitteess\u00e4\/viittauksessa on mainittava<br><strong>L\u00e4nsi-Suomen aluejaosto<br>tapahtuman p\u00e4iv\u00e4ys<\/strong><br><strong>mihin toimintaan laskutus liittyy<\/strong><\/p>\n\n\n\n<p><em>Esim.<br>\u201dL\u00e4nsi-Suomen aluejaosto, 17.02.2024, Cp aluemestaruusturnaus, salivuokra<\/em>\u201d<\/p>\n\n\n\n<p><br><\/p>\n\n\n\n\t<section id=\"block_a5ae4907c439dc5d36e6e9e10d407f57\" class=\"cta-color-grid\">\n\t\t<div class=\"cta-color-grid-holder\">\n\t\t\t\t\t\t\t\t\t\t\t\t\t\t\t\t<div class=\"cta-color-grid-item width-100\">\n\t\t\t\t\t\t<div class=\"holder-cta-color-grid-item\" style=\"background-color:#dd3333;\">\n\t\t\t\t\t\t\t\t\t\t\t\t\t\t\t<div class=\"col-title\">\n\t\t\t\t\t\t\t\t\t<h3 class=\"title\">Laskutusohje<\/h3>\n\t\t\t\t\t\t\t\t<\/div>\n\t\t\t\t\t\t\t\n\t\t\t\t\t\t\t\t\t\t\t\t\t\t\t<div class=\"col-content\">\n\t\t\t\t\t\t\t\t\t\t\t\t\t\t\t\t\t\t\t<div class=\"text\"><p>Tarvittaessa lis\u00e4tietoja Sannalta tai Susannalta.<\/p>\n<\/div>\n\t\t\t\t\t\t\t\t\t\n\t\t\t\t\t\t\t\t\t\t\t\t\t\t\t\t\t\t\t<div class=\"link\">\n\t\t\t\t\t\t\t\t\t\t\t<div class=\"link-wrap\">\n\t\t\t\t\t\t\t\t\t\t\t\t<a class=\"bordered\" href=\"https:\/\/www.lentopallo.fi\/wp-content\/uploads\/2021\/11\/Liiton-laskutusosoite.pdf\" target=\"_blank\">Avaa PDF-ohje<\/a>\t\t\t\t\t\t\t\t\t\t\t<\/div>\n\t\t\t\t\t\t\t\t\t\t<\/div>\n\t\t\t\t\t\t\t\t\t\t\t\t\t\t\t\t\t<\/div>\n\t\t\t\t\t\t\t\t\t\t\t\t\t<\/div>\n\t\t\t\t\t<\/div>\n\t\t\t\t\t\t\t\t\t<\/div>\n\t<\/section>\n\n\n\n<p><br><\/p>\n\n\n\n<p><\/p>\n","protected":false},"excerpt":{"rendered":"<p>L\u00e4nsi-Suomen alueeseen kuuluvat Etel\u00e4-Pohjanmaan, Keski-Pohjanmaan ja Keski-Suomen maakunnat.Ole rohkeasti yhteydess\u00e4 jaostoon.&#8221;Ollaan yhdess\u00e4 L\u00e4nsi&#8221; Laskutusohje Kun olet l\u00e4hett\u00e4m\u00e4ss\u00e4 laskua L\u00e4nsi-Suomen aluejaostolle, varmista, ett\u00e4 sinulla on laskutusoikeus. Laskun selitteess\u00e4\/viittauksessa on mainittavaL\u00e4nsi-Suomen aluejaostotapahtuman p\u00e4iv\u00e4ysmihin toimintaan laskutus liittyy Esim.\u201dL\u00e4nsi-Suomen aluejaosto, 17.02.2024, Cp aluemestaruusturnaus, salivuokra\u201d<\/p>\n","protected":false},"author":12,"featured_media":0,"parent":0,"menu_order":0,"comment_status":"closed","ping_status":"closed","template":"","meta":{"_acf_changed":false,"inline_featured_image":false,"footnotes":""},"class_list":["post-1592","page","type-page","status-publish","hentry"],"acf":[],"_links":{"self":[{"href":"https:\/\/sivustot.lentopallo.fi\/lansi-suomi\/wp-json\/wp\/v2\/pages\/1592","targetHints":{"allow":["GET"]}}],"collection":[{"href":"https:\/\/sivustot.lentopallo.fi\/lansi-suomi\/wp-json\/wp\/v2\/pages"}],"about":[{"href":"https:\/\/sivustot.lentopallo.fi\/lansi-suomi\/wp-json\/wp\/v2\/types\/page"}],"author":[{"embeddable":true,"href":"https:\/\/sivustot.lentopallo.fi\/lansi-suomi\/wp-json\/wp\/v2\/users\/12"}],"replies":[{"embeddable":true,"href":"https:\/\/sivustot.lentopallo.fi\/lansi-suomi\/wp-json\/wp\/v2\/comments?post=1592"}],"version-history":[{"count":20,"href":"https:\/\/sivustot.lentopallo.fi\/lansi-suomi\/wp-json\/wp\/v2\/pages\/1592\/revisions"}],"predecessor-version":[{"id":3709,"href":"https:\/\/sivustot.lentopallo.fi\/lansi-suomi\/wp-json\/wp\/v2\/pages\/1592\/revisions\/3709"}],"wp:attachment":[{"href":"https:\/\/sivustot.lentopallo.fi\/lansi-suomi\/wp-json\/wp\/v2\/media?parent=1592"}],"curies":[{"name":"wp","href":"https:\/\/api.w.org\/{rel}","templated":true}]}}